{"id":10564,"date":"2025-11-19T13:18:50","date_gmt":"2025-11-19T13:18:50","guid":{"rendered":"https:\/\/nawarpharmacy.com\/?post_type=product&#038;p=10564"},"modified":"2026-02-26T21:58:12","modified_gmt":"2026-02-26T21:58:12","slug":"remowax-ear-drops-15ml","status":"publish","type":"product","link":"https:\/\/nawarpharmacy.com\/de\/produkt\/remowax-ear-drops-15ml\/","title":{"rendered":"Remowax Ohrentropfen 15 ml"},"content":{"rendered":"<div class=\"flex flex-col text-sm pb-25\">\n<article class=\"text-token-text-primary w-full focus:outline-none [--shadow-height:45px] has-data-writing-block:pointer-events-none has-data-writing-block:-mt-(--shadow-height) has-data-writing-block:pt-(--shadow-height) [&amp;:has([data-writing-block])&gt;*]:pointer-events-auto scroll-mt-[calc(var(--header-height)+min(200px,max(70px,20svh)))]\" dir=\"auto\" tabindex=\"-1\" data-turn-id=\"request-WEB:1fb551c8-723f-4635-af76-1761af7fc3f6-66\" data-testid=\"conversation-turn-134\" data-scroll-anchor=\"true\" data-turn=\"assistant\">\n<div class=\"text-base my-auto mx-auto pb-10 [--thread-content-margin:--spacing(4)] @w-sm\/main:[--thread-content-margin:--spacing(6)] @w-lg\/main:[--thread-content-margin:--spacing(16)] px-(--thread-content-margin)\">\n<div class=\"[--thread-content-max-width:40rem] @w-lg\/main:[--thread-content-max-width:48rem] mx-auto max-w-(--thread-content-max-width) flex-1 group\/turn-messages focus-visible:outline-hidden relative flex w-full min-w-0 flex-col agent-turn\" tabindex=\"-1\">\n<div class=\"flex max-w-full flex-col grow\">\n<div class=\"min-h-8 text-message relative flex w-full flex-col items-end gap-2 text-start break-words whitespace-normal [.text-message+&amp;]:mt-1\" dir=\"auto\" data-message-author-role=\"assistant\" data-message-id=\"33213b3c-e647-4e64-8dbb-ad5a71af51cc\" data-message-model-slug=\"gpt-5-2\">\n<div class=\"flex w-full flex-col gap-1 empty:hidden first:pt-[1px]\">\n<div class=\"markdown prose dark:prose-invert w-full wrap-break-word dark markdown-new-styling\">\n<p data-start=\"1095\" data-end=\"1127\"><strong data-start=\"1095\" data-end=\"1125\">Remowax Ohrentropfen 15 ml<\/strong><\/p>\n<p data-start=\"1129\" data-end=\"1184\"><strong data-start=\"1129\" data-end=\"1143\">Wirkstoff:<\/strong><br data-start=\"1143\" data-end=\"1146\" \/>Triethanolamin-Polypeptid-Oleat 10 %<\/p>\n<p data-start=\"1186\" data-end=\"1303\"><strong data-start=\"1186\" data-end=\"1203\">Indikationen:<\/strong><br data-start=\"1203\" data-end=\"1206\" \/>Anwendung zur Erweichung und Entfernung von Ohrenschmalz (Cerumen) bei Erwachsenen und Kindern.<\/p>\n<p data-start=\"1305\" data-end=\"1597\"><strong data-start=\"1305\" data-end=\"1319\">Dosierung:<\/strong><br data-start=\"1319\" data-end=\"1322\" \/><strong data-start=\"1322\" data-end=\"1348\">Erwachsene und Kinder:<\/strong> 5\u201310 Tropfen 1\u20132-mal t\u00e4glich bis zu 5 Tage lang in das betroffene Ohr eintr\u00e4ufeln oder gem\u00e4\u00df \u00e4rztlicher Anweisung.<br data-start=\"1463\" data-end=\"1466\" \/>Den Kopf so neigen, dass das betroffene Ohr nach oben zeigt, und diese Position einige Minuten nach der Instillation beibehalten.<\/p>\n<p data-start=\"1599\" data-end=\"1814\"><strong data-start=\"1599\" data-end=\"1622\">Kontraindikationen:<\/strong><br data-start=\"1622\" data-end=\"1625\" \/>\u00dcberempfindlichkeit gegen einen der sonstigen Bestandteile der Formulierung.<br data-start=\"1701\" data-end=\"1704\" \/>Nicht anwenden bei Patienten mit:<br data-start=\"1737\" data-end=\"1740\" \/>Perforiertem Trommelfell<br data-start=\"1764\" data-end=\"1767\" \/>Ohrinfektion, sofern nicht \u00e4rztlich verordnet<\/p>\n<p data-start=\"1816\" data-end=\"1942\"><strong data-start=\"1816\" data-end=\"1835\">Nebenwirkungen:<\/strong><br data-start=\"1835\" data-end=\"1838\" \/>Leichte Ohrreizung oder Juckreiz<br data-start=\"1870\" data-end=\"1873\" \/>Vor\u00fcbergehendes Brennen oder Stechen<br data-start=\"1909\" data-end=\"1912\" \/>Selten: allergische Reaktion<\/p>\n<p data-start=\"1944\" data-end=\"2021\"><strong data-start=\"1944\" data-end=\"1965\">Wechselwirkungen:<\/strong><br data-start=\"1965\" data-end=\"1968\" \/>Keine klinisch relevanten Wechselwirkungen bekannt.<\/p>\n<p data-start=\"2023\" data-end=\"2168\" data-is-last-node=\"\" data-is-only-node=\"\"><strong data-start=\"2023\" data-end=\"2036\">Lagerung:<\/strong><br data-start=\"2036\" data-end=\"2039\" \/>Bei Raumtemperatur lagern, vor Hitze und Licht sch\u00fctzen.<br data-start=\"2095\" data-end=\"2098\" \/>Die Flasche fest verschlossen und f\u00fcr Kinder unzug\u00e4nglich aufbewahren.<\/p>\n<\/div>\n<\/div>\n<\/div>\n<\/div>\n<div class=\"z-0 flex min-h-[46px] justify-start\"><\/div>\n<div class=\"mt-3 w-full empty:hidden\">\n<div class=\"text-center\"><\/div>\n<\/div>\n<\/div>\n<\/div>\n<\/article>\n<\/div>\n<div class=\"pointer-events-none h-px w-px absolute bottom-0\" aria-hidden=\"true\" data-edge=\"true\"><\/div>\n<div id=\"gtx-trans\" style=\"position: absolute; left: 145px; top: -17px;\">\n<div class=\"gtx-trans-icon\"><\/div>\n<\/div>\n","protected":false},"excerpt":{"rendered":"<p>Remowax Ohrentropfen 15 ml Wirkstoff:Triethanolamin-Polypeptid-Oleat 10 % Indikationen:Anwendung zur Erweichung und Entfernung von Ohrenschmalz (Cerumen) bei Erwachsenen und Kindern. Dosierung:Erwachsene und Kinder: 5\u201310 Tropfen 1\u20132-mal t\u00e4glich bis zu 5 Tage lang in das betroffene Ohr eintr\u00e4ufeln oder gem\u00e4\u00df \u00e4rztlicher Anweisung.Den Kopf so neigen, dass das betroffene Ohr nach oben zeigt, und diese Position einige Minuten&#8230;<\/p>\n","protected":false},"featured_media":10563,"comment_status":"open","ping_status":"closed","template":"","meta":{"rs_blank_template":"","rs_page_bg_color":"","slide_template_v7":"","_bst_post_transparent":"default","_bst_post_title":"","_bst_post_layout":"default","_bst_post_sidebar_id":"","_bst_post_content_style":"default","_bst_post_vertical_padding":"default","_bst_post_feature":"","_bst_post_feature_position":"","_bst_post_header":false,"_bst_post_footer":false},"product_brand":[],"product_cat":[237,351,217,381],"product_tag":[],"product_brands":[],"class_list":{"0":"post-10564","1":"product","2":"type-product","3":"status-publish","4":"has-post-thumbnail","6":"product_cat-eye-ear-medications","7":"product_cat-medical-forms","8":"product_cat-medicines","9":"product_cat-ear-drops","11":"first","12":"instock","13":"shipping-taxable","14":"purchasable","15":"product-type-simple","16":"entry","17":"content-bg","18":"loop-entry"},"_links":{"self":[{"href":"https:\/\/nawarpharmacy.com\/de\/wp-json\/wp\/v2\/product\/10564","targetHints":{"allow":["GET"]}}],"collection":[{"href":"https:\/\/nawarpharmacy.com\/de\/wp-json\/wp\/v2\/product"}],"about":[{"href":"https:\/\/nawarpharmacy.com\/de\/wp-json\/wp\/v2\/types\/product"}],"replies":[{"embeddable":true,"href":"https:\/\/nawarpharmacy.com\/de\/wp-json\/wp\/v2\/comments?post=10564"}],"wp:featuredmedia":[{"embeddable":true,"href":"https:\/\/nawarpharmacy.com\/de\/wp-json\/wp\/v2\/media\/10563"}],"wp:attachment":[{"href":"https:\/\/nawarpharmacy.com\/de\/wp-json\/wp\/v2\/media?parent=10564"}],"wp:term":[{"taxonomy":"product_brand","embeddable":true,"href":"https:\/\/nawarpharmacy.com\/de\/wp-json\/wp\/v2\/product_brand?post=10564"},{"taxonomy":"product_cat","embeddable":true,"href":"https:\/\/nawarpharmacy.com\/de\/wp-json\/wp\/v2\/product_cat?post=10564"},{"taxonomy":"product_tag","embeddable":true,"href":"https:\/\/nawarpharmacy.com\/de\/wp-json\/wp\/v2\/product_tag?post=10564"},{"taxonomy":"product_brands","embeddable":true,"href":"https:\/\/nawarpharmacy.com\/de\/wp-json\/wp\/v2\/product_brands?post=10564"}],"curies":[{"name":"wp","href":"https:\/\/api.w.org\/{rel}","templated":true}]}}