{"id":10555,"date":"2025-11-19T13:20:19","date_gmt":"2025-11-19T13:20:19","guid":{"rendered":"https:\/\/nawarpharmacy.com\/?post_type=product&#038;p=10555"},"modified":"2026-02-26T21:56:23","modified_gmt":"2026-02-26T21:56:23","slug":"xolamol-eye-drops-5ml","status":"publish","type":"product","link":"https:\/\/nawarpharmacy.com\/de\/produkt\/xolamol-eye-drops-5ml\/","title":{"rendered":"Xolamol Augentropfen 5 ml"},"content":{"rendered":"<div class=\"flex flex-col text-sm pb-25\">\n<article class=\"text-token-text-primary w-full focus:outline-none [--shadow-height:45px] has-data-writing-block:pointer-events-none has-data-writing-block:-mt-(--shadow-height) has-data-writing-block:pt-(--shadow-height) [&amp;:has([data-writing-block])&gt;*]:pointer-events-auto scroll-mt-[calc(var(--header-height)+min(200px,max(70px,20svh)))]\" dir=\"auto\" tabindex=\"-1\" data-turn-id=\"request-WEB:1fb551c8-723f-4635-af76-1761af7fc3f6-64\" data-testid=\"conversation-turn-130\" data-scroll-anchor=\"true\" data-turn=\"assistant\">\n<div class=\"text-base my-auto mx-auto pb-10 [--thread-content-margin:--spacing(4)] @w-sm\/main:[--thread-content-margin:--spacing(6)] @w-lg\/main:[--thread-content-margin:--spacing(16)] px-(--thread-content-margin)\">\n<div class=\"[--thread-content-max-width:40rem] @w-lg\/main:[--thread-content-max-width:48rem] mx-auto max-w-(--thread-content-max-width) flex-1 group\/turn-messages focus-visible:outline-hidden relative flex w-full min-w-0 flex-col agent-turn\" tabindex=\"-1\">\n<div class=\"flex max-w-full flex-col grow\">\n<div class=\"min-h-8 text-message relative flex w-full flex-col items-end gap-2 text-start break-words whitespace-normal [.text-message+&amp;]:mt-1\" dir=\"auto\" data-message-author-role=\"assistant\" data-message-id=\"82e6dc69-1d87-4138-bfaa-1084f64d7a9a\" data-message-model-slug=\"gpt-5-2\">\n<div class=\"flex w-full flex-col gap-1 empty:hidden first:pt-[1px]\">\n<div class=\"markdown prose dark:prose-invert w-full wrap-break-word dark markdown-new-styling\">\n<p data-start=\"1622\" data-end=\"1653\"><strong data-start=\"1622\" data-end=\"1651\">Xolamol Augentropfen 5 ml<\/strong><\/p>\n<p data-start=\"1655\" data-end=\"1720\"><strong data-start=\"1655\" data-end=\"1670\">Wirkstoffe:<\/strong><br data-start=\"1670\" data-end=\"1673\" \/>Brimonidintartrat 0,2 %<br data-start=\"1696\" data-end=\"1699\" \/>Timololmaleat 0,5 %<\/p>\n<p data-start=\"1722\" data-end=\"1861\"><strong data-start=\"1722\" data-end=\"1739\">Indikationen:<\/strong><br data-start=\"1739\" data-end=\"1742\" \/>Anwendung zur Senkung eines erh\u00f6hten Augeninnendrucks bei Patienten mit:<br data-start=\"1814\" data-end=\"1817\" \/>Offenwinkelglaukom<br data-start=\"1835\" data-end=\"1838\" \/>Okul\u00e4rer Hypertension<\/p>\n<p data-start=\"1863\" data-end=\"2134\"><strong data-start=\"1863\" data-end=\"1877\">Dosierung:<\/strong><br data-start=\"1877\" data-end=\"1880\" \/><strong data-start=\"1880\" data-end=\"1895\">Erwachsene:<\/strong> 1 Tropfen zweimal t\u00e4glich im Abstand von etwa 12 Stunden in das\/die betroffene(n) Auge(n) eintropfen oder gem\u00e4\u00df \u00e4rztlicher Verordnung.<br data-start=\"2030\" data-end=\"2033\" \/>Kontaktlinsen vor der Anwendung entfernen und mindestens 15 Minuten vor dem Wiedereinsetzen warten.<\/p>\n<p data-start=\"2136\" data-end=\"2503\"><strong data-start=\"2136\" data-end=\"2159\">Kontraindikationen:<\/strong><br data-start=\"2159\" data-end=\"2162\" \/>\u00dcberempfindlichkeit gegen Brimonidin, Timolol oder einen der sonstigen Bestandteile der Formulierung.<br data-start=\"2263\" data-end=\"2266\" \/>Asthma bronchiale, schwere chronisch obstruktive Lungenerkrankung (COPD), Bradykardie oder AV-Block, sofern nicht \u00e4rztlich verordnet und \u00fcberwacht.<br data-start=\"2413\" data-end=\"2416\" \/>Vorsicht bei Patienten mit kardialen, respiratorischen oder hepatischen Erkrankungen.<\/p>\n<p data-start=\"2505\" data-end=\"2718\"><strong data-start=\"2505\" data-end=\"2524\">Nebenwirkungen:<\/strong><br data-start=\"2524\" data-end=\"2527\" \/>Vor\u00fcbergehendes Brennen oder Stechen<br data-start=\"2563\" data-end=\"2566\" \/>Augenr\u00f6tung oder Reizung<br data-start=\"2590\" data-end=\"2593\" \/>Mundtrockenheit oder leichte M\u00fcdigkeit<br data-start=\"2631\" data-end=\"2634\" \/>Selten: systemische Wirkungen wie Hypotonie, Bradykardie oder allergische Reaktion<\/p>\n<p data-start=\"2720\" data-end=\"2998\"><strong data-start=\"2720\" data-end=\"2741\">Wechselwirkungen:<\/strong><br data-start=\"2741\" data-end=\"2744\" \/>Vorsicht bei gleichzeitiger Anwendung anderer Beta-Blocker oder Arzneimittel, die Herzfrequenz oder Blutdruck beeinflussen.<br data-start=\"2867\" data-end=\"2870\" \/>Gleichzeitige Anwendung mit anderen Alpha-Agonisten oder Beta-Blocker-Augentropfen vermeiden, sofern nicht \u00e4rztlich verordnet.<\/p>\n<p data-start=\"3000\" data-end=\"3135\" data-is-last-node=\"\" data-is-only-node=\"\"><strong data-start=\"3000\" data-end=\"3013\">Lagerung:<\/strong><br data-start=\"3013\" data-end=\"3016\" \/>Bei Raumtemperatur lagern, vor Licht sch\u00fctzen.<br data-start=\"3062\" data-end=\"3065\" \/>Die Flasche fest verschlossen und f\u00fcr Kinder unzug\u00e4nglich aufbewahren.<\/p>\n<\/div>\n<\/div>\n<\/div>\n<\/div>\n<div class=\"z-0 flex min-h-[46px] justify-start\"><\/div>\n<div class=\"mt-3 w-full empty:hidden\">\n<div class=\"text-center\"><\/div>\n<\/div>\n<\/div>\n<\/div>\n<\/article>\n<\/div>\n<div class=\"pointer-events-none h-px w-px absolute bottom-0\" aria-hidden=\"true\" data-edge=\"true\"><\/div>\n<div id=\"gtx-trans\" style=\"position: absolute; left: 159px; top: -17px;\">\n<div class=\"gtx-trans-icon\"><\/div>\n<\/div>\n","protected":false},"excerpt":{"rendered":"<p>Xolamol Augentropfen 5 ml Wirkstoffe:Brimonidintartrat 0,2 %Timololmaleat 0,5 % Indikationen:Anwendung zur Senkung eines erh\u00f6hten Augeninnendrucks bei Patienten mit:OffenwinkelglaukomOkul\u00e4rer Hypertension Dosierung:Erwachsene: 1 Tropfen zweimal t\u00e4glich im Abstand von etwa 12 Stunden in das\/die betroffene(n) Auge(n) eintropfen oder gem\u00e4\u00df \u00e4rztlicher Verordnung.Kontaktlinsen vor der Anwendung entfernen und mindestens 15 Minuten vor dem Wiedereinsetzen warten. Kontraindikationen:\u00dcberempfindlichkeit gegen Brimonidin, Timolol&#8230;<\/p>\n","protected":false},"featured_media":10554,"comment_status":"open","ping_status":"closed","template":"","meta":{"rs_blank_template":"","rs_page_bg_color":"","slide_template_v7":"","_bst_post_transparent":"default","_bst_post_title":"","_bst_post_layout":"default","_bst_post_sidebar_id":"","_bst_post_content_style":"default","_bst_post_vertical_padding":"default","_bst_post_feature":"","_bst_post_feature_position":"","_bst_post_header":false,"_bst_post_footer":false},"product_brand":[],"product_cat":[237,371,351,255,217],"product_tag":[],"product_brands":[],"class_list":{"0":"post-10555","1":"product","2":"type-product","3":"status-publish","4":"has-post-thumbnail","6":"product_cat-eye-ear-medications","7":"product_cat-eye-drops","8":"product_cat-medical-forms","9":"product_cat-glaucoma","10":"product_cat-medicines","12":"first","13":"instock","14":"shipping-taxable","15":"purchasable","16":"product-type-simple","17":"entry","18":"content-bg","19":"loop-entry"},"_links":{"self":[{"href":"https:\/\/nawarpharmacy.com\/de\/wp-json\/wp\/v2\/product\/10555","targetHints":{"allow":["GET"]}}],"collection":[{"href":"https:\/\/nawarpharmacy.com\/de\/wp-json\/wp\/v2\/product"}],"about":[{"href":"https:\/\/nawarpharmacy.com\/de\/wp-json\/wp\/v2\/types\/product"}],"replies":[{"embeddable":true,"href":"https:\/\/nawarpharmacy.com\/de\/wp-json\/wp\/v2\/comments?post=10555"}],"wp:featuredmedia":[{"embeddable":true,"href":"https:\/\/nawarpharmacy.com\/de\/wp-json\/wp\/v2\/media\/10554"}],"wp:attachment":[{"href":"https:\/\/nawarpharmacy.com\/de\/wp-json\/wp\/v2\/media?parent=10555"}],"wp:term":[{"taxonomy":"product_brand","embeddable":true,"href":"https:\/\/nawarpharmacy.com\/de\/wp-json\/wp\/v2\/product_brand?post=10555"},{"taxonomy":"product_cat","embeddable":true,"href":"https:\/\/nawarpharmacy.com\/de\/wp-json\/wp\/v2\/product_cat?post=10555"},{"taxonomy":"product_tag","embeddable":true,"href":"https:\/\/nawarpharmacy.com\/de\/wp-json\/wp\/v2\/product_tag?post=10555"},{"taxonomy":"product_brands","embeddable":true,"href":"https:\/\/nawarpharmacy.com\/de\/wp-json\/wp\/v2\/product_brands?post=10555"}],"curies":[{"name":"wp","href":"https:\/\/api.w.org\/{rel}","templated":true}]}}