{"id":10551,"date":"2025-11-19T13:23:13","date_gmt":"2025-11-19T13:23:13","guid":{"rendered":"https:\/\/nawarpharmacy.com\/?post_type=product&#038;p=10551"},"modified":"2026-02-26T21:55:41","modified_gmt":"2026-02-26T21:55:41","slug":"zyrtec-10mgml-oral-drops-10ml","status":"publish","type":"product","link":"https:\/\/nawarpharmacy.com\/de\/produkt\/zyrtec-10mgml-oral-drops-10ml\/","title":{"rendered":"Zyrtec 10 mg\/ml orale Tropfen 10 ml"},"content":{"rendered":"<article class=\"text-token-text-primary w-full focus:outline-none [--shadow-height:45px] has-data-writing-block:pointer-events-none has-data-writing-block:-mt-(--shadow-height) has-data-writing-block:pt-(--shadow-height) [&amp;:has([data-writing-block])&gt;*]:pointer-events-auto [content-visibility:auto] supports-[content-visibility:auto]:[contain-intrinsic-size:auto_100lvh] scroll-mt-[calc(var(--header-height)+min(200px,max(70px,20svh)))]\" dir=\"auto\" data-turn-id=\"request-691b06b7-6218-832d-8a14-33a40741db89-56\" data-testid=\"conversation-turn-202\" data-scroll-anchor=\"true\" data-turn=\"assistant\">\n<div class=\"text-base my-auto mx-auto pb-10 [--thread-content-margin:--spacing(4)] thread-sm:[--thread-content-margin:--spacing(6)] thread-lg:[--thread-content-margin:--spacing(16)] px-(--thread-content-margin)\">\n<div class=\"[--thread-content-max-width:40rem] thread-lg:[--thread-content-max-width:48rem] mx-auto max-w-(--thread-content-max-width) flex-1 group\/turn-messages focus-visible:outline-hidden relative flex w-full min-w-0 flex-col agent-turn\">\n<div class=\"flex max-w-full flex-col grow\">\n<div class=\"min-h-8 text-message relative flex w-full flex-col items-end gap-2 text-start break-words whitespace-normal [.text-message+&amp;]:mt-1\" dir=\"auto\" data-message-author-role=\"assistant\" data-message-id=\"f16a3645-e200-4640-8d35-019cd6691d49\" data-message-model-slug=\"gpt-5-mini\">\n<div class=\"flex w-full flex-col gap-1 empty:hidden first:pt-[1px]\">\n<div class=\"markdown prose dark:prose-invert w-full break-words light markdown-new-styling\">\n<div class=\"flex flex-col text-sm pb-25\">\n<article class=\"text-token-text-primary w-full focus:outline-none [--shadow-height:45px] has-data-writing-block:pointer-events-none has-data-writing-block:-mt-(--shadow-height) has-data-writing-block:pt-(--shadow-height) [&amp;:has([data-writing-block])&gt;*]:pointer-events-auto scroll-mt-[calc(var(--header-height)+min(200px,max(70px,20svh)))]\" dir=\"auto\" tabindex=\"-1\" data-turn-id=\"request-WEB:1fb551c8-723f-4635-af76-1761af7fc3f6-63\" data-testid=\"conversation-turn-128\" data-scroll-anchor=\"true\" data-turn=\"assistant\">\n<div class=\"text-base my-auto mx-auto pb-10 [--thread-content-margin:--spacing(4)] @w-sm\/main:[--thread-content-margin:--spacing(6)] @w-lg\/main:[--thread-content-margin:--spacing(16)] px-(--thread-content-margin)\">\n<div class=\"[--thread-content-max-width:40rem] @w-lg\/main:[--thread-content-max-width:48rem] mx-auto max-w-(--thread-content-max-width) flex-1 group\/turn-messages focus-visible:outline-hidden relative flex w-full min-w-0 flex-col agent-turn\" tabindex=\"-1\">\n<div class=\"flex max-w-full flex-col grow\">\n<div class=\"min-h-8 text-message relative flex w-full flex-col items-end gap-2 text-start break-words whitespace-normal [.text-message+&amp;]:mt-1\" dir=\"auto\" data-message-author-role=\"assistant\" data-message-id=\"5c2f246e-44ee-4d45-9ffe-a7e3078711f4\" data-message-model-slug=\"gpt-5-2\">\n<div class=\"flex w-full flex-col gap-1 empty:hidden first:pt-[1px]\">\n<div class=\"markdown prose dark:prose-invert w-full wrap-break-word dark markdown-new-styling\">\n<p data-start=\"1382\" data-end=\"1423\"><strong data-start=\"1382\" data-end=\"1421\">Zyrtec 10 mg\/ml orale Tropfen 10 ml<\/strong><\/p>\n<p data-start=\"1425\" data-end=\"1474\"><strong data-start=\"1425\" data-end=\"1439\">Wirkstoff:<\/strong><br data-start=\"1439\" data-end=\"1442\" \/>Cetirizinhydrochlorid 10 mg\/ml<\/p>\n<p data-start=\"1476\" data-end=\"1720\"><strong data-start=\"1476\" data-end=\"1493\">Indikationen:<\/strong><br data-start=\"1493\" data-end=\"1496\" \/>Anwendung zur Linderung von Symptomen bei:<br data-start=\"1538\" data-end=\"1541\" \/>Allergischer Rhinitis (Niesen, laufende oder juckende Nase, juckende Augen)<br data-start=\"1616\" data-end=\"1619\" \/>Chronischer Urtikaria (Nesselsucht)<br data-start=\"1654\" data-end=\"1657\" \/>Anderen allergischen Erkrankungen gem\u00e4\u00df \u00e4rztlicher Verordnung<\/p>\n<p data-start=\"1722\" data-end=\"2021\"><strong data-start=\"1722\" data-end=\"1736\">Dosierung:<\/strong><br data-start=\"1736\" data-end=\"1739\" \/><strong data-start=\"1739\" data-end=\"1772\">S\u00e4uglinge (6 Monate\u20132 Jahre):<\/strong> 2,5 ml einmal t\u00e4glich<br data-start=\"1794\" data-end=\"1797\" \/><strong data-start=\"1797\" data-end=\"1820\">Kinder (2\u20136 Jahre):<\/strong> 2,5\u20135 ml einmal t\u00e4glich<br data-start=\"1844\" data-end=\"1847\" \/><strong data-start=\"1847\" data-end=\"1871\">Kinder (6\u201312 Jahre):<\/strong> 5\u201310 ml einmal t\u00e4glich<br data-start=\"1894\" data-end=\"1897\" \/><strong data-start=\"1897\" data-end=\"1937\">Erwachsene und Kinder \u00fcber 12 Jahre:<\/strong> 10 ml einmal t\u00e4glich oder nach \u00e4rztlicher Anweisung<br data-start=\"1989\" data-end=\"1992\" \/>Vor Gebrauch gut sch\u00fctteln.<\/p>\n<p data-start=\"2023\" data-end=\"2214\"><strong data-start=\"2023\" data-end=\"2046\">Kontraindikationen:<\/strong><br data-start=\"2046\" data-end=\"2049\" \/>\u00dcberempfindlichkeit gegen Cetirizin oder einen der sonstigen Bestandteile der Formulierung.<br data-start=\"2140\" data-end=\"2143\" \/>Bei schwerer Niereninsuffizienz ist eine Dosisanpassung erforderlich.<\/p>\n<p data-start=\"2216\" data-end=\"2341\"><strong data-start=\"2216\" data-end=\"2235\">Nebenwirkungen:<\/strong><br data-start=\"2235\" data-end=\"2238\" \/>Schl\u00e4frigkeit oder M\u00fcdigkeit<br data-start=\"2266\" data-end=\"2269\" \/>Mundtrockenheit<br data-start=\"2284\" data-end=\"2287\" \/>Leichte Kopfschmerzen<br data-start=\"2308\" data-end=\"2311\" \/>Selten: allergische Reaktion<\/p>\n<p data-start=\"2343\" data-end=\"2592\"><strong data-start=\"2343\" data-end=\"2364\">Wechselwirkungen:<\/strong><br data-start=\"2364\" data-end=\"2367\" \/>Kann die sedierende Wirkung von Alkohol oder anderen ZNS-d\u00e4mpfenden Arzneimitteln verst\u00e4rken.<br data-start=\"2460\" data-end=\"2463\" \/>Im Allgemeinen mit anderen Arzneimitteln vertr\u00e4glich; bei gleichzeitiger Einnahme mehrerer Medikamente \u00e4rztlichen Rat einholen.<\/p>\n<p data-start=\"2594\" data-end=\"2739\" data-is-last-node=\"\" data-is-only-node=\"\"><strong data-start=\"2594\" data-end=\"2607\">Lagerung:<\/strong><br data-start=\"2607\" data-end=\"2610\" \/>Bei Raumtemperatur lagern, vor Hitze und Licht sch\u00fctzen.<br data-start=\"2666\" data-end=\"2669\" \/>Die Flasche fest verschlossen und f\u00fcr Kinder unzug\u00e4nglich aufbewahren.<\/p>\n<\/div>\n<\/div>\n<\/div>\n<\/div>\n<div class=\"z-0 flex min-h-[46px] justify-start\"><\/div>\n<div class=\"mt-3 w-full empty:hidden\">\n<div class=\"text-center\"><\/div>\n<\/div>\n<\/div>\n<\/div>\n<\/article>\n<\/div>\n<div class=\"pointer-events-none h-px w-px absolute bottom-0\" aria-hidden=\"true\" data-edge=\"true\"><\/div>\n<\/div>\n<\/div>\n<\/div>\n<\/div>\n<\/div>\n<\/div>\n<\/article>\n<div id=\"gtx-trans\" style=\"position: absolute; left: 199px; top: -17px;\">\n<div class=\"gtx-trans-icon\"><\/div>\n<\/div>\n","protected":false},"excerpt":{"rendered":"<p>Zyrtec 10 mg\/ml orale Tropfen 10 ml Wirkstoff:Cetirizinhydrochlorid 10 mg\/ml Indikationen:Anwendung zur Linderung von Symptomen bei:Allergischer Rhinitis (Niesen, laufende oder juckende Nase, juckende Augen)Chronischer Urtikaria (Nesselsucht)Anderen allergischen Erkrankungen gem\u00e4\u00df \u00e4rztlicher Verordnung Dosierung:S\u00e4uglinge (6 Monate\u20132 Jahre): 2,5 ml einmal t\u00e4glichKinder (2\u20136 Jahre): 2,5\u20135 ml einmal t\u00e4glichKinder (6\u201312 Jahre): 5\u201310 ml einmal t\u00e4glichErwachsene und Kinder \u00fcber 12&#8230;<\/p>\n","protected":false},"featured_media":10550,"comment_status":"open","ping_status":"closed","template":"","meta":{"rs_blank_template":"","rs_page_bg_color":"","slide_template_v7":"","_bst_post_transparent":"default","_bst_post_title":"","_bst_post_layout":"default","_bst_post_sidebar_id":"","_bst_post_content_style":"default","_bst_post_vertical_padding":"default","_bst_post_feature":"","_bst_post_feature_position":"","_bst_post_header":false,"_bst_post_footer":false},"product_brand":[],"product_cat":[235,351,217,361],"product_tag":[],"product_brands":[],"class_list":{"0":"post-10551","1":"product","2":"type-product","3":"status-publish","4":"has-post-thumbnail","6":"product_cat-respiratory-asthma-treatments","7":"product_cat-medical-forms","8":"product_cat-medicines","9":"product_cat-oral-drops","11":"first","12":"instock","13":"shipping-taxable","14":"purchasable","15":"product-type-simple","16":"entry","17":"content-bg","18":"loop-entry"},"_links":{"self":[{"href":"https:\/\/nawarpharmacy.com\/de\/wp-json\/wp\/v2\/product\/10551","targetHints":{"allow":["GET"]}}],"collection":[{"href":"https:\/\/nawarpharmacy.com\/de\/wp-json\/wp\/v2\/product"}],"about":[{"href":"https:\/\/nawarpharmacy.com\/de\/wp-json\/wp\/v2\/types\/product"}],"replies":[{"embeddable":true,"href":"https:\/\/nawarpharmacy.com\/de\/wp-json\/wp\/v2\/comments?post=10551"}],"wp:featuredmedia":[{"embeddable":true,"href":"https:\/\/nawarpharmacy.com\/de\/wp-json\/wp\/v2\/media\/10550"}],"wp:attachment":[{"href":"https:\/\/nawarpharmacy.com\/de\/wp-json\/wp\/v2\/media?parent=10551"}],"wp:term":[{"taxonomy":"product_brand","embeddable":true,"href":"https:\/\/nawarpharmacy.com\/de\/wp-json\/wp\/v2\/product_brand?post=10551"},{"taxonomy":"product_cat","embeddable":true,"href":"https:\/\/nawarpharmacy.com\/de\/wp-json\/wp\/v2\/product_cat?post=10551"},{"taxonomy":"product_tag","embeddable":true,"href":"https:\/\/nawarpharmacy.com\/de\/wp-json\/wp\/v2\/product_tag?post=10551"},{"taxonomy":"product_brands","embeddable":true,"href":"https:\/\/nawarpharmacy.com\/de\/wp-json\/wp\/v2\/product_brands?post=10551"}],"curies":[{"name":"wp","href":"https:\/\/api.w.org\/{rel}","templated":true}]}}