{"id":10547,"date":"2025-11-19T13:27:49","date_gmt":"2025-11-19T13:27:49","guid":{"rendered":"https:\/\/nawarpharmacy.com\/?post_type=product&#038;p=10547"},"modified":"2026-02-26T21:54:46","modified_gmt":"2026-02-26T21:54:46","slug":"superkids-oral-drops-15ml","status":"publish","type":"product","link":"https:\/\/nawarpharmacy.com\/de\/produkt\/superkids-oral-drops-15ml\/","title":{"rendered":"Superkids orale Tropfen 15 ml"},"content":{"rendered":"<article class=\"text-token-text-primary w-full focus:outline-none [--shadow-height:45px] has-data-writing-block:pointer-events-none has-data-writing-block:-mt-(--shadow-height) has-data-writing-block:pt-(--shadow-height) [&amp;:has([data-writing-block])&gt;*]:pointer-events-auto [content-visibility:auto] supports-[content-visibility:auto]:[contain-intrinsic-size:auto_100lvh] scroll-mt-[calc(var(--header-height)+min(200px,max(70px,20svh)))]\" dir=\"auto\" data-turn-id=\"9145f5da-acba-4255-866c-96bd0dbbbb25\" data-testid=\"conversation-turn-204\" data-scroll-anchor=\"true\" data-turn=\"assistant\">\n<div class=\"text-base my-auto mx-auto pb-10 [--thread-content-margin:--spacing(4)] thread-sm:[--thread-content-margin:--spacing(6)] thread-lg:[--thread-content-margin:--spacing(16)] px-(--thread-content-margin)\">\n<div class=\"[--thread-content-max-width:40rem] thread-lg:[--thread-content-max-width:48rem] mx-auto max-w-(--thread-content-max-width) flex-1 group\/turn-messages focus-visible:outline-hidden relative flex w-full min-w-0 flex-col agent-turn\">\n<div class=\"flex max-w-full flex-col grow\">\n<div class=\"min-h-8 text-message relative flex w-full flex-col items-end gap-2 text-start break-words whitespace-normal [.text-message+&amp;]:mt-1\" dir=\"auto\" data-message-author-role=\"assistant\" data-message-id=\"8f36b970-7123-4510-ac0b-dc1921a578d5\" data-message-model-slug=\"gpt-5-1\">\n<div class=\"flex w-full flex-col gap-1 empty:hidden first:pt-[1px]\">\n<div class=\"markdown prose dark:prose-invert w-full break-words light markdown-new-styling\">\n<div class=\"flex flex-col text-sm pb-25\">\n<article class=\"text-token-text-primary w-full focus:outline-none [--shadow-height:45px] has-data-writing-block:pointer-events-none has-data-writing-block:-mt-(--shadow-height) has-data-writing-block:pt-(--shadow-height) [&amp;:has([data-writing-block])&gt;*]:pointer-events-auto scroll-mt-[calc(var(--header-height)+min(200px,max(70px,20svh)))]\" dir=\"auto\" tabindex=\"-1\" data-turn-id=\"request-WEB:1fb551c8-723f-4635-af76-1761af7fc3f6-62\" data-testid=\"conversation-turn-126\" data-scroll-anchor=\"true\" data-turn=\"assistant\">\n<div class=\"text-base my-auto mx-auto pb-10 [--thread-content-margin:--spacing(4)] @w-sm\/main:[--thread-content-margin:--spacing(6)] @w-lg\/main:[--thread-content-margin:--spacing(16)] px-(--thread-content-margin)\">\n<div class=\"[--thread-content-max-width:40rem] @w-lg\/main:[--thread-content-max-width:48rem] mx-auto max-w-(--thread-content-max-width) flex-1 group\/turn-messages focus-visible:outline-hidden relative flex w-full min-w-0 flex-col agent-turn\" tabindex=\"-1\">\n<div class=\"flex max-w-full flex-col grow\">\n<div class=\"min-h-8 text-message relative flex w-full flex-col items-end gap-2 text-start break-words whitespace-normal [.text-message+&amp;]:mt-1\" dir=\"auto\" data-message-author-role=\"assistant\" data-message-id=\"644d8932-94d3-4d03-b729-9c09463c0bca\" data-message-model-slug=\"gpt-5-2\">\n<div class=\"flex w-full flex-col gap-1 empty:hidden first:pt-[1px]\">\n<div class=\"markdown prose dark:prose-invert w-full wrap-break-word dark markdown-new-styling\">\n<p data-start=\"1354\" data-end=\"1389\"><strong data-start=\"1354\" data-end=\"1387\">Superkids orale Tropfen 15 ml<\/strong><\/p>\n<p data-start=\"1391\" data-end=\"1652\"><strong data-start=\"1391\" data-end=\"1406\">Wirkstoffe:<\/strong><br data-start=\"1406\" data-end=\"1409\" \/>Multivitamin-Formel, \u00fcblicherweise enthaltend:<br data-start=\"1455\" data-end=\"1458\" \/>Vitamin A<br data-start=\"1467\" data-end=\"1470\" \/>Vitamin D3<br data-start=\"1480\" data-end=\"1483\" \/>Vitamin C<br data-start=\"1492\" data-end=\"1495\" \/>Vitamine des B-Komplexes<br data-start=\"1519\" data-end=\"1522\" \/>(Die genaue Zusammensetzung kann je nach Charge variieren; alle Bestandteile sind essentielle wachstumsunterst\u00fctzende Vitamine.)<\/p>\n<p data-start=\"1654\" data-end=\"1910\"><strong data-start=\"1654\" data-end=\"1671\">Indikationen:<\/strong><br data-start=\"1671\" data-end=\"1674\" \/>Anwendung zur ern\u00e4hrungsphysiologischen Unterst\u00fctzung bei S\u00e4uglingen und Kindern, einschlie\u00dflich:<br data-start=\"1771\" data-end=\"1774\" \/>St\u00e4rkung des Immunsystems<br data-start=\"1799\" data-end=\"1802\" \/>Unterst\u00fctzung von gesundem Wachstum und Entwicklung<br data-start=\"1853\" data-end=\"1856\" \/>Appetitsteigerung<br data-start=\"1873\" data-end=\"1876\" \/>Ausgleich leichter Vitaminm\u00e4ngel<\/p>\n<p data-start=\"1912\" data-end=\"2044\"><strong data-start=\"1912\" data-end=\"1926\">Dosierung:<\/strong><br data-start=\"1926\" data-end=\"1929\" \/><strong data-start=\"1929\" data-end=\"1954\">S\u00e4uglinge und Kinder:<\/strong> 0,5\u20131 ml einmal t\u00e4glich oder gem\u00e4\u00df \u00e4rztlicher Verordnung.<br data-start=\"2012\" data-end=\"2015\" \/>Vor Gebrauch gut sch\u00fctteln.<\/p>\n<p data-start=\"2046\" data-end=\"2217\"><strong data-start=\"2046\" data-end=\"2069\">Kontraindikationen:<\/strong><br data-start=\"2069\" data-end=\"2072\" \/>\u00dcberempfindlichkeit gegen einen der enthaltenen Vitamine.<br data-start=\"2129\" data-end=\"2132\" \/>Vorsicht bei Kindern, die zus\u00e4tzliche Vitamin-D- oder Vitamin-A-Pr\u00e4parate erhalten.<\/p>\n<p data-start=\"2219\" data-end=\"2352\"><strong data-start=\"2219\" data-end=\"2238\">Nebenwirkungen:<\/strong><br data-start=\"2238\" data-end=\"2241\" \/>Im Allgemeinen gut vertr\u00e4glich<br data-start=\"2271\" data-end=\"2274\" \/>Leichte gastrointestinale Beschwerden (selten)<br data-start=\"2320\" data-end=\"2323\" \/>Allergische Reaktion selten<\/p>\n<p data-start=\"2354\" data-end=\"2509\"><strong data-start=\"2354\" data-end=\"2375\">Wechselwirkungen:<\/strong><br data-start=\"2375\" data-end=\"2378\" \/>Gleichzeitige Anwendung mit anderen Multivitaminpr\u00e4paraten vermeiden, um eine \u00dcberdosierung fettl\u00f6slicher Vitamine zu verhindern.<\/p>\n<p data-start=\"2511\" data-end=\"2646\" data-is-last-node=\"\" data-is-only-node=\"\"><strong data-start=\"2511\" data-end=\"2524\">Lagerung:<\/strong><br data-start=\"2524\" data-end=\"2527\" \/>Bei Raumtemperatur lagern, vor Licht sch\u00fctzen.<br data-start=\"2573\" data-end=\"2576\" \/>Die Flasche fest verschlossen und f\u00fcr Kinder unzug\u00e4nglich aufbewahren.<\/p>\n<\/div>\n<\/div>\n<\/div>\n<\/div>\n<div class=\"z-0 flex min-h-[46px] justify-start\"><\/div>\n<div class=\"mt-3 w-full empty:hidden\">\n<div class=\"text-center\"><\/div>\n<\/div>\n<\/div>\n<\/div>\n<\/article>\n<\/div>\n<div class=\"pointer-events-none h-px w-px absolute bottom-0\" aria-hidden=\"true\" data-edge=\"true\"><\/div>\n<\/div>\n<\/div>\n<\/div>\n<\/div>\n<\/div>\n<\/div>\n<\/article>\n<div id=\"gtx-trans\" style=\"position: absolute; left: 194px; top: -17px;\">\n<div class=\"gtx-trans-icon\"><\/div>\n<\/div>\n","protected":false},"excerpt":{"rendered":"<p>Superkids orale Tropfen 15 ml Wirkstoffe:Multivitamin-Formel, \u00fcblicherweise enthaltend:Vitamin AVitamin D3Vitamin CVitamine des B-Komplexes(Die genaue Zusammensetzung kann je nach Charge variieren; alle Bestandteile sind essentielle wachstumsunterst\u00fctzende Vitamine.) Indikationen:Anwendung zur ern\u00e4hrungsphysiologischen Unterst\u00fctzung bei S\u00e4uglingen und Kindern, einschlie\u00dflich:St\u00e4rkung des ImmunsystemsUnterst\u00fctzung von gesundem Wachstum und EntwicklungAppetitsteigerungAusgleich leichter Vitaminm\u00e4ngel Dosierung:S\u00e4uglinge und Kinder: 0,5\u20131 ml einmal t\u00e4glich oder gem\u00e4\u00df \u00e4rztlicher Verordnung.Vor&#8230;<\/p>\n","protected":false},"featured_media":10546,"comment_status":"open","ping_status":"closed","template":"","meta":{"rs_blank_template":"","rs_page_bg_color":"","slide_template_v7":"","_bst_post_transparent":"default","_bst_post_title":"","_bst_post_layout":"default","_bst_post_sidebar_id":"","_bst_post_content_style":"default","_bst_post_vertical_padding":"default","_bst_post_feature":"","_bst_post_feature_position":"","_bst_post_header":false,"_bst_post_footer":false},"product_brand":[],"product_cat":[351,217,361,229],"product_tag":[],"product_brands":[],"class_list":{"0":"post-10547","1":"product","2":"type-product","3":"status-publish","4":"has-post-thumbnail","6":"product_cat-medical-forms","7":"product_cat-medicines","8":"product_cat-oral-drops","9":"product_cat-vitamins-general-supplements","11":"first","12":"instock","13":"shipping-taxable","14":"purchasable","15":"product-type-simple","16":"entry","17":"content-bg","18":"loop-entry"},"_links":{"self":[{"href":"https:\/\/nawarpharmacy.com\/de\/wp-json\/wp\/v2\/product\/10547","targetHints":{"allow":["GET"]}}],"collection":[{"href":"https:\/\/nawarpharmacy.com\/de\/wp-json\/wp\/v2\/product"}],"about":[{"href":"https:\/\/nawarpharmacy.com\/de\/wp-json\/wp\/v2\/types\/product"}],"replies":[{"embeddable":true,"href":"https:\/\/nawarpharmacy.com\/de\/wp-json\/wp\/v2\/comments?post=10547"}],"wp:featuredmedia":[{"embeddable":true,"href":"https:\/\/nawarpharmacy.com\/de\/wp-json\/wp\/v2\/media\/10546"}],"wp:attachment":[{"href":"https:\/\/nawarpharmacy.com\/de\/wp-json\/wp\/v2\/media?parent=10547"}],"wp:term":[{"taxonomy":"product_brand","embeddable":true,"href":"https:\/\/nawarpharmacy.com\/de\/wp-json\/wp\/v2\/product_brand?post=10547"},{"taxonomy":"product_cat","embeddable":true,"href":"https:\/\/nawarpharmacy.com\/de\/wp-json\/wp\/v2\/product_cat?post=10547"},{"taxonomy":"product_tag","embeddable":true,"href":"https:\/\/nawarpharmacy.com\/de\/wp-json\/wp\/v2\/product_tag?post=10547"},{"taxonomy":"product_brands","embeddable":true,"href":"https:\/\/nawarpharmacy.com\/de\/wp-json\/wp\/v2\/product_brands?post=10547"}],"curies":[{"name":"wp","href":"https:\/\/api.w.org\/{rel}","templated":true}]}}