{"id":10543,"date":"2025-11-20T12:33:41","date_gmt":"2025-11-20T12:33:41","guid":{"rendered":"https:\/\/nawarpharmacy.com\/?post_type=product&#038;p=10543"},"modified":"2026-02-26T21:53:47","modified_gmt":"2026-02-26T21:53:47","slug":"sofimer-family-hypertonic-2-6-100ml-nasal-spray","status":"publish","type":"product","link":"https:\/\/nawarpharmacy.com\/de\/produkt\/sofimer-family-hypertonic-2-6-100ml-nasal-spray\/","title":{"rendered":"Sofimer Family Hypertonisch 2,6% Nasenspray 100 ml"},"content":{"rendered":"<article class=\"text-token-text-primary w-full focus:outline-none [--shadow-height:45px] has-data-writing-block:pointer-events-none has-data-writing-block:-mt-(--shadow-height) has-data-writing-block:pt-(--shadow-height) [&amp;:has([data-writing-block])&gt;*]:pointer-events-auto [content-visibility:auto] supports-[content-visibility:auto]:[contain-intrinsic-size:auto_100lvh] scroll-mt-[calc(var(--header-height)+min(200px,max(70px,20svh)))]\" dir=\"auto\" data-turn-id=\"request-691b06b7-6218-832d-8a14-33a40741db89-1\" data-testid=\"conversation-turn-206\" data-scroll-anchor=\"true\" data-turn=\"assistant\">\n<div class=\"text-base my-auto mx-auto pb-10 [--thread-content-margin:--spacing(4)] thread-sm:[--thread-content-margin:--spacing(6)] thread-lg:[--thread-content-margin:--spacing(16)] px-(--thread-content-margin)\">\n<div class=\"[--thread-content-max-width:40rem] thread-lg:[--thread-content-max-width:48rem] mx-auto max-w-(--thread-content-max-width) flex-1 group\/turn-messages focus-visible:outline-hidden relative flex w-full min-w-0 flex-col agent-turn\">\n<div class=\"flex max-w-full flex-col grow\">\n<div class=\"min-h-8 text-message relative flex w-full flex-col items-end gap-2 text-start break-words whitespace-normal [.text-message+&amp;]:mt-1\" dir=\"auto\" data-message-author-role=\"assistant\" data-message-id=\"cc0d7696-ce04-4f58-8ac5-80c31c987719\" data-message-model-slug=\"gpt-5-1\">\n<div class=\"flex w-full flex-col gap-1 empty:hidden first:pt-[1px]\">\n<div class=\"markdown prose dark:prose-invert w-full break-words light markdown-new-styling\">\n<div class=\"flex flex-col text-sm pb-25\">\n<article class=\"text-token-text-primary w-full focus:outline-none [--shadow-height:45px] has-data-writing-block:pointer-events-none has-data-writing-block:-mt-(--shadow-height) has-data-writing-block:pt-(--shadow-height) [&amp;:has([data-writing-block])&gt;*]:pointer-events-auto scroll-mt-[calc(var(--header-height)+min(200px,max(70px,20svh)))]\" dir=\"auto\" tabindex=\"-1\" data-turn-id=\"request-WEB:1fb551c8-723f-4635-af76-1761af7fc3f6-61\" data-testid=\"conversation-turn-124\" data-scroll-anchor=\"true\" data-turn=\"assistant\">\n<div class=\"text-base my-auto mx-auto pb-10 [--thread-content-margin:--spacing(4)] @w-sm\/main:[--thread-content-margin:--spacing(6)] @w-lg\/main:[--thread-content-margin:--spacing(16)] px-(--thread-content-margin)\">\n<div class=\"[--thread-content-max-width:40rem] @w-lg\/main:[--thread-content-max-width:48rem] mx-auto max-w-(--thread-content-max-width) flex-1 group\/turn-messages focus-visible:outline-hidden relative flex w-full min-w-0 flex-col agent-turn\" tabindex=\"-1\">\n<div class=\"flex max-w-full flex-col grow\">\n<div class=\"min-h-8 text-message relative flex w-full flex-col items-end gap-2 text-start break-words whitespace-normal [.text-message+&amp;]:mt-1\" dir=\"auto\" data-message-author-role=\"assistant\" data-message-id=\"47769b34-6d33-440f-bde7-ea908aba9575\" data-message-model-slug=\"gpt-5-2\">\n<div class=\"flex w-full flex-col gap-1 empty:hidden first:pt-[1px]\">\n<div class=\"markdown prose dark:prose-invert w-full wrap-break-word dark markdown-new-styling\">\n<p data-start=\"1198\" data-end=\"1254\"><strong data-start=\"1198\" data-end=\"1252\">Sofimer Family Hypertonisch 2,6% Nasenspray 100 ml<\/strong><\/p>\n<p data-start=\"1256\" data-end=\"1311\"><strong data-start=\"1256\" data-end=\"1270\">Wirkstoff:<\/strong><br data-start=\"1270\" data-end=\"1273\" \/>Hypertonische Meerwasserl\u00f6sung 2,6 %<\/p>\n<p data-start=\"1313\" data-end=\"1545\"><strong data-start=\"1313\" data-end=\"1330\">Indikationen:<\/strong><br data-start=\"1330\" data-end=\"1333\" \/>Anwendung zur Nasenreinigung und Linderung von Verstopfung bei Erwachsenen und Kindern, einschlie\u00dflich:<br data-start=\"1436\" data-end=\"1439\" \/>Akuter und chronischer Nasenverstopfung<br data-start=\"1478\" data-end=\"1481\" \/>Allergischer Rhinitis<br data-start=\"1502\" data-end=\"1505\" \/>Sinusitis<br data-start=\"1514\" data-end=\"1517\" \/>Postoperativer Nasenpflege<\/p>\n<p data-start=\"1547\" data-end=\"1728\"><strong data-start=\"1547\" data-end=\"1561\">Dosierung:<\/strong><br data-start=\"1561\" data-end=\"1564\" \/><strong data-start=\"1564\" data-end=\"1590\">Erwachsene und Kinder:<\/strong> 1\u20132 Spr\u00fchst\u00f6\u00dfe in jedes Nasenloch 2\u20133-mal t\u00e4glich oder nach \u00e4rztlicher Anweisung.<br data-start=\"1672\" data-end=\"1675\" \/>F\u00fcr die regelm\u00e4\u00dfige t\u00e4gliche Nasenhygiene geeignet.<\/p>\n<p data-start=\"1730\" data-end=\"1908\"><strong data-start=\"1730\" data-end=\"1753\">Kontraindikationen:<\/strong><br data-start=\"1753\" data-end=\"1756\" \/>\u00dcberempfindlichkeit gegen Bestandteile des Meerwassers.<br data-start=\"1811\" data-end=\"1814\" \/>Nicht bei S\u00e4uglingen anwenden, sofern kein spezielles p\u00e4diatrisches Produkt empfohlen wurde.<\/p>\n<p data-start=\"1910\" data-end=\"2026\"><strong data-start=\"1910\" data-end=\"1929\">Nebenwirkungen:<\/strong><br data-start=\"1929\" data-end=\"1932\" \/>Leichtes Brennen oder Stechen<br data-start=\"1961\" data-end=\"1964\" \/>Vor\u00fcbergehende nasale Reizung<br data-start=\"1993\" data-end=\"1996\" \/>Selten: allergische Reaktion<\/p>\n<p data-start=\"2028\" data-end=\"2172\"><strong data-start=\"2028\" data-end=\"2049\">Wechselwirkungen:<\/strong><br data-start=\"2049\" data-end=\"2052\" \/>Keine klinisch relevanten Wechselwirkungen bekannt.<br data-start=\"2103\" data-end=\"2106\" \/>Sicher in Kombination mit den meisten Nasenpr\u00e4paraten anwendbar.<\/p>\n<p data-start=\"2174\" data-end=\"2307\" data-is-last-node=\"\" data-is-only-node=\"\"><strong data-start=\"2174\" data-end=\"2187\">Lagerung:<\/strong><br data-start=\"2187\" data-end=\"2190\" \/>Bei Raumtemperatur lagern, vor direkter Hitze und Sonneneinstrahlung sch\u00fctzen.<br data-start=\"2268\" data-end=\"2271\" \/>F\u00fcr Kinder unzug\u00e4nglich aufbewahren.<\/p>\n<\/div>\n<\/div>\n<\/div>\n<\/div>\n<div class=\"z-0 flex min-h-[46px] justify-start\"><\/div>\n<div class=\"mt-3 w-full empty:hidden\">\n<div class=\"text-center\"><\/div>\n<\/div>\n<\/div>\n<\/div>\n<\/article>\n<\/div>\n<div class=\"pointer-events-none h-px w-px absolute bottom-0\" aria-hidden=\"true\" data-edge=\"true\"><\/div>\n<\/div>\n<\/div>\n<\/div>\n<\/div>\n<\/div>\n<\/div>\n<\/article>\n<div id=\"gtx-trans\" style=\"position: absolute; left: 338px; top: -17px;\">\n<div class=\"gtx-trans-icon\"><\/div>\n<\/div>\n","protected":false},"excerpt":{"rendered":"<p>Sofimer Family Hypertonisch 2,6% Nasenspray 100 ml Wirkstoff:Hypertonische Meerwasserl\u00f6sung 2,6 % Indikationen:Anwendung zur Nasenreinigung und Linderung von Verstopfung bei Erwachsenen und Kindern, einschlie\u00dflich:Akuter und chronischer NasenverstopfungAllergischer RhinitisSinusitisPostoperativer Nasenpflege Dosierung:Erwachsene und Kinder: 1\u20132 Spr\u00fchst\u00f6\u00dfe in jedes Nasenloch 2\u20133-mal t\u00e4glich oder nach \u00e4rztlicher Anweisung.F\u00fcr die regelm\u00e4\u00dfige t\u00e4gliche Nasenhygiene geeignet. Kontraindikationen:\u00dcberempfindlichkeit gegen Bestandteile des Meerwassers.Nicht bei S\u00e4uglingen anwenden,&#8230;<\/p>\n","protected":false},"featured_media":10542,"comment_status":"open","ping_status":"closed","template":"","meta":{"rs_blank_template":"","rs_page_bg_color":"","slide_template_v7":"","_bst_post_transparent":"default","_bst_post_title":"","_bst_post_layout":"default","_bst_post_sidebar_id":"","_bst_post_content_style":"default","_bst_post_vertical_padding":"default","_bst_post_feature":"","_bst_post_feature_position":"","_bst_post_header":false,"_bst_post_footer":false},"product_brand":[],"product_cat":[351,217,373,251],"product_tag":[],"product_brands":[],"class_list":{"0":"post-10543","1":"product","2":"type-product","3":"status-publish","4":"has-post-thumbnail","6":"product_cat-medical-forms","7":"product_cat-medicines","8":"product_cat-nasal-spray","9":"product_cat-nasal-decongestant","11":"first","12":"instock","13":"shipping-taxable","14":"purchasable","15":"product-type-simple","16":"entry","17":"content-bg","18":"loop-entry"},"_links":{"self":[{"href":"https:\/\/nawarpharmacy.com\/de\/wp-json\/wp\/v2\/product\/10543","targetHints":{"allow":["GET"]}}],"collection":[{"href":"https:\/\/nawarpharmacy.com\/de\/wp-json\/wp\/v2\/product"}],"about":[{"href":"https:\/\/nawarpharmacy.com\/de\/wp-json\/wp\/v2\/types\/product"}],"replies":[{"embeddable":true,"href":"https:\/\/nawarpharmacy.com\/de\/wp-json\/wp\/v2\/comments?post=10543"}],"wp:featuredmedia":[{"embeddable":true,"href":"https:\/\/nawarpharmacy.com\/de\/wp-json\/wp\/v2\/media\/10542"}],"wp:attachment":[{"href":"https:\/\/nawarpharmacy.com\/de\/wp-json\/wp\/v2\/media?parent=10543"}],"wp:term":[{"taxonomy":"product_brand","embeddable":true,"href":"https:\/\/nawarpharmacy.com\/de\/wp-json\/wp\/v2\/product_brand?post=10543"},{"taxonomy":"product_cat","embeddable":true,"href":"https:\/\/nawarpharmacy.com\/de\/wp-json\/wp\/v2\/product_cat?post=10543"},{"taxonomy":"product_tag","embeddable":true,"href":"https:\/\/nawarpharmacy.com\/de\/wp-json\/wp\/v2\/product_tag?post=10543"},{"taxonomy":"product_brands","embeddable":true,"href":"https:\/\/nawarpharmacy.com\/de\/wp-json\/wp\/v2\/product_brands?post=10543"}],"curies":[{"name":"wp","href":"https:\/\/api.w.org\/{rel}","templated":true}]}}