{"id":10536,"date":"2025-11-20T12:36:38","date_gmt":"2025-11-20T12:36:38","guid":{"rendered":"https:\/\/nawarpharmacy.com\/?post_type=product&#038;p=10536"},"modified":"2026-02-26T21:51:56","modified_gmt":"2026-02-26T21:51:56","slug":"sofimer-mini-isotonic-0-9-30ml-nasal-spray","status":"publish","type":"product","link":"https:\/\/nawarpharmacy.com\/de\/produkt\/sofimer-mini-isotonic-0-9-30ml-nasal-spray\/","title":{"rendered":"Sofimer Mini Isotonisch 0,9% Nasenspray 30 ml"},"content":{"rendered":"<article class=\"text-token-text-primary w-full focus:outline-none [--shadow-height:45px] has-data-writing-block:pointer-events-none has-data-writing-block:-mt-(--shadow-height) has-data-writing-block:pt-(--shadow-height) [&amp;:has([data-writing-block])&gt;*]:pointer-events-auto [content-visibility:auto] supports-[content-visibility:auto]:[contain-intrinsic-size:auto_100lvh] scroll-mt-[calc(var(--header-height)+min(200px,max(70px,20svh)))]\" dir=\"auto\" data-turn-id=\"request-691b06b7-6218-832d-8a14-33a40741db89-3\" data-testid=\"conversation-turn-210\" data-scroll-anchor=\"true\" data-turn=\"assistant\">\n<div class=\"text-base my-auto mx-auto pb-10 [--thread-content-margin:--spacing(4)] thread-sm:[--thread-content-margin:--spacing(6)] thread-lg:[--thread-content-margin:--spacing(16)] px-(--thread-content-margin)\">\n<div class=\"[--thread-content-max-width:40rem] thread-lg:[--thread-content-max-width:48rem] mx-auto max-w-(--thread-content-max-width) flex-1 group\/turn-messages focus-visible:outline-hidden relative flex w-full min-w-0 flex-col agent-turn\">\n<div class=\"flex max-w-full flex-col grow\">\n<div class=\"min-h-8 text-message relative flex w-full flex-col items-end gap-2 text-start break-words whitespace-normal [.text-message+&amp;]:mt-1\" dir=\"auto\" data-message-author-role=\"assistant\" data-message-id=\"3140e64e-c73b-44ff-be42-c47c091a1fe1\" data-message-model-slug=\"gpt-5-1\">\n<div class=\"flex w-full flex-col gap-1 empty:hidden first:pt-[1px]\">\n<div class=\"markdown prose dark:prose-invert w-full break-words light markdown-new-styling\">\n<div class=\"flex flex-col text-sm pb-25\">\n<article class=\"text-token-text-primary w-full focus:outline-none [--shadow-height:45px] has-data-writing-block:pointer-events-none has-data-writing-block:-mt-(--shadow-height) has-data-writing-block:pt-(--shadow-height) [&amp;:has([data-writing-block])&gt;*]:pointer-events-auto scroll-mt-[calc(var(--header-height)+min(200px,max(70px,20svh)))]\" dir=\"auto\" tabindex=\"-1\" data-turn-id=\"request-WEB:1fb551c8-723f-4635-af76-1761af7fc3f6-59\" data-testid=\"conversation-turn-120\" data-scroll-anchor=\"true\" data-turn=\"assistant\">\n<div class=\"text-base my-auto mx-auto pb-10 [--thread-content-margin:--spacing(4)] @w-sm\/main:[--thread-content-margin:--spacing(6)] @w-lg\/main:[--thread-content-margin:--spacing(16)] px-(--thread-content-margin)\">\n<div class=\"[--thread-content-max-width:40rem] @w-lg\/main:[--thread-content-max-width:48rem] mx-auto max-w-(--thread-content-max-width) flex-1 group\/turn-messages focus-visible:outline-hidden relative flex w-full min-w-0 flex-col agent-turn\" tabindex=\"-1\">\n<div class=\"flex max-w-full flex-col grow\">\n<div class=\"min-h-8 text-message relative flex w-full flex-col items-end gap-2 text-start break-words whitespace-normal [.text-message+&amp;]:mt-1\" dir=\"auto\" data-message-author-role=\"assistant\" data-message-id=\"843e7903-8ca1-4f49-9847-bcfe5904e1de\" data-message-model-slug=\"gpt-5-2\">\n<div class=\"flex w-full flex-col gap-1 empty:hidden first:pt-[1px]\">\n<div class=\"markdown prose dark:prose-invert w-full wrap-break-word dark markdown-new-styling\">\n<p data-start=\"1158\" data-end=\"1209\"><strong data-start=\"1158\" data-end=\"1207\">Sofimer Mini Isotonisch 0,9% Nasenspray 30 ml<\/strong><\/p>\n<p data-start=\"1211\" data-end=\"1264\"><strong data-start=\"1211\" data-end=\"1225\">Wirkstoff:<\/strong><br data-start=\"1225\" data-end=\"1228\" \/>Isotonische Meerwasserl\u00f6sung 0,9 %<\/p>\n<p data-start=\"1266\" data-end=\"1491\"><strong data-start=\"1266\" data-end=\"1283\">Indikationen:<\/strong><br data-start=\"1283\" data-end=\"1286\" \/>Anwendung zur sanften Nasenreinigung bei S\u00e4uglingen und Kleinkindern, einschlie\u00dflich:<br data-start=\"1371\" data-end=\"1374\" \/>T\u00e4glicher Nasenhygiene<br data-start=\"1396\" data-end=\"1399\" \/>Leichter Nasenverstopfung<br data-start=\"1424\" data-end=\"1427\" \/>Allergischer Rhinitis<br data-start=\"1448\" data-end=\"1451\" \/>Trockener oder gereizter Nasenpassagen<\/p>\n<p data-start=\"1493\" data-end=\"1695\"><strong data-start=\"1493\" data-end=\"1507\">Dosierung:<\/strong><br data-start=\"1507\" data-end=\"1510\" \/><strong data-start=\"1510\" data-end=\"1540\">S\u00e4uglinge und Kleinkinder:<\/strong> 1\u20132 Spr\u00fchst\u00f6\u00dfe in jedes Nasenloch 1\u20133-mal t\u00e4glich oder nach \u00e4rztlicher Anweisung.<br data-start=\"1622\" data-end=\"1625\" \/>F\u00fcr kleine Nasen entwickelt und f\u00fcr die t\u00e4gliche Anwendung geeignet.<\/p>\n<p data-start=\"1697\" data-end=\"1780\"><strong data-start=\"1697\" data-end=\"1720\">Kontraindikationen:<\/strong><br data-start=\"1720\" data-end=\"1723\" \/>\u00dcberempfindlichkeit gegen Bestandteile des Meerwassers.<\/p>\n<p data-start=\"1782\" data-end=\"1897\"><strong data-start=\"1782\" data-end=\"1801\">Nebenwirkungen:<\/strong><br data-start=\"1801\" data-end=\"1804\" \/>Leichte vor\u00fcbergehende nasale Reizung<br data-start=\"1841\" data-end=\"1844\" \/>Kurzzeitiges Brennen<br data-start=\"1864\" data-end=\"1867\" \/>Selten: allergische Reaktion<\/p>\n<p data-start=\"1899\" data-end=\"2053\"><strong data-start=\"1899\" data-end=\"1920\">Wechselwirkungen:<\/strong><br data-start=\"1920\" data-end=\"1923\" \/>Keine klinisch relevanten Wechselwirkungen bekannt.<br data-start=\"1974\" data-end=\"1977\" \/>Sicher in Kombination mit anderen p\u00e4diatrischen Nasenpr\u00e4paraten anwendbar.<\/p>\n<p data-start=\"2055\" data-end=\"2172\" data-is-last-node=\"\" data-is-only-node=\"\"><strong data-start=\"2055\" data-end=\"2068\">Lagerung:<\/strong><br data-start=\"2068\" data-end=\"2071\" \/>Bei Raumtemperatur lagern, vor Hitze und Sonnenlicht sch\u00fctzen.<br data-start=\"2133\" data-end=\"2136\" \/>F\u00fcr Kinder unzug\u00e4nglich aufbewahren.<\/p>\n<\/div>\n<\/div>\n<\/div>\n<\/div>\n<div class=\"z-0 flex min-h-[46px] justify-start\"><\/div>\n<div class=\"mt-3 w-full empty:hidden\">\n<div class=\"text-center\"><\/div>\n<\/div>\n<\/div>\n<\/div>\n<\/article>\n<\/div>\n<div class=\"pointer-events-none h-px w-px absolute bottom-0\" aria-hidden=\"true\" data-edge=\"true\"><\/div>\n<\/div>\n<\/div>\n<\/div>\n<\/div>\n<\/div>\n<\/div>\n<\/article>\n<div id=\"gtx-trans\" style=\"position: absolute; left: 224px; top: -17px;\">\n<div class=\"gtx-trans-icon\"><\/div>\n<\/div>\n","protected":false},"excerpt":{"rendered":"<p>Sofimer Mini Isotonisch 0,9% Nasenspray 30 ml Wirkstoff:Isotonische Meerwasserl\u00f6sung 0,9 % Indikationen:Anwendung zur sanften Nasenreinigung bei S\u00e4uglingen und Kleinkindern, einschlie\u00dflich:T\u00e4glicher NasenhygieneLeichter NasenverstopfungAllergischer RhinitisTrockener oder gereizter Nasenpassagen Dosierung:S\u00e4uglinge und Kleinkinder: 1\u20132 Spr\u00fchst\u00f6\u00dfe in jedes Nasenloch 1\u20133-mal t\u00e4glich oder nach \u00e4rztlicher Anweisung.F\u00fcr kleine Nasen entwickelt und f\u00fcr die t\u00e4gliche Anwendung geeignet. Kontraindikationen:\u00dcberempfindlichkeit gegen Bestandteile des Meerwassers. Nebenwirkungen:Leichte&#8230;<\/p>\n","protected":false},"featured_media":10535,"comment_status":"open","ping_status":"closed","template":"","meta":{"rs_blank_template":"","rs_page_bg_color":"","slide_template_v7":"","_bst_post_transparent":"default","_bst_post_title":"","_bst_post_layout":"default","_bst_post_sidebar_id":"","_bst_post_content_style":"default","_bst_post_vertical_padding":"default","_bst_post_feature":"","_bst_post_feature_position":"","_bst_post_header":false,"_bst_post_footer":false},"product_brand":[],"product_cat":[351,217,373,251],"product_tag":[],"product_brands":[],"class_list":{"0":"post-10536","1":"product","2":"type-product","3":"status-publish","4":"has-post-thumbnail","6":"product_cat-medical-forms","7":"product_cat-medicines","8":"product_cat-nasal-spray","9":"product_cat-nasal-decongestant","11":"first","12":"instock","13":"shipping-taxable","14":"purchasable","15":"product-type-simple","16":"entry","17":"content-bg","18":"loop-entry"},"_links":{"self":[{"href":"https:\/\/nawarpharmacy.com\/de\/wp-json\/wp\/v2\/product\/10536","targetHints":{"allow":["GET"]}}],"collection":[{"href":"https:\/\/nawarpharmacy.com\/de\/wp-json\/wp\/v2\/product"}],"about":[{"href":"https:\/\/nawarpharmacy.com\/de\/wp-json\/wp\/v2\/types\/product"}],"replies":[{"embeddable":true,"href":"https:\/\/nawarpharmacy.com\/de\/wp-json\/wp\/v2\/comments?post=10536"}],"wp:featuredmedia":[{"embeddable":true,"href":"https:\/\/nawarpharmacy.com\/de\/wp-json\/wp\/v2\/media\/10535"}],"wp:attachment":[{"href":"https:\/\/nawarpharmacy.com\/de\/wp-json\/wp\/v2\/media?parent=10536"}],"wp:term":[{"taxonomy":"product_brand","embeddable":true,"href":"https:\/\/nawarpharmacy.com\/de\/wp-json\/wp\/v2\/product_brand?post=10536"},{"taxonomy":"product_cat","embeddable":true,"href":"https:\/\/nawarpharmacy.com\/de\/wp-json\/wp\/v2\/product_cat?post=10536"},{"taxonomy":"product_tag","embeddable":true,"href":"https:\/\/nawarpharmacy.com\/de\/wp-json\/wp\/v2\/product_tag?post=10536"},{"taxonomy":"product_brands","embeddable":true,"href":"https:\/\/nawarpharmacy.com\/de\/wp-json\/wp\/v2\/product_brands?post=10536"}],"curies":[{"name":"wp","href":"https:\/\/api.w.org\/{rel}","templated":true}]}}