{"id":10526,"date":"2025-11-20T12:40:02","date_gmt":"2025-11-20T12:40:02","guid":{"rendered":"https:\/\/nawarpharmacy.com\/?post_type=product&#038;p=10526"},"modified":"2026-02-26T21:50:14","modified_gmt":"2026-02-26T21:50:14","slug":"c-vit-oral-drops-15ml","status":"publish","type":"product","link":"https:\/\/nawarpharmacy.com\/de\/produkt\/c-vit-oral-drops-15ml\/","title":{"rendered":"C-vit orale Tropfen 15 ml"},"content":{"rendered":"<article class=\"text-token-text-primary w-full focus:outline-none [--shadow-height:45px] has-data-writing-block:pointer-events-none has-data-writing-block:-mt-(--shadow-height) has-data-writing-block:pt-(--shadow-height) [&amp;:has([data-writing-block])&gt;*]:pointer-events-auto [content-visibility:auto] supports-[content-visibility:auto]:[contain-intrinsic-size:auto_100lvh] scroll-mt-[calc(var(--header-height)+min(200px,max(70px,20svh)))]\" dir=\"auto\" data-turn-id=\"request-691b06b7-6218-832d-8a14-33a40741db89-5\" data-testid=\"conversation-turn-214\" data-scroll-anchor=\"true\" data-turn=\"assistant\">\n<div class=\"text-base my-auto mx-auto pb-10 [--thread-content-margin:--spacing(4)] thread-sm:[--thread-content-margin:--spacing(6)] thread-lg:[--thread-content-margin:--spacing(16)] px-(--thread-content-margin)\">\n<div class=\"[--thread-content-max-width:40rem] thread-lg:[--thread-content-max-width:48rem] mx-auto max-w-(--thread-content-max-width) flex-1 group\/turn-messages focus-visible:outline-hidden relative flex w-full min-w-0 flex-col agent-turn\">\n<div class=\"flex max-w-full flex-col grow\">\n<div class=\"min-h-8 text-message relative flex w-full flex-col items-end gap-2 text-start break-words whitespace-normal [.text-message+&amp;]:mt-1\" dir=\"auto\" data-message-author-role=\"assistant\" data-message-id=\"8c793973-6352-4982-a470-0bab8cb6f338\" data-message-model-slug=\"gpt-5-1\">\n<div class=\"flex w-full flex-col gap-1 empty:hidden first:pt-[1px]\">\n<div class=\"markdown prose dark:prose-invert w-full break-words light markdown-new-styling\">\n<div class=\"flex flex-col text-sm pb-25\">\n<article class=\"text-token-text-primary w-full focus:outline-none [--shadow-height:45px] has-data-writing-block:pointer-events-none has-data-writing-block:-mt-(--shadow-height) has-data-writing-block:pt-(--shadow-height) [&amp;:has([data-writing-block])&gt;*]:pointer-events-auto scroll-mt-[calc(var(--header-height)+min(200px,max(70px,20svh)))]\" dir=\"auto\" tabindex=\"-1\" data-turn-id=\"request-WEB:1fb551c8-723f-4635-af76-1761af7fc3f6-57\" data-testid=\"conversation-turn-116\" data-scroll-anchor=\"true\" data-turn=\"assistant\">\n<div class=\"text-base my-auto mx-auto pb-10 [--thread-content-margin:--spacing(4)] @w-sm\/main:[--thread-content-margin:--spacing(6)] @w-lg\/main:[--thread-content-margin:--spacing(16)] px-(--thread-content-margin)\">\n<div class=\"[--thread-content-max-width:40rem] @w-lg\/main:[--thread-content-max-width:48rem] mx-auto max-w-(--thread-content-max-width) flex-1 group\/turn-messages focus-visible:outline-hidden relative flex w-full min-w-0 flex-col agent-turn\" tabindex=\"-1\">\n<div class=\"flex max-w-full flex-col grow\">\n<div class=\"min-h-8 text-message relative flex w-full flex-col items-end gap-2 text-start break-words whitespace-normal [.text-message+&amp;]:mt-1\" dir=\"auto\" data-message-author-role=\"assistant\" data-message-id=\"b71c9a82-2981-429c-aff9-ae230d692abd\" data-message-model-slug=\"gpt-5-2\">\n<div class=\"flex w-full flex-col gap-1 empty:hidden first:pt-[1px]\">\n<div class=\"markdown prose dark:prose-invert w-full wrap-break-word dark markdown-new-styling\">\n<p data-start=\"1389\" data-end=\"1420\"><strong data-start=\"1389\" data-end=\"1418\">C-vit orale Tropfen 15 ml<\/strong><\/p>\n<p data-start=\"1422\" data-end=\"1596\"><strong data-start=\"1422\" data-end=\"1436\">Wirkstoff:<\/strong><br data-start=\"1436\" data-end=\"1439\" \/>Vitamin C (Ascorbins\u00e4ure) 100 mg\/ml<br data-start=\"1474\" data-end=\"1477\" \/>(Die Konzentration kann je nach Hersteller leicht variieren, bleibt jedoch im therapeutischen p\u00e4diatrischen Bereich.)<\/p>\n<p data-start=\"1598\" data-end=\"1845\"><strong data-start=\"1598\" data-end=\"1615\">Indikationen:<\/strong><br data-start=\"1615\" data-end=\"1618\" \/>Anwendung zur Pr\u00e4vention und Behandlung eines Vitamin-C-Mangels bei:<br data-start=\"1686\" data-end=\"1689\" \/>S\u00e4uglingen und Kindern<br data-start=\"1711\" data-end=\"1714\" \/>Personen mit unzureichender Nahrungsaufnahme<br data-start=\"1758\" data-end=\"1761\" \/>Wiederkehrenden Infektionen<br data-start=\"1788\" data-end=\"1791\" \/>Zust\u00e4nden mit Bedarf an antioxidativer Unterst\u00fctzung<\/p>\n<p data-start=\"1847\" data-end=\"2068\"><strong data-start=\"1847\" data-end=\"1861\">Dosierung:<\/strong><br data-start=\"1861\" data-end=\"1864\" \/><strong data-start=\"1864\" data-end=\"1889\">S\u00e4uglinge und Kinder:<\/strong> 0,5\u20131 ml einmal t\u00e4glich oder gem\u00e4\u00df \u00e4rztlicher Verordnung.<br data-start=\"1947\" data-end=\"1950\" \/>Kann direkt verabreicht oder mit einer kleinen Menge Wasser oder Saft gemischt werden.<br data-start=\"2036\" data-end=\"2039\" \/>Vor Gebrauch gut sch\u00fctteln.<\/p>\n<p data-start=\"2070\" data-end=\"2197\"><strong data-start=\"2070\" data-end=\"2093\">Kontraindikationen:<\/strong><br data-start=\"2093\" data-end=\"2096\" \/>\u00dcberempfindlichkeit gegen Vitamin C.<br data-start=\"2132\" data-end=\"2135\" \/>Vorsicht bei Patienten mit Nierensteinen oder Hyperoxalurie.<\/p>\n<p data-start=\"2199\" data-end=\"2308\"><strong data-start=\"2199\" data-end=\"2218\">Nebenwirkungen:<\/strong><br data-start=\"2218\" data-end=\"2221\" \/>Leichte Magenbeschwerden<br data-start=\"2245\" data-end=\"2248\" \/>Durchfall (bei hohen Dosen)<br data-start=\"2275\" data-end=\"2278\" \/>Selten: allergische Reaktion<\/p>\n<p data-start=\"2310\" data-end=\"2516\"><strong data-start=\"2310\" data-end=\"2331\">Wechselwirkungen:<\/strong><br data-start=\"2331\" data-end=\"2334\" \/>Kann die Resorption bestimmter Arzneimittel beeinflussen (z. B. bestimmte Antibiotika, Antikoagulanzien).<br data-start=\"2439\" data-end=\"2442\" \/>Hohe Dosen nicht gleichzeitig mit anderen Vitamin-C-Pr\u00e4paraten anwenden.<\/p>\n<p data-start=\"2518\" data-end=\"2663\" data-is-last-node=\"\" data-is-only-node=\"\"><strong data-start=\"2518\" data-end=\"2531\">Lagerung:<\/strong><br data-start=\"2531\" data-end=\"2534\" \/>Bei Raumtemperatur lagern, vor Hitze und Licht sch\u00fctzen.<br data-start=\"2590\" data-end=\"2593\" \/>Die Flasche fest verschlossen und f\u00fcr Kinder unzug\u00e4nglich aufbewahren.<\/p>\n<\/div>\n<\/div>\n<\/div>\n<\/div>\n<div class=\"z-0 flex min-h-[46px] justify-start\"><\/div>\n<div class=\"mt-3 w-full empty:hidden\">\n<div class=\"text-center\"><\/div>\n<\/div>\n<\/div>\n<\/div>\n<\/article>\n<\/div>\n<div class=\"pointer-events-none h-px w-px absolute bottom-0\" aria-hidden=\"true\" data-edge=\"true\"><\/div>\n<\/div>\n<\/div>\n<\/div>\n<\/div>\n<\/div>\n<\/div>\n<\/article>\n<div id=\"gtx-trans\" style=\"position: absolute; left: 156px; top: -17px;\">\n<div class=\"gtx-trans-icon\"><\/div>\n<\/div>\n","protected":false},"excerpt":{"rendered":"<p>C-vit orale Tropfen 15 ml Wirkstoff:Vitamin C (Ascorbins\u00e4ure) 100 mg\/ml(Die Konzentration kann je nach Hersteller leicht variieren, bleibt jedoch im therapeutischen p\u00e4diatrischen Bereich.) Indikationen:Anwendung zur Pr\u00e4vention und Behandlung eines Vitamin-C-Mangels bei:S\u00e4uglingen und KindernPersonen mit unzureichender NahrungsaufnahmeWiederkehrenden InfektionenZust\u00e4nden mit Bedarf an antioxidativer Unterst\u00fctzung Dosierung:S\u00e4uglinge und Kinder: 0,5\u20131 ml einmal t\u00e4glich oder gem\u00e4\u00df \u00e4rztlicher Verordnung.Kann direkt verabreicht&#8230;<\/p>\n","protected":false},"featured_media":10525,"comment_status":"open","ping_status":"closed","template":"","meta":{"rs_blank_template":"","rs_page_bg_color":"","slide_template_v7":"","_bst_post_transparent":"default","_bst_post_title":"","_bst_post_layout":"default","_bst_post_sidebar_id":"","_bst_post_content_style":"default","_bst_post_vertical_padding":"default","_bst_post_feature":"","_bst_post_feature_position":"","_bst_post_header":false,"_bst_post_footer":false},"product_brand":[],"product_cat":[217,361,271,305],"product_tag":[],"product_brands":[],"class_list":{"0":"post-10526","1":"product","2":"type-product","3":"status-publish","4":"has-post-thumbnail","6":"product_cat-medicines","7":"product_cat-oral-drops","8":"product_cat-immunity-support","9":"product_cat-babychild-vitamins","11":"first","12":"instock","13":"shipping-taxable","14":"purchasable","15":"product-type-simple","16":"entry","17":"content-bg","18":"loop-entry"},"_links":{"self":[{"href":"https:\/\/nawarpharmacy.com\/de\/wp-json\/wp\/v2\/product\/10526","targetHints":{"allow":["GET"]}}],"collection":[{"href":"https:\/\/nawarpharmacy.com\/de\/wp-json\/wp\/v2\/product"}],"about":[{"href":"https:\/\/nawarpharmacy.com\/de\/wp-json\/wp\/v2\/types\/product"}],"replies":[{"embeddable":true,"href":"https:\/\/nawarpharmacy.com\/de\/wp-json\/wp\/v2\/comments?post=10526"}],"wp:featuredmedia":[{"embeddable":true,"href":"https:\/\/nawarpharmacy.com\/de\/wp-json\/wp\/v2\/media\/10525"}],"wp:attachment":[{"href":"https:\/\/nawarpharmacy.com\/de\/wp-json\/wp\/v2\/media?parent=10526"}],"wp:term":[{"taxonomy":"product_brand","embeddable":true,"href":"https:\/\/nawarpharmacy.com\/de\/wp-json\/wp\/v2\/product_brand?post=10526"},{"taxonomy":"product_cat","embeddable":true,"href":"https:\/\/nawarpharmacy.com\/de\/wp-json\/wp\/v2\/product_cat?post=10526"},{"taxonomy":"product_tag","embeddable":true,"href":"https:\/\/nawarpharmacy.com\/de\/wp-json\/wp\/v2\/product_tag?post=10526"},{"taxonomy":"product_brands","embeddable":true,"href":"https:\/\/nawarpharmacy.com\/de\/wp-json\/wp\/v2\/product_brands?post=10526"}],"curies":[{"name":"wp","href":"https:\/\/api.w.org\/{rel}","templated":true}]}}