{"id":10523,"date":"2025-11-20T12:42:53","date_gmt":"2025-11-20T12:42:53","guid":{"rendered":"https:\/\/nawarpharmacy.com\/?post_type=product&#038;p=10523"},"modified":"2026-02-26T21:49:06","modified_gmt":"2026-02-26T21:49:06","slug":"cyanaro-1-eye-drops-2-5ml","status":"publish","type":"product","link":"https:\/\/nawarpharmacy.com\/de\/produkt\/cyanaro-1-eye-drops-2-5ml\/","title":{"rendered":"Cyanaro 1% Augentropfen 2,5 ml"},"content":{"rendered":"<article class=\"text-token-text-primary w-full focus:outline-none [--shadow-height:45px] has-data-writing-block:pointer-events-none has-data-writing-block:-mt-(--shadow-height) has-data-writing-block:pt-(--shadow-height) [&amp;:has([data-writing-block])&gt;*]:pointer-events-auto [content-visibility:auto] supports-[content-visibility:auto]:[contain-intrinsic-size:auto_100lvh] scroll-mt-[calc(var(--header-height)+min(200px,max(70px,20svh)))]\" dir=\"auto\" data-turn-id=\"request-691b06b7-6218-832d-8a14-33a40741db89-6\" data-testid=\"conversation-turn-216\" data-scroll-anchor=\"true\" data-turn=\"assistant\">\n<div class=\"text-base my-auto mx-auto pb-10 [--thread-content-margin:--spacing(4)] thread-sm:[--thread-content-margin:--spacing(6)] thread-lg:[--thread-content-margin:--spacing(16)] px-(--thread-content-margin)\">\n<div class=\"[--thread-content-max-width:40rem] thread-lg:[--thread-content-max-width:48rem] mx-auto max-w-(--thread-content-max-width) flex-1 group\/turn-messages focus-visible:outline-hidden relative flex w-full min-w-0 flex-col agent-turn\">\n<div class=\"flex max-w-full flex-col grow\">\n<div class=\"min-h-8 text-message relative flex w-full flex-col items-end gap-2 text-start break-words whitespace-normal [.text-message+&amp;]:mt-1\" dir=\"auto\" data-message-author-role=\"assistant\" data-message-id=\"8b894fcf-74f7-44f1-88bc-bf18d2c9e9a5\" data-message-model-slug=\"gpt-5-1\">\n<div class=\"flex w-full flex-col gap-1 empty:hidden first:pt-[1px]\">\n<div class=\"markdown prose dark:prose-invert w-full break-words light markdown-new-styling\">\n<div class=\"flex flex-col text-sm pb-25\">\n<article class=\"text-token-text-primary w-full focus:outline-none [--shadow-height:45px] has-data-writing-block:pointer-events-none has-data-writing-block:-mt-(--shadow-height) has-data-writing-block:pt-(--shadow-height) [&amp;:has([data-writing-block])&gt;*]:pointer-events-auto scroll-mt-[calc(var(--header-height)+min(200px,max(70px,20svh)))]\" dir=\"auto\" tabindex=\"-1\" data-turn-id=\"request-WEB:1fb551c8-723f-4635-af76-1761af7fc3f6-56\" data-testid=\"conversation-turn-114\" data-scroll-anchor=\"true\" data-turn=\"assistant\">\n<div class=\"text-base my-auto mx-auto pb-10 [--thread-content-margin:--spacing(4)] @w-sm\/main:[--thread-content-margin:--spacing(6)] @w-lg\/main:[--thread-content-margin:--spacing(16)] px-(--thread-content-margin)\">\n<div class=\"[--thread-content-max-width:40rem] @w-lg\/main:[--thread-content-max-width:48rem] mx-auto max-w-(--thread-content-max-width) flex-1 group\/turn-messages focus-visible:outline-hidden relative flex w-full min-w-0 flex-col agent-turn\" tabindex=\"-1\">\n<div class=\"flex max-w-full flex-col grow\">\n<div class=\"min-h-8 text-message relative flex w-full flex-col items-end gap-2 text-start break-words whitespace-normal [.text-message+&amp;]:mt-1\" dir=\"auto\" data-message-author-role=\"assistant\" data-message-id=\"7e5b48d0-974e-4ebb-8eba-5a9a833f144d\" data-message-model-slug=\"gpt-5-2\">\n<div class=\"flex w-full flex-col gap-1 empty:hidden first:pt-[1px]\">\n<div class=\"markdown prose dark:prose-invert w-full wrap-break-word dark markdown-new-styling\">\n<p data-start=\"1171\" data-end=\"1207\"><strong data-start=\"1171\" data-end=\"1205\">Cyanaro 1% Augentropfen 2,5 ml<\/strong><\/p>\n<p data-start=\"1209\" data-end=\"1260\"><strong data-start=\"1209\" data-end=\"1223\">Wirkstoff:<\/strong><br data-start=\"1223\" data-end=\"1226\" \/>Cyanocobalamin (Vitamin B12) 1 %<\/p>\n<p data-start=\"1262\" data-end=\"1468\"><strong data-start=\"1262\" data-end=\"1279\">Indikationen:<\/strong><br data-start=\"1279\" data-end=\"1282\" \/>Anwendung als unterst\u00fctzende Therapie bei:<br data-start=\"1324\" data-end=\"1327\" \/>Syndrom des trockenen Auges<br data-start=\"1354\" data-end=\"1357\" \/>Reizung der Augenoberfl\u00e4che<br data-start=\"1384\" data-end=\"1387\" \/>F\u00f6rderung der Hornhautheilung<br data-start=\"1416\" data-end=\"1419\" \/>Neuropathischen Beschwerden der Augenoberfl\u00e4che<\/p>\n<p data-start=\"1470\" data-end=\"1753\"><strong data-start=\"1470\" data-end=\"1484\">Dosierung:<\/strong><br data-start=\"1484\" data-end=\"1487\" \/><strong data-start=\"1487\" data-end=\"1502\">Erwachsene:<\/strong> 1\u20132 Tropfen 2\u20133-mal t\u00e4glich in das\/die betroffene(n) Auge(n) eintropfen oder gem\u00e4\u00df \u00e4rztlicher Verordnung.<br data-start=\"1608\" data-end=\"1611\" \/>Zwischen dieser und anderen Augenmedikamenten einen Abstand von mindestens 5 Minuten einhalten.<br data-start=\"1706\" data-end=\"1709\" \/>Kontaktlinsen vor der Anwendung entfernen.<\/p>\n<p data-start=\"1755\" data-end=\"1879\"><strong data-start=\"1755\" data-end=\"1778\">Kontraindikationen:<\/strong><br data-start=\"1778\" data-end=\"1781\" \/>\u00dcberempfindlichkeit gegen Cyanocobalamin oder einen der sonstigen Bestandteile der Formulierung.<\/p>\n<p data-start=\"1881\" data-end=\"2045\"><strong data-start=\"1881\" data-end=\"1900\">Nebenwirkungen:<\/strong><br data-start=\"1900\" data-end=\"1903\" \/>Leichtes vor\u00fcbergehendes Brennen oder Stechen<br data-start=\"1948\" data-end=\"1951\" \/>Vor\u00fcbergehend verschwommenes Sehen<br data-start=\"1985\" data-end=\"1988\" \/>Augenr\u00f6tung oder Reizung<br data-start=\"2012\" data-end=\"2015\" \/>Selten: allergische Reaktion<\/p>\n<p data-start=\"2047\" data-end=\"2157\"><strong data-start=\"2047\" data-end=\"2068\">Wechselwirkungen:<\/strong><br data-start=\"2068\" data-end=\"2071\" \/>Keine klinisch relevanten Wechselwirkungen mit ophthalmischen Arzneimitteln bekannt.<\/p>\n<p data-start=\"2159\" data-end=\"2304\" data-is-last-node=\"\" data-is-only-node=\"\"><strong data-start=\"2159\" data-end=\"2172\">Lagerung:<\/strong><br data-start=\"2172\" data-end=\"2175\" \/>Bei Raumtemperatur lagern, vor Hitze und Licht sch\u00fctzen.<br data-start=\"2231\" data-end=\"2234\" \/>Die Flasche fest verschlossen und f\u00fcr Kinder unzug\u00e4nglich aufbewahren.<\/p>\n<\/div>\n<\/div>\n<\/div>\n<\/div>\n<div class=\"z-0 flex min-h-[46px] justify-start\"><\/div>\n<div class=\"mt-3 w-full empty:hidden\">\n<div class=\"text-center\"><\/div>\n<\/div>\n<\/div>\n<\/div>\n<\/article>\n<\/div>\n<div class=\"pointer-events-none h-px w-px absolute bottom-0\" aria-hidden=\"true\" data-edge=\"true\"><\/div>\n<\/div>\n<\/div>\n<\/div>\n<\/div>\n<\/div>\n<\/div>\n<\/article>\n<div id=\"gtx-trans\" style=\"position: absolute; left: 206px; top: -17px;\">\n<div class=\"gtx-trans-icon\"><\/div>\n<\/div>\n","protected":false},"excerpt":{"rendered":"<p>Cyanaro 1% Augentropfen 2,5 ml Wirkstoff:Cyanocobalamin (Vitamin B12) 1 % Indikationen:Anwendung als unterst\u00fctzende Therapie bei:Syndrom des trockenen AugesReizung der Augenoberfl\u00e4cheF\u00f6rderung der HornhautheilungNeuropathischen Beschwerden der Augenoberfl\u00e4che Dosierung:Erwachsene: 1\u20132 Tropfen 2\u20133-mal t\u00e4glich in das\/die betroffene(n) Auge(n) eintropfen oder gem\u00e4\u00df \u00e4rztlicher Verordnung.Zwischen dieser und anderen Augenmedikamenten einen Abstand von mindestens 5 Minuten einhalten.Kontaktlinsen vor der Anwendung entfernen. Kontraindikationen:\u00dcberempfindlichkeit&#8230;<\/p>\n","protected":false},"featured_media":10522,"comment_status":"open","ping_status":"closed","template":"","meta":{"rs_blank_template":"","rs_page_bg_color":"","slide_template_v7":"","_bst_post_transparent":"default","_bst_post_title":"","_bst_post_layout":"default","_bst_post_sidebar_id":"","_bst_post_content_style":"default","_bst_post_vertical_padding":"default","_bst_post_feature":"","_bst_post_feature_position":"","_bst_post_header":false,"_bst_post_footer":false},"product_brand":[],"product_cat":[237,307,371,351,217],"product_tag":[],"product_brands":[],"class_list":{"0":"post-10523","1":"product","2":"type-product","3":"status-publish","4":"has-post-thumbnail","6":"product_cat-eye-ear-medications","7":"product_cat-optical-antibiotic","8":"product_cat-eye-drops","9":"product_cat-medical-forms","10":"product_cat-medicines","12":"first","13":"instock","14":"shipping-taxable","15":"purchasable","16":"product-type-simple","17":"entry","18":"content-bg","19":"loop-entry"},"_links":{"self":[{"href":"https:\/\/nawarpharmacy.com\/de\/wp-json\/wp\/v2\/product\/10523","targetHints":{"allow":["GET"]}}],"collection":[{"href":"https:\/\/nawarpharmacy.com\/de\/wp-json\/wp\/v2\/product"}],"about":[{"href":"https:\/\/nawarpharmacy.com\/de\/wp-json\/wp\/v2\/types\/product"}],"replies":[{"embeddable":true,"href":"https:\/\/nawarpharmacy.com\/de\/wp-json\/wp\/v2\/comments?post=10523"}],"wp:featuredmedia":[{"embeddable":true,"href":"https:\/\/nawarpharmacy.com\/de\/wp-json\/wp\/v2\/media\/10522"}],"wp:attachment":[{"href":"https:\/\/nawarpharmacy.com\/de\/wp-json\/wp\/v2\/media?parent=10523"}],"wp:term":[{"taxonomy":"product_brand","embeddable":true,"href":"https:\/\/nawarpharmacy.com\/de\/wp-json\/wp\/v2\/product_brand?post=10523"},{"taxonomy":"product_cat","embeddable":true,"href":"https:\/\/nawarpharmacy.com\/de\/wp-json\/wp\/v2\/product_cat?post=10523"},{"taxonomy":"product_tag","embeddable":true,"href":"https:\/\/nawarpharmacy.com\/de\/wp-json\/wp\/v2\/product_tag?post=10523"},{"taxonomy":"product_brands","embeddable":true,"href":"https:\/\/nawarpharmacy.com\/de\/wp-json\/wp\/v2\/product_brands?post=10523"}],"curies":[{"name":"wp","href":"https:\/\/api.w.org\/{rel}","templated":true}]}}