{"id":10517,"date":"2025-11-20T12:48:35","date_gmt":"2025-11-20T12:48:35","guid":{"rendered":"https:\/\/nawarpharmacy.com\/?post_type=product&#038;p=10517"},"modified":"2026-02-26T21:48:24","modified_gmt":"2026-02-26T21:48:24","slug":"cipro-0-3-ear-drops-10ml","status":"publish","type":"product","link":"https:\/\/nawarpharmacy.com\/de\/produkt\/cipro-0-3-ear-drops-10ml\/","title":{"rendered":"Cipro 0,3% Ohrentropfen 10 ml"},"content":{"rendered":"<div class=\"flex flex-col text-sm pb-25\">\n<article class=\"text-token-text-primary w-full focus:outline-none [--shadow-height:45px] has-data-writing-block:pointer-events-none has-data-writing-block:-mt-(--shadow-height) has-data-writing-block:pt-(--shadow-height) [&amp;:has([data-writing-block])&gt;*]:pointer-events-auto scroll-mt-[calc(var(--header-height)+min(200px,max(70px,20svh)))]\" dir=\"auto\" tabindex=\"-1\" data-turn-id=\"request-WEB:1fb551c8-723f-4635-af76-1761af7fc3f6-55\" data-testid=\"conversation-turn-112\" data-scroll-anchor=\"true\" data-turn=\"assistant\">\n<div class=\"text-base my-auto mx-auto pb-10 [--thread-content-margin:--spacing(4)] @w-sm\/main:[--thread-content-margin:--spacing(6)] @w-lg\/main:[--thread-content-margin:--spacing(16)] px-(--thread-content-margin)\">\n<div class=\"[--thread-content-max-width:40rem] @w-lg\/main:[--thread-content-max-width:48rem] mx-auto max-w-(--thread-content-max-width) flex-1 group\/turn-messages focus-visible:outline-hidden relative flex w-full min-w-0 flex-col agent-turn\" tabindex=\"-1\">\n<div class=\"flex max-w-full flex-col grow\">\n<div class=\"min-h-8 text-message relative flex w-full flex-col items-end gap-2 text-start break-words whitespace-normal [.text-message+&amp;]:mt-1\" dir=\"auto\" data-message-author-role=\"assistant\" data-message-id=\"51014532-f06c-4ba7-ac4d-39127c72a040\" data-message-model-slug=\"gpt-5-2\">\n<div class=\"flex w-full flex-col gap-1 empty:hidden first:pt-[1px]\">\n<div class=\"markdown prose dark:prose-invert w-full wrap-break-word dark markdown-new-styling\">\n<p data-start=\"1156\" data-end=\"1191\"><strong data-start=\"1156\" data-end=\"1189\">Cipro 0,3% Ohrentropfen 10 ml<\/strong><\/p>\n<p data-start=\"1193\" data-end=\"1231\"><strong data-start=\"1193\" data-end=\"1207\">Wirkstoff:<\/strong><br data-start=\"1207\" data-end=\"1210\" \/>Ciprofloxacin 0,3 %<\/p>\n<p data-start=\"1233\" data-end=\"1463\"><strong data-start=\"1233\" data-end=\"1250\">Indikationen:<\/strong><br data-start=\"1250\" data-end=\"1253\" \/>Anwendung zur Behandlung bakterieller Ohrinfektionen, einschlie\u00dflich:<br data-start=\"1322\" data-end=\"1325\" \/>Otitis externa (\u00e4u\u00dferer Geh\u00f6rgang)<br data-start=\"1359\" data-end=\"1362\" \/>Otitis media bei Tympanostomie-R\u00f6hrchen (nach \u00e4rztlicher Verordnung)<br data-start=\"1430\" data-end=\"1433\" \/>Postoperative Ohrinfektionen<\/p>\n<p data-start=\"1465\" data-end=\"1734\"><strong data-start=\"1465\" data-end=\"1479\">Dosierung:<\/strong><br data-start=\"1479\" data-end=\"1482\" \/><strong data-start=\"1482\" data-end=\"1508\">Erwachsene und Kinder:<\/strong> 3\u20134 Tropfen zweimal t\u00e4glich in das betroffene Ohr eintr\u00e4ufeln oder gem\u00e4\u00df \u00e4rztlicher Anweisung.<br data-start=\"1603\" data-end=\"1606\" \/>Den Kopf so neigen, dass das betroffene Ohr nach oben zeigt, und diese Position einige Minuten nach der Anwendung beibehalten.<\/p>\n<p data-start=\"1736\" data-end=\"1837\"><strong data-start=\"1736\" data-end=\"1759\">Kontraindikationen:<\/strong><br data-start=\"1759\" data-end=\"1762\" \/>\u00dcberempfindlichkeit gegen Ciprofloxacin oder andere Chinolon-Antibiotika.<\/p>\n<p data-start=\"1839\" data-end=\"1951\"><strong data-start=\"1839\" data-end=\"1858\">Nebenwirkungen:<\/strong><br data-start=\"1858\" data-end=\"1861\" \/>Leichtes Brennen oder Stechen<br data-start=\"1890\" data-end=\"1893\" \/>Ohrbeschwerden<br data-start=\"1907\" data-end=\"1910\" \/>Juckreiz<br data-start=\"1918\" data-end=\"1921\" \/>Selten: allergische Reaktion<\/p>\n<p data-start=\"1953\" data-end=\"2073\"><strong data-start=\"1953\" data-end=\"1974\">Wechselwirkungen:<\/strong><br data-start=\"1974\" data-end=\"1977\" \/>Keine klinisch relevanten Arzneimittelwechselwirkungen bei topischer Anwendung im Ohr bekannt.<\/p>\n<p data-start=\"2075\" data-end=\"2242\" data-is-last-node=\"\" data-is-only-node=\"\"><strong data-start=\"2075\" data-end=\"2088\">Lagerung:<\/strong><br data-start=\"2088\" data-end=\"2091\" \/>Bei Raumtemperatur lagern, vor Hitze und direkter Sonneneinstrahlung sch\u00fctzen.<br data-start=\"2169\" data-end=\"2172\" \/>Die Flasche fest verschlossen und f\u00fcr Kinder unzug\u00e4nglich aufbewahren.<\/p>\n<\/div>\n<\/div>\n<\/div>\n<\/div>\n<div class=\"z-0 flex min-h-[46px] justify-start\"><\/div>\n<div class=\"mt-3 w-full empty:hidden\">\n<div class=\"text-center\"><\/div>\n<\/div>\n<\/div>\n<\/div>\n<\/article>\n<\/div>\n<div class=\"pointer-events-none h-px w-px absolute bottom-0\" aria-hidden=\"true\" data-edge=\"true\"><\/div>\n<div id=\"gtx-trans\" style=\"position: absolute; left: 163px; top: -17px;\">\n<div class=\"gtx-trans-icon\"><\/div>\n<\/div>\n","protected":false},"excerpt":{"rendered":"<p>Cipro 0,3% Ohrentropfen 10 ml Wirkstoff:Ciprofloxacin 0,3 % Indikationen:Anwendung zur Behandlung bakterieller Ohrinfektionen, einschlie\u00dflich:Otitis externa (\u00e4u\u00dferer Geh\u00f6rgang)Otitis media bei Tympanostomie-R\u00f6hrchen (nach \u00e4rztlicher Verordnung)Postoperative Ohrinfektionen Dosierung:Erwachsene und Kinder: 3\u20134 Tropfen zweimal t\u00e4glich in das betroffene Ohr eintr\u00e4ufeln oder gem\u00e4\u00df \u00e4rztlicher Anweisung.Den Kopf so neigen, dass das betroffene Ohr nach oben zeigt, und diese Position einige Minuten&#8230;<\/p>\n","protected":false},"featured_media":10516,"comment_status":"open","ping_status":"closed","template":"","meta":{"rs_blank_template":"","rs_page_bg_color":"","slide_template_v7":"","_bst_post_transparent":"default","_bst_post_title":"","_bst_post_layout":"default","_bst_post_sidebar_id":"","_bst_post_content_style":"default","_bst_post_vertical_padding":"default","_bst_post_feature":"","_bst_post_feature_position":"","_bst_post_header":false,"_bst_post_footer":false},"product_brand":[],"product_cat":[237,351,217,381],"product_tag":[],"product_brands":[],"class_list":{"0":"post-10517","1":"product","2":"type-product","3":"status-publish","4":"has-post-thumbnail","6":"product_cat-eye-ear-medications","7":"product_cat-medical-forms","8":"product_cat-medicines","9":"product_cat-ear-drops","11":"first","12":"instock","13":"shipping-taxable","14":"purchasable","15":"product-type-simple","16":"entry","17":"content-bg","18":"loop-entry"},"_links":{"self":[{"href":"https:\/\/nawarpharmacy.com\/de\/wp-json\/wp\/v2\/product\/10517","targetHints":{"allow":["GET"]}}],"collection":[{"href":"https:\/\/nawarpharmacy.com\/de\/wp-json\/wp\/v2\/product"}],"about":[{"href":"https:\/\/nawarpharmacy.com\/de\/wp-json\/wp\/v2\/types\/product"}],"replies":[{"embeddable":true,"href":"https:\/\/nawarpharmacy.com\/de\/wp-json\/wp\/v2\/comments?post=10517"}],"wp:featuredmedia":[{"embeddable":true,"href":"https:\/\/nawarpharmacy.com\/de\/wp-json\/wp\/v2\/media\/10516"}],"wp:attachment":[{"href":"https:\/\/nawarpharmacy.com\/de\/wp-json\/wp\/v2\/media?parent=10517"}],"wp:term":[{"taxonomy":"product_brand","embeddable":true,"href":"https:\/\/nawarpharmacy.com\/de\/wp-json\/wp\/v2\/product_brand?post=10517"},{"taxonomy":"product_cat","embeddable":true,"href":"https:\/\/nawarpharmacy.com\/de\/wp-json\/wp\/v2\/product_cat?post=10517"},{"taxonomy":"product_tag","embeddable":true,"href":"https:\/\/nawarpharmacy.com\/de\/wp-json\/wp\/v2\/product_tag?post=10517"},{"taxonomy":"product_brands","embeddable":true,"href":"https:\/\/nawarpharmacy.com\/de\/wp-json\/wp\/v2\/product_brands?post=10517"}],"curies":[{"name":"wp","href":"https:\/\/api.w.org\/{rel}","templated":true}]}}