{"id":10513,"date":"2025-11-20T12:48:57","date_gmt":"2025-11-20T12:48:57","guid":{"rendered":"https:\/\/nawarpharmacy.com\/?post_type=product&#038;p=10513"},"modified":"2026-02-26T21:47:29","modified_gmt":"2026-02-26T21:47:29","slug":"ciprocin-0-3-eyeear-drops-5ml","status":"publish","type":"product","link":"https:\/\/nawarpharmacy.com\/de\/produkt\/ciprocin-0-3-eyeear-drops-5ml\/","title":{"rendered":"Ciprocin 0,3% Augen- und Ohrentropfen 5 ml"},"content":{"rendered":"<div class=\"flex flex-col text-sm pb-25\">\n<article class=\"text-token-text-primary w-full focus:outline-none [--shadow-height:45px] has-data-writing-block:pointer-events-none has-data-writing-block:-mt-(--shadow-height) has-data-writing-block:pt-(--shadow-height) [&amp;:has([data-writing-block])&gt;*]:pointer-events-auto scroll-mt-[calc(var(--header-height)+min(200px,max(70px,20svh)))]\" dir=\"auto\" tabindex=\"-1\" data-turn-id=\"request-WEB:1fb551c8-723f-4635-af76-1761af7fc3f6-54\" data-testid=\"conversation-turn-110\" data-scroll-anchor=\"true\" data-turn=\"assistant\">\n<div class=\"text-base my-auto mx-auto pb-10 [--thread-content-margin:--spacing(4)] @w-sm\/main:[--thread-content-margin:--spacing(6)] @w-lg\/main:[--thread-content-margin:--spacing(16)] px-(--thread-content-margin)\">\n<div class=\"[--thread-content-max-width:40rem] @w-lg\/main:[--thread-content-max-width:48rem] mx-auto max-w-(--thread-content-max-width) flex-1 group\/turn-messages focus-visible:outline-hidden relative flex w-full min-w-0 flex-col agent-turn\" tabindex=\"-1\">\n<div class=\"flex max-w-full flex-col grow\">\n<div class=\"min-h-8 text-message relative flex w-full flex-col items-end gap-2 text-start break-words whitespace-normal [.text-message+&amp;]:mt-1\" dir=\"auto\" data-message-author-role=\"assistant\" data-message-id=\"0d706d88-63b3-466c-beb8-f88eae666ce3\" data-message-model-slug=\"gpt-5-2\">\n<div class=\"flex w-full flex-col gap-1 empty:hidden first:pt-[1px]\">\n<div class=\"markdown prose dark:prose-invert w-full wrap-break-word dark markdown-new-styling\">\n<p data-start=\"1444\" data-end=\"1492\"><strong data-start=\"1444\" data-end=\"1490\">Ciprocin 0,3% Augen- und Ohrentropfen 5 ml<\/strong><\/p>\n<p data-start=\"1494\" data-end=\"1532\"><strong data-start=\"1494\" data-end=\"1508\">Wirkstoff:<\/strong><br data-start=\"1508\" data-end=\"1511\" \/>Ciprofloxacin 0,3 %<\/p>\n<p data-start=\"1534\" data-end=\"1688\"><strong data-start=\"1534\" data-end=\"1551\">Indikationen:<\/strong><br data-start=\"1551\" data-end=\"1554\" \/><strong data-start=\"1554\" data-end=\"1587\">Zur ophthalmischen Anwendung:<\/strong><br data-start=\"1587\" data-end=\"1590\" \/>Bakterielle Konjunktivitis<br data-start=\"1616\" data-end=\"1619\" \/>Hornhautulzera<br data-start=\"1633\" data-end=\"1636\" \/>Andere ciprofloxacin-empfindliche Augeninfektionen<\/p>\n<p data-start=\"1690\" data-end=\"1834\"><strong data-start=\"1690\" data-end=\"1721\">Zur otologischen Anwendung:<\/strong><br data-start=\"1721\" data-end=\"1724\" \/>Otitis externa<br data-start=\"1738\" data-end=\"1741\" \/>Postoperative Ohrinfektionen<br data-start=\"1769\" data-end=\"1772\" \/>Bakterielle Ohrinfektionen, die auf Ciprofloxacin ansprechen<\/p>\n<p data-start=\"1836\" data-end=\"2035\"><strong data-start=\"1836\" data-end=\"1850\">Dosierung:<\/strong><br data-start=\"1850\" data-end=\"1853\" \/><strong data-start=\"1853\" data-end=\"1862\">Auge:<\/strong><br data-start=\"1862\" data-end=\"1865\" \/>1\u20132 Tropfen in das\/die betroffene(n) Auge(n) alle 4\u20136 Stunden oder gem\u00e4\u00df \u00e4rztlicher Verordnung.<br data-start=\"1960\" data-end=\"1963\" \/>Bei schweren Infektionen kann die Anwendung initial h\u00e4ufiger erfolgen.<\/p>\n<p data-start=\"2037\" data-end=\"2204\"><strong data-start=\"2037\" data-end=\"2045\">Ohr:<\/strong><br data-start=\"2045\" data-end=\"2048\" \/>3\u20134 Tropfen zweimal t\u00e4glich in das betroffene Ohr eintr\u00e4ufeln oder nach \u00e4rztlicher Anweisung.<br data-start=\"2141\" data-end=\"2144\" \/>Den Kopf nach der Anwendung einige Minuten geneigt halten.<\/p>\n<p data-start=\"2206\" data-end=\"2347\"><strong data-start=\"2206\" data-end=\"2229\">Kontraindikationen:<\/strong><br data-start=\"2229\" data-end=\"2232\" \/>\u00dcberempfindlichkeit gegen Ciprofloxacin, andere Chinolone oder einen der sonstigen Bestandteile der Formulierung.<\/p>\n<p data-start=\"2349\" data-end=\"2525\"><strong data-start=\"2349\" data-end=\"2368\">Nebenwirkungen:<\/strong><br data-start=\"2368\" data-end=\"2371\" \/><strong data-start=\"2371\" data-end=\"2380\">Auge:<\/strong> Brennen, Stechen, R\u00f6tung, vor\u00fcbergehend verschwommenes Sehen.<br data-start=\"2442\" data-end=\"2445\" \/><strong data-start=\"2445\" data-end=\"2453\">Ohr:<\/strong> Leichte Reizung, Juckreiz, Unbehagen.<br data-start=\"2491\" data-end=\"2494\" \/>Selten: allergische Reaktion.<\/p>\n<p data-start=\"2527\" data-end=\"2661\"><strong data-start=\"2527\" data-end=\"2548\">Wechselwirkungen:<\/strong><br data-start=\"2548\" data-end=\"2551\" \/>Keine klinisch relevanten Wechselwirkungen bei topischer ophthalmischer oder otologischer Anwendung bekannt.<\/p>\n<p data-start=\"2663\" data-end=\"2814\" data-is-last-node=\"\" data-is-only-node=\"\"><strong data-start=\"2663\" data-end=\"2676\">Lagerung:<\/strong><br data-start=\"2676\" data-end=\"2679\" \/>Bei Raumtemperatur lagern, vor Hitze und Sonnenlicht sch\u00fctzen.<br data-start=\"2741\" data-end=\"2744\" \/>Die Flasche fest verschlossen und f\u00fcr Kinder unzug\u00e4nglich aufbewahren.<\/p>\n<\/div>\n<\/div>\n<\/div>\n<\/div>\n<div class=\"z-0 flex min-h-[46px] justify-start\"><\/div>\n<div class=\"mt-3 w-full empty:hidden\">\n<div class=\"text-center\"><\/div>\n<\/div>\n<\/div>\n<\/div>\n<\/article>\n<\/div>\n<div class=\"pointer-events-none h-px w-px absolute bottom-0\" aria-hidden=\"true\" data-edge=\"true\"><\/div>\n<div id=\"gtx-trans\" style=\"position: absolute; left: 204px; top: -17px;\">\n<div class=\"gtx-trans-icon\"><\/div>\n<\/div>\n","protected":false},"excerpt":{"rendered":"<p>Ciprocin 0,3% Augen- und Ohrentropfen 5 ml Wirkstoff:Ciprofloxacin 0,3 % Indikationen:Zur ophthalmischen Anwendung:Bakterielle KonjunktivitisHornhautulzeraAndere ciprofloxacin-empfindliche Augeninfektionen Zur otologischen Anwendung:Otitis externaPostoperative OhrinfektionenBakterielle Ohrinfektionen, die auf Ciprofloxacin ansprechen Dosierung:Auge:1\u20132 Tropfen in das\/die betroffene(n) Auge(n) alle 4\u20136 Stunden oder gem\u00e4\u00df \u00e4rztlicher Verordnung.Bei schweren Infektionen kann die Anwendung initial h\u00e4ufiger erfolgen. Ohr:3\u20134 Tropfen zweimal t\u00e4glich in das betroffene Ohr&#8230;<\/p>\n","protected":false},"featured_media":10512,"comment_status":"open","ping_status":"closed","template":"","meta":{"rs_blank_template":"","rs_page_bg_color":"","slide_template_v7":"","_bst_post_transparent":"default","_bst_post_title":"","_bst_post_layout":"default","_bst_post_sidebar_id":"","_bst_post_content_style":"default","_bst_post_vertical_padding":"default","_bst_post_feature":"","_bst_post_feature_position":"","_bst_post_header":false,"_bst_post_footer":false},"product_brand":[],"product_cat":[237,307,371,351,217,381],"product_tag":[],"product_brands":[],"class_list":{"0":"post-10513","1":"product","2":"type-product","3":"status-publish","4":"has-post-thumbnail","6":"product_cat-eye-ear-medications","7":"product_cat-optical-antibiotic","8":"product_cat-eye-drops","9":"product_cat-medical-forms","10":"product_cat-medicines","11":"product_cat-ear-drops","13":"first","14":"instock","15":"shipping-taxable","16":"purchasable","17":"product-type-simple","18":"entry","19":"content-bg","20":"loop-entry"},"_links":{"self":[{"href":"https:\/\/nawarpharmacy.com\/de\/wp-json\/wp\/v2\/product\/10513","targetHints":{"allow":["GET"]}}],"collection":[{"href":"https:\/\/nawarpharmacy.com\/de\/wp-json\/wp\/v2\/product"}],"about":[{"href":"https:\/\/nawarpharmacy.com\/de\/wp-json\/wp\/v2\/types\/product"}],"replies":[{"embeddable":true,"href":"https:\/\/nawarpharmacy.com\/de\/wp-json\/wp\/v2\/comments?post=10513"}],"wp:featuredmedia":[{"embeddable":true,"href":"https:\/\/nawarpharmacy.com\/de\/wp-json\/wp\/v2\/media\/10512"}],"wp:attachment":[{"href":"https:\/\/nawarpharmacy.com\/de\/wp-json\/wp\/v2\/media?parent=10513"}],"wp:term":[{"taxonomy":"product_brand","embeddable":true,"href":"https:\/\/nawarpharmacy.com\/de\/wp-json\/wp\/v2\/product_brand?post=10513"},{"taxonomy":"product_cat","embeddable":true,"href":"https:\/\/nawarpharmacy.com\/de\/wp-json\/wp\/v2\/product_cat?post=10513"},{"taxonomy":"product_tag","embeddable":true,"href":"https:\/\/nawarpharmacy.com\/de\/wp-json\/wp\/v2\/product_tag?post=10513"},{"taxonomy":"product_brands","embeddable":true,"href":"https:\/\/nawarpharmacy.com\/de\/wp-json\/wp\/v2\/product_brands?post=10513"}],"curies":[{"name":"wp","href":"https:\/\/api.w.org\/{rel}","templated":true}]}}