{"id":10507,"date":"2025-11-20T12:53:59","date_gmt":"2025-11-20T12:53:59","guid":{"rendered":"https:\/\/nawarpharmacy.com\/?post_type=product&#038;p=10507"},"modified":"2026-02-26T21:45:49","modified_gmt":"2026-02-26T21:45:49","slug":"cetal-100mgml-oral-drops-15ml","status":"publish","type":"product","link":"https:\/\/nawarpharmacy.com\/de\/produkt\/cetal-100mgml-oral-drops-15ml\/","title":{"rendered":"Cetal 100 mg\/ml orale Tropfen 15 ml"},"content":{"rendered":"<div class=\"flex flex-col text-sm pb-25\">\n<article class=\"text-token-text-primary w-full focus:outline-none [--shadow-height:45px] has-data-writing-block:pointer-events-none has-data-writing-block:-mt-(--shadow-height) has-data-writing-block:pt-(--shadow-height) [&amp;:has([data-writing-block])&gt;*]:pointer-events-auto scroll-mt-[calc(var(--header-height)+min(200px,max(70px,20svh)))]\" dir=\"auto\" tabindex=\"-1\" data-turn-id=\"request-WEB:1fb551c8-723f-4635-af76-1761af7fc3f6-52\" data-testid=\"conversation-turn-106\" data-scroll-anchor=\"true\" data-turn=\"assistant\">\n<div class=\"text-base my-auto mx-auto pb-10 [--thread-content-margin:--spacing(4)] @w-sm\/main:[--thread-content-margin:--spacing(6)] @w-lg\/main:[--thread-content-margin:--spacing(16)] px-(--thread-content-margin)\">\n<div class=\"[--thread-content-max-width:40rem] @w-lg\/main:[--thread-content-max-width:48rem] mx-auto max-w-(--thread-content-max-width) flex-1 group\/turn-messages focus-visible:outline-hidden relative flex w-full min-w-0 flex-col agent-turn\" tabindex=\"-1\">\n<div class=\"flex max-w-full flex-col grow\">\n<div class=\"min-h-8 text-message relative flex w-full flex-col items-end gap-2 text-start break-words whitespace-normal [.text-message+&amp;]:mt-1\" dir=\"auto\" data-message-author-role=\"assistant\" data-message-id=\"d6787d8a-ce84-4477-8f02-8f2104af59fd\" data-message-model-slug=\"gpt-5-2\">\n<div class=\"flex w-full flex-col gap-1 empty:hidden first:pt-[1px]\">\n<div class=\"markdown prose dark:prose-invert w-full wrap-break-word dark markdown-new-styling\">\n<p data-start=\"1159\" data-end=\"1200\"><strong data-start=\"1159\" data-end=\"1198\">Cetal 100 mg\/ml orale Tropfen 15 ml<\/strong><\/p>\n<p data-start=\"1202\" data-end=\"1242\"><strong data-start=\"1202\" data-end=\"1216\">Wirkstoff:<\/strong><br data-start=\"1216\" data-end=\"1219\" \/>Paracetamol 100 mg\/ml<\/p>\n<p data-start=\"1244\" data-end=\"1431\"><strong data-start=\"1244\" data-end=\"1261\">Indikationen:<\/strong><br data-start=\"1261\" data-end=\"1264\" \/>Anwendung zur:<br data-start=\"1278\" data-end=\"1281\" \/>Linderung leichter bis m\u00e4\u00dfiger Schmerzen (Kopfschmerzen, Zahnschmerzen, muskuloskelettale Schmerzen)<br data-start=\"1381\" data-end=\"1384\" \/>Senkung von Fieber bei S\u00e4uglingen und Kindern<\/p>\n<p data-start=\"1433\" data-end=\"1674\"><strong data-start=\"1433\" data-end=\"1447\">Dosierung:<\/strong><br data-start=\"1447\" data-end=\"1450\" \/><strong data-start=\"1450\" data-end=\"1475\">S\u00e4uglinge und Kinder:<\/strong> 10\u201315 mg\/kg K\u00f6rpergewicht pro Dosis alle 4\u20136 Stunden nach Bedarf.<br data-start=\"1541\" data-end=\"1544\" \/>Maximale Tagesdosis: 60 mg\/kg oder gem\u00e4\u00df \u00e4rztlicher Verordnung.<br data-start=\"1607\" data-end=\"1610\" \/>Zur genauen Dosierung die beiliegende orale Pipette verwenden.<\/p>\n<p data-start=\"1676\" data-end=\"1830\"><strong data-start=\"1676\" data-end=\"1699\">Kontraindikationen:<\/strong><br data-start=\"1699\" data-end=\"1702\" \/>\u00dcberempfindlichkeit gegen Paracetamol oder einen der sonstigen Bestandteile der Formulierung.<br data-start=\"1795\" data-end=\"1798\" \/>Schwere Leberfunktionsst\u00f6rung.<\/p>\n<p data-start=\"1832\" data-end=\"1968\"><strong data-start=\"1832\" data-end=\"1851\">Nebenwirkungen:<\/strong><br data-start=\"1851\" data-end=\"1854\" \/>Im Allgemeinen gut vertr\u00e4glich<br data-start=\"1884\" data-end=\"1887\" \/>Selten: allergische Reaktionen, Hautausschlag, Lebertoxizit\u00e4t bei \u00dcberdosierung<\/p>\n<p data-start=\"1970\" data-end=\"2111\"><strong data-start=\"1970\" data-end=\"1991\">Wechselwirkungen:<\/strong><br data-start=\"1991\" data-end=\"1994\" \/>Kann mit anderen hepatotoxischen Arzneimitteln interagieren; bei gleichzeitiger Anwendung Leberfunktion \u00fcberwachen.<\/p>\n<p data-start=\"2113\" data-end=\"2258\" data-is-last-node=\"\" data-is-only-node=\"\"><strong data-start=\"2113\" data-end=\"2126\">Lagerung:<\/strong><br data-start=\"2126\" data-end=\"2129\" \/>Bei Raumtemperatur lagern, vor Hitze und Licht sch\u00fctzen.<br data-start=\"2185\" data-end=\"2188\" \/>Die Flasche fest verschlossen und f\u00fcr Kinder unzug\u00e4nglich aufbewahren.<\/p>\n<\/div>\n<\/div>\n<\/div>\n<\/div>\n<div class=\"z-0 flex min-h-[46px] justify-start\"><\/div>\n<div class=\"mt-3 w-full empty:hidden\">\n<div class=\"text-center\"><\/div>\n<\/div>\n<\/div>\n<\/div>\n<\/article>\n<\/div>\n<div class=\"pointer-events-none h-px w-px absolute bottom-0\" aria-hidden=\"true\" data-edge=\"true\"><\/div>\n<div id=\"gtx-trans\" style=\"position: absolute; left: 143px; top: -17px;\">\n<div class=\"gtx-trans-icon\"><\/div>\n<\/div>\n","protected":false},"excerpt":{"rendered":"<p>Cetal 100 mg\/ml orale Tropfen 15 ml Wirkstoff:Paracetamol 100 mg\/ml Indikationen:Anwendung zur:Linderung leichter bis m\u00e4\u00dfiger Schmerzen (Kopfschmerzen, Zahnschmerzen, muskuloskelettale Schmerzen)Senkung von Fieber bei S\u00e4uglingen und Kindern Dosierung:S\u00e4uglinge und Kinder: 10\u201315 mg\/kg K\u00f6rpergewicht pro Dosis alle 4\u20136 Stunden nach Bedarf.Maximale Tagesdosis: 60 mg\/kg oder gem\u00e4\u00df \u00e4rztlicher Verordnung.Zur genauen Dosierung die beiliegende orale Pipette verwenden. Kontraindikationen:\u00dcberempfindlichkeit gegen&#8230;<\/p>\n","protected":false},"featured_media":10506,"comment_status":"open","ping_status":"closed","template":"","meta":{"rs_blank_template":"","rs_page_bg_color":"","slide_template_v7":"","_bst_post_transparent":"default","_bst_post_title":"","_bst_post_layout":"default","_bst_post_sidebar_id":"","_bst_post_content_style":"default","_bst_post_vertical_padding":"default","_bst_post_feature":"","_bst_post_feature_position":"","_bst_post_header":false,"_bst_post_footer":false},"product_brand":[],"product_cat":[351,293,217,361,219],"product_tag":[],"product_brands":[],"class_list":{"0":"post-10507","1":"product","2":"type-product","3":"status-publish","4":"has-post-thumbnail","6":"product_cat-medical-forms","7":"product_cat-anti-fever","8":"product_cat-medicines","9":"product_cat-oral-drops","10":"product_cat-painkillers-analgesics","12":"first","13":"instock","14":"shipping-taxable","15":"purchasable","16":"product-type-simple","17":"entry","18":"content-bg","19":"loop-entry"},"_links":{"self":[{"href":"https:\/\/nawarpharmacy.com\/de\/wp-json\/wp\/v2\/product\/10507","targetHints":{"allow":["GET"]}}],"collection":[{"href":"https:\/\/nawarpharmacy.com\/de\/wp-json\/wp\/v2\/product"}],"about":[{"href":"https:\/\/nawarpharmacy.com\/de\/wp-json\/wp\/v2\/types\/product"}],"replies":[{"embeddable":true,"href":"https:\/\/nawarpharmacy.com\/de\/wp-json\/wp\/v2\/comments?post=10507"}],"wp:featuredmedia":[{"embeddable":true,"href":"https:\/\/nawarpharmacy.com\/de\/wp-json\/wp\/v2\/media\/10506"}],"wp:attachment":[{"href":"https:\/\/nawarpharmacy.com\/de\/wp-json\/wp\/v2\/media?parent=10507"}],"wp:term":[{"taxonomy":"product_brand","embeddable":true,"href":"https:\/\/nawarpharmacy.com\/de\/wp-json\/wp\/v2\/product_brand?post=10507"},{"taxonomy":"product_cat","embeddable":true,"href":"https:\/\/nawarpharmacy.com\/de\/wp-json\/wp\/v2\/product_cat?post=10507"},{"taxonomy":"product_tag","embeddable":true,"href":"https:\/\/nawarpharmacy.com\/de\/wp-json\/wp\/v2\/product_tag?post=10507"},{"taxonomy":"product_brands","embeddable":true,"href":"https:\/\/nawarpharmacy.com\/de\/wp-json\/wp\/v2\/product_brands?post=10507"}],"curies":[{"name":"wp","href":"https:\/\/api.w.org\/{rel}","templated":true}]}}