{"id":10505,"date":"2025-11-20T12:55:08","date_gmt":"2025-11-20T12:55:08","guid":{"rendered":"https:\/\/nawarpharmacy.com\/?post_type=product&#038;p=10505"},"modified":"2026-02-26T21:45:05","modified_gmt":"2026-02-26T21:45:05","slug":"systane-eye-drops-10-ml","status":"publish","type":"product","link":"https:\/\/nawarpharmacy.com\/de\/produkt\/systane-eye-drops-10-ml\/","title":{"rendered":"Systane Augentropfen 10 ml"},"content":{"rendered":"<div class=\"flex flex-col text-sm pb-25\">\n<article class=\"text-token-text-primary w-full focus:outline-none [--shadow-height:45px] has-data-writing-block:pointer-events-none has-data-writing-block:-mt-(--shadow-height) has-data-writing-block:pt-(--shadow-height) [&amp;:has([data-writing-block])&gt;*]:pointer-events-auto scroll-mt-[calc(var(--header-height)+min(200px,max(70px,20svh)))]\" dir=\"auto\" tabindex=\"-1\" data-turn-id=\"request-WEB:1fb551c8-723f-4635-af76-1761af7fc3f6-51\" data-testid=\"conversation-turn-104\" data-scroll-anchor=\"true\" data-turn=\"assistant\">\n<div class=\"text-base my-auto mx-auto pb-10 [--thread-content-margin:--spacing(4)] @w-sm\/main:[--thread-content-margin:--spacing(6)] @w-lg\/main:[--thread-content-margin:--spacing(16)] px-(--thread-content-margin)\">\n<div class=\"[--thread-content-max-width:40rem] @w-lg\/main:[--thread-content-max-width:48rem] mx-auto max-w-(--thread-content-max-width) flex-1 group\/turn-messages focus-visible:outline-hidden relative flex w-full min-w-0 flex-col agent-turn\" tabindex=\"-1\">\n<div class=\"flex max-w-full flex-col grow\">\n<div class=\"min-h-8 text-message relative flex w-full flex-col items-end gap-2 text-start break-words whitespace-normal [.text-message+&amp;]:mt-1\" dir=\"auto\" data-message-author-role=\"assistant\" data-message-id=\"041d9113-fddc-4784-9e5d-9db9fb8e36eb\" data-message-model-slug=\"gpt-5-2\">\n<div class=\"flex w-full flex-col gap-1 empty:hidden first:pt-[1px]\">\n<div class=\"markdown prose dark:prose-invert w-full wrap-break-word dark markdown-new-styling\">\n<p data-start=\"1172\" data-end=\"1204\"><strong data-start=\"1172\" data-end=\"1202\">Systane Augentropfen 10 ml<\/strong><\/p>\n<p data-start=\"1206\" data-end=\"1289\"><strong data-start=\"1206\" data-end=\"1220\">Wirkstoff:<\/strong><br data-start=\"1220\" data-end=\"1223\" \/>Natriumcarboxymethylcellulose 0,5 %<br data-start=\"1258\" data-end=\"1261\" \/>(K\u00fcnstlicher Tr\u00e4nenersatz)<\/p>\n<p data-start=\"1291\" data-end=\"1490\"><strong data-start=\"1291\" data-end=\"1308\">Indikationen:<\/strong><br data-start=\"1308\" data-end=\"1311\" \/>Anwendung bei:<br data-start=\"1325\" data-end=\"1328\" \/>Linderung trockener, gereizter oder m\u00fcder Augen<br data-start=\"1375\" data-end=\"1378\" \/>Vor\u00fcbergehender Linderung von Brennen oder Beschwerden durch Umwelteinfl\u00fcsse oder das Tragen von Kontaktlinsen<\/p>\n<p data-start=\"1492\" data-end=\"1719\"><strong data-start=\"1492\" data-end=\"1506\">Dosierung:<\/strong><br data-start=\"1506\" data-end=\"1509\" \/><strong data-start=\"1509\" data-end=\"1535\">Erwachsene und Kinder:<\/strong> 1\u20132 Tropfen in das\/die betroffene(n) Auge(n) nach Bedarf, bis zu mehrmals t\u00e4glich.<br data-start=\"1618\" data-end=\"1621\" \/>Kontaktlinsen vor der Anwendung entfernen; mindestens 15 Minuten vor dem Wiedereinsetzen warten.<\/p>\n<p data-start=\"1721\" data-end=\"1825\"><strong data-start=\"1721\" data-end=\"1744\">Kontraindikationen:<\/strong><br data-start=\"1744\" data-end=\"1747\" \/>\u00dcberempfindlichkeit gegen einen der sonstigen Bestandteile der Formulierung.<\/p>\n<p data-start=\"1827\" data-end=\"1952\"><strong data-start=\"1827\" data-end=\"1846\">Nebenwirkungen:<\/strong><br data-start=\"1846\" data-end=\"1849\" \/>Vor\u00fcbergehende verschwommene Sicht<br data-start=\"1883\" data-end=\"1886\" \/>Leichte Augenreizung oder Brennen<br data-start=\"1919\" data-end=\"1922\" \/>Selten: allergische Reaktion<\/p>\n<p data-start=\"1954\" data-end=\"2115\"><strong data-start=\"1954\" data-end=\"1975\">Wechselwirkungen:<\/strong><br data-start=\"1975\" data-end=\"1978\" \/>Mit den meisten ophthalmischen Arzneimitteln kompatibel; ein Abstand von mindestens 5 Minuten zwischen den Anwendungen ist einzuhalten.<\/p>\n<p data-start=\"2117\" data-end=\"2271\" data-is-last-node=\"\" data-is-only-node=\"\"><strong data-start=\"2117\" data-end=\"2130\">Lagerung:<\/strong><br data-start=\"2130\" data-end=\"2133\" \/>Bei Raumtemperatur lagern, vor Hitze und direktem Licht sch\u00fctzen.<br data-start=\"2198\" data-end=\"2201\" \/>Die Flasche fest verschlossen und f\u00fcr Kinder unzug\u00e4nglich aufbewahren.<\/p>\n<\/div>\n<\/div>\n<\/div>\n<\/div>\n<div class=\"z-0 flex min-h-[46px] justify-start\"><\/div>\n<div class=\"mt-3 w-full empty:hidden\">\n<div class=\"text-center\"><\/div>\n<\/div>\n<\/div>\n<\/div>\n<\/article>\n<\/div>\n<div class=\"pointer-events-none h-px w-px absolute bottom-0\" aria-hidden=\"true\" data-edge=\"true\"><\/div>\n<div id=\"gtx-trans\" style=\"position: absolute; left: 120px; top: -17px;\">\n<div class=\"gtx-trans-icon\"><\/div>\n<\/div>\n","protected":false},"excerpt":{"rendered":"<p>Systane Augentropfen 10 ml Wirkstoff:Natriumcarboxymethylcellulose 0,5 %(K\u00fcnstlicher Tr\u00e4nenersatz) Indikationen:Anwendung bei:Linderung trockener, gereizter oder m\u00fcder AugenVor\u00fcbergehender Linderung von Brennen oder Beschwerden durch Umwelteinfl\u00fcsse oder das Tragen von Kontaktlinsen Dosierung:Erwachsene und Kinder: 1\u20132 Tropfen in das\/die betroffene(n) Auge(n) nach Bedarf, bis zu mehrmals t\u00e4glich.Kontaktlinsen vor der Anwendung entfernen; mindestens 15 Minuten vor dem Wiedereinsetzen warten. Kontraindikationen:\u00dcberempfindlichkeit gegen&#8230;<\/p>\n","protected":false},"featured_media":10504,"comment_status":"open","ping_status":"closed","template":"","meta":{"rs_blank_template":"","rs_page_bg_color":"","slide_template_v7":"","_bst_post_transparent":"default","_bst_post_title":"","_bst_post_layout":"default","_bst_post_sidebar_id":"","_bst_post_content_style":"default","_bst_post_vertical_padding":"default","_bst_post_feature":"","_bst_post_feature_position":"","_bst_post_header":false,"_bst_post_footer":false},"product_brand":[],"product_cat":[237,371,217,269],"product_tag":[],"product_brands":[],"class_list":{"0":"post-10505","1":"product","2":"type-product","3":"status-publish","4":"has-post-thumbnail","6":"product_cat-eye-ear-medications","7":"product_cat-eye-drops","8":"product_cat-medicines","9":"product_cat-dry-eye","11":"first","12":"instock","13":"shipping-taxable","14":"purchasable","15":"product-type-simple","16":"entry","17":"content-bg","18":"loop-entry"},"_links":{"self":[{"href":"https:\/\/nawarpharmacy.com\/de\/wp-json\/wp\/v2\/product\/10505","targetHints":{"allow":["GET"]}}],"collection":[{"href":"https:\/\/nawarpharmacy.com\/de\/wp-json\/wp\/v2\/product"}],"about":[{"href":"https:\/\/nawarpharmacy.com\/de\/wp-json\/wp\/v2\/types\/product"}],"replies":[{"embeddable":true,"href":"https:\/\/nawarpharmacy.com\/de\/wp-json\/wp\/v2\/comments?post=10505"}],"wp:featuredmedia":[{"embeddable":true,"href":"https:\/\/nawarpharmacy.com\/de\/wp-json\/wp\/v2\/media\/10504"}],"wp:attachment":[{"href":"https:\/\/nawarpharmacy.com\/de\/wp-json\/wp\/v2\/media?parent=10505"}],"wp:term":[{"taxonomy":"product_brand","embeddable":true,"href":"https:\/\/nawarpharmacy.com\/de\/wp-json\/wp\/v2\/product_brand?post=10505"},{"taxonomy":"product_cat","embeddable":true,"href":"https:\/\/nawarpharmacy.com\/de\/wp-json\/wp\/v2\/product_cat?post=10505"},{"taxonomy":"product_tag","embeddable":true,"href":"https:\/\/nawarpharmacy.com\/de\/wp-json\/wp\/v2\/product_tag?post=10505"},{"taxonomy":"product_brands","embeddable":true,"href":"https:\/\/nawarpharmacy.com\/de\/wp-json\/wp\/v2\/product_brands?post=10505"}],"curies":[{"name":"wp","href":"https:\/\/api.w.org\/{rel}","templated":true}]}}