{"id":10499,"date":"2025-11-20T12:58:33","date_gmt":"2025-11-20T12:58:33","guid":{"rendered":"https:\/\/nawarpharmacy.com\/?post_type=product&#038;p=10499"},"modified":"2026-02-26T21:44:19","modified_gmt":"2026-02-26T21:44:19","slug":"systane-ultra-eye-drops-10-ml","status":"publish","type":"product","link":"https:\/\/nawarpharmacy.com\/de\/produkt\/systane-ultra-eye-drops-10-ml\/","title":{"rendered":"Systane Ultra Augentropfen 10 ml"},"content":{"rendered":"<article class=\"text-token-text-primary w-full focus:outline-none [--shadow-height:45px] has-data-writing-block:pointer-events-none has-data-writing-block:-mt-(--shadow-height) has-data-writing-block:pt-(--shadow-height) [&amp;:has([data-writing-block])&gt;*]:pointer-events-auto [content-visibility:auto] supports-[content-visibility:auto]:[contain-intrinsic-size:auto_100lvh] scroll-mt-[calc(var(--header-height)+min(200px,max(70px,20svh)))]\" dir=\"auto\" data-turn-id=\"request-691b06b7-6218-832d-8a14-33a40741db89-12\" data-testid=\"conversation-turn-228\" data-scroll-anchor=\"true\" data-turn=\"assistant\">\n<div class=\"text-base my-auto mx-auto pb-10 [--thread-content-margin:--spacing(4)] thread-sm:[--thread-content-margin:--spacing(6)] thread-lg:[--thread-content-margin:--spacing(16)] px-(--thread-content-margin)\">\n<div class=\"[--thread-content-max-width:40rem] thread-lg:[--thread-content-max-width:48rem] mx-auto max-w-(--thread-content-max-width) flex-1 group\/turn-messages focus-visible:outline-hidden relative flex w-full min-w-0 flex-col agent-turn\">\n<div class=\"flex max-w-full flex-col grow\">\n<div class=\"min-h-8 text-message relative flex w-full flex-col items-end gap-2 text-start break-words whitespace-normal [.text-message+&amp;]:mt-1\" dir=\"auto\" data-message-author-role=\"assistant\" data-message-id=\"fa13d921-0027-446d-bf2f-58ea502a6d30\" data-message-model-slug=\"gpt-5-mini\">\n<div class=\"flex w-full flex-col gap-1 empty:hidden first:pt-[1px]\">\n<div class=\"markdown prose dark:prose-invert w-full break-words light markdown-new-styling\">\n<div class=\"flex flex-col text-sm pb-25\">\n<article class=\"text-token-text-primary w-full focus:outline-none [--shadow-height:45px] has-data-writing-block:pointer-events-none has-data-writing-block:-mt-(--shadow-height) has-data-writing-block:pt-(--shadow-height) [&amp;:has([data-writing-block])&gt;*]:pointer-events-auto scroll-mt-[calc(var(--header-height)+min(200px,max(70px,20svh)))]\" dir=\"auto\" tabindex=\"-1\" data-turn-id=\"request-WEB:1fb551c8-723f-4635-af76-1761af7fc3f6-50\" data-testid=\"conversation-turn-102\" data-scroll-anchor=\"true\" data-turn=\"assistant\">\n<div class=\"text-base my-auto mx-auto pb-10 [--thread-content-margin:--spacing(4)] @w-sm\/main:[--thread-content-margin:--spacing(6)] @w-lg\/main:[--thread-content-margin:--spacing(16)] px-(--thread-content-margin)\">\n<div class=\"[--thread-content-max-width:40rem] @w-lg\/main:[--thread-content-max-width:48rem] mx-auto max-w-(--thread-content-max-width) flex-1 group\/turn-messages focus-visible:outline-hidden relative flex w-full min-w-0 flex-col agent-turn\" tabindex=\"-1\">\n<div class=\"flex max-w-full flex-col grow\">\n<div class=\"min-h-8 text-message relative flex w-full flex-col items-end gap-2 text-start break-words whitespace-normal [.text-message+&amp;]:mt-1\" dir=\"auto\" data-message-author-role=\"assistant\" data-message-id=\"f1be1236-605f-4615-a7b1-8bb99553d81c\" data-message-model-slug=\"gpt-5-2\">\n<div class=\"flex w-full flex-col gap-1 empty:hidden first:pt-[1px]\">\n<div class=\"markdown prose dark:prose-invert w-full wrap-break-word dark markdown-new-styling\">\n<p data-start=\"1244\" data-end=\"1282\"><strong data-start=\"1244\" data-end=\"1280\">Systane Ultra Augentropfen 10 ml<\/strong><\/p>\n<p data-start=\"1284\" data-end=\"1412\"><strong data-start=\"1284\" data-end=\"1299\">Wirkstoffe:<\/strong><br data-start=\"1299\" data-end=\"1302\" \/>Polyethylenglykol 400 0,4 %<br data-start=\"1329\" data-end=\"1332\" \/>Propylenglykol 0,3 %<br data-start=\"1352\" data-end=\"1355\" \/>(K\u00fcnstlicher Tr\u00e4nenersatz mit verbesserter Hydratation)<\/p>\n<p data-start=\"1414\" data-end=\"1621\"><strong data-start=\"1414\" data-end=\"1431\">Indikationen:<\/strong><br data-start=\"1431\" data-end=\"1434\" \/>Anwendung bei:<br data-start=\"1448\" data-end=\"1451\" \/>Linderung m\u00e4\u00dfiger bis schwerer trockener Augen<br data-start=\"1497\" data-end=\"1500\" \/>Schutz vor Reizungen durch Umwelteinfl\u00fcsse<br data-start=\"1542\" data-end=\"1545\" \/>Vor\u00fcbergehender Linderung von Brennen oder Beschwerden bei trockenen Augen<\/p>\n<p data-start=\"1623\" data-end=\"1850\"><strong data-start=\"1623\" data-end=\"1637\">Dosierung:<\/strong><br data-start=\"1637\" data-end=\"1640\" \/><strong data-start=\"1640\" data-end=\"1666\">Erwachsene und Kinder:<\/strong> 1\u20132 Tropfen in das\/die betroffene(n) Auge(n) nach Bedarf, bis zu mehrmals t\u00e4glich.<br data-start=\"1749\" data-end=\"1752\" \/>Kontaktlinsen vor der Anwendung entfernen; mindestens 15 Minuten vor dem Wiedereinsetzen warten.<\/p>\n<p data-start=\"1852\" data-end=\"1956\"><strong data-start=\"1852\" data-end=\"1875\">Kontraindikationen:<\/strong><br data-start=\"1875\" data-end=\"1878\" \/>\u00dcberempfindlichkeit gegen einen der sonstigen Bestandteile der Formulierung.<\/p>\n<p data-start=\"1958\" data-end=\"2083\"><strong data-start=\"1958\" data-end=\"1977\">Nebenwirkungen:<\/strong><br data-start=\"1977\" data-end=\"1980\" \/>Vor\u00fcbergehende verschwommene Sicht<br data-start=\"2014\" data-end=\"2017\" \/>Leichte Augenreizung oder Brennen<br data-start=\"2050\" data-end=\"2053\" \/>Selten: allergische Reaktion<\/p>\n<p data-start=\"2085\" data-end=\"2246\"><strong data-start=\"2085\" data-end=\"2106\">Wechselwirkungen:<\/strong><br data-start=\"2106\" data-end=\"2109\" \/>Mit den meisten ophthalmischen Arzneimitteln kompatibel; ein Abstand von mindestens 5 Minuten zwischen den Anwendungen ist einzuhalten.<\/p>\n<p data-start=\"2248\" data-end=\"2393\" data-is-last-node=\"\" data-is-only-node=\"\"><strong data-start=\"2248\" data-end=\"2261\">Lagerung:<\/strong><br data-start=\"2261\" data-end=\"2264\" \/>Bei Raumtemperatur lagern, vor Hitze und Licht sch\u00fctzen.<br data-start=\"2320\" data-end=\"2323\" \/>Die Flasche fest verschlossen und f\u00fcr Kinder unzug\u00e4nglich aufbewahren.<\/p>\n<\/div>\n<\/div>\n<\/div>\n<\/div>\n<div class=\"z-0 flex min-h-[46px] justify-start\"><\/div>\n<div class=\"mt-3 w-full empty:hidden\">\n<div class=\"text-center\"><\/div>\n<\/div>\n<\/div>\n<\/div>\n<\/article>\n<\/div>\n<div class=\"pointer-events-none h-px w-px absolute bottom-0\" aria-hidden=\"true\" data-edge=\"true\"><\/div>\n<\/div>\n<\/div>\n<\/div>\n<\/div>\n<\/div>\n<\/div>\n<\/article>\n<div id=\"gtx-trans\" style=\"position: absolute; left: 208px; top: -17px;\">\n<div class=\"gtx-trans-icon\"><\/div>\n<\/div>\n","protected":false},"excerpt":{"rendered":"<p>Systane Ultra Augentropfen 10 ml Wirkstoffe:Polyethylenglykol 400 0,4 %Propylenglykol 0,3 %(K\u00fcnstlicher Tr\u00e4nenersatz mit verbesserter Hydratation) Indikationen:Anwendung bei:Linderung m\u00e4\u00dfiger bis schwerer trockener AugenSchutz vor Reizungen durch Umwelteinfl\u00fcsseVor\u00fcbergehender Linderung von Brennen oder Beschwerden bei trockenen Augen Dosierung:Erwachsene und Kinder: 1\u20132 Tropfen in das\/die betroffene(n) Auge(n) nach Bedarf, bis zu mehrmals t\u00e4glich.Kontaktlinsen vor der Anwendung entfernen; mindestens 15&#8230;<\/p>\n","protected":false},"featured_media":10498,"comment_status":"open","ping_status":"closed","template":"","meta":{"rs_blank_template":"","rs_page_bg_color":"","slide_template_v7":"","_bst_post_transparent":"default","_bst_post_title":"","_bst_post_layout":"default","_bst_post_sidebar_id":"","_bst_post_content_style":"default","_bst_post_vertical_padding":"default","_bst_post_feature":"","_bst_post_feature_position":"","_bst_post_header":false,"_bst_post_footer":false},"product_brand":[],"product_cat":[237,371,217,269],"product_tag":[],"product_brands":[],"class_list":{"0":"post-10499","1":"product","2":"type-product","3":"status-publish","4":"has-post-thumbnail","6":"product_cat-eye-ear-medications","7":"product_cat-eye-drops","8":"product_cat-medicines","9":"product_cat-dry-eye","11":"first","12":"instock","13":"shipping-taxable","14":"purchasable","15":"product-type-simple","16":"entry","17":"content-bg","18":"loop-entry"},"_links":{"self":[{"href":"https:\/\/nawarpharmacy.com\/de\/wp-json\/wp\/v2\/product\/10499","targetHints":{"allow":["GET"]}}],"collection":[{"href":"https:\/\/nawarpharmacy.com\/de\/wp-json\/wp\/v2\/product"}],"about":[{"href":"https:\/\/nawarpharmacy.com\/de\/wp-json\/wp\/v2\/types\/product"}],"replies":[{"embeddable":true,"href":"https:\/\/nawarpharmacy.com\/de\/wp-json\/wp\/v2\/comments?post=10499"}],"wp:featuredmedia":[{"embeddable":true,"href":"https:\/\/nawarpharmacy.com\/de\/wp-json\/wp\/v2\/media\/10498"}],"wp:attachment":[{"href":"https:\/\/nawarpharmacy.com\/de\/wp-json\/wp\/v2\/media?parent=10499"}],"wp:term":[{"taxonomy":"product_brand","embeddable":true,"href":"https:\/\/nawarpharmacy.com\/de\/wp-json\/wp\/v2\/product_brand?post=10499"},{"taxonomy":"product_cat","embeddable":true,"href":"https:\/\/nawarpharmacy.com\/de\/wp-json\/wp\/v2\/product_cat?post=10499"},{"taxonomy":"product_tag","embeddable":true,"href":"https:\/\/nawarpharmacy.com\/de\/wp-json\/wp\/v2\/product_tag?post=10499"},{"taxonomy":"product_brands","embeddable":true,"href":"https:\/\/nawarpharmacy.com\/de\/wp-json\/wp\/v2\/product_brands?post=10499"}],"curies":[{"name":"wp","href":"https:\/\/api.w.org\/{rel}","templated":true}]}}