{"id":10495,"date":"2025-11-20T12:59:26","date_gmt":"2025-11-20T12:59:26","guid":{"rendered":"https:\/\/nawarpharmacy.com\/?post_type=product&#038;p=10495"},"modified":"2026-02-26T21:43:31","modified_gmt":"2026-02-26T21:43:31","slug":"systane-eye-gel-10-ml","status":"publish","type":"product","link":"https:\/\/nawarpharmacy.com\/de\/produkt\/systane-eye-gel-10-ml\/","title":{"rendered":"Systane Augengel 10 ml"},"content":{"rendered":"<article class=\"text-token-text-primary w-full focus:outline-none [--shadow-height:45px] has-data-writing-block:pointer-events-none has-data-writing-block:-mt-(--shadow-height) has-data-writing-block:pt-(--shadow-height) [&amp;:has([data-writing-block])&gt;*]:pointer-events-auto [content-visibility:auto] supports-[content-visibility:auto]:[contain-intrinsic-size:auto_100lvh] scroll-mt-[calc(var(--header-height)+min(200px,max(70px,20svh)))]\" dir=\"auto\" data-turn-id=\"request-691b06b7-6218-832d-8a14-33a40741db89-13\" data-testid=\"conversation-turn-230\" data-scroll-anchor=\"true\" data-turn=\"assistant\">\n<div class=\"text-base my-auto mx-auto pb-10 [--thread-content-margin:--spacing(4)] thread-sm:[--thread-content-margin:--spacing(6)] thread-lg:[--thread-content-margin:--spacing(16)] px-(--thread-content-margin)\">\n<div class=\"[--thread-content-max-width:40rem] thread-lg:[--thread-content-max-width:48rem] mx-auto max-w-(--thread-content-max-width) flex-1 group\/turn-messages focus-visible:outline-hidden relative flex w-full min-w-0 flex-col agent-turn\">\n<div class=\"flex max-w-full flex-col grow\">\n<div class=\"min-h-8 text-message relative flex w-full flex-col items-end gap-2 text-start break-words whitespace-normal [.text-message+&amp;]:mt-1\" dir=\"auto\" data-message-author-role=\"assistant\" data-message-id=\"0c7196ea-bcb8-48ec-aafb-b7a1e2c5eaf7\" data-message-model-slug=\"gpt-5-mini\">\n<div class=\"flex w-full flex-col gap-1 empty:hidden first:pt-[1px]\">\n<div class=\"markdown prose dark:prose-invert w-full break-words light markdown-new-styling\">\n<div class=\"flex flex-col text-sm pb-25\">\n<article class=\"text-token-text-primary w-full focus:outline-none [--shadow-height:45px] has-data-writing-block:pointer-events-none has-data-writing-block:-mt-(--shadow-height) has-data-writing-block:pt-(--shadow-height) [&amp;:has([data-writing-block])&gt;*]:pointer-events-auto scroll-mt-[calc(var(--header-height)+min(200px,max(70px,20svh)))]\" dir=\"auto\" tabindex=\"-1\" data-turn-id=\"request-WEB:1fb551c8-723f-4635-af76-1761af7fc3f6-49\" data-testid=\"conversation-turn-100\" data-scroll-anchor=\"true\" data-turn=\"assistant\">\n<div class=\"text-base my-auto mx-auto pb-10 [--thread-content-margin:--spacing(4)] @w-sm\/main:[--thread-content-margin:--spacing(6)] @w-lg\/main:[--thread-content-margin:--spacing(16)] px-(--thread-content-margin)\">\n<div class=\"[--thread-content-max-width:40rem] @w-lg\/main:[--thread-content-max-width:48rem] mx-auto max-w-(--thread-content-max-width) flex-1 group\/turn-messages focus-visible:outline-hidden relative flex w-full min-w-0 flex-col agent-turn\" tabindex=\"-1\">\n<div class=\"flex max-w-full flex-col grow\">\n<div class=\"min-h-8 text-message relative flex w-full flex-col items-end gap-2 text-start break-words whitespace-normal [.text-message+&amp;]:mt-1\" dir=\"auto\" data-message-author-role=\"assistant\" data-message-id=\"3d3ab003-078b-459f-8d9f-95f80f5bfdc1\" data-message-model-slug=\"gpt-5-2\">\n<div class=\"flex w-full flex-col gap-1 empty:hidden first:pt-[1px]\">\n<div class=\"markdown prose dark:prose-invert w-full wrap-break-word dark markdown-new-styling\">\n<p data-start=\"1202\" data-end=\"1230\"><strong data-start=\"1202\" data-end=\"1228\">Systane Augengel 10 ml<\/strong><\/p>\n<p data-start=\"1232\" data-end=\"1324\"><strong data-start=\"1232\" data-end=\"1246\">Wirkstoff:<\/strong><br data-start=\"1246\" data-end=\"1249\" \/>Natriumcarboxymethylcellulose 0,5 %<br data-start=\"1284\" data-end=\"1287\" \/>(Viskoser k\u00fcnstlicher Tr\u00e4nenersatz)<\/p>\n<p data-start=\"1326\" data-end=\"1562\"><strong data-start=\"1326\" data-end=\"1343\">Indikationen:<\/strong><br data-start=\"1343\" data-end=\"1346\" \/>Anwendung bei:<br data-start=\"1360\" data-end=\"1363\" \/>Linderung m\u00e4\u00dfiger bis schwerer trockener Augen<br data-start=\"1409\" data-end=\"1412\" \/>Lang anhaltender Befeuchtung und Schutz der Augenoberfl\u00e4che<br data-start=\"1471\" data-end=\"1474\" \/>Verringerung von Beschwerden wie Brennen oder Reizung beim Syndrom des trockenen Auges<\/p>\n<p data-start=\"1564\" data-end=\"1831\"><strong data-start=\"1564\" data-end=\"1578\">Dosierung:<\/strong><br data-start=\"1578\" data-end=\"1581\" \/><strong data-start=\"1581\" data-end=\"1607\">Erwachsene und Kinder:<\/strong> 1\u20132 Tropfen in das\/die betroffene(n) Auge(n) nach Bedarf, insbesondere vor dem Schlafengehen f\u00fcr eine verl\u00e4ngerte Wirkung.<br data-start=\"1730\" data-end=\"1733\" \/>Kontaktlinsen vor der Anwendung entfernen; mindestens 15 Minuten vor dem Wiedereinsetzen warten.<\/p>\n<p data-start=\"1833\" data-end=\"1937\"><strong data-start=\"1833\" data-end=\"1856\">Kontraindikationen:<\/strong><br data-start=\"1856\" data-end=\"1859\" \/>\u00dcberempfindlichkeit gegen einen der sonstigen Bestandteile der Formulierung.<\/p>\n<p data-start=\"1939\" data-end=\"2064\"><strong data-start=\"1939\" data-end=\"1958\">Nebenwirkungen:<\/strong><br data-start=\"1958\" data-end=\"1961\" \/>Vor\u00fcbergehende verschwommene Sicht<br data-start=\"1995\" data-end=\"1998\" \/>Leichte Augenreizung oder Brennen<br data-start=\"2031\" data-end=\"2034\" \/>Selten: allergische Reaktion<\/p>\n<p data-start=\"2066\" data-end=\"2227\"><strong data-start=\"2066\" data-end=\"2087\">Wechselwirkungen:<\/strong><br data-start=\"2087\" data-end=\"2090\" \/>Mit den meisten ophthalmischen Arzneimitteln kompatibel; ein Abstand von mindestens 5 Minuten zwischen den Anwendungen ist einzuhalten.<\/p>\n<p data-start=\"2229\" data-end=\"2371\" data-is-last-node=\"\" data-is-only-node=\"\"><strong data-start=\"2229\" data-end=\"2242\">Lagerung:<\/strong><br data-start=\"2242\" data-end=\"2245\" \/>Bei Raumtemperatur lagern, vor W\u00e4rme und Licht sch\u00fctzen.<br data-start=\"2301\" data-end=\"2304\" \/>Die Tube fest verschlossen und f\u00fcr Kinder unzug\u00e4nglich aufbewahren.<\/p>\n<\/div>\n<\/div>\n<\/div>\n<\/div>\n<div class=\"z-0 flex min-h-[46px] justify-start\"><\/div>\n<div class=\"mt-3 w-full empty:hidden\">\n<div class=\"text-center\"><\/div>\n<\/div>\n<\/div>\n<\/div>\n<\/article>\n<\/div>\n<div class=\"pointer-events-none h-px w-px absolute bottom-0\" aria-hidden=\"true\" data-edge=\"true\"><\/div>\n<\/div>\n<\/div>\n<\/div>\n<\/div>\n<\/div>\n<\/div>\n<\/article>\n<div id=\"gtx-trans\" style=\"position: absolute; left: 130px; top: 34px;\">\n<div class=\"gtx-trans-icon\"><\/div>\n<\/div>\n","protected":false},"excerpt":{"rendered":"<p>Systane Augengel 10 ml Wirkstoff:Natriumcarboxymethylcellulose 0,5 %(Viskoser k\u00fcnstlicher Tr\u00e4nenersatz) Indikationen:Anwendung bei:Linderung m\u00e4\u00dfiger bis schwerer trockener AugenLang anhaltender Befeuchtung und Schutz der Augenoberfl\u00e4cheVerringerung von Beschwerden wie Brennen oder Reizung beim Syndrom des trockenen Auges Dosierung:Erwachsene und Kinder: 1\u20132 Tropfen in das\/die betroffene(n) Auge(n) nach Bedarf, insbesondere vor dem Schlafengehen f\u00fcr eine verl\u00e4ngerte Wirkung.Kontaktlinsen vor der Anwendung&#8230;<\/p>\n","protected":false},"featured_media":10494,"comment_status":"open","ping_status":"closed","template":"","meta":{"rs_blank_template":"","rs_page_bg_color":"","slide_template_v7":"","_bst_post_transparent":"default","_bst_post_title":"","_bst_post_layout":"default","_bst_post_sidebar_id":"","_bst_post_content_style":"default","_bst_post_vertical_padding":"default","_bst_post_feature":"","_bst_post_feature_position":"","_bst_post_header":false,"_bst_post_footer":false},"product_brand":[],"product_cat":[237,217,269],"product_tag":[],"product_brands":[],"class_list":{"0":"post-10495","1":"product","2":"type-product","3":"status-publish","4":"has-post-thumbnail","6":"product_cat-eye-ear-medications","7":"product_cat-medicines","8":"product_cat-dry-eye","10":"first","11":"instock","12":"shipping-taxable","13":"purchasable","14":"product-type-simple","15":"entry","16":"content-bg","17":"loop-entry"},"_links":{"self":[{"href":"https:\/\/nawarpharmacy.com\/de\/wp-json\/wp\/v2\/product\/10495","targetHints":{"allow":["GET"]}}],"collection":[{"href":"https:\/\/nawarpharmacy.com\/de\/wp-json\/wp\/v2\/product"}],"about":[{"href":"https:\/\/nawarpharmacy.com\/de\/wp-json\/wp\/v2\/types\/product"}],"replies":[{"embeddable":true,"href":"https:\/\/nawarpharmacy.com\/de\/wp-json\/wp\/v2\/comments?post=10495"}],"wp:featuredmedia":[{"embeddable":true,"href":"https:\/\/nawarpharmacy.com\/de\/wp-json\/wp\/v2\/media\/10494"}],"wp:attachment":[{"href":"https:\/\/nawarpharmacy.com\/de\/wp-json\/wp\/v2\/media?parent=10495"}],"wp:term":[{"taxonomy":"product_brand","embeddable":true,"href":"https:\/\/nawarpharmacy.com\/de\/wp-json\/wp\/v2\/product_brand?post=10495"},{"taxonomy":"product_cat","embeddable":true,"href":"https:\/\/nawarpharmacy.com\/de\/wp-json\/wp\/v2\/product_cat?post=10495"},{"taxonomy":"product_tag","embeddable":true,"href":"https:\/\/nawarpharmacy.com\/de\/wp-json\/wp\/v2\/product_tag?post=10495"},{"taxonomy":"product_brands","embeddable":true,"href":"https:\/\/nawarpharmacy.com\/de\/wp-json\/wp\/v2\/product_brands?post=10495"}],"curies":[{"name":"wp","href":"https:\/\/api.w.org\/{rel}","templated":true}]}}