{"id":10491,"date":"2025-11-20T13:01:37","date_gmt":"2025-11-20T13:01:37","guid":{"rendered":"https:\/\/nawarpharmacy.com\/?post_type=product&#038;p=10491"},"modified":"2026-02-26T21:42:41","modified_gmt":"2026-02-26T21:42:41","slug":"systane-hydration-eye-drops-10-ml","status":"publish","type":"product","link":"https:\/\/nawarpharmacy.com\/de\/produkt\/systane-hydration-eye-drops-10-ml\/","title":{"rendered":"Systane Hydration Augentropfen 10 ml"},"content":{"rendered":"<article class=\"text-token-text-primary w-full focus:outline-none [--shadow-height:45px] has-data-writing-block:pointer-events-none has-data-writing-block:-mt-(--shadow-height) has-data-writing-block:pt-(--shadow-height) [&amp;:has([data-writing-block])&gt;*]:pointer-events-auto [content-visibility:auto] supports-[content-visibility:auto]:[contain-intrinsic-size:auto_100lvh] scroll-mt-[calc(var(--header-height)+min(200px,max(70px,20svh)))]\" dir=\"auto\" data-turn-id=\"request-691b06b7-6218-832d-8a14-33a40741db89-14\" data-testid=\"conversation-turn-232\" data-scroll-anchor=\"true\" data-turn=\"assistant\">\n<div class=\"text-base my-auto mx-auto pb-10 [--thread-content-margin:--spacing(4)] thread-sm:[--thread-content-margin:--spacing(6)] thread-lg:[--thread-content-margin:--spacing(16)] px-(--thread-content-margin)\">\n<div class=\"[--thread-content-max-width:40rem] thread-lg:[--thread-content-max-width:48rem] mx-auto max-w-(--thread-content-max-width) flex-1 group\/turn-messages focus-visible:outline-hidden relative flex w-full min-w-0 flex-col agent-turn\">\n<div class=\"flex max-w-full flex-col grow\">\n<div class=\"min-h-8 text-message relative flex w-full flex-col items-end gap-2 text-start break-words whitespace-normal [.text-message+&amp;]:mt-1\" dir=\"auto\" data-message-author-role=\"assistant\" data-message-id=\"419a8a10-1ab5-4887-b471-44abb6f76f80\" data-message-model-slug=\"gpt-5-mini\">\n<div class=\"flex w-full flex-col gap-1 empty:hidden first:pt-[1px]\">\n<div class=\"markdown prose dark:prose-invert w-full break-words light markdown-new-styling\">\n<div class=\"flex flex-col text-sm pb-25\">\n<article class=\"text-token-text-primary w-full focus:outline-none [--shadow-height:45px] has-data-writing-block:pointer-events-none has-data-writing-block:-mt-(--shadow-height) has-data-writing-block:pt-(--shadow-height) [&amp;:has([data-writing-block])&gt;*]:pointer-events-auto scroll-mt-[calc(var(--header-height)+min(200px,max(70px,20svh)))]\" dir=\"auto\" tabindex=\"-1\" data-turn-id=\"request-WEB:1fb551c8-723f-4635-af76-1761af7fc3f6-48\" data-testid=\"conversation-turn-98\" data-scroll-anchor=\"true\" data-turn=\"assistant\">\n<div class=\"text-base my-auto mx-auto pb-10 [--thread-content-margin:--spacing(4)] @w-sm\/main:[--thread-content-margin:--spacing(6)] @w-lg\/main:[--thread-content-margin:--spacing(16)] px-(--thread-content-margin)\">\n<div class=\"[--thread-content-max-width:40rem] @w-lg\/main:[--thread-content-max-width:48rem] mx-auto max-w-(--thread-content-max-width) flex-1 group\/turn-messages focus-visible:outline-hidden relative flex w-full min-w-0 flex-col agent-turn\" tabindex=\"-1\">\n<div class=\"flex max-w-full flex-col grow\">\n<div class=\"min-h-8 text-message relative flex w-full flex-col items-end gap-2 text-start break-words whitespace-normal [.text-message+&amp;]:mt-1\" dir=\"auto\" data-message-author-role=\"assistant\" data-message-id=\"7cb9bf41-d902-4ed7-a5af-d9a8cb27f3ad\" data-message-model-slug=\"gpt-5-2\">\n<div class=\"flex w-full flex-col gap-1 empty:hidden first:pt-[1px]\">\n<div class=\"markdown prose dark:prose-invert w-full wrap-break-word dark markdown-new-styling\">\n<p data-start=\"1180\" data-end=\"1222\"><strong data-start=\"1180\" data-end=\"1220\">Systane Hydration Augentropfen 10 ml<\/strong><\/p>\n<p data-start=\"1224\" data-end=\"1319\"><strong data-start=\"1224\" data-end=\"1238\">Wirkstoff:<\/strong><br data-start=\"1238\" data-end=\"1241\" \/>Natriumhyaluronat 0,15 %<br data-start=\"1265\" data-end=\"1268\" \/>(K\u00fcnstlicher Tr\u00e4nenersatz zur tiefen Hydratation)<\/p>\n<p data-start=\"1321\" data-end=\"1502\"><strong data-start=\"1321\" data-end=\"1338\">Indikationen:<\/strong><br data-start=\"1338\" data-end=\"1341\" \/>Anwendung bei:<br data-start=\"1355\" data-end=\"1358\" \/>Linderung m\u00e4\u00dfiger bis schwerer trockener Augen<br data-start=\"1404\" data-end=\"1407\" \/>Schutz vor Reizungen durch Umwelteinfl\u00fcsse<br data-start=\"1449\" data-end=\"1452\" \/>Lang anhaltender Befeuchtung der Augenoberfl\u00e4che<\/p>\n<p data-start=\"1504\" data-end=\"1731\"><strong data-start=\"1504\" data-end=\"1518\">Dosierung:<\/strong><br data-start=\"1518\" data-end=\"1521\" \/><strong data-start=\"1521\" data-end=\"1547\">Erwachsene und Kinder:<\/strong> 1\u20132 Tropfen in das\/die betroffene(n) Auge(n) nach Bedarf, bis zu mehrmals t\u00e4glich.<br data-start=\"1630\" data-end=\"1633\" \/>Kontaktlinsen vor der Anwendung entfernen; mindestens 15 Minuten vor dem Wiedereinsetzen warten.<\/p>\n<p data-start=\"1733\" data-end=\"1837\"><strong data-start=\"1733\" data-end=\"1756\">Kontraindikationen:<\/strong><br data-start=\"1756\" data-end=\"1759\" \/>\u00dcberempfindlichkeit gegen einen der sonstigen Bestandteile der Formulierung.<\/p>\n<p data-start=\"1839\" data-end=\"1964\"><strong data-start=\"1839\" data-end=\"1858\">Nebenwirkungen:<\/strong><br data-start=\"1858\" data-end=\"1861\" \/>Vor\u00fcbergehende verschwommene Sicht<br data-start=\"1895\" data-end=\"1898\" \/>Leichte Augenreizung oder Brennen<br data-start=\"1931\" data-end=\"1934\" \/>Selten: allergische Reaktion<\/p>\n<p data-start=\"1966\" data-end=\"2127\"><strong data-start=\"1966\" data-end=\"1987\">Wechselwirkungen:<\/strong><br data-start=\"1987\" data-end=\"1990\" \/>Mit den meisten ophthalmischen Arzneimitteln kompatibel; ein Abstand von mindestens 5 Minuten zwischen den Anwendungen ist einzuhalten.<\/p>\n<p data-start=\"2129\" data-end=\"2274\" data-is-last-node=\"\" data-is-only-node=\"\"><strong data-start=\"2129\" data-end=\"2142\">Lagerung:<\/strong><br data-start=\"2142\" data-end=\"2145\" \/>Bei Raumtemperatur lagern, vor W\u00e4rme und Licht sch\u00fctzen.<br data-start=\"2201\" data-end=\"2204\" \/>Die Flasche fest verschlossen und f\u00fcr Kinder unzug\u00e4nglich aufbewahren.<\/p>\n<\/div>\n<\/div>\n<\/div>\n<\/div>\n<div class=\"z-0 flex min-h-[46px] justify-start\"><\/div>\n<div class=\"mt-3 w-full empty:hidden\">\n<div class=\"text-center\"><\/div>\n<\/div>\n<\/div>\n<\/div>\n<\/article>\n<\/div>\n<div class=\"pointer-events-none h-px w-px absolute bottom-0\" aria-hidden=\"true\" data-edge=\"true\"><\/div>\n<\/div>\n<\/div>\n<\/div>\n<\/div>\n<\/div>\n<\/div>\n<\/article>\n<div id=\"gtx-trans\" style=\"position: absolute; left: 222px; top: -17px;\">\n<div class=\"gtx-trans-icon\"><\/div>\n<\/div>\n","protected":false},"excerpt":{"rendered":"<p>Systane Hydration Augentropfen 10 ml Wirkstoff:Natriumhyaluronat 0,15 %(K\u00fcnstlicher Tr\u00e4nenersatz zur tiefen Hydratation) Indikationen:Anwendung bei:Linderung m\u00e4\u00dfiger bis schwerer trockener AugenSchutz vor Reizungen durch Umwelteinfl\u00fcsseLang anhaltender Befeuchtung der Augenoberfl\u00e4che Dosierung:Erwachsene und Kinder: 1\u20132 Tropfen in das\/die betroffene(n) Auge(n) nach Bedarf, bis zu mehrmals t\u00e4glich.Kontaktlinsen vor der Anwendung entfernen; mindestens 15 Minuten vor dem Wiedereinsetzen warten. Kontraindikationen:\u00dcberempfindlichkeit gegen&#8230;<\/p>\n","protected":false},"featured_media":10490,"comment_status":"open","ping_status":"closed","template":"","meta":{"rs_blank_template":"","rs_page_bg_color":"","slide_template_v7":"","_bst_post_transparent":"default","_bst_post_title":"","_bst_post_layout":"default","_bst_post_sidebar_id":"","_bst_post_content_style":"default","_bst_post_vertical_padding":"default","_bst_post_feature":"","_bst_post_feature_position":"","_bst_post_header":false,"_bst_post_footer":false},"product_brand":[],"product_cat":[237,371,217,269],"product_tag":[],"product_brands":[],"class_list":{"0":"post-10491","1":"product","2":"type-product","3":"status-publish","4":"has-post-thumbnail","6":"product_cat-eye-ear-medications","7":"product_cat-eye-drops","8":"product_cat-medicines","9":"product_cat-dry-eye","11":"first","12":"instock","13":"shipping-taxable","14":"purchasable","15":"product-type-simple","16":"entry","17":"content-bg","18":"loop-entry"},"_links":{"self":[{"href":"https:\/\/nawarpharmacy.com\/de\/wp-json\/wp\/v2\/product\/10491","targetHints":{"allow":["GET"]}}],"collection":[{"href":"https:\/\/nawarpharmacy.com\/de\/wp-json\/wp\/v2\/product"}],"about":[{"href":"https:\/\/nawarpharmacy.com\/de\/wp-json\/wp\/v2\/types\/product"}],"replies":[{"embeddable":true,"href":"https:\/\/nawarpharmacy.com\/de\/wp-json\/wp\/v2\/comments?post=10491"}],"wp:featuredmedia":[{"embeddable":true,"href":"https:\/\/nawarpharmacy.com\/de\/wp-json\/wp\/v2\/media\/10490"}],"wp:attachment":[{"href":"https:\/\/nawarpharmacy.com\/de\/wp-json\/wp\/v2\/media?parent=10491"}],"wp:term":[{"taxonomy":"product_brand","embeddable":true,"href":"https:\/\/nawarpharmacy.com\/de\/wp-json\/wp\/v2\/product_brand?post=10491"},{"taxonomy":"product_cat","embeddable":true,"href":"https:\/\/nawarpharmacy.com\/de\/wp-json\/wp\/v2\/product_cat?post=10491"},{"taxonomy":"product_tag","embeddable":true,"href":"https:\/\/nawarpharmacy.com\/de\/wp-json\/wp\/v2\/product_tag?post=10491"},{"taxonomy":"product_brands","embeddable":true,"href":"https:\/\/nawarpharmacy.com\/de\/wp-json\/wp\/v2\/product_brands?post=10491"}],"curies":[{"name":"wp","href":"https:\/\/api.w.org\/{rel}","templated":true}]}}