{"id":10487,"date":"2025-11-20T13:02:31","date_gmt":"2025-11-20T13:02:31","guid":{"rendered":"https:\/\/nawarpharmacy.com\/?post_type=product&#038;p=10487"},"modified":"2026-02-26T21:41:51","modified_gmt":"2026-02-26T21:41:51","slug":"systane-hydration-eye-drops-300-7-ml","status":"publish","type":"product","link":"https:\/\/nawarpharmacy.com\/de\/produkt\/systane-hydration-eye-drops-300-7-ml\/","title":{"rendered":"Systane Hydration Augentropfen 30 \u00d7 0,7 ml\u00a0"},"content":{"rendered":"<div class=\"flex flex-col text-sm pb-25\">\n<article class=\"text-token-text-primary w-full focus:outline-none [--shadow-height:45px] has-data-writing-block:pointer-events-none has-data-writing-block:-mt-(--shadow-height) has-data-writing-block:pt-(--shadow-height) [&amp;:has([data-writing-block])&gt;*]:pointer-events-auto scroll-mt-[calc(var(--header-height)+min(200px,max(70px,20svh)))]\" dir=\"auto\" tabindex=\"-1\" data-turn-id=\"request-WEB:1fb551c8-723f-4635-af76-1761af7fc3f6-47\" data-testid=\"conversation-turn-96\" data-scroll-anchor=\"true\" data-turn=\"assistant\">\n<div class=\"text-base my-auto mx-auto pb-10 [--thread-content-margin:--spacing(4)] @w-sm\/main:[--thread-content-margin:--spacing(6)] @w-lg\/main:[--thread-content-margin:--spacing(16)] px-(--thread-content-margin)\">\n<div class=\"[--thread-content-max-width:40rem] @w-lg\/main:[--thread-content-max-width:48rem] mx-auto max-w-(--thread-content-max-width) flex-1 group\/turn-messages focus-visible:outline-hidden relative flex w-full min-w-0 flex-col agent-turn\" tabindex=\"-1\">\n<div class=\"flex max-w-full flex-col grow\">\n<div class=\"min-h-8 text-message relative flex w-full flex-col items-end gap-2 text-start break-words whitespace-normal [.text-message+&amp;]:mt-1\" dir=\"auto\" data-message-author-role=\"assistant\" data-message-id=\"d1f0d7d7-42d2-461a-a164-96f573258849\" data-message-model-slug=\"gpt-5-2\">\n<div class=\"flex w-full flex-col gap-1 empty:hidden first:pt-[1px]\">\n<div class=\"markdown prose dark:prose-invert w-full wrap-break-word dark markdown-new-styling\">\n<p data-start=\"1307\" data-end=\"1380\"><strong data-start=\"1307\" data-end=\"1378\">Systane Hydration Augentropfen 30 \u00d7 0,7 ml\u00a0<\/strong><\/p>\n<p data-start=\"1382\" data-end=\"1497\"><strong data-start=\"1382\" data-end=\"1396\">Wirkstoff:<\/strong><br data-start=\"1396\" data-end=\"1399\" \/>Natriumhyaluronat 0,15 %<br data-start=\"1423\" data-end=\"1426\" \/>(K\u00fcnstlicher Tr\u00e4nenersatz zur tiefen Hydratation der Augenoberfl\u00e4che)<\/p>\n<p data-start=\"1499\" data-end=\"1680\"><strong data-start=\"1499\" data-end=\"1516\">Indikationen:<\/strong><br data-start=\"1516\" data-end=\"1519\" \/>Anwendung bei:<br data-start=\"1533\" data-end=\"1536\" \/>Linderung m\u00e4\u00dfiger bis schwerer trockener Augen<br data-start=\"1582\" data-end=\"1585\" \/>Schutz vor Reizungen durch Umwelteinfl\u00fcsse<br data-start=\"1627\" data-end=\"1630\" \/>Lang anhaltender Befeuchtung der Augenoberfl\u00e4che<\/p>\n<p data-start=\"1682\" data-end=\"2002\"><strong data-start=\"1682\" data-end=\"1696\">Dosierung:<\/strong><br data-start=\"1696\" data-end=\"1699\" \/><strong data-start=\"1699\" data-end=\"1725\">Erwachsene und Kinder:<\/strong> 1\u20132 Tropfen in das\/die betroffene(n) Auge(n) nach Bedarf, bis zu mehrmals t\u00e4glich.<br data-start=\"1808\" data-end=\"1811\" \/>Einzeldosisbeh\u00e4ltnisse sind f\u00fcr die einmalige Anwendung bestimmt; nach Gebrauch verwerfen.<br data-start=\"1901\" data-end=\"1904\" \/>Kontaktlinsen vor der Anwendung entfernen; mindestens 15 Minuten vor dem Wiedereinsetzen warten.<\/p>\n<p data-start=\"2004\" data-end=\"2108\"><strong data-start=\"2004\" data-end=\"2027\">Kontraindikationen:<\/strong><br data-start=\"2027\" data-end=\"2030\" \/>\u00dcberempfindlichkeit gegen einen der sonstigen Bestandteile der Formulierung.<\/p>\n<p data-start=\"2110\" data-end=\"2235\"><strong data-start=\"2110\" data-end=\"2129\">Nebenwirkungen:<\/strong><br data-start=\"2129\" data-end=\"2132\" \/>Vor\u00fcbergehende verschwommene Sicht<br data-start=\"2166\" data-end=\"2169\" \/>Leichte Augenreizung oder Brennen<br data-start=\"2202\" data-end=\"2205\" \/>Selten: allergische Reaktion<\/p>\n<p data-start=\"2237\" data-end=\"2398\"><strong data-start=\"2237\" data-end=\"2258\">Wechselwirkungen:<\/strong><br data-start=\"2258\" data-end=\"2261\" \/>Mit den meisten ophthalmischen Arzneimitteln kompatibel; ein Abstand von mindestens 5 Minuten zwischen den Anwendungen ist einzuhalten.<\/p>\n<p data-start=\"2400\" data-end=\"2511\" data-is-last-node=\"\" data-is-only-node=\"\"><strong data-start=\"2400\" data-end=\"2413\">Lagerung:<\/strong><br data-start=\"2413\" data-end=\"2416\" \/>Bei Raumtemperatur lagern, vor W\u00e4rme und Licht sch\u00fctzen.<br data-start=\"2472\" data-end=\"2475\" \/>F\u00fcr Kinder unzug\u00e4nglich aufbewahren.<\/p>\n<\/div>\n<\/div>\n<\/div>\n<\/div>\n<div class=\"z-0 flex min-h-[46px] justify-start\"><\/div>\n<div class=\"mt-3 w-full empty:hidden\">\n<div class=\"text-center\"><\/div>\n<\/div>\n<\/div>\n<\/div>\n<\/article>\n<\/div>\n<div class=\"pointer-events-none h-px w-px absolute bottom-0\" aria-hidden=\"true\" data-edge=\"true\"><\/div>\n<div id=\"gtx-trans\" style=\"position: absolute; left: 1px; top: 34px;\">\n<div class=\"gtx-trans-icon\"><\/div>\n<\/div>\n","protected":false},"excerpt":{"rendered":"<p>Systane Hydration Augentropfen 30 \u00d7 0,7 ml\u00a0 Wirkstoff:Natriumhyaluronat 0,15 %(K\u00fcnstlicher Tr\u00e4nenersatz zur tiefen Hydratation der Augenoberfl\u00e4che) Indikationen:Anwendung bei:Linderung m\u00e4\u00dfiger bis schwerer trockener AugenSchutz vor Reizungen durch Umwelteinfl\u00fcsseLang anhaltender Befeuchtung der Augenoberfl\u00e4che Dosierung:Erwachsene und Kinder: 1\u20132 Tropfen in das\/die betroffene(n) Auge(n) nach Bedarf, bis zu mehrmals t\u00e4glich.Einzeldosisbeh\u00e4ltnisse sind f\u00fcr die einmalige Anwendung bestimmt; nach Gebrauch verwerfen.Kontaktlinsen&#8230;<\/p>\n","protected":false},"featured_media":10486,"comment_status":"open","ping_status":"closed","template":"","meta":{"rs_blank_template":"","rs_page_bg_color":"","slide_template_v7":"","_bst_post_transparent":"default","_bst_post_title":"","_bst_post_layout":"default","_bst_post_sidebar_id":"","_bst_post_content_style":"default","_bst_post_vertical_padding":"default","_bst_post_feature":"","_bst_post_feature_position":"","_bst_post_header":false,"_bst_post_footer":false},"product_brand":[],"product_cat":[237,371,217,269],"product_tag":[],"product_brands":[],"class_list":{"0":"post-10487","1":"product","2":"type-product","3":"status-publish","4":"has-post-thumbnail","6":"product_cat-eye-ear-medications","7":"product_cat-eye-drops","8":"product_cat-medicines","9":"product_cat-dry-eye","11":"first","12":"instock","13":"shipping-taxable","14":"purchasable","15":"product-type-simple","16":"entry","17":"content-bg","18":"loop-entry"},"_links":{"self":[{"href":"https:\/\/nawarpharmacy.com\/de\/wp-json\/wp\/v2\/product\/10487","targetHints":{"allow":["GET"]}}],"collection":[{"href":"https:\/\/nawarpharmacy.com\/de\/wp-json\/wp\/v2\/product"}],"about":[{"href":"https:\/\/nawarpharmacy.com\/de\/wp-json\/wp\/v2\/types\/product"}],"replies":[{"embeddable":true,"href":"https:\/\/nawarpharmacy.com\/de\/wp-json\/wp\/v2\/comments?post=10487"}],"wp:featuredmedia":[{"embeddable":true,"href":"https:\/\/nawarpharmacy.com\/de\/wp-json\/wp\/v2\/media\/10486"}],"wp:attachment":[{"href":"https:\/\/nawarpharmacy.com\/de\/wp-json\/wp\/v2\/media?parent=10487"}],"wp:term":[{"taxonomy":"product_brand","embeddable":true,"href":"https:\/\/nawarpharmacy.com\/de\/wp-json\/wp\/v2\/product_brand?post=10487"},{"taxonomy":"product_cat","embeddable":true,"href":"https:\/\/nawarpharmacy.com\/de\/wp-json\/wp\/v2\/product_cat?post=10487"},{"taxonomy":"product_tag","embeddable":true,"href":"https:\/\/nawarpharmacy.com\/de\/wp-json\/wp\/v2\/product_tag?post=10487"},{"taxonomy":"product_brands","embeddable":true,"href":"https:\/\/nawarpharmacy.com\/de\/wp-json\/wp\/v2\/product_brands?post=10487"}],"curies":[{"name":"wp","href":"https:\/\/api.w.org\/{rel}","templated":true}]}}