{"id":10483,"date":"2025-11-20T13:08:02","date_gmt":"2025-11-20T13:08:02","guid":{"rendered":"https:\/\/nawarpharmacy.com\/?post_type=product&#038;p=10483"},"modified":"2026-02-26T21:40:55","modified_gmt":"2026-02-26T21:40:55","slug":"psychodal-oral-drops-30ml","status":"publish","type":"product","link":"https:\/\/nawarpharmacy.com\/de\/produkt\/psychodal-oral-drops-30ml\/","title":{"rendered":"Psychodal orale Tropfen 30 ml"},"content":{"rendered":"<div class=\"flex flex-col text-sm pb-25\">\n<article class=\"text-token-text-primary w-full focus:outline-none [--shadow-height:45px] has-data-writing-block:pointer-events-none has-data-writing-block:-mt-(--shadow-height) has-data-writing-block:pt-(--shadow-height) [&amp;:has([data-writing-block])&gt;*]:pointer-events-auto scroll-mt-[calc(var(--header-height)+min(200px,max(70px,20svh)))]\" dir=\"auto\" tabindex=\"-1\" data-turn-id=\"request-WEB:1fb551c8-723f-4635-af76-1761af7fc3f6-46\" data-testid=\"conversation-turn-94\" data-scroll-anchor=\"true\" data-turn=\"assistant\">\n<div class=\"text-base my-auto mx-auto pb-10 [--thread-content-margin:--spacing(4)] @w-sm\/main:[--thread-content-margin:--spacing(6)] @w-lg\/main:[--thread-content-margin:--spacing(16)] px-(--thread-content-margin)\">\n<div class=\"[--thread-content-max-width:40rem] @w-lg\/main:[--thread-content-max-width:48rem] mx-auto max-w-(--thread-content-max-width) flex-1 group\/turn-messages focus-visible:outline-hidden relative flex w-full min-w-0 flex-col agent-turn\" tabindex=\"-1\">\n<div class=\"flex max-w-full flex-col grow\">\n<div class=\"min-h-8 text-message relative flex w-full flex-col items-end gap-2 text-start break-words whitespace-normal [.text-message+&amp;]:mt-1\" dir=\"auto\" data-message-author-role=\"assistant\" data-message-id=\"97551bf8-9bf3-407c-b2e0-23f2f9572ac8\" data-message-model-slug=\"gpt-5-2\">\n<div class=\"flex w-full flex-col gap-1 empty:hidden first:pt-[1px]\">\n<div class=\"markdown prose dark:prose-invert w-full wrap-break-word dark markdown-new-styling\">\n<p data-start=\"1306\" data-end=\"1341\"><strong data-start=\"1306\" data-end=\"1339\">Psychodal orale Tropfen 30 ml<\/strong><\/p>\n<p data-start=\"1343\" data-end=\"1380\"><strong data-start=\"1343\" data-end=\"1357\">Wirkstoff:<\/strong><br data-start=\"1357\" data-end=\"1360\" \/>Bromazepam 1 mg\/ml<\/p>\n<p data-start=\"1382\" data-end=\"1540\"><strong data-start=\"1382\" data-end=\"1399\">Indikationen:<\/strong><br data-start=\"1399\" data-end=\"1402\" \/>Anwendung zur kurzfristigen Behandlung von:<br data-start=\"1445\" data-end=\"1448\" \/>Angstst\u00f6rungen<br data-start=\"1462\" data-end=\"1465\" \/>Spannungszust\u00e4nden und Unruhe<br data-start=\"1494\" data-end=\"1497\" \/>Schlafst\u00f6rungen im Zusammenhang mit Angst<\/p>\n<p data-start=\"1542\" data-end=\"1751\"><strong data-start=\"1542\" data-end=\"1556\">Dosierung:<\/strong><br data-start=\"1556\" data-end=\"1559\" \/><strong data-start=\"1559\" data-end=\"1574\">Erwachsene:<\/strong> 2\u20134 ml (2\u20134 mg) 2\u20133-mal t\u00e4glich oder gem\u00e4\u00df \u00e4rztlicher Verordnung.<br data-start=\"1640\" data-end=\"1643\" \/>Bei \u00e4lteren Patienten oder Patienten mit Leberfunktionsst\u00f6rung kann eine Dosisanpassung erforderlich sein.<\/p>\n<p data-start=\"1753\" data-end=\"1964\"><strong data-start=\"1753\" data-end=\"1776\">Kontraindikationen:<\/strong><br data-start=\"1776\" data-end=\"1779\" \/>\u00dcberempfindlichkeit gegen Bromazepam oder andere Benzodiazepine.<br data-start=\"1843\" data-end=\"1846\" \/>Schwere respiratorische Insuffizienz, Schlafapnoe-Syndrom oder schwere Leberinsuffizienz.<br data-start=\"1935\" data-end=\"1938\" \/>Akutes Engwinkelglaukom.<\/p>\n<p data-start=\"1966\" data-end=\"2183\"><strong data-start=\"1966\" data-end=\"1985\">Nebenwirkungen:<\/strong><br data-start=\"1985\" data-end=\"1988\" \/>Schl\u00e4frigkeit, M\u00fcdigkeit<br data-start=\"2012\" data-end=\"2015\" \/>Schwindel oder Koordinationsst\u00f6rungen<br data-start=\"2052\" data-end=\"2055\" \/>Leichte gastrointestinale Beschwerden<br data-start=\"2092\" data-end=\"2095\" \/>Selten: paradoxe Reaktionen, allergische Reaktion, Abh\u00e4ngigkeit bei l\u00e4ngerer Anwendung<\/p>\n<p data-start=\"2185\" data-end=\"2418\"><strong data-start=\"2185\" data-end=\"2206\">Wechselwirkungen:<\/strong><br data-start=\"2206\" data-end=\"2209\" \/>Kann die sedierende Wirkung von Alkohol, Opioiden oder anderen ZNS-d\u00e4mpfenden Arzneimitteln verst\u00e4rken.<br data-start=\"2312\" data-end=\"2315\" \/>Vorsicht bei gleichzeitiger Anwendung anderer Arzneimittel mit Wirkung auf das zentrale Nervensystem.<\/p>\n<p data-start=\"2420\" data-end=\"2555\" data-is-last-node=\"\" data-is-only-node=\"\"><strong data-start=\"2420\" data-end=\"2433\">Lagerung:<\/strong><br data-start=\"2433\" data-end=\"2436\" \/>Bei Raumtemperatur lagern, vor Licht sch\u00fctzen.<br data-start=\"2482\" data-end=\"2485\" \/>Die Flasche fest verschlossen und f\u00fcr Kinder unzug\u00e4nglich aufbewahren.<\/p>\n<\/div>\n<\/div>\n<\/div>\n<\/div>\n<div class=\"z-0 flex min-h-[46px] justify-start\"><\/div>\n<div class=\"mt-3 w-full empty:hidden\">\n<div class=\"text-center\"><\/div>\n<\/div>\n<\/div>\n<\/div>\n<\/article>\n<\/div>\n<div class=\"pointer-events-none h-px w-px absolute bottom-0\" aria-hidden=\"true\" data-edge=\"true\"><\/div>\n<div id=\"gtx-trans\" style=\"position: absolute; left: 165px; top: 34px;\">\n<div class=\"gtx-trans-icon\"><\/div>\n<\/div>\n","protected":false},"excerpt":{"rendered":"<p>Psychodal orale Tropfen 30 ml Wirkstoff:Bromazepam 1 mg\/ml Indikationen:Anwendung zur kurzfristigen Behandlung von:Angstst\u00f6rungenSpannungszust\u00e4nden und UnruheSchlafst\u00f6rungen im Zusammenhang mit Angst Dosierung:Erwachsene: 2\u20134 ml (2\u20134 mg) 2\u20133-mal t\u00e4glich oder gem\u00e4\u00df \u00e4rztlicher Verordnung.Bei \u00e4lteren Patienten oder Patienten mit Leberfunktionsst\u00f6rung kann eine Dosisanpassung erforderlich sein. Kontraindikationen:\u00dcberempfindlichkeit gegen Bromazepam oder andere Benzodiazepine.Schwere respiratorische Insuffizienz, Schlafapnoe-Syndrom oder schwere Leberinsuffizienz.Akutes Engwinkelglaukom. Nebenwirkungen:Schl\u00e4frigkeit,&#8230;<\/p>\n","protected":false},"featured_media":10482,"comment_status":"open","ping_status":"closed","template":"","meta":{"rs_blank_template":"","rs_page_bg_color":"","slide_template_v7":"","_bst_post_transparent":"default","_bst_post_title":"","_bst_post_layout":"default","_bst_post_sidebar_id":"","_bst_post_content_style":"default","_bst_post_vertical_padding":"default","_bst_post_feature":"","_bst_post_feature_position":"","_bst_post_header":false,"_bst_post_footer":false},"product_brand":[],"product_cat":[217,277,361],"product_tag":[],"product_brands":[],"class_list":{"0":"post-10483","1":"product","2":"type-product","3":"status-publish","4":"has-post-thumbnail","6":"product_cat-medicines","7":"product_cat-nervous-system-medications","8":"product_cat-oral-drops","10":"first","11":"instock","12":"shipping-taxable","13":"purchasable","14":"product-type-simple","15":"entry","16":"content-bg","17":"loop-entry"},"_links":{"self":[{"href":"https:\/\/nawarpharmacy.com\/de\/wp-json\/wp\/v2\/product\/10483","targetHints":{"allow":["GET"]}}],"collection":[{"href":"https:\/\/nawarpharmacy.com\/de\/wp-json\/wp\/v2\/product"}],"about":[{"href":"https:\/\/nawarpharmacy.com\/de\/wp-json\/wp\/v2\/types\/product"}],"replies":[{"embeddable":true,"href":"https:\/\/nawarpharmacy.com\/de\/wp-json\/wp\/v2\/comments?post=10483"}],"wp:featuredmedia":[{"embeddable":true,"href":"https:\/\/nawarpharmacy.com\/de\/wp-json\/wp\/v2\/media\/10482"}],"wp:attachment":[{"href":"https:\/\/nawarpharmacy.com\/de\/wp-json\/wp\/v2\/media?parent=10483"}],"wp:term":[{"taxonomy":"product_brand","embeddable":true,"href":"https:\/\/nawarpharmacy.com\/de\/wp-json\/wp\/v2\/product_brand?post=10483"},{"taxonomy":"product_cat","embeddable":true,"href":"https:\/\/nawarpharmacy.com\/de\/wp-json\/wp\/v2\/product_cat?post=10483"},{"taxonomy":"product_tag","embeddable":true,"href":"https:\/\/nawarpharmacy.com\/de\/wp-json\/wp\/v2\/product_tag?post=10483"},{"taxonomy":"product_brands","embeddable":true,"href":"https:\/\/nawarpharmacy.com\/de\/wp-json\/wp\/v2\/product_brands?post=10483"}],"curies":[{"name":"wp","href":"https:\/\/api.w.org\/{rel}","templated":true}]}}