{"id":10478,"date":"2025-11-20T13:09:53","date_gmt":"2025-11-20T13:09:53","guid":{"rendered":"https:\/\/nawarpharmacy.com\/?post_type=product&#038;p=10478"},"modified":"2026-02-26T21:40:08","modified_gmt":"2026-02-26T21:40:08","slug":"simethicone-2-oral-drops-30ml","status":"publish","type":"product","link":"https:\/\/nawarpharmacy.com\/de\/produkt\/simethicone-2-oral-drops-30ml\/","title":{"rendered":"Simeticon 2% orale Tropfen 30 ml"},"content":{"rendered":"<div class=\"flex flex-col text-sm pb-25\">\n<article class=\"text-token-text-primary w-full focus:outline-none [--shadow-height:45px] has-data-writing-block:pointer-events-none has-data-writing-block:-mt-(--shadow-height) has-data-writing-block:pt-(--shadow-height) [&amp;:has([data-writing-block])&gt;*]:pointer-events-auto scroll-mt-[calc(var(--header-height)+min(200px,max(70px,20svh)))]\" dir=\"auto\" tabindex=\"-1\" data-turn-id=\"request-WEB:1fb551c8-723f-4635-af76-1761af7fc3f6-45\" data-testid=\"conversation-turn-92\" data-scroll-anchor=\"true\" data-turn=\"assistant\">\n<div class=\"text-base my-auto mx-auto pb-10 [--thread-content-margin:--spacing(4)] @w-sm\/main:[--thread-content-margin:--spacing(6)] @w-lg\/main:[--thread-content-margin:--spacing(16)] px-(--thread-content-margin)\">\n<div class=\"[--thread-content-max-width:40rem] @w-lg\/main:[--thread-content-max-width:48rem] mx-auto max-w-(--thread-content-max-width) flex-1 group\/turn-messages focus-visible:outline-hidden relative flex w-full min-w-0 flex-col agent-turn\" tabindex=\"-1\">\n<div class=\"flex max-w-full flex-col grow\">\n<div class=\"min-h-8 text-message relative flex w-full flex-col items-end gap-2 text-start break-words whitespace-normal [.text-message+&amp;]:mt-1\" dir=\"auto\" data-message-author-role=\"assistant\" data-message-id=\"304deb0f-9e6e-469f-8821-c4752064ccd8\" data-message-model-slug=\"gpt-5-2\">\n<div class=\"flex w-full flex-col gap-1 empty:hidden first:pt-[1px]\">\n<div class=\"markdown prose dark:prose-invert w-full wrap-break-word dark markdown-new-styling\">\n<p data-start=\"1114\" data-end=\"1152\"><strong data-start=\"1114\" data-end=\"1150\">Simeticon 2% orale Tropfen 30 ml<\/strong><\/p>\n<p data-start=\"1154\" data-end=\"1192\"><strong data-start=\"1154\" data-end=\"1168\">Wirkstoff:<\/strong><br data-start=\"1168\" data-end=\"1171\" \/>Simeticon 2 % (m\/V)<\/p>\n<p data-start=\"1194\" data-end=\"1404\"><strong data-start=\"1194\" data-end=\"1211\">Indikationen:<\/strong><br data-start=\"1211\" data-end=\"1214\" \/>Anwendung zur:<br data-start=\"1228\" data-end=\"1231\" \/>Linderung von S\u00e4uglings- und Kinderkoliken<br data-start=\"1273\" data-end=\"1276\" \/>Reduktion \u00fcberm\u00e4\u00dfiger Gasbildung (Flatulenz) im Gastrointestinaltrakt<br data-start=\"1345\" data-end=\"1348\" \/>Verringerung von Bl\u00e4hungen und gasbedingtem Unwohlsein<\/p>\n<p data-start=\"1406\" data-end=\"1703\"><strong data-start=\"1406\" data-end=\"1420\">Dosierung:<\/strong><br data-start=\"1420\" data-end=\"1423\" \/><strong data-start=\"1423\" data-end=\"1437\">S\u00e4uglinge:<\/strong> 0,3\u20130,5 ml nach den Mahlzeiten und vor dem Schlafengehen oder nach \u00e4rztlicher Anweisung.<br data-start=\"1526\" data-end=\"1529\" \/><strong data-start=\"1529\" data-end=\"1540\">Kinder:<\/strong> 0,5\u20131 ml nach den Mahlzeiten und vor dem Schlafengehen oder gem\u00e4\u00df \u00e4rztlicher Verordnung.<br data-start=\"1629\" data-end=\"1632\" \/>Vor Gebrauch gut sch\u00fctteln und mit einer oralen Pipette verabreichen.<\/p>\n<p data-start=\"1705\" data-end=\"1824\"><strong data-start=\"1705\" data-end=\"1728\">Kontraindikationen:<\/strong><br data-start=\"1728\" data-end=\"1731\" \/>\u00dcberempfindlichkeit gegen Simeticon oder einen der sonstigen Bestandteile der Formulierung.<\/p>\n<p data-start=\"1826\" data-end=\"1954\"><strong data-start=\"1826\" data-end=\"1845\">Nebenwirkungen:<\/strong><br data-start=\"1845\" data-end=\"1848\" \/>Im Allgemeinen gut vertr\u00e4glich<br data-start=\"1878\" data-end=\"1881\" \/>Selten: leichte gastrointestinale Beschwerden oder allergische Reaktion<\/p>\n<p data-start=\"1956\" data-end=\"2045\"><strong data-start=\"1956\" data-end=\"1977\">Wechselwirkungen:<\/strong><br data-start=\"1977\" data-end=\"1980\" \/>Keine klinisch relevanten Arzneimittelwechselwirkungen bekannt.<\/p>\n<p data-start=\"2047\" data-end=\"2192\" data-is-last-node=\"\" data-is-only-node=\"\"><strong data-start=\"2047\" data-end=\"2060\">Lagerung:<\/strong><br data-start=\"2060\" data-end=\"2063\" \/>Bei Raumtemperatur lagern, vor Hitze und Licht sch\u00fctzen.<br data-start=\"2119\" data-end=\"2122\" \/>Die Flasche fest verschlossen und f\u00fcr Kinder unzug\u00e4nglich aufbewahren.<\/p>\n<\/div>\n<\/div>\n<\/div>\n<\/div>\n<div class=\"z-0 flex min-h-[46px] justify-start\"><\/div>\n<div class=\"mt-3 w-full empty:hidden\">\n<div class=\"text-center\"><\/div>\n<\/div>\n<\/div>\n<\/div>\n<\/article>\n<\/div>\n<div class=\"pointer-events-none h-px w-px absolute bottom-0\" aria-hidden=\"true\" data-edge=\"true\"><\/div>\n<div id=\"gtx-trans\" style=\"position: absolute; left: 225px; top: -17px;\">\n<div class=\"gtx-trans-icon\"><\/div>\n<\/div>\n","protected":false},"excerpt":{"rendered":"<p>Simeticon 2% orale Tropfen 30 ml Wirkstoff:Simeticon 2 % (m\/V) Indikationen:Anwendung zur:Linderung von S\u00e4uglings- und KinderkolikenReduktion \u00fcberm\u00e4\u00dfiger Gasbildung (Flatulenz) im GastrointestinaltraktVerringerung von Bl\u00e4hungen und gasbedingtem Unwohlsein Dosierung:S\u00e4uglinge: 0,3\u20130,5 ml nach den Mahlzeiten und vor dem Schlafengehen oder nach \u00e4rztlicher Anweisung.Kinder: 0,5\u20131 ml nach den Mahlzeiten und vor dem Schlafengehen oder gem\u00e4\u00df \u00e4rztlicher Verordnung.Vor Gebrauch gut&#8230;<\/p>\n","protected":false},"featured_media":10477,"comment_status":"open","ping_status":"closed","template":"","meta":{"rs_blank_template":"","rs_page_bg_color":"","slide_template_v7":"","_bst_post_transparent":"default","_bst_post_title":"","_bst_post_layout":"default","_bst_post_sidebar_id":"","_bst_post_content_style":"default","_bst_post_vertical_padding":"default","_bst_post_feature":"","_bst_post_feature_position":"","_bst_post_header":false,"_bst_post_footer":false},"product_brand":[],"product_cat":[261,217,361,225],"product_tag":[],"product_brands":[],"class_list":{"0":"post-10478","1":"product","2":"type-product","3":"status-publish","4":"has-post-thumbnail","6":"product_cat-anti-spasmodics","7":"product_cat-medicines","8":"product_cat-oral-drops","9":"product_cat-digestive-gastrointestinal-treatments","11":"first","12":"instock","13":"shipping-taxable","14":"purchasable","15":"product-type-simple","16":"entry","17":"content-bg","18":"loop-entry"},"_links":{"self":[{"href":"https:\/\/nawarpharmacy.com\/de\/wp-json\/wp\/v2\/product\/10478","targetHints":{"allow":["GET"]}}],"collection":[{"href":"https:\/\/nawarpharmacy.com\/de\/wp-json\/wp\/v2\/product"}],"about":[{"href":"https:\/\/nawarpharmacy.com\/de\/wp-json\/wp\/v2\/types\/product"}],"replies":[{"embeddable":true,"href":"https:\/\/nawarpharmacy.com\/de\/wp-json\/wp\/v2\/comments?post=10478"}],"wp:featuredmedia":[{"embeddable":true,"href":"https:\/\/nawarpharmacy.com\/de\/wp-json\/wp\/v2\/media\/10477"}],"wp:attachment":[{"href":"https:\/\/nawarpharmacy.com\/de\/wp-json\/wp\/v2\/media?parent=10478"}],"wp:term":[{"taxonomy":"product_brand","embeddable":true,"href":"https:\/\/nawarpharmacy.com\/de\/wp-json\/wp\/v2\/product_brand?post=10478"},{"taxonomy":"product_cat","embeddable":true,"href":"https:\/\/nawarpharmacy.com\/de\/wp-json\/wp\/v2\/product_cat?post=10478"},{"taxonomy":"product_tag","embeddable":true,"href":"https:\/\/nawarpharmacy.com\/de\/wp-json\/wp\/v2\/product_tag?post=10478"},{"taxonomy":"product_brands","embeddable":true,"href":"https:\/\/nawarpharmacy.com\/de\/wp-json\/wp\/v2\/product_brands?post=10478"}],"curies":[{"name":"wp","href":"https:\/\/api.w.org\/{rel}","templated":true}]}}