{"id":10460,"date":"2025-11-20T13:22:19","date_gmt":"2025-11-20T13:22:19","guid":{"rendered":"https:\/\/nawarpharmacy.com\/?post_type=product&#038;p=10460"},"modified":"2026-02-26T21:36:09","modified_gmt":"2026-02-26T21:36:09","slug":"sinomarin-mini-nasal-spray-30ml","status":"publish","type":"product","link":"https:\/\/nawarpharmacy.com\/de\/produkt\/sinomarin-mini-nasal-spray-30ml\/","title":{"rendered":"Sinomarin Mini Nasenspray 30 ml"},"content":{"rendered":"<div class=\"flex flex-col text-sm pb-25\">\n<article class=\"text-token-text-primary w-full focus:outline-none [--shadow-height:45px] has-data-writing-block:pointer-events-none has-data-writing-block:-mt-(--shadow-height) has-data-writing-block:pt-(--shadow-height) [&amp;:has([data-writing-block])&gt;*]:pointer-events-auto scroll-mt-[calc(var(--header-height)+min(200px,max(70px,20svh)))]\" dir=\"auto\" tabindex=\"-1\" data-turn-id=\"request-WEB:1fb551c8-723f-4635-af76-1761af7fc3f6-41\" data-testid=\"conversation-turn-84\" data-scroll-anchor=\"true\" data-turn=\"assistant\">\n<div class=\"text-base my-auto mx-auto pb-10 [--thread-content-margin:--spacing(4)] @w-sm\/main:[--thread-content-margin:--spacing(6)] @w-lg\/main:[--thread-content-margin:--spacing(16)] px-(--thread-content-margin)\">\n<div class=\"[--thread-content-max-width:40rem] @w-lg\/main:[--thread-content-max-width:48rem] mx-auto max-w-(--thread-content-max-width) flex-1 group\/turn-messages focus-visible:outline-hidden relative flex w-full min-w-0 flex-col agent-turn\" tabindex=\"-1\">\n<div class=\"flex max-w-full flex-col grow\">\n<div class=\"min-h-8 text-message relative flex w-full flex-col items-end gap-2 text-start break-words whitespace-normal [.text-message+&amp;]:mt-1\" dir=\"auto\" data-message-author-role=\"assistant\" data-message-id=\"7383c6a9-a372-4ae2-a9d6-40218b0943a3\" data-message-model-slug=\"gpt-5-2\">\n<div class=\"flex w-full flex-col gap-1 empty:hidden first:pt-[1px]\">\n<div class=\"markdown prose dark:prose-invert w-full wrap-break-word dark markdown-new-styling\">\n<p data-start=\"1166\" data-end=\"1203\"><strong data-start=\"1166\" data-end=\"1201\">Sinomarin Mini Nasenspray 30 ml<\/strong><\/p>\n<p data-start=\"1205\" data-end=\"1260\"><strong data-start=\"1205\" data-end=\"1219\">Wirkstoff:<\/strong><br data-start=\"1219\" data-end=\"1222\" \/>Hypertonische Meerwasserl\u00f6sung 2,3 %<\/p>\n<p data-start=\"1262\" data-end=\"1497\"><strong data-start=\"1262\" data-end=\"1279\">Indikationen:<\/strong><br data-start=\"1279\" data-end=\"1282\" \/>Anwendung zur:<br data-start=\"1296\" data-end=\"1299\" \/>Sanften Nasenreinigung bei S\u00e4uglingen und Kleinkindern<br data-start=\"1353\" data-end=\"1356\" \/>Linderung von Nasenverstopfung<br data-start=\"1386\" data-end=\"1389\" \/>Unterst\u00fctzung einer gesunden Nasenschleimhaut<br data-start=\"1434\" data-end=\"1437\" \/>Allergischer Rhinitis oder leichter Nebenh\u00f6hlenverstopfung<\/p>\n<p data-start=\"1499\" data-end=\"1696\"><strong data-start=\"1499\" data-end=\"1513\">Dosierung:<\/strong><br data-start=\"1513\" data-end=\"1516\" \/><strong data-start=\"1516\" data-end=\"1541\">S\u00e4uglinge und Kinder:<\/strong> 1\u20132 Spr\u00fchst\u00f6\u00dfe in jedes Nasenloch 1\u20133-mal t\u00e4glich oder nach \u00e4rztlicher Anweisung.<br data-start=\"1623\" data-end=\"1626\" \/>F\u00fcr kleine Nasen entwickelt und f\u00fcr die t\u00e4gliche Anwendung geeignet.<\/p>\n<p data-start=\"1698\" data-end=\"1781\"><strong data-start=\"1698\" data-end=\"1721\">Kontraindikationen:<\/strong><br data-start=\"1721\" data-end=\"1724\" \/>\u00dcberempfindlichkeit gegen Bestandteile des Meerwassers.<\/p>\n<p data-start=\"1783\" data-end=\"1914\"><strong data-start=\"1783\" data-end=\"1802\">Nebenwirkungen:<\/strong><br data-start=\"1802\" data-end=\"1805\" \/>Leichte vor\u00fcbergehende nasale Reizung<br data-start=\"1842\" data-end=\"1845\" \/>Vor\u00fcbergehendes Stechen oder Brennen<br data-start=\"1881\" data-end=\"1884\" \/>Selten: allergische Reaktion<\/p>\n<p data-start=\"1916\" data-end=\"2074\"><strong data-start=\"1916\" data-end=\"1937\">Wechselwirkungen:<\/strong><br data-start=\"1937\" data-end=\"1940\" \/>Keine klinisch relevanten Wechselwirkungen bekannt.<br data-start=\"1991\" data-end=\"1994\" \/>Sicher in Kombination mit den meisten p\u00e4diatrischen Nasenpr\u00e4paraten anwendbar.<\/p>\n<p data-start=\"2076\" data-end=\"2209\" data-is-last-node=\"\" data-is-only-node=\"\"><strong data-start=\"2076\" data-end=\"2089\">Lagerung:<\/strong><br data-start=\"2089\" data-end=\"2092\" \/>Bei Raumtemperatur lagern, vor direkter Hitze und Sonneneinstrahlung sch\u00fctzen.<br data-start=\"2170\" data-end=\"2173\" \/>F\u00fcr Kinder unzug\u00e4nglich aufbewahren.<\/p>\n<\/div>\n<\/div>\n<\/div>\n<\/div>\n<div class=\"z-0 flex min-h-[46px] justify-start\"><\/div>\n<div class=\"mt-3 w-full empty:hidden\">\n<div class=\"text-center\"><\/div>\n<\/div>\n<\/div>\n<\/div>\n<\/article>\n<\/div>\n<div class=\"pointer-events-none h-px w-px absolute bottom-0\" aria-hidden=\"true\" data-edge=\"true\"><\/div>\n<div id=\"gtx-trans\" style=\"position: absolute; left: 215px; top: -17px;\">\n<div class=\"gtx-trans-icon\"><\/div>\n<\/div>\n","protected":false},"excerpt":{"rendered":"<p>Sinomarin Mini Nasenspray 30 ml Wirkstoff:Hypertonische Meerwasserl\u00f6sung 2,3 % Indikationen:Anwendung zur:Sanften Nasenreinigung bei S\u00e4uglingen und KleinkindernLinderung von NasenverstopfungUnterst\u00fctzung einer gesunden NasenschleimhautAllergischer Rhinitis oder leichter Nebenh\u00f6hlenverstopfung Dosierung:S\u00e4uglinge und Kinder: 1\u20132 Spr\u00fchst\u00f6\u00dfe in jedes Nasenloch 1\u20133-mal t\u00e4glich oder nach \u00e4rztlicher Anweisung.F\u00fcr kleine Nasen entwickelt und f\u00fcr die t\u00e4gliche Anwendung geeignet. Kontraindikationen:\u00dcberempfindlichkeit gegen Bestandteile des Meerwassers. Nebenwirkungen:Leichte vor\u00fcbergehende&#8230;<\/p>\n","protected":false},"featured_media":10459,"comment_status":"open","ping_status":"closed","template":"","meta":{"rs_blank_template":"","rs_page_bg_color":"","slide_template_v7":"","_bst_post_transparent":"default","_bst_post_title":"","_bst_post_layout":"default","_bst_post_sidebar_id":"","_bst_post_content_style":"default","_bst_post_vertical_padding":"default","_bst_post_feature":"","_bst_post_feature_position":"","_bst_post_header":false,"_bst_post_footer":false},"product_brand":[],"product_cat":[235,351,217,373,251],"product_tag":[],"product_brands":[],"class_list":{"0":"post-10460","1":"product","2":"type-product","3":"status-publish","4":"has-post-thumbnail","6":"product_cat-respiratory-asthma-treatments","7":"product_cat-medical-forms","8":"product_cat-medicines","9":"product_cat-nasal-spray","10":"product_cat-nasal-decongestant","12":"first","13":"instock","14":"shipping-taxable","15":"purchasable","16":"product-type-simple","17":"entry","18":"content-bg","19":"loop-entry"},"_links":{"self":[{"href":"https:\/\/nawarpharmacy.com\/de\/wp-json\/wp\/v2\/product\/10460","targetHints":{"allow":["GET"]}}],"collection":[{"href":"https:\/\/nawarpharmacy.com\/de\/wp-json\/wp\/v2\/product"}],"about":[{"href":"https:\/\/nawarpharmacy.com\/de\/wp-json\/wp\/v2\/types\/product"}],"replies":[{"embeddable":true,"href":"https:\/\/nawarpharmacy.com\/de\/wp-json\/wp\/v2\/comments?post=10460"}],"wp:featuredmedia":[{"embeddable":true,"href":"https:\/\/nawarpharmacy.com\/de\/wp-json\/wp\/v2\/media\/10459"}],"wp:attachment":[{"href":"https:\/\/nawarpharmacy.com\/de\/wp-json\/wp\/v2\/media?parent=10460"}],"wp:term":[{"taxonomy":"product_brand","embeddable":true,"href":"https:\/\/nawarpharmacy.com\/de\/wp-json\/wp\/v2\/product_brand?post=10460"},{"taxonomy":"product_cat","embeddable":true,"href":"https:\/\/nawarpharmacy.com\/de\/wp-json\/wp\/v2\/product_cat?post=10460"},{"taxonomy":"product_tag","embeddable":true,"href":"https:\/\/nawarpharmacy.com\/de\/wp-json\/wp\/v2\/product_tag?post=10460"},{"taxonomy":"product_brands","embeddable":true,"href":"https:\/\/nawarpharmacy.com\/de\/wp-json\/wp\/v2\/product_brands?post=10460"}],"curies":[{"name":"wp","href":"https:\/\/api.w.org\/{rel}","templated":true}]}}