{"id":10456,"date":"2025-11-20T13:22:30","date_gmt":"2025-11-20T13:22:30","guid":{"rendered":"https:\/\/nawarpharmacy.com\/?post_type=product&#038;p=10456"},"modified":"2026-02-26T21:35:14","modified_gmt":"2026-02-26T21:35:14","slug":"sinomarin-children-nasal-spray-100ml","status":"publish","type":"product","link":"https:\/\/nawarpharmacy.com\/de\/produkt\/sinomarin-children-nasal-spray-100ml\/","title":{"rendered":"Sinomarin Kinder Nasenspray 100 ml"},"content":{"rendered":"<article class=\"text-token-text-primary w-full focus:outline-none [--shadow-height:45px] has-data-writing-block:pointer-events-none has-data-writing-block:-mt-(--shadow-height) has-data-writing-block:pt-(--shadow-height) [&amp;:has([data-writing-block])&gt;*]:pointer-events-auto [content-visibility:auto] supports-[content-visibility:auto]:[contain-intrinsic-size:auto_100lvh] scroll-mt-[calc(var(--header-height)+min(200px,max(70px,20svh)))]\" dir=\"auto\" data-turn-id=\"request-691b06b7-6218-832d-8a14-33a40741db89-22\" data-testid=\"conversation-turn-248\" data-scroll-anchor=\"true\" data-turn=\"assistant\">\n<div class=\"text-base my-auto mx-auto pb-10 [--thread-content-margin:--spacing(4)] thread-sm:[--thread-content-margin:--spacing(6)] thread-lg:[--thread-content-margin:--spacing(16)] px-(--thread-content-margin)\">\n<div class=\"[--thread-content-max-width:40rem] thread-lg:[--thread-content-max-width:48rem] mx-auto max-w-(--thread-content-max-width) flex-1 group\/turn-messages focus-visible:outline-hidden relative flex w-full min-w-0 flex-col agent-turn\">\n<div class=\"flex max-w-full flex-col grow\">\n<div class=\"min-h-8 text-message relative flex w-full flex-col items-end gap-2 text-start break-words whitespace-normal [.text-message+&amp;]:mt-1\" dir=\"auto\" data-message-author-role=\"assistant\" data-message-id=\"fbfb8df0-519f-4f38-9ee5-293f61cf5e8c\" data-message-model-slug=\"gpt-5-mini\">\n<div class=\"flex w-full flex-col gap-1 empty:hidden first:pt-[1px]\">\n<div class=\"markdown prose dark:prose-invert w-full break-words light markdown-new-styling\">\n<div class=\"flex flex-col text-sm pb-25\">\n<article class=\"text-token-text-primary w-full focus:outline-none [--shadow-height:45px] has-data-writing-block:pointer-events-none has-data-writing-block:-mt-(--shadow-height) has-data-writing-block:pt-(--shadow-height) [&amp;:has([data-writing-block])&gt;*]:pointer-events-auto scroll-mt-[calc(var(--header-height)+min(200px,max(70px,20svh)))]\" dir=\"auto\" tabindex=\"-1\" data-turn-id=\"request-WEB:1fb551c8-723f-4635-af76-1761af7fc3f6-40\" data-testid=\"conversation-turn-82\" data-scroll-anchor=\"true\" data-turn=\"assistant\">\n<div class=\"text-base my-auto mx-auto pb-10 [--thread-content-margin:--spacing(4)] @w-sm\/main:[--thread-content-margin:--spacing(6)] @w-lg\/main:[--thread-content-margin:--spacing(16)] px-(--thread-content-margin)\">\n<div class=\"[--thread-content-max-width:40rem] @w-lg\/main:[--thread-content-max-width:48rem] mx-auto max-w-(--thread-content-max-width) flex-1 group\/turn-messages focus-visible:outline-hidden relative flex w-full min-w-0 flex-col agent-turn\" tabindex=\"-1\">\n<div class=\"flex max-w-full flex-col grow\">\n<div class=\"min-h-8 text-message relative flex w-full flex-col items-end gap-2 text-start break-words whitespace-normal [.text-message+&amp;]:mt-1\" dir=\"auto\" data-message-author-role=\"assistant\" data-message-id=\"67681c1f-b870-4ffe-89b5-16594f54fb8d\" data-message-model-slug=\"gpt-5-2\">\n<div class=\"flex w-full flex-col gap-1 empty:hidden first:pt-[1px]\">\n<div class=\"markdown prose dark:prose-invert w-full wrap-break-word dark markdown-new-styling\">\n<p data-start=\"1062\" data-end=\"1102\"><strong data-start=\"1062\" data-end=\"1100\">Sinomarin Kinder Nasenspray 100 ml<\/strong><\/p>\n<p data-start=\"1104\" data-end=\"1157\"><strong data-start=\"1104\" data-end=\"1118\">Wirkstoff:<\/strong><br data-start=\"1118\" data-end=\"1121\" \/>Isotonische Meerwasserl\u00f6sung 0,9 %<\/p>\n<p data-start=\"1159\" data-end=\"1371\"><strong data-start=\"1159\" data-end=\"1176\">Indikationen:<\/strong><br data-start=\"1176\" data-end=\"1179\" \/>Anwendung zur:<br data-start=\"1193\" data-end=\"1196\" \/>T\u00e4glichen Nasenhygiene bei Kindern<br data-start=\"1230\" data-end=\"1233\" \/>Linderung leichter Nasenverstopfung<br data-start=\"1268\" data-end=\"1271\" \/>Allergischer Rhinitis oder gereizter Nasenpassagen<br data-start=\"1321\" data-end=\"1324\" \/>Unterst\u00fctzung einer gesunden Nasenschleimhaut<\/p>\n<p data-start=\"1373\" data-end=\"1536\"><strong data-start=\"1373\" data-end=\"1387\">Dosierung:<\/strong><br data-start=\"1387\" data-end=\"1390\" \/><strong data-start=\"1390\" data-end=\"1401\">Kinder:<\/strong> 1\u20132 Spr\u00fchst\u00f6\u00dfe in jedes Nasenloch 1\u20133-mal t\u00e4glich oder nach \u00e4rztlicher Anweisung.<br data-start=\"1483\" data-end=\"1486\" \/>F\u00fcr die regelm\u00e4\u00dfige t\u00e4gliche Anwendung geeignet.<\/p>\n<p data-start=\"1538\" data-end=\"1621\"><strong data-start=\"1538\" data-end=\"1561\">Kontraindikationen:<\/strong><br data-start=\"1561\" data-end=\"1564\" \/>\u00dcberempfindlichkeit gegen Bestandteile des Meerwassers.<\/p>\n<p data-start=\"1623\" data-end=\"1729\"><strong data-start=\"1623\" data-end=\"1642\">Nebenwirkungen:<\/strong><br data-start=\"1642\" data-end=\"1645\" \/>Leichte nasale Reizung oder vor\u00fcbergehendes Brennen<br data-start=\"1696\" data-end=\"1699\" \/>Selten: allergische Reaktion<\/p>\n<p data-start=\"1731\" data-end=\"1885\"><strong data-start=\"1731\" data-end=\"1752\">Wechselwirkungen:<\/strong><br data-start=\"1752\" data-end=\"1755\" \/>Keine klinisch relevanten Wechselwirkungen bekannt.<br data-start=\"1806\" data-end=\"1809\" \/>Kann zusammen mit anderen p\u00e4diatrischen Nasenpr\u00e4paraten angewendet werden.<\/p>\n<p data-start=\"1887\" data-end=\"2004\" data-is-last-node=\"\" data-is-only-node=\"\"><strong data-start=\"1887\" data-end=\"1900\">Lagerung:<\/strong><br data-start=\"1900\" data-end=\"1903\" \/>Bei Raumtemperatur lagern, vor Hitze und Sonnenlicht sch\u00fctzen.<br data-start=\"1965\" data-end=\"1968\" \/>F\u00fcr Kinder unzug\u00e4nglich aufbewahren.<\/p>\n<\/div>\n<\/div>\n<\/div>\n<\/div>\n<div class=\"z-0 flex min-h-[46px] justify-start\"><\/div>\n<div class=\"mt-3 w-full empty:hidden\">\n<div class=\"text-center\"><\/div>\n<\/div>\n<\/div>\n<\/div>\n<\/article>\n<\/div>\n<div class=\"pointer-events-none h-px w-px absolute bottom-0\" aria-hidden=\"true\" data-edge=\"true\"><\/div>\n<\/div>\n<\/div>\n<\/div>\n<\/div>\n<\/div>\n<\/div>\n<\/article>\n<div id=\"gtx-trans\" style=\"position: absolute; left: 166px; top: 34px;\">\n<div class=\"gtx-trans-icon\"><\/div>\n<\/div>\n","protected":false},"excerpt":{"rendered":"<p>Sinomarin Kinder Nasenspray 100 ml Wirkstoff:Isotonische Meerwasserl\u00f6sung 0,9 % Indikationen:Anwendung zur:T\u00e4glichen Nasenhygiene bei KindernLinderung leichter NasenverstopfungAllergischer Rhinitis oder gereizter NasenpassagenUnterst\u00fctzung einer gesunden Nasenschleimhaut Dosierung:Kinder: 1\u20132 Spr\u00fchst\u00f6\u00dfe in jedes Nasenloch 1\u20133-mal t\u00e4glich oder nach \u00e4rztlicher Anweisung.F\u00fcr die regelm\u00e4\u00dfige t\u00e4gliche Anwendung geeignet. Kontraindikationen:\u00dcberempfindlichkeit gegen Bestandteile des Meerwassers. Nebenwirkungen:Leichte nasale Reizung oder vor\u00fcbergehendes BrennenSelten: allergische Reaktion Wechselwirkungen:Keine klinisch&#8230;<\/p>\n","protected":false},"featured_media":10455,"comment_status":"open","ping_status":"closed","template":"","meta":{"rs_blank_template":"","rs_page_bg_color":"","slide_template_v7":"","_bst_post_transparent":"default","_bst_post_title":"","_bst_post_layout":"default","_bst_post_sidebar_id":"","_bst_post_content_style":"default","_bst_post_vertical_padding":"default","_bst_post_feature":"","_bst_post_feature_position":"","_bst_post_header":false,"_bst_post_footer":false},"product_brand":[],"product_cat":[235,351,217,373,251],"product_tag":[],"product_brands":[],"class_list":{"0":"post-10456","1":"product","2":"type-product","3":"status-publish","4":"has-post-thumbnail","6":"product_cat-respiratory-asthma-treatments","7":"product_cat-medical-forms","8":"product_cat-medicines","9":"product_cat-nasal-spray","10":"product_cat-nasal-decongestant","12":"first","13":"instock","14":"shipping-taxable","15":"purchasable","16":"product-type-simple","17":"entry","18":"content-bg","19":"loop-entry"},"_links":{"self":[{"href":"https:\/\/nawarpharmacy.com\/de\/wp-json\/wp\/v2\/product\/10456","targetHints":{"allow":["GET"]}}],"collection":[{"href":"https:\/\/nawarpharmacy.com\/de\/wp-json\/wp\/v2\/product"}],"about":[{"href":"https:\/\/nawarpharmacy.com\/de\/wp-json\/wp\/v2\/types\/product"}],"replies":[{"embeddable":true,"href":"https:\/\/nawarpharmacy.com\/de\/wp-json\/wp\/v2\/comments?post=10456"}],"wp:featuredmedia":[{"embeddable":true,"href":"https:\/\/nawarpharmacy.com\/de\/wp-json\/wp\/v2\/media\/10455"}],"wp:attachment":[{"href":"https:\/\/nawarpharmacy.com\/de\/wp-json\/wp\/v2\/media?parent=10456"}],"wp:term":[{"taxonomy":"product_brand","embeddable":true,"href":"https:\/\/nawarpharmacy.com\/de\/wp-json\/wp\/v2\/product_brand?post=10456"},{"taxonomy":"product_cat","embeddable":true,"href":"https:\/\/nawarpharmacy.com\/de\/wp-json\/wp\/v2\/product_cat?post=10456"},{"taxonomy":"product_tag","embeddable":true,"href":"https:\/\/nawarpharmacy.com\/de\/wp-json\/wp\/v2\/product_tag?post=10456"},{"taxonomy":"product_brands","embeddable":true,"href":"https:\/\/nawarpharmacy.com\/de\/wp-json\/wp\/v2\/product_brands?post=10456"}],"curies":[{"name":"wp","href":"https:\/\/api.w.org\/{rel}","templated":true}]}}