{"id":10452,"date":"2025-11-20T13:24:27","date_gmt":"2025-11-20T13:24:27","guid":{"rendered":"https:\/\/nawarpharmacy.com\/?post_type=product&#038;p=10452"},"modified":"2026-02-26T21:32:47","modified_gmt":"2026-02-26T21:32:47","slug":"sinomarin-adult-nasal-spray-125ml","status":"publish","type":"product","link":"https:\/\/nawarpharmacy.com\/de\/produkt\/sinomarin-adult-nasal-spray-125ml\/","title":{"rendered":"Sinomarin Erwachsene Nasenspray 125 ml"},"content":{"rendered":"<div class=\"flex flex-col text-sm pb-25\">\n<article class=\"text-token-text-primary w-full focus:outline-none [--shadow-height:45px] has-data-writing-block:pointer-events-none has-data-writing-block:-mt-(--shadow-height) has-data-writing-block:pt-(--shadow-height) [&amp;:has([data-writing-block])&gt;*]:pointer-events-auto scroll-mt-[calc(var(--header-height)+min(200px,max(70px,20svh)))]\" dir=\"auto\" tabindex=\"-1\" data-turn-id=\"request-WEB:1fb551c8-723f-4635-af76-1761af7fc3f6-39\" data-testid=\"conversation-turn-80\" data-scroll-anchor=\"true\" data-turn=\"assistant\">\n<div class=\"text-base my-auto mx-auto pb-10 [--thread-content-margin:--spacing(4)] @w-sm\/main:[--thread-content-margin:--spacing(6)] @w-lg\/main:[--thread-content-margin:--spacing(16)] px-(--thread-content-margin)\">\n<div class=\"[--thread-content-max-width:40rem] @w-lg\/main:[--thread-content-max-width:48rem] mx-auto max-w-(--thread-content-max-width) flex-1 group\/turn-messages focus-visible:outline-hidden relative flex w-full min-w-0 flex-col agent-turn\" tabindex=\"-1\">\n<div class=\"flex max-w-full flex-col grow\">\n<div class=\"min-h-8 text-message relative flex w-full flex-col items-end gap-2 text-start break-words whitespace-normal [.text-message+&amp;]:mt-1\" dir=\"auto\" data-message-author-role=\"assistant\" data-message-id=\"4343cca0-6c92-45be-b145-73f4eab4679a\" data-message-model-slug=\"gpt-5-2\">\n<div class=\"flex w-full flex-col gap-1 empty:hidden first:pt-[1px]\">\n<div class=\"markdown prose dark:prose-invert w-full wrap-break-word dark markdown-new-styling\">\n<p data-start=\"1071\" data-end=\"1115\"><strong data-start=\"1071\" data-end=\"1113\">Sinomarin Erwachsene Nasenspray 125 ml<\/strong><\/p>\n<p data-start=\"1117\" data-end=\"1172\"><strong data-start=\"1117\" data-end=\"1131\">Wirkstoff:<\/strong><br data-start=\"1131\" data-end=\"1134\" \/>Hypertonische Meerwasserl\u00f6sung 2,3 %<\/p>\n<p data-start=\"1174\" data-end=\"1434\"><strong data-start=\"1174\" data-end=\"1191\">Indikationen:<\/strong><br data-start=\"1191\" data-end=\"1194\" \/>Anwendung zur:<br data-start=\"1208\" data-end=\"1211\" \/>Nasenreinigung und -hygiene bei Erwachsenen<br data-start=\"1254\" data-end=\"1257\" \/>Linderung von Nasenverstopfung bei Erk\u00e4ltung, Sinusitis oder allergischer Rhinitis<br data-start=\"1339\" data-end=\"1342\" \/>Befeuchtung und Schutz der Nasenschleimhaut<br data-start=\"1385\" data-end=\"1388\" \/>Unterst\u00fctzung der postoperativen Nasenpflege<\/p>\n<p data-start=\"1436\" data-end=\"1552\"><strong data-start=\"1436\" data-end=\"1450\">Dosierung:<\/strong><br data-start=\"1450\" data-end=\"1453\" \/><strong data-start=\"1453\" data-end=\"1468\">Erwachsene:<\/strong> 2\u20133 Spr\u00fchst\u00f6\u00dfe in jedes Nasenloch 1\u20133-mal t\u00e4glich oder nach \u00e4rztlicher Anweisung.<\/p>\n<p data-start=\"1554\" data-end=\"1637\"><strong data-start=\"1554\" data-end=\"1577\">Kontraindikationen:<\/strong><br data-start=\"1577\" data-end=\"1580\" \/>\u00dcberempfindlichkeit gegen Bestandteile des Meerwassers.<\/p>\n<p data-start=\"1639\" data-end=\"1745\"><strong data-start=\"1639\" data-end=\"1658\">Nebenwirkungen:<\/strong><br data-start=\"1658\" data-end=\"1661\" \/>Leichte nasale Reizung oder vor\u00fcbergehendes Stechen<br data-start=\"1712\" data-end=\"1715\" \/>Selten: allergische Reaktion<\/p>\n<p data-start=\"1747\" data-end=\"1899\"><strong data-start=\"1747\" data-end=\"1768\">Wechselwirkungen:<\/strong><br data-start=\"1768\" data-end=\"1771\" \/>Keine klinisch relevanten Wechselwirkungen bekannt.<br data-start=\"1822\" data-end=\"1825\" \/>Sicher in Kombination mit den meisten anderen Nasenpr\u00e4paraten anwendbar.<\/p>\n<p data-start=\"1901\" data-end=\"2034\" data-is-last-node=\"\" data-is-only-node=\"\"><strong data-start=\"1901\" data-end=\"1914\">Lagerung:<\/strong><br data-start=\"1914\" data-end=\"1917\" \/>Bei Raumtemperatur lagern, vor Hitze und direkter Sonneneinstrahlung sch\u00fctzen.<br data-start=\"1995\" data-end=\"1998\" \/>F\u00fcr Kinder unzug\u00e4nglich aufbewahren.<\/p>\n<\/div>\n<\/div>\n<\/div>\n<\/div>\n<div class=\"z-0 flex min-h-[46px] justify-start\"><\/div>\n<div class=\"mt-3 w-full empty:hidden\">\n<div class=\"text-center\"><\/div>\n<\/div>\n<\/div>\n<\/div>\n<\/article>\n<\/div>\n<div class=\"pointer-events-none h-px w-px absolute bottom-0\" aria-hidden=\"true\" data-edge=\"true\"><\/div>\n<div id=\"gtx-trans\" style=\"position: absolute; left: 205px; top: -17px;\">\n<div class=\"gtx-trans-icon\"><\/div>\n<\/div>\n","protected":false},"excerpt":{"rendered":"<p>Sinomarin Erwachsene Nasenspray 125 ml Wirkstoff:Hypertonische Meerwasserl\u00f6sung 2,3 % Indikationen:Anwendung zur:Nasenreinigung und -hygiene bei ErwachsenenLinderung von Nasenverstopfung bei Erk\u00e4ltung, Sinusitis oder allergischer RhinitisBefeuchtung und Schutz der NasenschleimhautUnterst\u00fctzung der postoperativen Nasenpflege Dosierung:Erwachsene: 2\u20133 Spr\u00fchst\u00f6\u00dfe in jedes Nasenloch 1\u20133-mal t\u00e4glich oder nach \u00e4rztlicher Anweisung. Kontraindikationen:\u00dcberempfindlichkeit gegen Bestandteile des Meerwassers. Nebenwirkungen:Leichte nasale Reizung oder vor\u00fcbergehendes StechenSelten: allergische Reaktion&#8230;<\/p>\n","protected":false},"featured_media":10451,"comment_status":"open","ping_status":"closed","template":"","meta":{"rs_blank_template":"","rs_page_bg_color":"","slide_template_v7":"","_bst_post_transparent":"default","_bst_post_title":"","_bst_post_layout":"default","_bst_post_sidebar_id":"","_bst_post_content_style":"default","_bst_post_vertical_padding":"default","_bst_post_feature":"","_bst_post_feature_position":"","_bst_post_header":false,"_bst_post_footer":false},"product_brand":[],"product_cat":[235,351,217,373,251],"product_tag":[],"product_brands":[],"class_list":{"0":"post-10452","1":"product","2":"type-product","3":"status-publish","4":"has-post-thumbnail","6":"product_cat-respiratory-asthma-treatments","7":"product_cat-medical-forms","8":"product_cat-medicines","9":"product_cat-nasal-spray","10":"product_cat-nasal-decongestant","12":"first","13":"instock","14":"shipping-taxable","15":"purchasable","16":"product-type-simple","17":"entry","18":"content-bg","19":"loop-entry"},"_links":{"self":[{"href":"https:\/\/nawarpharmacy.com\/de\/wp-json\/wp\/v2\/product\/10452","targetHints":{"allow":["GET"]}}],"collection":[{"href":"https:\/\/nawarpharmacy.com\/de\/wp-json\/wp\/v2\/product"}],"about":[{"href":"https:\/\/nawarpharmacy.com\/de\/wp-json\/wp\/v2\/types\/product"}],"replies":[{"embeddable":true,"href":"https:\/\/nawarpharmacy.com\/de\/wp-json\/wp\/v2\/comments?post=10452"}],"wp:featuredmedia":[{"embeddable":true,"href":"https:\/\/nawarpharmacy.com\/de\/wp-json\/wp\/v2\/media\/10451"}],"wp:attachment":[{"href":"https:\/\/nawarpharmacy.com\/de\/wp-json\/wp\/v2\/media?parent=10452"}],"wp:term":[{"taxonomy":"product_brand","embeddable":true,"href":"https:\/\/nawarpharmacy.com\/de\/wp-json\/wp\/v2\/product_brand?post=10452"},{"taxonomy":"product_cat","embeddable":true,"href":"https:\/\/nawarpharmacy.com\/de\/wp-json\/wp\/v2\/product_cat?post=10452"},{"taxonomy":"product_tag","embeddable":true,"href":"https:\/\/nawarpharmacy.com\/de\/wp-json\/wp\/v2\/product_tag?post=10452"},{"taxonomy":"product_brands","embeddable":true,"href":"https:\/\/nawarpharmacy.com\/de\/wp-json\/wp\/v2\/product_brands?post=10452"}],"curies":[{"name":"wp","href":"https:\/\/api.w.org\/{rel}","templated":true}]}}