{"id":10448,"date":"2025-11-20T13:38:12","date_gmt":"2025-11-20T13:38:12","guid":{"rendered":"https:\/\/nawarpharmacy.com\/?post_type=product&#038;p=10448"},"modified":"2026-02-26T21:31:08","modified_gmt":"2026-02-26T21:31:08","slug":"vapozol-solution-for-inhaler-30ml","status":"publish","type":"product","link":"https:\/\/nawarpharmacy.com\/de\/produkt\/vapozol-solution-for-inhaler-30ml\/","title":{"rendered":"Vapozol L\u00f6sung zur Inhalation 30 ml"},"content":{"rendered":"<article class=\"text-token-text-primary w-full focus:outline-none [--shadow-height:45px] has-data-writing-block:pointer-events-none has-data-writing-block:-mt-(--shadow-height) has-data-writing-block:pt-(--shadow-height) [&amp;:has([data-writing-block])&gt;*]:pointer-events-auto [content-visibility:auto] supports-[content-visibility:auto]:[contain-intrinsic-size:auto_100lvh] scroll-mt-[calc(var(--header-height)+min(200px,max(70px,20svh)))]\" dir=\"auto\" data-turn-id=\"request-691b06b7-6218-832d-8a14-33a40741db89-24\" data-testid=\"conversation-turn-252\" data-scroll-anchor=\"true\" data-turn=\"assistant\">\n<div class=\"text-base my-auto mx-auto pb-10 [--thread-content-margin:--spacing(4)] thread-sm:[--thread-content-margin:--spacing(6)] thread-lg:[--thread-content-margin:--spacing(16)] px-(--thread-content-margin)\">\n<div class=\"[--thread-content-max-width:40rem] thread-lg:[--thread-content-max-width:48rem] mx-auto max-w-(--thread-content-max-width) flex-1 group\/turn-messages focus-visible:outline-hidden relative flex w-full min-w-0 flex-col agent-turn\">\n<div class=\"flex max-w-full flex-col grow\">\n<div class=\"min-h-8 text-message relative flex w-full flex-col items-end gap-2 text-start break-words whitespace-normal [.text-message+&amp;]:mt-1\" dir=\"auto\" data-message-author-role=\"assistant\" data-message-id=\"c8e7f414-792e-43f0-8f66-d80a3b8feab1\" data-message-model-slug=\"gpt-5-mini\">\n<div class=\"flex w-full flex-col gap-1 empty:hidden first:pt-[1px]\">\n<div class=\"markdown prose dark:prose-invert w-full break-words light markdown-new-styling\">\n<div class=\"flex flex-col text-sm pb-25\">\n<article class=\"text-token-text-primary w-full focus:outline-none [--shadow-height:45px] has-data-writing-block:pointer-events-none has-data-writing-block:-mt-(--shadow-height) has-data-writing-block:pt-(--shadow-height) [&amp;:has([data-writing-block])&gt;*]:pointer-events-auto scroll-mt-[calc(var(--header-height)+min(200px,max(70px,20svh)))]\" dir=\"auto\" tabindex=\"-1\" data-turn-id=\"request-WEB:1fb551c8-723f-4635-af76-1761af7fc3f6-38\" data-testid=\"conversation-turn-78\" data-scroll-anchor=\"true\" data-turn=\"assistant\">\n<div class=\"text-base my-auto mx-auto pb-10 [--thread-content-margin:--spacing(4)] @w-sm\/main:[--thread-content-margin:--spacing(6)] @w-lg\/main:[--thread-content-margin:--spacing(16)] px-(--thread-content-margin)\">\n<div class=\"[--thread-content-max-width:40rem] @w-lg\/main:[--thread-content-max-width:48rem] mx-auto max-w-(--thread-content-max-width) flex-1 group\/turn-messages focus-visible:outline-hidden relative flex w-full min-w-0 flex-col agent-turn\" tabindex=\"-1\">\n<div class=\"flex max-w-full flex-col grow\">\n<div class=\"min-h-8 text-message relative flex w-full flex-col items-end gap-2 text-start break-words whitespace-normal [.text-message+&amp;]:mt-1\" dir=\"auto\" data-message-author-role=\"assistant\" data-message-id=\"29f3c5db-33b9-487f-8271-55c74e821d5d\" data-message-model-slug=\"gpt-5-2\">\n<div class=\"flex w-full flex-col gap-1 empty:hidden first:pt-[1px]\">\n<div class=\"markdown prose dark:prose-invert w-full wrap-break-word dark markdown-new-styling\">\n<p data-start=\"988\" data-end=\"1029\"><strong data-start=\"988\" data-end=\"1027\">Vapozol L\u00f6sung zur Inhalation 30 ml<\/strong><\/p>\n<p data-start=\"1031\" data-end=\"1097\"><strong data-start=\"1031\" data-end=\"1045\">Wirkstoff:<\/strong><br data-start=\"1045\" data-end=\"1048\" \/>Natriumchlorid 0,9 % (m\/V) \u2014 isotonische L\u00f6sung<\/p>\n<p data-start=\"1099\" data-end=\"1290\"><strong data-start=\"1099\" data-end=\"1116\">Indikationen:<\/strong><br data-start=\"1116\" data-end=\"1119\" \/>Anwendung zur:<br data-start=\"1133\" data-end=\"1136\" \/>Linderung von Nasenverstopfung<br data-start=\"1166\" data-end=\"1169\" \/>Befeuchtung und Reinigung der Nasenpassagen<br data-start=\"1212\" data-end=\"1215\" \/>Unterst\u00fctzung der Atemwegshygiene bei Erk\u00e4ltung, Sinusitis oder Allergien<\/p>\n<p data-start=\"1292\" data-end=\"1477\"><strong data-start=\"1292\" data-end=\"1306\">Dosierung:<\/strong><br data-start=\"1306\" data-end=\"1309\" \/><strong data-start=\"1309\" data-end=\"1335\">Erwachsene und Kinder:<\/strong> Nach \u00e4rztlicher Anweisung mit einem geeigneten Inhalationsger\u00e4t anwenden.<br data-start=\"1409\" data-end=\"1412\" \/>\u00dcblicherweise 1\u20132 Inhalationen pro Nasenloch, mehrmals t\u00e4glich.<\/p>\n<p data-start=\"1479\" data-end=\"1603\"><strong data-start=\"1479\" data-end=\"1502\">Kontraindikationen:<\/strong><br data-start=\"1502\" data-end=\"1505\" \/>\u00dcberempfindlichkeit gegen Natriumchlorid oder einen der sonstigen Bestandteile der Formulierung.<\/p>\n<p data-start=\"1605\" data-end=\"1695\"><strong data-start=\"1605\" data-end=\"1624\">Nebenwirkungen:<\/strong><br data-start=\"1624\" data-end=\"1627\" \/>Leichte nasale Reizung oder Stechen<br data-start=\"1662\" data-end=\"1665\" \/>Selten: allergische Reaktion<\/p>\n<p data-start=\"1697\" data-end=\"1774\"><strong data-start=\"1697\" data-end=\"1718\">Wechselwirkungen:<\/strong><br data-start=\"1718\" data-end=\"1721\" \/>Keine klinisch relevanten Wechselwirkungen bekannt.<\/p>\n<p data-start=\"1776\" data-end=\"1921\" data-is-last-node=\"\" data-is-only-node=\"\"><strong data-start=\"1776\" data-end=\"1789\">Lagerung:<\/strong><br data-start=\"1789\" data-end=\"1792\" \/>Bei Raumtemperatur lagern, vor W\u00e4rme und Licht sch\u00fctzen.<br data-start=\"1848\" data-end=\"1851\" \/>Die Flasche fest verschlossen und f\u00fcr Kinder unzug\u00e4nglich aufbewahren.<\/p>\n<\/div>\n<\/div>\n<\/div>\n<\/div>\n<div class=\"z-0 flex min-h-[46px] justify-start\"><\/div>\n<div class=\"mt-3 w-full empty:hidden\">\n<div class=\"text-center\"><\/div>\n<\/div>\n<\/div>\n<\/div>\n<\/article>\n<\/div>\n<div class=\"pointer-events-none h-px w-px absolute bottom-0\" aria-hidden=\"true\" data-edge=\"true\"><\/div>\n<\/div>\n<\/div>\n<\/div>\n<\/div>\n<\/div>\n<\/div>\n<\/article>\n<div id=\"gtx-trans\" style=\"position: absolute; left: 148px; top: 34px;\">\n<div class=\"gtx-trans-icon\"><\/div>\n<\/div>\n","protected":false},"excerpt":{"rendered":"<p>Vapozol L\u00f6sung zur Inhalation 30 ml Wirkstoff:Natriumchlorid 0,9 % (m\/V) \u2014 isotonische L\u00f6sung Indikationen:Anwendung zur:Linderung von NasenverstopfungBefeuchtung und Reinigung der NasenpassagenUnterst\u00fctzung der Atemwegshygiene bei Erk\u00e4ltung, Sinusitis oder Allergien Dosierung:Erwachsene und Kinder: Nach \u00e4rztlicher Anweisung mit einem geeigneten Inhalationsger\u00e4t anwenden.\u00dcblicherweise 1\u20132 Inhalationen pro Nasenloch, mehrmals t\u00e4glich. Kontraindikationen:\u00dcberempfindlichkeit gegen Natriumchlorid oder einen der sonstigen Bestandteile der Formulierung&#8230;.<\/p>\n","protected":false},"featured_media":10447,"comment_status":"open","ping_status":"closed","template":"","meta":{"rs_blank_template":"","rs_page_bg_color":"","slide_template_v7":"","_bst_post_transparent":"default","_bst_post_title":"","_bst_post_layout":"default","_bst_post_sidebar_id":"","_bst_post_content_style":"default","_bst_post_vertical_padding":"default","_bst_post_feature":"","_bst_post_feature_position":"","_bst_post_header":false,"_bst_post_footer":false},"product_brand":[],"product_cat":[235,351,217,251],"product_tag":[],"product_brands":[],"class_list":{"0":"post-10448","1":"product","2":"type-product","3":"status-publish","4":"has-post-thumbnail","6":"product_cat-respiratory-asthma-treatments","7":"product_cat-medical-forms","8":"product_cat-medicines","9":"product_cat-nasal-decongestant","11":"first","12":"instock","13":"shipping-taxable","14":"purchasable","15":"product-type-simple","16":"entry","17":"content-bg","18":"loop-entry"},"_links":{"self":[{"href":"https:\/\/nawarpharmacy.com\/de\/wp-json\/wp\/v2\/product\/10448","targetHints":{"allow":["GET"]}}],"collection":[{"href":"https:\/\/nawarpharmacy.com\/de\/wp-json\/wp\/v2\/product"}],"about":[{"href":"https:\/\/nawarpharmacy.com\/de\/wp-json\/wp\/v2\/types\/product"}],"replies":[{"embeddable":true,"href":"https:\/\/nawarpharmacy.com\/de\/wp-json\/wp\/v2\/comments?post=10448"}],"wp:featuredmedia":[{"embeddable":true,"href":"https:\/\/nawarpharmacy.com\/de\/wp-json\/wp\/v2\/media\/10447"}],"wp:attachment":[{"href":"https:\/\/nawarpharmacy.com\/de\/wp-json\/wp\/v2\/media?parent=10448"}],"wp:term":[{"taxonomy":"product_brand","embeddable":true,"href":"https:\/\/nawarpharmacy.com\/de\/wp-json\/wp\/v2\/product_brand?post=10448"},{"taxonomy":"product_cat","embeddable":true,"href":"https:\/\/nawarpharmacy.com\/de\/wp-json\/wp\/v2\/product_cat?post=10448"},{"taxonomy":"product_tag","embeddable":true,"href":"https:\/\/nawarpharmacy.com\/de\/wp-json\/wp\/v2\/product_tag?post=10448"},{"taxonomy":"product_brands","embeddable":true,"href":"https:\/\/nawarpharmacy.com\/de\/wp-json\/wp\/v2\/product_brands?post=10448"}],"curies":[{"name":"wp","href":"https:\/\/api.w.org\/{rel}","templated":true}]}}