{"id":10444,"date":"2025-11-20T13:43:01","date_gmt":"2025-11-20T13:43:01","guid":{"rendered":"https:\/\/nawarpharmacy.com\/?post_type=product&#038;p=10444"},"modified":"2026-02-26T21:29:47","modified_gmt":"2026-02-26T21:29:47","slug":"farcolin-solution-for-inhaler-20ml","status":"publish","type":"product","link":"https:\/\/nawarpharmacy.com\/de\/produkt\/farcolin-solution-for-inhaler-20ml\/","title":{"rendered":"Farcolin L\u00f6sung zur Inhalation 20 ml"},"content":{"rendered":"<div class=\"flex flex-col text-sm pb-25\">\n<article class=\"text-token-text-primary w-full focus:outline-none [--shadow-height:45px] has-data-writing-block:pointer-events-none has-data-writing-block:-mt-(--shadow-height) has-data-writing-block:pt-(--shadow-height) [&amp;:has([data-writing-block])&gt;*]:pointer-events-auto scroll-mt-[calc(var(--header-height)+min(200px,max(70px,20svh)))]\" dir=\"auto\" tabindex=\"-1\" data-turn-id=\"request-WEB:1fb551c8-723f-4635-af76-1761af7fc3f6-37\" data-testid=\"conversation-turn-76\" data-scroll-anchor=\"true\" data-turn=\"assistant\">\n<div class=\"text-base my-auto mx-auto pb-10 [--thread-content-margin:--spacing(4)] @w-sm\/main:[--thread-content-margin:--spacing(6)] @w-lg\/main:[--thread-content-margin:--spacing(16)] px-(--thread-content-margin)\">\n<div class=\"[--thread-content-max-width:40rem] @w-lg\/main:[--thread-content-max-width:48rem] mx-auto max-w-(--thread-content-max-width) flex-1 group\/turn-messages focus-visible:outline-hidden relative flex w-full min-w-0 flex-col agent-turn\" tabindex=\"-1\">\n<div class=\"flex max-w-full flex-col grow\">\n<div class=\"min-h-8 text-message relative flex w-full flex-col items-end gap-2 text-start break-words whitespace-normal [.text-message+&amp;]:mt-1\" dir=\"auto\" data-message-author-role=\"assistant\" data-message-id=\"11e479c0-a300-4a02-8439-4ed0758b3cab\" data-message-model-slug=\"gpt-5-2\">\n<div class=\"flex w-full flex-col gap-1 empty:hidden first:pt-[1px]\">\n<div class=\"markdown prose dark:prose-invert w-full wrap-break-word dark markdown-new-styling\">\n<p data-start=\"1027\" data-end=\"1069\"><strong data-start=\"1027\" data-end=\"1067\">Farcolin L\u00f6sung zur Inhalation 20 ml<\/strong><\/p>\n<p data-start=\"1071\" data-end=\"1137\"><strong data-start=\"1071\" data-end=\"1085\">Wirkstoff:<\/strong><br data-start=\"1085\" data-end=\"1088\" \/>Natriumchlorid 0,9 % (m\/V) \u2014 isotonische L\u00f6sung<\/p>\n<p data-start=\"1139\" data-end=\"1364\"><strong data-start=\"1139\" data-end=\"1156\">Indikationen:<\/strong><br data-start=\"1156\" data-end=\"1159\" \/>Anwendung zur:<br data-start=\"1173\" data-end=\"1176\" \/>Hygiene der Nase und Atemwege<br data-start=\"1205\" data-end=\"1208\" \/>Befeuchtung und Reinigung der Nasenpassagen<br data-start=\"1251\" data-end=\"1254\" \/>Linderung von Verstopfung bei Erk\u00e4ltung, Sinusitis oder Allergien<br data-start=\"1319\" data-end=\"1322\" \/>Vorbereitung f\u00fcr die Inhalationstherapie<\/p>\n<p data-start=\"1366\" data-end=\"1579\"><strong data-start=\"1366\" data-end=\"1380\">Dosierung:<\/strong><br data-start=\"1380\" data-end=\"1383\" \/><strong data-start=\"1383\" data-end=\"1409\">Erwachsene und Kinder:<\/strong> Mit einem geeigneten Inhalationsger\u00e4t gem\u00e4\u00df \u00e4rztlicher Anweisung anwenden.<br data-start=\"1484\" data-end=\"1487\" \/>\u00dcblicherweise 1\u20132 Inhalationen pro Nasenloch oder pro Anwendungssitzung, mehrmals t\u00e4glich.<\/p>\n<p data-start=\"1581\" data-end=\"1705\"><strong data-start=\"1581\" data-end=\"1604\">Kontraindikationen:<\/strong><br data-start=\"1604\" data-end=\"1607\" \/>\u00dcberempfindlichkeit gegen Natriumchlorid oder einen der sonstigen Bestandteile der Formulierung.<\/p>\n<p data-start=\"1707\" data-end=\"1803\"><strong data-start=\"1707\" data-end=\"1726\">Nebenwirkungen:<\/strong><br data-start=\"1726\" data-end=\"1729\" \/>Leichte Reizung der Nase oder des Rachens<br data-start=\"1770\" data-end=\"1773\" \/>Selten: allergische Reaktion<\/p>\n<p data-start=\"1805\" data-end=\"1882\"><strong data-start=\"1805\" data-end=\"1826\">Wechselwirkungen:<\/strong><br data-start=\"1826\" data-end=\"1829\" \/>Keine klinisch relevanten Wechselwirkungen bekannt.<\/p>\n<p data-start=\"1884\" data-end=\"2029\" data-is-last-node=\"\" data-is-only-node=\"\"><strong data-start=\"1884\" data-end=\"1897\">Lagerung:<\/strong><br data-start=\"1897\" data-end=\"1900\" \/>Bei Raumtemperatur lagern, vor Hitze und Licht sch\u00fctzen.<br data-start=\"1956\" data-end=\"1959\" \/>Die Flasche fest verschlossen und f\u00fcr Kinder unzug\u00e4nglich aufbewahren.<\/p>\n<\/div>\n<\/div>\n<\/div>\n<\/div>\n<div class=\"z-0 flex min-h-[46px] justify-start\"><\/div>\n<div class=\"mt-3 w-full empty:hidden\">\n<div class=\"text-center\"><\/div>\n<\/div>\n<\/div>\n<\/div>\n<\/article>\n<\/div>\n<div class=\"pointer-events-none h-px w-px absolute bottom-0\" aria-hidden=\"true\" data-edge=\"true\"><\/div>\n<div id=\"gtx-trans\" style=\"position: absolute; left: 189px; top: -17px;\">\n<div class=\"gtx-trans-icon\"><\/div>\n<\/div>\n","protected":false},"excerpt":{"rendered":"<p>Farcolin L\u00f6sung zur Inhalation 20 ml Wirkstoff:Natriumchlorid 0,9 % (m\/V) \u2014 isotonische L\u00f6sung Indikationen:Anwendung zur:Hygiene der Nase und AtemwegeBefeuchtung und Reinigung der NasenpassagenLinderung von Verstopfung bei Erk\u00e4ltung, Sinusitis oder AllergienVorbereitung f\u00fcr die Inhalationstherapie Dosierung:Erwachsene und Kinder: Mit einem geeigneten Inhalationsger\u00e4t gem\u00e4\u00df \u00e4rztlicher Anweisung anwenden.\u00dcblicherweise 1\u20132 Inhalationen pro Nasenloch oder pro Anwendungssitzung, mehrmals t\u00e4glich. Kontraindikationen:\u00dcberempfindlichkeit gegen&#8230;<\/p>\n","protected":false},"featured_media":10443,"comment_status":"open","ping_status":"closed","template":"","meta":{"rs_blank_template":"","rs_page_bg_color":"","slide_template_v7":"","_bst_post_transparent":"default","_bst_post_title":"","_bst_post_layout":"default","_bst_post_sidebar_id":"","_bst_post_content_style":"default","_bst_post_vertical_padding":"default","_bst_post_feature":"","_bst_post_feature_position":"","_bst_post_header":false,"_bst_post_footer":false},"product_brand":[],"product_cat":[235,351,217,251],"product_tag":[],"product_brands":[],"class_list":{"0":"post-10444","1":"product","2":"type-product","3":"status-publish","4":"has-post-thumbnail","6":"product_cat-respiratory-asthma-treatments","7":"product_cat-medical-forms","8":"product_cat-medicines","9":"product_cat-nasal-decongestant","11":"first","12":"instock","13":"shipping-taxable","14":"purchasable","15":"product-type-simple","16":"entry","17":"content-bg","18":"loop-entry"},"_links":{"self":[{"href":"https:\/\/nawarpharmacy.com\/de\/wp-json\/wp\/v2\/product\/10444","targetHints":{"allow":["GET"]}}],"collection":[{"href":"https:\/\/nawarpharmacy.com\/de\/wp-json\/wp\/v2\/product"}],"about":[{"href":"https:\/\/nawarpharmacy.com\/de\/wp-json\/wp\/v2\/types\/product"}],"replies":[{"embeddable":true,"href":"https:\/\/nawarpharmacy.com\/de\/wp-json\/wp\/v2\/comments?post=10444"}],"wp:featuredmedia":[{"embeddable":true,"href":"https:\/\/nawarpharmacy.com\/de\/wp-json\/wp\/v2\/media\/10443"}],"wp:attachment":[{"href":"https:\/\/nawarpharmacy.com\/de\/wp-json\/wp\/v2\/media?parent=10444"}],"wp:term":[{"taxonomy":"product_brand","embeddable":true,"href":"https:\/\/nawarpharmacy.com\/de\/wp-json\/wp\/v2\/product_brand?post=10444"},{"taxonomy":"product_cat","embeddable":true,"href":"https:\/\/nawarpharmacy.com\/de\/wp-json\/wp\/v2\/product_cat?post=10444"},{"taxonomy":"product_tag","embeddable":true,"href":"https:\/\/nawarpharmacy.com\/de\/wp-json\/wp\/v2\/product_tag?post=10444"},{"taxonomy":"product_brands","embeddable":true,"href":"https:\/\/nawarpharmacy.com\/de\/wp-json\/wp\/v2\/product_brands?post=10444"}],"curies":[{"name":"wp","href":"https:\/\/api.w.org\/{rel}","templated":true}]}}