{"id":10438,"date":"2025-11-20T13:44:29","date_gmt":"2025-11-20T13:44:29","guid":{"rendered":"https:\/\/nawarpharmacy.com\/?post_type=product&#038;p=10438"},"modified":"2026-02-26T21:28:30","modified_gmt":"2026-02-26T21:28:30","slug":"pharmatears-0-5-eye-drops-15-ml","status":"publish","type":"product","link":"https:\/\/nawarpharmacy.com\/de\/produkt\/pharmatears-0-5-eye-drops-15-ml\/","title":{"rendered":"Pharmatears 0,5% Augentropfen 15 ml"},"content":{"rendered":"<article class=\"text-token-text-primary w-full focus:outline-none [--shadow-height:45px] has-data-writing-block:pointer-events-none has-data-writing-block:-mt-(--shadow-height) has-data-writing-block:pt-(--shadow-height) [&amp;:has([data-writing-block])&gt;*]:pointer-events-auto [content-visibility:auto] supports-[content-visibility:auto]:[contain-intrinsic-size:auto_100lvh] scroll-mt-[calc(var(--header-height)+min(200px,max(70px,20svh)))]\" dir=\"auto\" data-turn-id=\"8d499987-8c2a-40fe-a8cb-201f6e4c16d6\" data-testid=\"conversation-turn-256\" data-scroll-anchor=\"true\" data-turn=\"assistant\">\n<div class=\"text-base my-auto mx-auto pb-10 [--thread-content-margin:--spacing(4)] thread-sm:[--thread-content-margin:--spacing(6)] thread-lg:[--thread-content-margin:--spacing(16)] px-(--thread-content-margin)\">\n<div class=\"[--thread-content-max-width:40rem] thread-lg:[--thread-content-max-width:48rem] mx-auto max-w-(--thread-content-max-width) flex-1 group\/turn-messages focus-visible:outline-hidden relative flex w-full min-w-0 flex-col agent-turn\">\n<div class=\"flex max-w-full flex-col grow\">\n<div class=\"min-h-8 text-message relative flex w-full flex-col items-end gap-2 text-start break-words whitespace-normal [.text-message+&amp;]:mt-1\" dir=\"auto\" data-message-author-role=\"assistant\" data-message-id=\"5f61297c-15da-4f02-a4bc-abf95a5039ef\" data-message-model-slug=\"gpt-5-1\">\n<div class=\"flex w-full flex-col gap-1 empty:hidden first:pt-[1px]\">\n<div class=\"markdown prose dark:prose-invert w-full break-words light markdown-new-styling\">\n<div class=\"flex flex-col text-sm pb-25\">\n<article class=\"text-token-text-primary w-full focus:outline-none [--shadow-height:45px] has-data-writing-block:pointer-events-none has-data-writing-block:-mt-(--shadow-height) has-data-writing-block:pt-(--shadow-height) [&amp;:has([data-writing-block])&gt;*]:pointer-events-auto scroll-mt-[calc(var(--header-height)+min(200px,max(70px,20svh)))]\" dir=\"auto\" tabindex=\"-1\" data-turn-id=\"request-WEB:1fb551c8-723f-4635-af76-1761af7fc3f6-36\" data-testid=\"conversation-turn-74\" data-scroll-anchor=\"true\" data-turn=\"assistant\">\n<div class=\"text-base my-auto mx-auto pb-10 [--thread-content-margin:--spacing(4)] @w-sm\/main:[--thread-content-margin:--spacing(6)] @w-lg\/main:[--thread-content-margin:--spacing(16)] px-(--thread-content-margin)\">\n<div class=\"[--thread-content-max-width:40rem] @w-lg\/main:[--thread-content-max-width:48rem] mx-auto max-w-(--thread-content-max-width) flex-1 group\/turn-messages focus-visible:outline-hidden relative flex w-full min-w-0 flex-col agent-turn\" tabindex=\"-1\">\n<div class=\"flex max-w-full flex-col grow\">\n<div class=\"min-h-8 text-message relative flex w-full flex-col items-end gap-2 text-start break-words whitespace-normal [.text-message+&amp;]:mt-1\" dir=\"auto\" data-message-author-role=\"assistant\" data-message-id=\"15debb3b-4fa9-4918-ba4b-1ad413598cc8\" data-message-model-slug=\"gpt-5-2\">\n<div class=\"flex w-full flex-col gap-1 empty:hidden first:pt-[1px]\">\n<div class=\"markdown prose dark:prose-invert w-full wrap-break-word dark markdown-new-styling\">\n<p data-start=\"1098\" data-end=\"1139\"><strong data-start=\"1098\" data-end=\"1137\">Pharmatears 0,5% Augentropfen 15 ml<\/strong><\/p>\n<p data-start=\"1141\" data-end=\"1188\"><strong data-start=\"1141\" data-end=\"1155\">Wirkstoff:<\/strong><br data-start=\"1155\" data-end=\"1158\" \/>Polyvinylalkohol 0,5 % (m\/V)<\/p>\n<p data-start=\"1190\" data-end=\"1416\"><strong data-start=\"1190\" data-end=\"1207\">Indikationen:<\/strong><br data-start=\"1207\" data-end=\"1210\" \/>Anwendung bei:<br data-start=\"1224\" data-end=\"1227\" \/>Symptomen des trockenen Auges<br data-start=\"1256\" data-end=\"1259\" \/>Brennen, Reizung oder Beschwerden durch Umwelteinfl\u00fcsse<br data-start=\"1314\" data-end=\"1317\" \/>Befeuchtung der Augenoberfl\u00e4che<br data-start=\"1348\" data-end=\"1351\" \/>Linderung von Augenbelastung oder bei l\u00e4ngerer Bildschirmarbeit<\/p>\n<p data-start=\"1418\" data-end=\"1590\"><strong data-start=\"1418\" data-end=\"1432\">Dosierung:<\/strong><br data-start=\"1432\" data-end=\"1435\" \/><strong data-start=\"1435\" data-end=\"1461\">Erwachsene und Kinder:<\/strong> 1\u20132 Tropfen in jedes Auge nach Bedarf oder gem\u00e4\u00df \u00e4rztlicher Verordnung.<br data-start=\"1533\" data-end=\"1536\" \/>Kontakt der Tropferspitze mit Oberfl\u00e4chen vermeiden.<\/p>\n<p data-start=\"1592\" data-end=\"1718\"><strong data-start=\"1592\" data-end=\"1615\">Kontraindikationen:<\/strong><br data-start=\"1615\" data-end=\"1618\" \/>\u00dcberempfindlichkeit gegen Polyvinylalkohol oder einen der sonstigen Bestandteile der Formulierung.<\/p>\n<p data-start=\"1720\" data-end=\"1832\"><strong data-start=\"1720\" data-end=\"1739\">Nebenwirkungen:<\/strong><br data-start=\"1739\" data-end=\"1742\" \/>Vor\u00fcbergehende verschwommene Sicht<br data-start=\"1776\" data-end=\"1779\" \/>Leichte Augenreizung<br data-start=\"1799\" data-end=\"1802\" \/>Selten: allergische Reaktion<\/p>\n<p data-start=\"1834\" data-end=\"1962\"><strong data-start=\"1834\" data-end=\"1855\">Wechselwirkungen:<\/strong><br data-start=\"1855\" data-end=\"1858\" \/>Bei Anwendung weiterer Augentropfen einen Abstand von 10\u201315 Minuten zwischen den Pr\u00e4paraten einhalten.<\/p>\n<p data-start=\"1964\" data-end=\"2109\" data-is-last-node=\"\" data-is-only-node=\"\"><strong data-start=\"1964\" data-end=\"1977\">Lagerung:<\/strong><br data-start=\"1977\" data-end=\"1980\" \/>Bei Raumtemperatur lagern, vor Hitze und Licht sch\u00fctzen.<br data-start=\"2036\" data-end=\"2039\" \/>Die Flasche fest verschlossen und f\u00fcr Kinder unzug\u00e4nglich aufbewahren.<\/p>\n<\/div>\n<\/div>\n<\/div>\n<\/div>\n<div class=\"z-0 flex min-h-[46px] justify-start\"><\/div>\n<div class=\"mt-3 w-full empty:hidden\">\n<div class=\"text-center\"><\/div>\n<\/div>\n<\/div>\n<\/div>\n<\/article>\n<\/div>\n<div class=\"pointer-events-none h-px w-px absolute bottom-0\" aria-hidden=\"true\" data-edge=\"true\"><\/div>\n<\/div>\n<\/div>\n<\/div>\n<\/div>\n<\/div>\n<\/div>\n<\/article>\n<div id=\"gtx-trans\" style=\"position: absolute; left: 172px; top: -17px;\">\n<div class=\"gtx-trans-icon\"><\/div>\n<\/div>\n","protected":false},"excerpt":{"rendered":"<p>Pharmatears 0,5% Augentropfen 15 ml Wirkstoff:Polyvinylalkohol 0,5 % (m\/V) Indikationen:Anwendung bei:Symptomen des trockenen AugesBrennen, Reizung oder Beschwerden durch Umwelteinfl\u00fcsseBefeuchtung der Augenoberfl\u00e4cheLinderung von Augenbelastung oder bei l\u00e4ngerer Bildschirmarbeit Dosierung:Erwachsene und Kinder: 1\u20132 Tropfen in jedes Auge nach Bedarf oder gem\u00e4\u00df \u00e4rztlicher Verordnung.Kontakt der Tropferspitze mit Oberfl\u00e4chen vermeiden. Kontraindikationen:\u00dcberempfindlichkeit gegen Polyvinylalkohol oder einen der sonstigen Bestandteile der&#8230;<\/p>\n","protected":false},"featured_media":10437,"comment_status":"open","ping_status":"closed","template":"","meta":{"rs_blank_template":"","rs_page_bg_color":"","slide_template_v7":"","_bst_post_transparent":"default","_bst_post_title":"","_bst_post_layout":"default","_bst_post_sidebar_id":"","_bst_post_content_style":"default","_bst_post_vertical_padding":"default","_bst_post_feature":"","_bst_post_feature_position":"","_bst_post_header":false,"_bst_post_footer":false},"product_brand":[],"product_cat":[237,371,217,269],"product_tag":[],"product_brands":[],"class_list":{"0":"post-10438","1":"product","2":"type-product","3":"status-publish","4":"has-post-thumbnail","6":"product_cat-eye-ear-medications","7":"product_cat-eye-drops","8":"product_cat-medicines","9":"product_cat-dry-eye","11":"first","12":"instock","13":"shipping-taxable","14":"purchasable","15":"product-type-simple","16":"entry","17":"content-bg","18":"loop-entry"},"_links":{"self":[{"href":"https:\/\/nawarpharmacy.com\/de\/wp-json\/wp\/v2\/product\/10438","targetHints":{"allow":["GET"]}}],"collection":[{"href":"https:\/\/nawarpharmacy.com\/de\/wp-json\/wp\/v2\/product"}],"about":[{"href":"https:\/\/nawarpharmacy.com\/de\/wp-json\/wp\/v2\/types\/product"}],"replies":[{"embeddable":true,"href":"https:\/\/nawarpharmacy.com\/de\/wp-json\/wp\/v2\/comments?post=10438"}],"wp:featuredmedia":[{"embeddable":true,"href":"https:\/\/nawarpharmacy.com\/de\/wp-json\/wp\/v2\/media\/10437"}],"wp:attachment":[{"href":"https:\/\/nawarpharmacy.com\/de\/wp-json\/wp\/v2\/media?parent=10438"}],"wp:term":[{"taxonomy":"product_brand","embeddable":true,"href":"https:\/\/nawarpharmacy.com\/de\/wp-json\/wp\/v2\/product_brand?post=10438"},{"taxonomy":"product_cat","embeddable":true,"href":"https:\/\/nawarpharmacy.com\/de\/wp-json\/wp\/v2\/product_cat?post=10438"},{"taxonomy":"product_tag","embeddable":true,"href":"https:\/\/nawarpharmacy.com\/de\/wp-json\/wp\/v2\/product_tag?post=10438"},{"taxonomy":"product_brands","embeddable":true,"href":"https:\/\/nawarpharmacy.com\/de\/wp-json\/wp\/v2\/product_brands?post=10438"}],"curies":[{"name":"wp","href":"https:\/\/api.w.org\/{rel}","templated":true}]}}