{"id":10435,"date":"2025-11-20T13:47:38","date_gmt":"2025-11-20T13:47:38","guid":{"rendered":"https:\/\/nawarpharmacy.com\/?post_type=product&#038;p=10435"},"modified":"2026-02-26T21:27:41","modified_gmt":"2026-02-26T21:27:41","slug":"fungibacid-nail-solution-5ml","status":"publish","type":"product","link":"https:\/\/nawarpharmacy.com\/de\/produkt\/fungibacid-nail-solution-5ml\/","title":{"rendered":"Fungibacid Nagell\u00f6sung 5 ml"},"content":{"rendered":"<article class=\"text-token-text-primary w-full focus:outline-none [--shadow-height:45px] has-data-writing-block:pointer-events-none has-data-writing-block:-mt-(--shadow-height) has-data-writing-block:pt-(--shadow-height) [&amp;:has([data-writing-block])&gt;*]:pointer-events-auto [content-visibility:auto] supports-[content-visibility:auto]:[contain-intrinsic-size:auto_100lvh] scroll-mt-[calc(var(--header-height)+min(200px,max(70px,20svh)))]\" dir=\"auto\" data-turn-id=\"request-691b06b7-6218-832d-8a14-33a40741db89-1\" data-testid=\"conversation-turn-258\" data-scroll-anchor=\"true\" data-turn=\"assistant\">\n<div class=\"text-base my-auto mx-auto pb-10 [--thread-content-margin:--spacing(4)] thread-sm:[--thread-content-margin:--spacing(6)] thread-lg:[--thread-content-margin:--spacing(16)] px-(--thread-content-margin)\">\n<div class=\"[--thread-content-max-width:40rem] thread-lg:[--thread-content-max-width:48rem] mx-auto max-w-(--thread-content-max-width) flex-1 group\/turn-messages focus-visible:outline-hidden relative flex w-full min-w-0 flex-col agent-turn\">\n<div class=\"flex max-w-full flex-col grow\">\n<div class=\"min-h-8 text-message relative flex w-full flex-col items-end gap-2 text-start break-words whitespace-normal [.text-message+&amp;]:mt-1\" dir=\"auto\" data-message-author-role=\"assistant\" data-message-id=\"ea997e82-d62a-4214-af5b-66c00c3cbf33\" data-message-model-slug=\"gpt-5-1\">\n<div class=\"flex w-full flex-col gap-1 empty:hidden first:pt-[1px]\">\n<div class=\"markdown prose dark:prose-invert w-full break-words light markdown-new-styling\">\n<div class=\"flex flex-col text-sm pb-25\">\n<article class=\"text-token-text-primary w-full focus:outline-none [--shadow-height:45px] has-data-writing-block:pointer-events-none has-data-writing-block:-mt-(--shadow-height) has-data-writing-block:pt-(--shadow-height) [&amp;:has([data-writing-block])&gt;*]:pointer-events-auto scroll-mt-[calc(var(--header-height)+min(200px,max(70px,20svh)))]\" dir=\"auto\" tabindex=\"-1\" data-turn-id=\"request-WEB:1fb551c8-723f-4635-af76-1761af7fc3f6-35\" data-testid=\"conversation-turn-72\" data-scroll-anchor=\"true\" data-turn=\"assistant\">\n<div class=\"text-base my-auto mx-auto pb-10 [--thread-content-margin:--spacing(4)] @w-sm\/main:[--thread-content-margin:--spacing(6)] @w-lg\/main:[--thread-content-margin:--spacing(16)] px-(--thread-content-margin)\">\n<div class=\"[--thread-content-max-width:40rem] @w-lg\/main:[--thread-content-max-width:48rem] mx-auto max-w-(--thread-content-max-width) flex-1 group\/turn-messages focus-visible:outline-hidden relative flex w-full min-w-0 flex-col agent-turn\" tabindex=\"-1\">\n<div class=\"flex max-w-full flex-col grow\">\n<div class=\"min-h-8 text-message relative flex w-full flex-col items-end gap-2 text-start break-words whitespace-normal [.text-message+&amp;]:mt-1\" dir=\"auto\" data-message-author-role=\"assistant\" data-message-id=\"4267372e-e47b-4feb-b239-ba2917b96966\" data-message-model-slug=\"gpt-5-2\">\n<div class=\"flex w-full flex-col gap-1 empty:hidden first:pt-[1px]\">\n<div class=\"markdown prose dark:prose-invert w-full wrap-break-word dark markdown-new-styling\">\n<p data-start=\"1348\" data-end=\"1381\"><strong data-start=\"1348\" data-end=\"1379\">Fungibacid Nagell\u00f6sung 5 ml<\/strong><\/p>\n<p data-start=\"1383\" data-end=\"1422\"><strong data-start=\"1383\" data-end=\"1397\">Wirkstoff:<\/strong><br data-start=\"1397\" data-end=\"1400\" \/>Ciclopirox 8 % (m\/V)<\/p>\n<p data-start=\"1424\" data-end=\"1639\"><strong data-start=\"1424\" data-end=\"1441\">Indikationen:<\/strong><br data-start=\"1441\" data-end=\"1444\" \/>Anwendung bei:<br data-start=\"1458\" data-end=\"1461\" \/>Pilzinfektionen der N\u00e4gel (Onychomykose)<br data-start=\"1501\" data-end=\"1504\" \/>Verf\u00e4rbung, Verdickung oder Br\u00fcchigkeit der N\u00e4gel infolge von Pilzbefall<br data-start=\"1576\" data-end=\"1579\" \/>Pr\u00e4vention eines Wiederauftretens von Nagelpilzinfektionen<\/p>\n<p data-start=\"1641\" data-end=\"2015\"><strong data-start=\"1641\" data-end=\"1655\">Dosierung:<\/strong><br data-start=\"1655\" data-end=\"1658\" \/><strong data-start=\"1658\" data-end=\"1673\">Erwachsene:<\/strong><br data-start=\"1673\" data-end=\"1676\" \/>Einmal t\u00e4glich (vorzugsweise vor dem Schlafengehen) eine d\u00fcnne Schicht auf den betroffenen Nagel auftragen.<br data-start=\"1783\" data-end=\"1786\" \/>Vollst\u00e4ndig trocknen lassen.<br data-start=\"1814\" data-end=\"1817\" \/>Einmal w\u00f6chentlich die entstandene Schicht mit Alkoholtupfern oder einer Nagelfeile entfernen und die Behandlung fortsetzen.<br data-start=\"1941\" data-end=\"1944\" \/>Die Therapiedauer kann je nach Nagelwachstum mehrere Monate betragen.<\/p>\n<p data-start=\"2017\" data-end=\"2223\"><strong data-start=\"2017\" data-end=\"2040\">Kontraindikationen:<\/strong><br data-start=\"2040\" data-end=\"2043\" \/>\u00dcberempfindlichkeit gegen Ciclopirox oder einen der sonstigen Bestandteile der Formulierung.<br data-start=\"2135\" data-end=\"2138\" \/>Nicht empfohlen zur Anwendung auf verletzter oder gereizter Haut rund um den Nagel.<\/p>\n<p data-start=\"2225\" data-end=\"2388\"><strong data-start=\"2225\" data-end=\"2244\">Nebenwirkungen:<\/strong><br data-start=\"2244\" data-end=\"2247\" \/>Leichte R\u00f6tung im Bereich des Nagels<br data-start=\"2283\" data-end=\"2286\" \/>Trockenheit oder leichte Reizung<br data-start=\"2318\" data-end=\"2321\" \/>Selten: allergische Reaktion oder Verschlechterung der Entz\u00fcndung<\/p>\n<p data-start=\"2390\" data-end=\"2479\"><strong data-start=\"2390\" data-end=\"2411\">Wechselwirkungen:<\/strong><br data-start=\"2411\" data-end=\"2414\" \/>Keine klinisch relevanten Arzneimittelwechselwirkungen bekannt.<\/p>\n<p data-start=\"2481\" data-end=\"2645\" data-is-last-node=\"\" data-is-only-node=\"\"><strong data-start=\"2481\" data-end=\"2494\">Lagerung:<\/strong><br data-start=\"2494\" data-end=\"2497\" \/>Bei Raumtemperatur lagern, vor Hitze und direkter Sonneneinstrahlung sch\u00fctzen.<br data-start=\"2575\" data-end=\"2578\" \/>Beh\u00e4lter fest verschlossen und f\u00fcr Kinder unzug\u00e4nglich aufbewahren.<\/p>\n<\/div>\n<\/div>\n<\/div>\n<\/div>\n<div class=\"z-0 flex min-h-[46px] justify-start\"><\/div>\n<div class=\"mt-3 w-full empty:hidden\">\n<div class=\"text-center\"><\/div>\n<\/div>\n<\/div>\n<\/div>\n<\/article>\n<\/div>\n<div class=\"pointer-events-none h-px w-px absolute bottom-0\" aria-hidden=\"true\" data-edge=\"true\"><\/div>\n<\/div>\n<\/div>\n<\/div>\n<\/div>\n<\/div>\n<\/div>\n<\/article>\n<div id=\"gtx-trans\" style=\"position: absolute; left: 124px; top: 34px;\">\n<div class=\"gtx-trans-icon\"><\/div>\n<\/div>\n","protected":false},"excerpt":{"rendered":"<p>Fungibacid Nagell\u00f6sung 5 ml Wirkstoff:Ciclopirox 8 % (m\/V) Indikationen:Anwendung bei:Pilzinfektionen der N\u00e4gel (Onychomykose)Verf\u00e4rbung, Verdickung oder Br\u00fcchigkeit der N\u00e4gel infolge von PilzbefallPr\u00e4vention eines Wiederauftretens von Nagelpilzinfektionen Dosierung:Erwachsene:Einmal t\u00e4glich (vorzugsweise vor dem Schlafengehen) eine d\u00fcnne Schicht auf den betroffenen Nagel auftragen.Vollst\u00e4ndig trocknen lassen.Einmal w\u00f6chentlich die entstandene Schicht mit Alkoholtupfern oder einer Nagelfeile entfernen und die Behandlung fortsetzen.Die&#8230;<\/p>\n","protected":false},"featured_media":7774,"comment_status":"open","ping_status":"closed","template":"","meta":{"rs_blank_template":"","rs_page_bg_color":"","slide_template_v7":"","_bst_post_transparent":"default","_bst_post_title":"","_bst_post_layout":"default","_bst_post_sidebar_id":"","_bst_post_content_style":"default","_bst_post_vertical_padding":"default","_bst_post_feature":"","_bst_post_feature_position":"","_bst_post_header":false,"_bst_post_footer":false},"product_brand":[],"product_cat":[241,217,413,215],"product_tag":[],"product_brands":[],"class_list":{"0":"post-10435","1":"product","2":"type-product","3":"status-publish","4":"has-post-thumbnail","6":"product_cat-anti-fungal","7":"product_cat-medicines","8":"product_cat-hair-nails-medications","9":"product_cat-medical-health-care","11":"first","12":"instock","13":"shipping-taxable","14":"purchasable","15":"product-type-simple","16":"entry","17":"content-bg","18":"loop-entry"},"_links":{"self":[{"href":"https:\/\/nawarpharmacy.com\/de\/wp-json\/wp\/v2\/product\/10435","targetHints":{"allow":["GET"]}}],"collection":[{"href":"https:\/\/nawarpharmacy.com\/de\/wp-json\/wp\/v2\/product"}],"about":[{"href":"https:\/\/nawarpharmacy.com\/de\/wp-json\/wp\/v2\/types\/product"}],"replies":[{"embeddable":true,"href":"https:\/\/nawarpharmacy.com\/de\/wp-json\/wp\/v2\/comments?post=10435"}],"wp:featuredmedia":[{"embeddable":true,"href":"https:\/\/nawarpharmacy.com\/de\/wp-json\/wp\/v2\/media\/7774"}],"wp:attachment":[{"href":"https:\/\/nawarpharmacy.com\/de\/wp-json\/wp\/v2\/media?parent=10435"}],"wp:term":[{"taxonomy":"product_brand","embeddable":true,"href":"https:\/\/nawarpharmacy.com\/de\/wp-json\/wp\/v2\/product_brand?post=10435"},{"taxonomy":"product_cat","embeddable":true,"href":"https:\/\/nawarpharmacy.com\/de\/wp-json\/wp\/v2\/product_cat?post=10435"},{"taxonomy":"product_tag","embeddable":true,"href":"https:\/\/nawarpharmacy.com\/de\/wp-json\/wp\/v2\/product_tag?post=10435"},{"taxonomy":"product_brands","embeddable":true,"href":"https:\/\/nawarpharmacy.com\/de\/wp-json\/wp\/v2\/product_brands?post=10435"}],"curies":[{"name":"wp","href":"https:\/\/api.w.org\/{rel}","templated":true}]}}