{"id":10432,"date":"2025-11-20T13:48:48","date_gmt":"2025-11-20T13:48:48","guid":{"rendered":"https:\/\/nawarpharmacy.com\/?post_type=product&#038;p=10432"},"modified":"2026-02-26T21:26:38","modified_gmt":"2026-02-26T21:26:38","slug":"physiomer-baby-spray-115ml","status":"publish","type":"product","link":"https:\/\/nawarpharmacy.com\/de\/produkt\/physiomer-baby-spray-115ml\/","title":{"rendered":"Physiomer Baby Spray 115 ml"},"content":{"rendered":"<div class=\"flex flex-col text-sm pb-25\">\n<article class=\"text-token-text-primary w-full focus:outline-none [--shadow-height:45px] has-data-writing-block:pointer-events-none has-data-writing-block:-mt-(--shadow-height) has-data-writing-block:pt-(--shadow-height) [&amp;:has([data-writing-block])&gt;*]:pointer-events-auto scroll-mt-[calc(var(--header-height)+min(200px,max(70px,20svh)))]\" dir=\"auto\" tabindex=\"-1\" data-turn-id=\"request-WEB:1fb551c8-723f-4635-af76-1761af7fc3f6-34\" data-testid=\"conversation-turn-70\" data-scroll-anchor=\"true\" data-turn=\"assistant\">\n<div class=\"text-base my-auto mx-auto pb-10 [--thread-content-margin:--spacing(4)] @w-sm\/main:[--thread-content-margin:--spacing(6)] @w-lg\/main:[--thread-content-margin:--spacing(16)] px-(--thread-content-margin)\">\n<div class=\"[--thread-content-max-width:40rem] @w-lg\/main:[--thread-content-max-width:48rem] mx-auto max-w-(--thread-content-max-width) flex-1 group\/turn-messages focus-visible:outline-hidden relative flex w-full min-w-0 flex-col agent-turn\" tabindex=\"-1\">\n<div class=\"flex max-w-full flex-col grow\">\n<div class=\"min-h-8 text-message relative flex w-full flex-col items-end gap-2 text-start break-words whitespace-normal [.text-message+&amp;]:mt-1\" dir=\"auto\" data-message-author-role=\"assistant\" data-message-id=\"ff1933de-5bb8-4e5b-aae1-af57bfec684b\" data-message-model-slug=\"gpt-5-2\">\n<div class=\"flex w-full flex-col gap-1 empty:hidden first:pt-[1px]\">\n<div class=\"markdown prose dark:prose-invert w-full wrap-break-word dark markdown-new-styling\">\n<p data-start=\"1106\" data-end=\"1139\"><strong data-start=\"1106\" data-end=\"1137\">Physiomer Baby Spray 115 ml<\/strong><\/p>\n<p data-start=\"1141\" data-end=\"1194\"><strong data-start=\"1141\" data-end=\"1155\">Wirkstoff:<\/strong><br data-start=\"1155\" data-end=\"1158\" \/>Isotonische Meerwasserl\u00f6sung 0,9 %<\/p>\n<p data-start=\"1196\" data-end=\"1500\"><strong data-start=\"1196\" data-end=\"1213\">Indikationen:<\/strong><br data-start=\"1213\" data-end=\"1216\" \/>Anwendung zur:<br data-start=\"1230\" data-end=\"1233\" \/>T\u00e4glichen Nasenhygiene bei S\u00e4uglingen<br data-start=\"1270\" data-end=\"1273\" \/>Linderung von Nasenverstopfung bei Erk\u00e4ltung oder Allergien<br data-start=\"1332\" data-end=\"1335\" \/>Befeuchtung und Reinigung der empfindlichen Nasenschleimhaut<br data-start=\"1395\" data-end=\"1398\" \/>Entfernung von Schleim zur Erleichterung der Atmung, insbesondere w\u00e4hrend des F\u00fctterns und Schlafens<\/p>\n<p data-start=\"1502\" data-end=\"1631\"><strong data-start=\"1502\" data-end=\"1516\">Dosierung:<\/strong><br data-start=\"1516\" data-end=\"1519\" \/><strong data-start=\"1519\" data-end=\"1545\">S\u00e4uglinge (ab Geburt):<\/strong><br data-start=\"1545\" data-end=\"1548\" \/>1\u20132 Spr\u00fchst\u00f6\u00dfe in jedes Nasenloch 1\u20133-mal t\u00e4glich oder nach \u00e4rztlicher Anweisung.<\/p>\n<p data-start=\"1633\" data-end=\"1683\">F\u00fcr die regelm\u00e4\u00dfige t\u00e4gliche Anwendung geeignet.<\/p>\n<p data-start=\"1685\" data-end=\"1768\"><strong data-start=\"1685\" data-end=\"1708\">Kontraindikationen:<\/strong><br data-start=\"1708\" data-end=\"1711\" \/>\u00dcberempfindlichkeit gegen Bestandteile des Meerwassers.<\/p>\n<p data-start=\"1770\" data-end=\"1863\"><strong data-start=\"1770\" data-end=\"1789\">Nebenwirkungen:<\/strong><br data-start=\"1789\" data-end=\"1792\" \/>Leichte, vor\u00fcbergehende nasale Reizung<br data-start=\"1830\" data-end=\"1833\" \/>Selten: allergische Reaktion<\/p>\n<p data-start=\"1865\" data-end=\"2019\"><strong data-start=\"1865\" data-end=\"1886\">Wechselwirkungen:<\/strong><br data-start=\"1886\" data-end=\"1889\" \/>Keine klinisch relevanten Wechselwirkungen bekannt.<br data-start=\"1940\" data-end=\"1943\" \/>Sicher in Kombination mit anderen p\u00e4diatrischen Nasenpr\u00e4paraten anwendbar.<\/p>\n<p data-start=\"2021\" data-end=\"2138\" data-is-last-node=\"\" data-is-only-node=\"\"><strong data-start=\"2021\" data-end=\"2034\">Lagerung:<\/strong><br data-start=\"2034\" data-end=\"2037\" \/>Bei Raumtemperatur lagern, vor Hitze und Sonnenlicht sch\u00fctzen.<br data-start=\"2099\" data-end=\"2102\" \/>F\u00fcr Kinder unzug\u00e4nglich aufbewahren.<\/p>\n<\/div>\n<\/div>\n<\/div>\n<\/div>\n<div class=\"z-0 flex min-h-[46px] justify-start\"><\/div>\n<div class=\"mt-3 w-full empty:hidden\">\n<div class=\"text-center\"><\/div>\n<\/div>\n<\/div>\n<\/div>\n<\/article>\n<\/div>\n<div class=\"pointer-events-none h-px w-px absolute bottom-0\" aria-hidden=\"true\" data-edge=\"true\"><\/div>\n<div id=\"gtx-trans\" style=\"position: absolute; left: 180px; top: 34px;\">\n<div class=\"gtx-trans-icon\"><\/div>\n<\/div>\n","protected":false},"excerpt":{"rendered":"<p>Physiomer Baby Spray 115 ml Wirkstoff:Isotonische Meerwasserl\u00f6sung 0,9 % Indikationen:Anwendung zur:T\u00e4glichen Nasenhygiene bei S\u00e4uglingenLinderung von Nasenverstopfung bei Erk\u00e4ltung oder AllergienBefeuchtung und Reinigung der empfindlichen NasenschleimhautEntfernung von Schleim zur Erleichterung der Atmung, insbesondere w\u00e4hrend des F\u00fctterns und Schlafens Dosierung:S\u00e4uglinge (ab Geburt):1\u20132 Spr\u00fchst\u00f6\u00dfe in jedes Nasenloch 1\u20133-mal t\u00e4glich oder nach \u00e4rztlicher Anweisung. F\u00fcr die regelm\u00e4\u00dfige t\u00e4gliche Anwendung&#8230;<\/p>\n","protected":false},"featured_media":10431,"comment_status":"open","ping_status":"closed","template":"","meta":{"rs_blank_template":"","rs_page_bg_color":"","slide_template_v7":"","_bst_post_transparent":"default","_bst_post_title":"","_bst_post_layout":"default","_bst_post_sidebar_id":"","_bst_post_content_style":"default","_bst_post_vertical_padding":"default","_bst_post_feature":"","_bst_post_feature_position":"","_bst_post_header":false,"_bst_post_footer":false},"product_brand":[],"product_cat":[235,351,217,373,251],"product_tag":[],"product_brands":[],"class_list":{"0":"post-10432","1":"product","2":"type-product","3":"status-publish","4":"has-post-thumbnail","6":"product_cat-respiratory-asthma-treatments","7":"product_cat-medical-forms","8":"product_cat-medicines","9":"product_cat-nasal-spray","10":"product_cat-nasal-decongestant","12":"first","13":"instock","14":"shipping-taxable","15":"purchasable","16":"product-type-simple","17":"entry","18":"content-bg","19":"loop-entry"},"_links":{"self":[{"href":"https:\/\/nawarpharmacy.com\/de\/wp-json\/wp\/v2\/product\/10432","targetHints":{"allow":["GET"]}}],"collection":[{"href":"https:\/\/nawarpharmacy.com\/de\/wp-json\/wp\/v2\/product"}],"about":[{"href":"https:\/\/nawarpharmacy.com\/de\/wp-json\/wp\/v2\/types\/product"}],"replies":[{"embeddable":true,"href":"https:\/\/nawarpharmacy.com\/de\/wp-json\/wp\/v2\/comments?post=10432"}],"wp:featuredmedia":[{"embeddable":true,"href":"https:\/\/nawarpharmacy.com\/de\/wp-json\/wp\/v2\/media\/10431"}],"wp:attachment":[{"href":"https:\/\/nawarpharmacy.com\/de\/wp-json\/wp\/v2\/media?parent=10432"}],"wp:term":[{"taxonomy":"product_brand","embeddable":true,"href":"https:\/\/nawarpharmacy.com\/de\/wp-json\/wp\/v2\/product_brand?post=10432"},{"taxonomy":"product_cat","embeddable":true,"href":"https:\/\/nawarpharmacy.com\/de\/wp-json\/wp\/v2\/product_cat?post=10432"},{"taxonomy":"product_tag","embeddable":true,"href":"https:\/\/nawarpharmacy.com\/de\/wp-json\/wp\/v2\/product_tag?post=10432"},{"taxonomy":"product_brands","embeddable":true,"href":"https:\/\/nawarpharmacy.com\/de\/wp-json\/wp\/v2\/product_brands?post=10432"}],"curies":[{"name":"wp","href":"https:\/\/api.w.org\/{rel}","templated":true}]}}