{"id":10427,"date":"2025-11-20T13:50:58","date_gmt":"2025-11-20T13:50:58","guid":{"rendered":"https:\/\/nawarpharmacy.com\/?post_type=product&#038;p=10427"},"modified":"2026-02-26T21:25:54","modified_gmt":"2026-02-26T21:25:54","slug":"physiomer-adult-hypertonic-spray-135ml","status":"publish","type":"product","link":"https:\/\/nawarpharmacy.com\/de\/produkt\/physiomer-adult-hypertonic-spray-135ml\/","title":{"rendered":"Physiomer Erwachsene Hypertonisches Spray 135 ml"},"content":{"rendered":"<div class=\"flex flex-col text-sm pb-25\">\n<article class=\"text-token-text-primary w-full focus:outline-none [--shadow-height:45px] has-data-writing-block:pointer-events-none has-data-writing-block:-mt-(--shadow-height) has-data-writing-block:pt-(--shadow-height) [&amp;:has([data-writing-block])&gt;*]:pointer-events-auto scroll-mt-[calc(var(--header-height)+min(200px,max(70px,20svh)))]\" dir=\"auto\" tabindex=\"-1\" data-turn-id=\"request-WEB:1fb551c8-723f-4635-af76-1761af7fc3f6-33\" data-testid=\"conversation-turn-68\" data-scroll-anchor=\"true\" data-turn=\"assistant\">\n<div class=\"text-base my-auto mx-auto pb-10 [--thread-content-margin:--spacing(4)] @w-sm\/main:[--thread-content-margin:--spacing(6)] @w-lg\/main:[--thread-content-margin:--spacing(16)] px-(--thread-content-margin)\">\n<div class=\"[--thread-content-max-width:40rem] @w-lg\/main:[--thread-content-max-width:48rem] mx-auto max-w-(--thread-content-max-width) flex-1 group\/turn-messages focus-visible:outline-hidden relative flex w-full min-w-0 flex-col agent-turn\" tabindex=\"-1\">\n<div class=\"flex max-w-full flex-col grow\">\n<div class=\"min-h-8 text-message relative flex w-full flex-col items-end gap-2 text-start break-words whitespace-normal [.text-message+&amp;]:mt-1\" dir=\"auto\" data-message-author-role=\"assistant\" data-message-id=\"f8b64e3e-da35-4a12-b41f-4c251d7bfa7a\" data-message-model-slug=\"gpt-5-2\">\n<div class=\"flex w-full flex-col gap-1 empty:hidden first:pt-[1px]\">\n<div class=\"markdown prose dark:prose-invert w-full wrap-break-word dark markdown-new-styling\">\n<p data-start=\"1083\" data-end=\"1137\"><strong data-start=\"1083\" data-end=\"1135\">Physiomer Erwachsene Hypertonisches Spray 135 ml<\/strong><\/p>\n<p data-start=\"1139\" data-end=\"1198\"><strong data-start=\"1139\" data-end=\"1153\">Wirkstoff:<\/strong><br data-start=\"1153\" data-end=\"1156\" \/>Hypertonische Meerwasserl\u00f6sung 2,2\u20132,3 %<\/p>\n<p data-start=\"1200\" data-end=\"1453\"><strong data-start=\"1200\" data-end=\"1217\">Indikationen:<\/strong><br data-start=\"1217\" data-end=\"1220\" \/>Anwendung zur:<br data-start=\"1234\" data-end=\"1237\" \/>Linderung von Nasenverstopfung bei Erk\u00e4ltung, Sinusitis oder allergischer Rhinitis<br data-start=\"1319\" data-end=\"1322\" \/>Reduktion von Schleimhautschwellung und Schleimansammlung<br data-start=\"1379\" data-end=\"1382\" \/>Postoperativen Nasenpflege<br data-start=\"1408\" data-end=\"1411\" \/>Tiefenreinigung der Nase bei Erwachsenen<\/p>\n<p data-start=\"1455\" data-end=\"1573\"><strong data-start=\"1455\" data-end=\"1469\">Dosierung:<\/strong><br data-start=\"1469\" data-end=\"1472\" \/><strong data-start=\"1472\" data-end=\"1487\">Erwachsene:<\/strong><br data-start=\"1487\" data-end=\"1490\" \/>1\u20132 Spr\u00fchst\u00f6\u00dfe in jedes Nasenloch 1\u20133-mal t\u00e4glich oder nach \u00e4rztlicher Anweisung.<\/p>\n<p data-start=\"1575\" data-end=\"1658\"><strong data-start=\"1575\" data-end=\"1598\">Kontraindikationen:<\/strong><br data-start=\"1598\" data-end=\"1601\" \/>\u00dcberempfindlichkeit gegen Bestandteile des Meerwassers.<\/p>\n<p data-start=\"1660\" data-end=\"1776\"><strong data-start=\"1660\" data-end=\"1679\">Nebenwirkungen:<\/strong><br data-start=\"1679\" data-end=\"1682\" \/>Vor\u00fcbergehende nasale Reizung oder Brennen<br data-start=\"1724\" data-end=\"1727\" \/>Leichtes Stechen<br data-start=\"1743\" data-end=\"1746\" \/>Selten: allergische Reaktion<\/p>\n<p data-start=\"1778\" data-end=\"1918\"><strong data-start=\"1778\" data-end=\"1799\">Wechselwirkungen:<\/strong><br data-start=\"1799\" data-end=\"1802\" \/>Keine klinisch relevanten Wechselwirkungen bekannt.<br data-start=\"1853\" data-end=\"1856\" \/>Sicher in Kombination mit anderen Nasenpr\u00e4paraten anwendbar.<\/p>\n<p data-start=\"1920\" data-end=\"2037\" data-is-last-node=\"\" data-is-only-node=\"\"><strong data-start=\"1920\" data-end=\"1933\">Lagerung:<\/strong><br data-start=\"1933\" data-end=\"1936\" \/>Bei Raumtemperatur lagern, vor Hitze und Sonnenlicht sch\u00fctzen.<br data-start=\"1998\" data-end=\"2001\" \/>F\u00fcr Kinder unzug\u00e4nglich aufbewahren.<\/p>\n<\/div>\n<\/div>\n<\/div>\n<\/div>\n<div class=\"z-0 flex min-h-[46px] justify-start\"><\/div>\n<div class=\"mt-3 w-full empty:hidden\">\n<div class=\"text-center\"><\/div>\n<\/div>\n<\/div>\n<\/div>\n<\/article>\n<\/div>\n<div class=\"pointer-events-none h-px w-px absolute bottom-0\" aria-hidden=\"true\" data-edge=\"true\"><\/div>\n<div id=\"gtx-trans\" style=\"position: absolute; left: 261px; top: -17px;\">\n<div class=\"gtx-trans-icon\"><\/div>\n<\/div>\n","protected":false},"excerpt":{"rendered":"<p>Physiomer Erwachsene Hypertonisches Spray 135 ml Wirkstoff:Hypertonische Meerwasserl\u00f6sung 2,2\u20132,3 % Indikationen:Anwendung zur:Linderung von Nasenverstopfung bei Erk\u00e4ltung, Sinusitis oder allergischer RhinitisReduktion von Schleimhautschwellung und SchleimansammlungPostoperativen NasenpflegeTiefenreinigung der Nase bei Erwachsenen Dosierung:Erwachsene:1\u20132 Spr\u00fchst\u00f6\u00dfe in jedes Nasenloch 1\u20133-mal t\u00e4glich oder nach \u00e4rztlicher Anweisung. Kontraindikationen:\u00dcberempfindlichkeit gegen Bestandteile des Meerwassers. Nebenwirkungen:Vor\u00fcbergehende nasale Reizung oder BrennenLeichtes StechenSelten: allergische Reaktion Wechselwirkungen:Keine klinisch&#8230;<\/p>\n","protected":false},"featured_media":10426,"comment_status":"open","ping_status":"closed","template":"","meta":{"rs_blank_template":"","rs_page_bg_color":"","slide_template_v7":"","_bst_post_transparent":"default","_bst_post_title":"","_bst_post_layout":"default","_bst_post_sidebar_id":"","_bst_post_content_style":"default","_bst_post_vertical_padding":"default","_bst_post_feature":"","_bst_post_feature_position":"","_bst_post_header":false,"_bst_post_footer":false},"product_brand":[],"product_cat":[235,351,217,373,251],"product_tag":[],"product_brands":[],"class_list":{"0":"post-10427","1":"product","2":"type-product","3":"status-publish","4":"has-post-thumbnail","6":"product_cat-respiratory-asthma-treatments","7":"product_cat-medical-forms","8":"product_cat-medicines","9":"product_cat-nasal-spray","10":"product_cat-nasal-decongestant","12":"first","13":"instock","14":"shipping-taxable","15":"purchasable","16":"product-type-simple","17":"entry","18":"content-bg","19":"loop-entry"},"_links":{"self":[{"href":"https:\/\/nawarpharmacy.com\/de\/wp-json\/wp\/v2\/product\/10427","targetHints":{"allow":["GET"]}}],"collection":[{"href":"https:\/\/nawarpharmacy.com\/de\/wp-json\/wp\/v2\/product"}],"about":[{"href":"https:\/\/nawarpharmacy.com\/de\/wp-json\/wp\/v2\/types\/product"}],"replies":[{"embeddable":true,"href":"https:\/\/nawarpharmacy.com\/de\/wp-json\/wp\/v2\/comments?post=10427"}],"wp:featuredmedia":[{"embeddable":true,"href":"https:\/\/nawarpharmacy.com\/de\/wp-json\/wp\/v2\/media\/10426"}],"wp:attachment":[{"href":"https:\/\/nawarpharmacy.com\/de\/wp-json\/wp\/v2\/media?parent=10427"}],"wp:term":[{"taxonomy":"product_brand","embeddable":true,"href":"https:\/\/nawarpharmacy.com\/de\/wp-json\/wp\/v2\/product_brand?post=10427"},{"taxonomy":"product_cat","embeddable":true,"href":"https:\/\/nawarpharmacy.com\/de\/wp-json\/wp\/v2\/product_cat?post=10427"},{"taxonomy":"product_tag","embeddable":true,"href":"https:\/\/nawarpharmacy.com\/de\/wp-json\/wp\/v2\/product_tag?post=10427"},{"taxonomy":"product_brands","embeddable":true,"href":"https:\/\/nawarpharmacy.com\/de\/wp-json\/wp\/v2\/product_brands?post=10427"}],"curies":[{"name":"wp","href":"https:\/\/api.w.org\/{rel}","templated":true}]}}