{"id":10423,"date":"2025-11-20T13:52:15","date_gmt":"2025-11-20T13:52:15","guid":{"rendered":"https:\/\/nawarpharmacy.com\/?post_type=product&#038;p=10423"},"modified":"2026-02-26T21:24:49","modified_gmt":"2026-02-26T21:24:49","slug":"physiomer-gentle-jet-spray-135ml","status":"publish","type":"product","link":"https:\/\/nawarpharmacy.com\/de\/produkt\/physiomer-gentle-jet-spray-135ml\/","title":{"rendered":"Physiomer Gentle Jet Spray 135 ml"},"content":{"rendered":"<div class=\"flex flex-col text-sm pb-25\">\n<article class=\"text-token-text-primary w-full focus:outline-none [--shadow-height:45px] has-data-writing-block:pointer-events-none has-data-writing-block:-mt-(--shadow-height) has-data-writing-block:pt-(--shadow-height) [&amp;:has([data-writing-block])&gt;*]:pointer-events-auto scroll-mt-[calc(var(--header-height)+min(200px,max(70px,20svh)))]\" dir=\"auto\" tabindex=\"-1\" data-turn-id=\"request-WEB:1fb551c8-723f-4635-af76-1761af7fc3f6-32\" data-testid=\"conversation-turn-66\" data-scroll-anchor=\"true\" data-turn=\"assistant\">\n<div class=\"text-base my-auto mx-auto pb-10 [--thread-content-margin:--spacing(4)] @w-sm\/main:[--thread-content-margin:--spacing(6)] @w-lg\/main:[--thread-content-margin:--spacing(16)] px-(--thread-content-margin)\">\n<div class=\"[--thread-content-max-width:40rem] @w-lg\/main:[--thread-content-max-width:48rem] mx-auto max-w-(--thread-content-max-width) flex-1 group\/turn-messages focus-visible:outline-hidden relative flex w-full min-w-0 flex-col agent-turn\" tabindex=\"-1\">\n<div class=\"flex max-w-full flex-col grow\">\n<div class=\"min-h-8 text-message relative flex w-full flex-col items-end gap-2 text-start break-words whitespace-normal [.text-message+&amp;]:mt-1\" dir=\"auto\" data-message-author-role=\"assistant\" data-message-id=\"280eb1f1-9b9a-4826-aacd-627489c18b81\" data-message-model-slug=\"gpt-5-2\">\n<div class=\"flex w-full flex-col gap-1 empty:hidden first:pt-[1px]\">\n<div class=\"markdown prose dark:prose-invert w-full wrap-break-word dark markdown-new-styling\">\n<p data-start=\"1126\" data-end=\"1165\"><strong data-start=\"1126\" data-end=\"1163\">Physiomer Gentle Jet Spray 135 ml<\/strong><\/p>\n<p data-start=\"1167\" data-end=\"1220\"><strong data-start=\"1167\" data-end=\"1181\">Wirkstoff:<\/strong><br data-start=\"1181\" data-end=\"1184\" \/>Isotonische Meerwasserl\u00f6sung 0,9 %<\/p>\n<p data-start=\"1222\" data-end=\"1494\"><strong data-start=\"1222\" data-end=\"1239\">Indikationen:<\/strong><br data-start=\"1239\" data-end=\"1242\" \/>Anwendung zur:<br data-start=\"1256\" data-end=\"1259\" \/>Tiefenreinigung der Nase bei Erwachsenen und Kindern<br data-start=\"1311\" data-end=\"1314\" \/>Entfernung von z\u00e4hem Schleim und Allergenen<br data-start=\"1357\" data-end=\"1360\" \/>Linderung von Nasenverstopfung bei Erk\u00e4ltung, Sinusitis oder Allergien<br data-start=\"1430\" data-end=\"1433\" \/>T\u00e4glichen Nasenhygiene und Befeuchtung der Nasenschleimhaut<\/p>\n<p data-start=\"1496\" data-end=\"1638\"><strong data-start=\"1496\" data-end=\"1510\">Dosierung:<\/strong><br data-start=\"1510\" data-end=\"1513\" \/><strong data-start=\"1513\" data-end=\"1552\">Erwachsene und Kinder \u00fcber 6 Jahre:<\/strong><br data-start=\"1552\" data-end=\"1555\" \/>1\u20132 Spr\u00fchst\u00f6\u00dfe in jedes Nasenloch 1\u20133-mal t\u00e4glich oder nach \u00e4rztlicher Anweisung.<\/p>\n<p data-start=\"1640\" data-end=\"1717\">Der sanfte Spr\u00fchdruck unterst\u00fctzt eine effektivere Reinigung der Nasenwege.<\/p>\n<p data-start=\"1719\" data-end=\"1802\"><strong data-start=\"1719\" data-end=\"1742\">Kontraindikationen:<\/strong><br data-start=\"1742\" data-end=\"1745\" \/>\u00dcberempfindlichkeit gegen Bestandteile des Meerwassers.<\/p>\n<p data-start=\"1804\" data-end=\"1907\"><strong data-start=\"1804\" data-end=\"1823\">Nebenwirkungen:<\/strong><br data-start=\"1823\" data-end=\"1826\" \/>Vor\u00fcbergehende nasale Reizung<br data-start=\"1855\" data-end=\"1858\" \/>Leichtes Brennen<br data-start=\"1874\" data-end=\"1877\" \/>Selten: allergische Reaktion<\/p>\n<p data-start=\"1909\" data-end=\"2049\"><strong data-start=\"1909\" data-end=\"1930\">Wechselwirkungen:<\/strong><br data-start=\"1930\" data-end=\"1933\" \/>Keine klinisch relevanten Wechselwirkungen bekannt.<br data-start=\"1984\" data-end=\"1987\" \/>Kann zusammen mit anderen Nasenpr\u00e4paraten angewendet werden.<\/p>\n<p data-start=\"2051\" data-end=\"2184\" data-is-last-node=\"\" data-is-only-node=\"\"><strong data-start=\"2051\" data-end=\"2064\">Lagerung:<\/strong><br data-start=\"2064\" data-end=\"2067\" \/>Bei Raumtemperatur lagern, vor Hitze und direkter Sonneneinstrahlung sch\u00fctzen.<br data-start=\"2145\" data-end=\"2148\" \/>F\u00fcr Kinder unzug\u00e4nglich aufbewahren.<\/p>\n<\/div>\n<\/div>\n<\/div>\n<\/div>\n<div class=\"z-0 flex min-h-[46px] justify-start\"><\/div>\n<div class=\"mt-3 w-full empty:hidden\">\n<div class=\"text-center\"><\/div>\n<\/div>\n<\/div>\n<\/div>\n<\/article>\n<\/div>\n<div class=\"pointer-events-none h-px w-px absolute bottom-0\" aria-hidden=\"true\" data-edge=\"true\"><\/div>\n<div id=\"gtx-trans\" style=\"position: absolute; left: 204px; top: -17px;\">\n<div class=\"gtx-trans-icon\"><\/div>\n<\/div>\n","protected":false},"excerpt":{"rendered":"<p>Physiomer Gentle Jet Spray 135 ml Wirkstoff:Isotonische Meerwasserl\u00f6sung 0,9 % Indikationen:Anwendung zur:Tiefenreinigung der Nase bei Erwachsenen und KindernEntfernung von z\u00e4hem Schleim und AllergenenLinderung von Nasenverstopfung bei Erk\u00e4ltung, Sinusitis oder AllergienT\u00e4glichen Nasenhygiene und Befeuchtung der Nasenschleimhaut Dosierung:Erwachsene und Kinder \u00fcber 6 Jahre:1\u20132 Spr\u00fchst\u00f6\u00dfe in jedes Nasenloch 1\u20133-mal t\u00e4glich oder nach \u00e4rztlicher Anweisung. Der sanfte Spr\u00fchdruck unterst\u00fctzt&#8230;<\/p>\n","protected":false},"featured_media":10422,"comment_status":"open","ping_status":"closed","template":"","meta":{"rs_blank_template":"","rs_page_bg_color":"","slide_template_v7":"","_bst_post_transparent":"default","_bst_post_title":"","_bst_post_layout":"default","_bst_post_sidebar_id":"","_bst_post_content_style":"default","_bst_post_vertical_padding":"default","_bst_post_feature":"","_bst_post_feature_position":"","_bst_post_header":false,"_bst_post_footer":false},"product_brand":[],"product_cat":[235,351,217,373,251],"product_tag":[],"product_brands":[],"class_list":{"0":"post-10423","1":"product","2":"type-product","3":"status-publish","4":"has-post-thumbnail","6":"product_cat-respiratory-asthma-treatments","7":"product_cat-medical-forms","8":"product_cat-medicines","9":"product_cat-nasal-spray","10":"product_cat-nasal-decongestant","12":"first","13":"instock","14":"shipping-taxable","15":"purchasable","16":"product-type-simple","17":"entry","18":"content-bg","19":"loop-entry"},"_links":{"self":[{"href":"https:\/\/nawarpharmacy.com\/de\/wp-json\/wp\/v2\/product\/10423","targetHints":{"allow":["GET"]}}],"collection":[{"href":"https:\/\/nawarpharmacy.com\/de\/wp-json\/wp\/v2\/product"}],"about":[{"href":"https:\/\/nawarpharmacy.com\/de\/wp-json\/wp\/v2\/types\/product"}],"replies":[{"embeddable":true,"href":"https:\/\/nawarpharmacy.com\/de\/wp-json\/wp\/v2\/comments?post=10423"}],"wp:featuredmedia":[{"embeddable":true,"href":"https:\/\/nawarpharmacy.com\/de\/wp-json\/wp\/v2\/media\/10422"}],"wp:attachment":[{"href":"https:\/\/nawarpharmacy.com\/de\/wp-json\/wp\/v2\/media?parent=10423"}],"wp:term":[{"taxonomy":"product_brand","embeddable":true,"href":"https:\/\/nawarpharmacy.com\/de\/wp-json\/wp\/v2\/product_brand?post=10423"},{"taxonomy":"product_cat","embeddable":true,"href":"https:\/\/nawarpharmacy.com\/de\/wp-json\/wp\/v2\/product_cat?post=10423"},{"taxonomy":"product_tag","embeddable":true,"href":"https:\/\/nawarpharmacy.com\/de\/wp-json\/wp\/v2\/product_tag?post=10423"},{"taxonomy":"product_brands","embeddable":true,"href":"https:\/\/nawarpharmacy.com\/de\/wp-json\/wp\/v2\/product_brands?post=10423"}],"curies":[{"name":"wp","href":"https:\/\/api.w.org\/{rel}","templated":true}]}}