{"id":10419,"date":"2025-11-20T13:58:05","date_gmt":"2025-11-20T13:58:05","guid":{"rendered":"https:\/\/nawarpharmacy.com\/?post_type=product&#038;p=10419"},"modified":"2026-02-26T21:24:05","modified_gmt":"2026-02-26T21:24:05","slug":"flixonase-0-05-nasal-spray-120-doses","status":"publish","type":"product","link":"https:\/\/nawarpharmacy.com\/de\/produkt\/flixonase-0-05-nasal-spray-120-doses\/","title":{"rendered":"Flixonase 0,05% Nasenspray 120 Dosen"},"content":{"rendered":"<div class=\"flex flex-col text-sm pb-25\">\n<article class=\"text-token-text-primary w-full focus:outline-none [--shadow-height:45px] has-data-writing-block:pointer-events-none has-data-writing-block:-mt-(--shadow-height) has-data-writing-block:pt-(--shadow-height) [&amp;:has([data-writing-block])&gt;*]:pointer-events-auto scroll-mt-[calc(var(--header-height)+min(200px,max(70px,20svh)))]\" dir=\"auto\" tabindex=\"-1\" data-turn-id=\"request-WEB:1fb551c8-723f-4635-af76-1761af7fc3f6-31\" data-testid=\"conversation-turn-64\" data-scroll-anchor=\"true\" data-turn=\"assistant\">\n<div class=\"text-base my-auto mx-auto pb-10 [--thread-content-margin:--spacing(4)] @w-sm\/main:[--thread-content-margin:--spacing(6)] @w-lg\/main:[--thread-content-margin:--spacing(16)] px-(--thread-content-margin)\">\n<div class=\"[--thread-content-max-width:40rem] @w-lg\/main:[--thread-content-max-width:48rem] mx-auto max-w-(--thread-content-max-width) flex-1 group\/turn-messages focus-visible:outline-hidden relative flex w-full min-w-0 flex-col agent-turn\" tabindex=\"-1\">\n<div class=\"flex max-w-full flex-col grow\">\n<div class=\"min-h-8 text-message relative flex w-full flex-col items-end gap-2 text-start break-words whitespace-normal [.text-message+&amp;]:mt-1\" dir=\"auto\" data-message-author-role=\"assistant\" data-message-id=\"9931d093-2324-493c-9bfb-993423b7786f\" data-message-model-slug=\"gpt-5-2\">\n<div class=\"flex w-full flex-col gap-1 empty:hidden first:pt-[1px]\">\n<div class=\"markdown prose dark:prose-invert w-full wrap-break-word dark markdown-new-styling\">\n<p data-start=\"1424\" data-end=\"1466\"><strong data-start=\"1424\" data-end=\"1464\">Flixonase 0,05% Nasenspray 120 Dosen<\/strong><\/p>\n<p data-start=\"1468\" data-end=\"1534\"><strong data-start=\"1468\" data-end=\"1482\">Wirkstoff:<\/strong><br data-start=\"1482\" data-end=\"1485\" \/>Fluticasonpropionat 50 Mikrogramm pro Spr\u00fchsto\u00df<\/p>\n<p data-start=\"1536\" data-end=\"1751\"><strong data-start=\"1536\" data-end=\"1553\">Indikationen:<\/strong><br data-start=\"1553\" data-end=\"1556\" \/>Anwendung bei:<br data-start=\"1570\" data-end=\"1573\" \/>Allergischer Rhinitis (saisonal oder perennial)<br data-start=\"1620\" data-end=\"1623\" \/>Nasenverstopfung<br data-start=\"1639\" data-end=\"1642\" \/>Niesen und Rhinorrh\u00f6<br data-start=\"1662\" data-end=\"1665\" \/>Juckenden oder gereizten Naseng\u00e4ngen<br data-start=\"1701\" data-end=\"1704\" \/>Pr\u00e4vention allergiebedingter nasaler Symptome<\/p>\n<p data-start=\"1753\" data-end=\"1894\"><strong data-start=\"1753\" data-end=\"1767\">Dosierung:<\/strong><br data-start=\"1767\" data-end=\"1770\" \/><strong data-start=\"1770\" data-end=\"1810\">Erwachsene und Kinder \u00fcber 12 Jahre:<\/strong><br data-start=\"1810\" data-end=\"1813\" \/>2 Spr\u00fchst\u00f6\u00dfe in jedes Nasenloch einmal t\u00e4glich oder nach \u00e4rztlicher Verordnung.<\/p>\n<p data-start=\"1896\" data-end=\"2005\"><strong data-start=\"1896\" data-end=\"1923\">Kinder von 4\u201311 Jahren:<\/strong><br data-start=\"1923\" data-end=\"1926\" \/>1 Spr\u00fchsto\u00df in jedes Nasenloch einmal t\u00e4glich oder nach \u00e4rztlicher Anweisung.<\/p>\n<p data-start=\"2007\" data-end=\"2043\">Vor jeder Anwendung gut sch\u00fctteln.<\/p>\n<p data-start=\"2045\" data-end=\"2256\"><strong data-start=\"2045\" data-end=\"2068\">Kontraindikationen:<\/strong><br data-start=\"2068\" data-end=\"2071\" \/>\u00dcberempfindlichkeit gegen Fluticason oder einen der sonstigen Bestandteile des Sprays.<br data-start=\"2157\" data-end=\"2160\" \/>Unbehandelte Naseninfektionen oder k\u00fcrzlich erfolgte Nasenoperation ohne \u00e4rztliche Empfehlung.<\/p>\n<p data-start=\"2258\" data-end=\"2408\"><strong data-start=\"2258\" data-end=\"2277\">Nebenwirkungen:<\/strong><br data-start=\"2277\" data-end=\"2280\" \/>Nasale Reizung oder Brennen<br data-start=\"2307\" data-end=\"2310\" \/>Trockenheit der Nasenschleimhaut<br data-start=\"2342\" data-end=\"2345\" \/>Kopfschmerzen<br data-start=\"2358\" data-end=\"2361\" \/>Selten: Nasenbluten oder allergische Reaktion<\/p>\n<p data-start=\"2410\" data-end=\"2632\"><strong data-start=\"2410\" data-end=\"2431\">Wechselwirkungen:<\/strong><br data-start=\"2431\" data-end=\"2434\" \/>Vorsicht bei gleichzeitiger Anwendung starker CYP3A4-Inhibitoren (z. B. Ketoconazol, Ritonavir).<br data-start=\"2530\" data-end=\"2533\" \/>Die gleichzeitige Anwendung mit anderen Kortikosteroiden kann die systemische Exposition erh\u00f6hen.<\/p>\n<p data-start=\"2634\" data-end=\"2801\" data-is-last-node=\"\" data-is-only-node=\"\"><strong data-start=\"2634\" data-end=\"2647\">Lagerung:<\/strong><br data-start=\"2647\" data-end=\"2650\" \/>Bei Raumtemperatur lagern, vor Hitze und direkter Sonneneinstrahlung sch\u00fctzen.<br data-start=\"2728\" data-end=\"2731\" \/>Die Flasche fest verschlossen und f\u00fcr Kinder unzug\u00e4nglich aufbewahren.<\/p>\n<\/div>\n<\/div>\n<\/div>\n<\/div>\n<div class=\"z-0 flex min-h-[46px] justify-start\"><\/div>\n<div class=\"mt-3 w-full empty:hidden\">\n<div class=\"text-center\"><\/div>\n<\/div>\n<\/div>\n<\/div>\n<\/article>\n<\/div>\n<div class=\"pointer-events-none h-px w-px absolute bottom-0\" aria-hidden=\"true\" data-edge=\"true\"><\/div>\n<div id=\"gtx-trans\" style=\"position: absolute; left: 199px; top: -17px;\">\n<div class=\"gtx-trans-icon\"><\/div>\n<\/div>\n","protected":false},"excerpt":{"rendered":"<p>Flixonase 0,05% Nasenspray 120 Dosen Wirkstoff:Fluticasonpropionat 50 Mikrogramm pro Spr\u00fchsto\u00df Indikationen:Anwendung bei:Allergischer Rhinitis (saisonal oder perennial)NasenverstopfungNiesen und Rhinorrh\u00f6Juckenden oder gereizten Naseng\u00e4ngenPr\u00e4vention allergiebedingter nasaler Symptome Dosierung:Erwachsene und Kinder \u00fcber 12 Jahre:2 Spr\u00fchst\u00f6\u00dfe in jedes Nasenloch einmal t\u00e4glich oder nach \u00e4rztlicher Verordnung. Kinder von 4\u201311 Jahren:1 Spr\u00fchsto\u00df in jedes Nasenloch einmal t\u00e4glich oder nach \u00e4rztlicher Anweisung. Vor&#8230;<\/p>\n","protected":false},"featured_media":10418,"comment_status":"open","ping_status":"closed","template":"","meta":{"rs_blank_template":"","rs_page_bg_color":"","slide_template_v7":"","_bst_post_transparent":"default","_bst_post_title":"","_bst_post_layout":"default","_bst_post_sidebar_id":"","_bst_post_content_style":"default","_bst_post_vertical_padding":"default","_bst_post_feature":"","_bst_post_feature_position":"","_bst_post_header":false,"_bst_post_footer":false},"product_brand":[],"product_cat":[235,351,217,373,251],"product_tag":[],"product_brands":[],"class_list":{"0":"post-10419","1":"product","2":"type-product","3":"status-publish","4":"has-post-thumbnail","6":"product_cat-respiratory-asthma-treatments","7":"product_cat-medical-forms","8":"product_cat-medicines","9":"product_cat-nasal-spray","10":"product_cat-nasal-decongestant","12":"first","13":"instock","14":"shipping-taxable","15":"purchasable","16":"product-type-simple","17":"entry","18":"content-bg","19":"loop-entry"},"_links":{"self":[{"href":"https:\/\/nawarpharmacy.com\/de\/wp-json\/wp\/v2\/product\/10419","targetHints":{"allow":["GET"]}}],"collection":[{"href":"https:\/\/nawarpharmacy.com\/de\/wp-json\/wp\/v2\/product"}],"about":[{"href":"https:\/\/nawarpharmacy.com\/de\/wp-json\/wp\/v2\/types\/product"}],"replies":[{"embeddable":true,"href":"https:\/\/nawarpharmacy.com\/de\/wp-json\/wp\/v2\/comments?post=10419"}],"wp:featuredmedia":[{"embeddable":true,"href":"https:\/\/nawarpharmacy.com\/de\/wp-json\/wp\/v2\/media\/10418"}],"wp:attachment":[{"href":"https:\/\/nawarpharmacy.com\/de\/wp-json\/wp\/v2\/media?parent=10419"}],"wp:term":[{"taxonomy":"product_brand","embeddable":true,"href":"https:\/\/nawarpharmacy.com\/de\/wp-json\/wp\/v2\/product_brand?post=10419"},{"taxonomy":"product_cat","embeddable":true,"href":"https:\/\/nawarpharmacy.com\/de\/wp-json\/wp\/v2\/product_cat?post=10419"},{"taxonomy":"product_tag","embeddable":true,"href":"https:\/\/nawarpharmacy.com\/de\/wp-json\/wp\/v2\/product_tag?post=10419"},{"taxonomy":"product_brands","embeddable":true,"href":"https:\/\/nawarpharmacy.com\/de\/wp-json\/wp\/v2\/product_brands?post=10419"}],"curies":[{"name":"wp","href":"https:\/\/api.w.org\/{rel}","templated":true}]}}