{"id":10415,"date":"2025-11-20T14:02:19","date_gmt":"2025-11-20T14:02:19","guid":{"rendered":"https:\/\/nawarpharmacy.com\/?post_type=product&#038;p=10415"},"modified":"2026-02-26T21:23:22","modified_gmt":"2026-02-26T21:23:22","slug":"fluroquinomox-0-5-eye-drops-5ml","status":"publish","type":"product","link":"https:\/\/nawarpharmacy.com\/de\/produkt\/fluroquinomox-0-5-eye-drops-5ml\/","title":{"rendered":"Fluroquinomox 0,5% Augentropfen 5 ml"},"content":{"rendered":"<article class=\"text-token-text-primary w-full focus:outline-none [--shadow-height:45px] has-data-writing-block:pointer-events-none has-data-writing-block:-mt-(--shadow-height) has-data-writing-block:pt-(--shadow-height) [&amp;:has([data-writing-block])&gt;*]:pointer-events-auto [content-visibility:auto] supports-[content-visibility:auto]:[contain-intrinsic-size:auto_100lvh] scroll-mt-[calc(var(--header-height)+min(200px,max(70px,20svh)))]\" dir=\"auto\" data-turn-id=\"request-691b06b7-6218-832d-8a14-33a40741db89-6\" data-testid=\"conversation-turn-268\" data-scroll-anchor=\"true\" data-turn=\"assistant\">\n<div class=\"text-base my-auto mx-auto pb-10 [--thread-content-margin:--spacing(4)] thread-sm:[--thread-content-margin:--spacing(6)] thread-lg:[--thread-content-margin:--spacing(16)] px-(--thread-content-margin)\">\n<div class=\"[--thread-content-max-width:40rem] thread-lg:[--thread-content-max-width:48rem] mx-auto max-w-(--thread-content-max-width) flex-1 group\/turn-messages focus-visible:outline-hidden relative flex w-full min-w-0 flex-col agent-turn\">\n<div class=\"flex max-w-full flex-col grow\">\n<div class=\"min-h-8 text-message relative flex w-full flex-col items-end gap-2 text-start break-words whitespace-normal [.text-message+&amp;]:mt-1\" dir=\"auto\" data-message-author-role=\"assistant\" data-message-id=\"4e11c7ed-b380-4488-83c5-778ba9a58830\" data-message-model-slug=\"gpt-5-1\">\n<div class=\"flex w-full flex-col gap-1 empty:hidden first:pt-[1px]\">\n<div class=\"markdown prose dark:prose-invert w-full break-words light markdown-new-styling\">\n<div class=\"flex flex-col text-sm pb-25\">\n<article class=\"text-token-text-primary w-full focus:outline-none [--shadow-height:45px] has-data-writing-block:pointer-events-none has-data-writing-block:-mt-(--shadow-height) has-data-writing-block:pt-(--shadow-height) [&amp;:has([data-writing-block])&gt;*]:pointer-events-auto scroll-mt-[calc(var(--header-height)+min(200px,max(70px,20svh)))]\" dir=\"auto\" tabindex=\"-1\" data-turn-id=\"request-WEB:1fb551c8-723f-4635-af76-1761af7fc3f6-30\" data-testid=\"conversation-turn-62\" data-scroll-anchor=\"true\" data-turn=\"assistant\">\n<div class=\"text-base my-auto mx-auto pb-10 [--thread-content-margin:--spacing(4)] @w-sm\/main:[--thread-content-margin:--spacing(6)] @w-lg\/main:[--thread-content-margin:--spacing(16)] px-(--thread-content-margin)\">\n<div class=\"[--thread-content-max-width:40rem] @w-lg\/main:[--thread-content-max-width:48rem] mx-auto max-w-(--thread-content-max-width) flex-1 group\/turn-messages focus-visible:outline-hidden relative flex w-full min-w-0 flex-col agent-turn\" tabindex=\"-1\">\n<div class=\"flex max-w-full flex-col grow\">\n<div class=\"min-h-8 text-message relative flex w-full flex-col items-end gap-2 text-start break-words whitespace-normal [.text-message+&amp;]:mt-1\" dir=\"auto\" data-message-author-role=\"assistant\" data-message-id=\"bb066f01-f544-4fd6-86c3-38cb3179dc06\" data-message-model-slug=\"gpt-5-2\">\n<div class=\"flex w-full flex-col gap-1 empty:hidden first:pt-[1px]\">\n<div class=\"markdown prose dark:prose-invert w-full wrap-break-word dark markdown-new-styling\">\n<p data-start=\"1158\" data-end=\"1200\"><strong data-start=\"1158\" data-end=\"1198\">Fluroquinomox 0,5% Augentropfen 5 ml<\/strong><\/p>\n<p data-start=\"1202\" data-end=\"1245\"><strong data-start=\"1202\" data-end=\"1216\">Wirkstoff:<\/strong><br data-start=\"1216\" data-end=\"1219\" \/>Moxifloxacin 0,5 % (m\/V)<\/p>\n<p data-start=\"1247\" data-end=\"1454\"><strong data-start=\"1247\" data-end=\"1264\">Indikationen:<\/strong><br data-start=\"1264\" data-end=\"1267\" \/>Anwendung bei:<br data-start=\"1281\" data-end=\"1284\" \/>Bakterieller Konjunktivitis<br data-start=\"1311\" data-end=\"1314\" \/>R\u00f6tung, Sekretion und Reizung infolge bakterieller Augeninfektionen<br data-start=\"1381\" data-end=\"1384\" \/>Pr\u00e4vention einer Sekund\u00e4rinfektion bei geringf\u00fcgigem okul\u00e4rem Trauma<\/p>\n<p data-start=\"1456\" data-end=\"1682\"><strong data-start=\"1456\" data-end=\"1470\">Dosierung:<\/strong><br data-start=\"1470\" data-end=\"1473\" \/><strong data-start=\"1473\" data-end=\"1511\">Erwachsene und Kinder \u00fcber 1 Jahr:<\/strong><br data-start=\"1511\" data-end=\"1514\" \/>1 Tropfen in das\/die betroffene(n) Auge(n) 3-mal t\u00e4glich oder nach \u00e4rztlicher Verordnung.<br data-start=\"1603\" data-end=\"1606\" \/>Kontakt der Tropferspitze mit dem Auge oder anderen Oberfl\u00e4chen vermeiden.<\/p>\n<p data-start=\"1684\" data-end=\"1784\"><strong data-start=\"1684\" data-end=\"1707\">Kontraindikationen:<\/strong><br data-start=\"1707\" data-end=\"1710\" \/>\u00dcberempfindlichkeit gegen Moxifloxacin oder andere Chinolon-Antibiotika.<\/p>\n<p data-start=\"1786\" data-end=\"1969\"><strong data-start=\"1786\" data-end=\"1805\">Nebenwirkungen:<\/strong><br data-start=\"1805\" data-end=\"1808\" \/>Leichtes Brennen oder Stechen<br data-start=\"1837\" data-end=\"1840\" \/>Vor\u00fcbergehende verschwommene Sicht<br data-start=\"1874\" data-end=\"1877\" \/>Trockene oder gereizte Augen<br data-start=\"1905\" data-end=\"1908\" \/>Selten: allergische Reaktion oder Schwellung der Augenlider<\/p>\n<p data-start=\"1971\" data-end=\"2099\"><strong data-start=\"1971\" data-end=\"1992\">Wechselwirkungen:<\/strong><br data-start=\"1992\" data-end=\"1995\" \/>Bei Anwendung weiterer Augentropfen einen Abstand von 10\u201315 Minuten zwischen den Pr\u00e4paraten einhalten.<\/p>\n<p data-start=\"2101\" data-end=\"2252\" data-is-last-node=\"\" data-is-only-node=\"\"><strong data-start=\"2101\" data-end=\"2114\">Lagerung:<\/strong><br data-start=\"2114\" data-end=\"2117\" \/>Bei Raumtemperatur lagern, vor Hitze und Sonnenlicht sch\u00fctzen.<br data-start=\"2179\" data-end=\"2182\" \/>Die Flasche fest verschlossen und f\u00fcr Kinder unzug\u00e4nglich aufbewahren.<\/p>\n<\/div>\n<\/div>\n<\/div>\n<\/div>\n<div class=\"z-0 flex min-h-[46px] justify-start\"><\/div>\n<div class=\"mt-3 w-full empty:hidden\">\n<div class=\"text-center\"><\/div>\n<\/div>\n<\/div>\n<\/div>\n<\/article>\n<\/div>\n<div class=\"pointer-events-none h-px w-px absolute bottom-0\" aria-hidden=\"true\" data-edge=\"true\"><\/div>\n<\/div>\n<\/div>\n<\/div>\n<\/div>\n<\/div>\n<\/div>\n<\/article>\n<div id=\"gtx-trans\" style=\"position: absolute; left: 255px; top: -17px;\">\n<div class=\"gtx-trans-icon\"><\/div>\n<\/div>\n","protected":false},"excerpt":{"rendered":"<p>Fluroquinomox 0,5% Augentropfen 5 ml Wirkstoff:Moxifloxacin 0,5 % (m\/V) Indikationen:Anwendung bei:Bakterieller KonjunktivitisR\u00f6tung, Sekretion und Reizung infolge bakterieller AugeninfektionenPr\u00e4vention einer Sekund\u00e4rinfektion bei geringf\u00fcgigem okul\u00e4rem Trauma Dosierung:Erwachsene und Kinder \u00fcber 1 Jahr:1 Tropfen in das\/die betroffene(n) Auge(n) 3-mal t\u00e4glich oder nach \u00e4rztlicher Verordnung.Kontakt der Tropferspitze mit dem Auge oder anderen Oberfl\u00e4chen vermeiden. Kontraindikationen:\u00dcberempfindlichkeit gegen Moxifloxacin oder andere&#8230;<\/p>\n","protected":false},"featured_media":10414,"comment_status":"open","ping_status":"closed","template":"","meta":{"rs_blank_template":"","rs_page_bg_color":"","slide_template_v7":"","_bst_post_transparent":"default","_bst_post_title":"","_bst_post_layout":"default","_bst_post_sidebar_id":"","_bst_post_content_style":"default","_bst_post_vertical_padding":"default","_bst_post_feature":"","_bst_post_feature_position":"","_bst_post_header":false,"_bst_post_footer":false},"product_brand":[],"product_cat":[237,307,371,351,217],"product_tag":[],"product_brands":[],"class_list":{"0":"post-10415","1":"product","2":"type-product","3":"status-publish","4":"has-post-thumbnail","6":"product_cat-eye-ear-medications","7":"product_cat-optical-antibiotic","8":"product_cat-eye-drops","9":"product_cat-medical-forms","10":"product_cat-medicines","12":"first","13":"instock","14":"shipping-taxable","15":"purchasable","16":"product-type-simple","17":"entry","18":"content-bg","19":"loop-entry"},"_links":{"self":[{"href":"https:\/\/nawarpharmacy.com\/de\/wp-json\/wp\/v2\/product\/10415","targetHints":{"allow":["GET"]}}],"collection":[{"href":"https:\/\/nawarpharmacy.com\/de\/wp-json\/wp\/v2\/product"}],"about":[{"href":"https:\/\/nawarpharmacy.com\/de\/wp-json\/wp\/v2\/types\/product"}],"replies":[{"embeddable":true,"href":"https:\/\/nawarpharmacy.com\/de\/wp-json\/wp\/v2\/comments?post=10415"}],"wp:featuredmedia":[{"embeddable":true,"href":"https:\/\/nawarpharmacy.com\/de\/wp-json\/wp\/v2\/media\/10414"}],"wp:attachment":[{"href":"https:\/\/nawarpharmacy.com\/de\/wp-json\/wp\/v2\/media?parent=10415"}],"wp:term":[{"taxonomy":"product_brand","embeddable":true,"href":"https:\/\/nawarpharmacy.com\/de\/wp-json\/wp\/v2\/product_brand?post=10415"},{"taxonomy":"product_cat","embeddable":true,"href":"https:\/\/nawarpharmacy.com\/de\/wp-json\/wp\/v2\/product_cat?post=10415"},{"taxonomy":"product_tag","embeddable":true,"href":"https:\/\/nawarpharmacy.com\/de\/wp-json\/wp\/v2\/product_tag?post=10415"},{"taxonomy":"product_brands","embeddable":true,"href":"https:\/\/nawarpharmacy.com\/de\/wp-json\/wp\/v2\/product_brands?post=10415"}],"curies":[{"name":"wp","href":"https:\/\/api.w.org\/{rel}","templated":true}]}}