{"id":10411,"date":"2025-11-20T19:47:06","date_gmt":"2025-11-20T19:47:06","guid":{"rendered":"https:\/\/nawarpharmacy.com\/?post_type=product&#038;p=10411"},"modified":"2026-02-26T21:22:36","modified_gmt":"2026-02-26T21:22:36","slug":"fluca-eye-drops-5ml","status":"publish","type":"product","link":"https:\/\/nawarpharmacy.com\/de\/produkt\/fluca-eye-drops-5ml\/","title":{"rendered":"Fluca Augentropfen 5 ml"},"content":{"rendered":"<div class=\"flex flex-col text-sm pb-25\">\n<article class=\"text-token-text-primary w-full focus:outline-none [--shadow-height:45px] has-data-writing-block:pointer-events-none has-data-writing-block:-mt-(--shadow-height) has-data-writing-block:pt-(--shadow-height) [&amp;:has([data-writing-block])&gt;*]:pointer-events-auto scroll-mt-[calc(var(--header-height)+min(200px,max(70px,20svh)))]\" dir=\"auto\" tabindex=\"-1\" data-turn-id=\"request-WEB:1fb551c8-723f-4635-af76-1761af7fc3f6-29\" data-testid=\"conversation-turn-60\" data-scroll-anchor=\"true\" data-turn=\"assistant\">\n<div class=\"text-base my-auto mx-auto pb-10 [--thread-content-margin:--spacing(4)] @w-sm\/main:[--thread-content-margin:--spacing(6)] @w-lg\/main:[--thread-content-margin:--spacing(16)] px-(--thread-content-margin)\">\n<div class=\"[--thread-content-max-width:40rem] @w-lg\/main:[--thread-content-max-width:48rem] mx-auto max-w-(--thread-content-max-width) flex-1 group\/turn-messages focus-visible:outline-hidden relative flex w-full min-w-0 flex-col agent-turn\" tabindex=\"-1\">\n<div class=\"flex max-w-full flex-col grow\">\n<div class=\"min-h-8 text-message relative flex w-full flex-col items-end gap-2 text-start break-words whitespace-normal [.text-message+&amp;]:mt-1\" dir=\"auto\" data-message-author-role=\"assistant\" data-message-id=\"441ca76c-90a0-4003-b2e7-bb53fcf24d05\" data-message-model-slug=\"gpt-5-2\">\n<div class=\"flex w-full flex-col gap-1 empty:hidden first:pt-[1px]\">\n<div class=\"markdown prose dark:prose-invert w-full wrap-break-word dark markdown-new-styling\">\n<p data-start=\"1478\" data-end=\"1507\"><strong data-start=\"1478\" data-end=\"1505\">Fluca Augentropfen 5 ml<\/strong><\/p>\n<p data-start=\"1509\" data-end=\"1554\"><strong data-start=\"1509\" data-end=\"1523\">Wirkstoff:<\/strong><br data-start=\"1523\" data-end=\"1526\" \/>Fluorometholon 0,1 % (m\/V)<\/p>\n<p data-start=\"1556\" data-end=\"1778\"><strong data-start=\"1556\" data-end=\"1573\">Indikationen:<\/strong><br data-start=\"1573\" data-end=\"1576\" \/>Anwendung bei:<br data-start=\"1590\" data-end=\"1593\" \/>Entz\u00fcndungen des Auges<br data-start=\"1615\" data-end=\"1618\" \/>R\u00f6tung, Schwellung und Reizung allergischer oder nichtinfekti\u00f6ser Ursache<br data-start=\"1691\" data-end=\"1694\" \/>Postoperativer okul\u00e4rer Entz\u00fcndung<br data-start=\"1728\" data-end=\"1731\" \/>Entz\u00fcndlichen Reaktionen auf Umweltreizstoffe<\/p>\n<p data-start=\"1780\" data-end=\"1950\"><strong data-start=\"1780\" data-end=\"1794\">Dosierung:<\/strong><br data-start=\"1794\" data-end=\"1797\" \/><strong data-start=\"1797\" data-end=\"1852\">Erwachsene und Kinder (nach \u00e4rztlicher Verordnung):<\/strong><br data-start=\"1852\" data-end=\"1855\" \/>1\u20132 Tropfen in das\/die betroffene(n) Auge(n) 2\u20134-mal t\u00e4glich oder gem\u00e4\u00df \u00e4rztlicher Anweisung.<\/p>\n<p data-start=\"1952\" data-end=\"2117\">Bei schwerer Entz\u00fcndung kann die Dosis vor\u00fcbergehend erh\u00f6ht werden.<br data-start=\"2019\" data-end=\"2022\" \/>Kortikosteroidhaltige Augentropfen nicht pl\u00f6tzlich absetzen, sofern nicht \u00e4rztlich empfohlen.<\/p>\n<p data-start=\"2119\" data-end=\"2333\"><strong data-start=\"2119\" data-end=\"2142\">Kontraindikationen:<\/strong><br data-start=\"2142\" data-end=\"2145\" \/>Virale, mykotische oder unbehandelte bakterielle Augeninfektionen<br data-start=\"2210\" data-end=\"2213\" \/>\u00dcberempfindlichkeit gegen Fluorometholon oder einen der sonstigen Bestandteile<br data-start=\"2291\" data-end=\"2294\" \/>Unbehandelter okul\u00e4rer Herpes simplex<\/p>\n<p data-start=\"2335\" data-end=\"2499\"><strong data-start=\"2335\" data-end=\"2354\">Nebenwirkungen:<\/strong><br data-start=\"2354\" data-end=\"2357\" \/>Vor\u00fcbergehendes Brennen oder Stechen<br data-start=\"2393\" data-end=\"2396\" \/>Erh\u00f6hter Augeninnendruck bei l\u00e4ngerer Anwendung<br data-start=\"2443\" data-end=\"2446\" \/>Verschwommenes Sehen<br data-start=\"2466\" data-end=\"2469\" \/>Selten: allergische Reaktion<\/p>\n<p data-start=\"2501\" data-end=\"2692\"><strong data-start=\"2501\" data-end=\"2522\">Wechselwirkungen:<\/strong><br data-start=\"2522\" data-end=\"2525\" \/>Vorsicht bei gleichzeitiger Anwendung anderer kortikosteroidhaltiger Augenpr\u00e4parate.<br data-start=\"2609\" data-end=\"2612\" \/>Bei Anwendung weiterer Augentropfen einen Abstand von 10\u201315 Minuten einhalten.<\/p>\n<p data-start=\"2694\" data-end=\"2839\" data-is-last-node=\"\" data-is-only-node=\"\"><strong data-start=\"2694\" data-end=\"2707\">Lagerung:<\/strong><br data-start=\"2707\" data-end=\"2710\" \/>Bei Raumtemperatur lagern, vor Hitze und Licht sch\u00fctzen.<br data-start=\"2766\" data-end=\"2769\" \/>Die Flasche fest verschlossen und f\u00fcr Kinder unzug\u00e4nglich aufbewahren.<\/p>\n<\/div>\n<\/div>\n<\/div>\n<\/div>\n<div class=\"z-0 flex min-h-[46px] justify-start\"><\/div>\n<div class=\"mt-3 w-full empty:hidden\">\n<div class=\"text-center\"><\/div>\n<\/div>\n<\/div>\n<\/div>\n<\/article>\n<\/div>\n<div class=\"pointer-events-none h-px w-px absolute bottom-0\" aria-hidden=\"true\" data-edge=\"true\"><\/div>\n<div id=\"gtx-trans\" style=\"position: absolute; left: 101px; top: -17px;\">\n<div class=\"gtx-trans-icon\"><\/div>\n<\/div>\n","protected":false},"excerpt":{"rendered":"<p>Fluca Augentropfen 5 ml Wirkstoff:Fluorometholon 0,1 % (m\/V) Indikationen:Anwendung bei:Entz\u00fcndungen des AugesR\u00f6tung, Schwellung und Reizung allergischer oder nichtinfekti\u00f6ser UrsachePostoperativer okul\u00e4rer Entz\u00fcndungEntz\u00fcndlichen Reaktionen auf Umweltreizstoffe Dosierung:Erwachsene und Kinder (nach \u00e4rztlicher Verordnung):1\u20132 Tropfen in das\/die betroffene(n) Auge(n) 2\u20134-mal t\u00e4glich oder gem\u00e4\u00df \u00e4rztlicher Anweisung. Bei schwerer Entz\u00fcndung kann die Dosis vor\u00fcbergehend erh\u00f6ht werden.Kortikosteroidhaltige Augentropfen nicht pl\u00f6tzlich absetzen, sofern&#8230;<\/p>\n","protected":false},"featured_media":10410,"comment_status":"open","ping_status":"closed","template":"","meta":{"rs_blank_template":"","rs_page_bg_color":"","slide_template_v7":"","_bst_post_transparent":"default","_bst_post_title":"","_bst_post_layout":"default","_bst_post_sidebar_id":"","_bst_post_content_style":"default","_bst_post_vertical_padding":"default","_bst_post_feature":"","_bst_post_feature_position":"","_bst_post_header":false,"_bst_post_footer":false},"product_brand":[],"product_cat":[237,371,351,217],"product_tag":[],"product_brands":[],"class_list":{"0":"post-10411","1":"product","2":"type-product","3":"status-publish","4":"has-post-thumbnail","6":"product_cat-eye-ear-medications","7":"product_cat-eye-drops","8":"product_cat-medical-forms","9":"product_cat-medicines","11":"first","12":"instock","13":"shipping-taxable","14":"purchasable","15":"product-type-simple","16":"entry","17":"content-bg","18":"loop-entry"},"_links":{"self":[{"href":"https:\/\/nawarpharmacy.com\/de\/wp-json\/wp\/v2\/product\/10411","targetHints":{"allow":["GET"]}}],"collection":[{"href":"https:\/\/nawarpharmacy.com\/de\/wp-json\/wp\/v2\/product"}],"about":[{"href":"https:\/\/nawarpharmacy.com\/de\/wp-json\/wp\/v2\/types\/product"}],"replies":[{"embeddable":true,"href":"https:\/\/nawarpharmacy.com\/de\/wp-json\/wp\/v2\/comments?post=10411"}],"wp:featuredmedia":[{"embeddable":true,"href":"https:\/\/nawarpharmacy.com\/de\/wp-json\/wp\/v2\/media\/10410"}],"wp:attachment":[{"href":"https:\/\/nawarpharmacy.com\/de\/wp-json\/wp\/v2\/media?parent=10411"}],"wp:term":[{"taxonomy":"product_brand","embeddable":true,"href":"https:\/\/nawarpharmacy.com\/de\/wp-json\/wp\/v2\/product_brand?post=10411"},{"taxonomy":"product_cat","embeddable":true,"href":"https:\/\/nawarpharmacy.com\/de\/wp-json\/wp\/v2\/product_cat?post=10411"},{"taxonomy":"product_tag","embeddable":true,"href":"https:\/\/nawarpharmacy.com\/de\/wp-json\/wp\/v2\/product_tag?post=10411"},{"taxonomy":"product_brands","embeddable":true,"href":"https:\/\/nawarpharmacy.com\/de\/wp-json\/wp\/v2\/product_brands?post=10411"}],"curies":[{"name":"wp","href":"https:\/\/api.w.org\/{rel}","templated":true}]}}