{"id":10407,"date":"2025-11-20T19:49:35","date_gmt":"2025-11-20T19:49:35","guid":{"rendered":"https:\/\/nawarpharmacy.com\/?post_type=product&#038;p=10407"},"modified":"2026-02-26T21:21:43","modified_gmt":"2026-02-26T21:21:43","slug":"flix-0-05-nasal-spray","status":"publish","type":"product","link":"https:\/\/nawarpharmacy.com\/de\/produkt\/flix-0-05-nasal-spray\/","title":{"rendered":"Flix 0,05% Nasenspray"},"content":{"rendered":"<div class=\"flex flex-col text-sm pb-25\">\n<article class=\"text-token-text-primary w-full focus:outline-none [--shadow-height:45px] has-data-writing-block:pointer-events-none has-data-writing-block:-mt-(--shadow-height) has-data-writing-block:pt-(--shadow-height) [&amp;:has([data-writing-block])&gt;*]:pointer-events-auto scroll-mt-[calc(var(--header-height)+min(200px,max(70px,20svh)))]\" dir=\"auto\" tabindex=\"-1\" data-turn-id=\"request-WEB:1fb551c8-723f-4635-af76-1761af7fc3f6-28\" data-testid=\"conversation-turn-58\" data-scroll-anchor=\"true\" data-turn=\"assistant\">\n<div class=\"text-base my-auto mx-auto pb-10 [--thread-content-margin:--spacing(4)] @w-sm\/main:[--thread-content-margin:--spacing(6)] @w-lg\/main:[--thread-content-margin:--spacing(16)] px-(--thread-content-margin)\">\n<div class=\"[--thread-content-max-width:40rem] @w-lg\/main:[--thread-content-max-width:48rem] mx-auto max-w-(--thread-content-max-width) flex-1 group\/turn-messages focus-visible:outline-hidden relative flex w-full min-w-0 flex-col agent-turn\" tabindex=\"-1\">\n<div class=\"flex max-w-full flex-col grow\">\n<div class=\"min-h-8 text-message relative flex w-full flex-col items-end gap-2 text-start break-words whitespace-normal [.text-message+&amp;]:mt-1\" dir=\"auto\" data-message-author-role=\"assistant\" data-message-id=\"9d09b704-7092-45fe-a641-4a16220729fc\" data-message-model-slug=\"gpt-5-2\">\n<div class=\"flex w-full flex-col gap-1 empty:hidden first:pt-[1px]\">\n<div class=\"markdown prose dark:prose-invert w-full wrap-break-word dark markdown-new-styling\">\n<p data-start=\"1397\" data-end=\"1424\"><strong data-start=\"1397\" data-end=\"1422\">Flix 0,05% Nasenspray<\/strong><\/p>\n<p data-start=\"1426\" data-end=\"1492\"><strong data-start=\"1426\" data-end=\"1440\">Wirkstoff:<\/strong><br data-start=\"1440\" data-end=\"1443\" \/>Fluticasonpropionat 50 Mikrogramm pro Spr\u00fchsto\u00df<\/p>\n<p data-start=\"1494\" data-end=\"1726\"><strong data-start=\"1494\" data-end=\"1511\">Indikationen:<\/strong><br data-start=\"1511\" data-end=\"1514\" \/>Anwendung bei:<br data-start=\"1528\" data-end=\"1531\" \/>Allergischer Rhinitis (saisonal und perennial)<br data-start=\"1577\" data-end=\"1580\" \/>Nasenverstopfung<br data-start=\"1596\" data-end=\"1599\" \/>Niesen und Rhinorrh\u00f6<br data-start=\"1619\" data-end=\"1622\" \/>Juckender oder gereizter Nasenschleimhaut<br data-start=\"1663\" data-end=\"1666\" \/>Langfristiger Kontrolle allergiebedingter nasaler Symptome<\/p>\n<p data-start=\"1728\" data-end=\"1869\"><strong data-start=\"1728\" data-end=\"1742\">Dosierung:<\/strong><br data-start=\"1742\" data-end=\"1745\" \/><strong data-start=\"1745\" data-end=\"1785\">Erwachsene und Kinder \u00fcber 12 Jahre:<\/strong><br data-start=\"1785\" data-end=\"1788\" \/>2 Spr\u00fchst\u00f6\u00dfe in jedes Nasenloch einmal t\u00e4glich oder nach \u00e4rztlicher Verordnung.<\/p>\n<p data-start=\"1871\" data-end=\"1976\"><strong data-start=\"1871\" data-end=\"1898\">Kinder von 4\u201311 Jahren:<\/strong><br data-start=\"1898\" data-end=\"1901\" \/>1 Spr\u00fchsto\u00df in jedes Nasenloch einmal t\u00e4glich, sofern \u00e4rztlich verordnet.<\/p>\n<p data-start=\"1978\" data-end=\"2014\">Vor jeder Anwendung gut sch\u00fctteln.<\/p>\n<p data-start=\"2016\" data-end=\"2240\"><strong data-start=\"2016\" data-end=\"2039\">Kontraindikationen:<\/strong><br data-start=\"2039\" data-end=\"2042\" \/>\u00dcberempfindlichkeit gegen Fluticason oder einen der sonstigen Bestandteile der Formulierung<br data-start=\"2133\" data-end=\"2136\" \/>Aktive oder unbehandelte Naseninfektionen<br data-start=\"2177\" data-end=\"2180\" \/>K\u00fcrzlich erfolgte Nasenoperation ohne \u00e4rztliche Zustimmung<\/p>\n<p data-start=\"2242\" data-end=\"2380\"><strong data-start=\"2242\" data-end=\"2261\">Nebenwirkungen:<\/strong><br data-start=\"2261\" data-end=\"2264\" \/>Nasale Reizung oder Trockenheit<br data-start=\"2295\" data-end=\"2298\" \/>Leichtes Brennen<br data-start=\"2314\" data-end=\"2317\" \/>Kopfschmerzen<br data-start=\"2330\" data-end=\"2333\" \/>Selten: Nasenbluten oder allergische Reaktion<\/p>\n<p data-start=\"2382\" data-end=\"2602\"><strong data-start=\"2382\" data-end=\"2403\">Wechselwirkungen:<\/strong><br data-start=\"2403\" data-end=\"2406\" \/>Vorsicht bei gleichzeitiger Anwendung starker CYP3A4-Inhibitoren (z. B. Ketoconazol, Ritonavir).<br data-start=\"2502\" data-end=\"2505\" \/>Gleichzeitige Anwendung anderer Kortikosteroide kann das Risiko systemischer Wirkungen erh\u00f6hen.<\/p>\n<p data-start=\"2604\" data-end=\"2721\" data-is-last-node=\"\" data-is-only-node=\"\"><strong data-start=\"2604\" data-end=\"2617\">Lagerung:<\/strong><br data-start=\"2617\" data-end=\"2620\" \/>Bei Raumtemperatur lagern, vor Hitze und Sonnenlicht sch\u00fctzen.<br data-start=\"2682\" data-end=\"2685\" \/>F\u00fcr Kinder unzug\u00e4nglich aufbewahren.<\/p>\n<\/div>\n<\/div>\n<\/div>\n<\/div>\n<div class=\"z-0 flex min-h-[46px] justify-start\"><\/div>\n<div class=\"mt-3 w-full empty:hidden\">\n<div class=\"text-center\"><\/div>\n<\/div>\n<\/div>\n<\/div>\n<\/article>\n<\/div>\n<div class=\"pointer-events-none h-px w-px absolute bottom-0\" aria-hidden=\"true\" data-edge=\"true\"><\/div>\n<div id=\"gtx-trans\" style=\"position: absolute; left: 109px; top: -17px;\">\n<div class=\"gtx-trans-icon\"><\/div>\n<\/div>\n","protected":false},"excerpt":{"rendered":"<p>Flix 0,05% Nasenspray Wirkstoff:Fluticasonpropionat 50 Mikrogramm pro Spr\u00fchsto\u00df Indikationen:Anwendung bei:Allergischer Rhinitis (saisonal und perennial)NasenverstopfungNiesen und Rhinorrh\u00f6Juckender oder gereizter NasenschleimhautLangfristiger Kontrolle allergiebedingter nasaler Symptome Dosierung:Erwachsene und Kinder \u00fcber 12 Jahre:2 Spr\u00fchst\u00f6\u00dfe in jedes Nasenloch einmal t\u00e4glich oder nach \u00e4rztlicher Verordnung. Kinder von 4\u201311 Jahren:1 Spr\u00fchsto\u00df in jedes Nasenloch einmal t\u00e4glich, sofern \u00e4rztlich verordnet. Vor jeder Anwendung&#8230;<\/p>\n","protected":false},"featured_media":10406,"comment_status":"open","ping_status":"closed","template":"","meta":{"rs_blank_template":"","rs_page_bg_color":"","slide_template_v7":"","_bst_post_transparent":"default","_bst_post_title":"","_bst_post_layout":"default","_bst_post_sidebar_id":"","_bst_post_content_style":"default","_bst_post_vertical_padding":"default","_bst_post_feature":"","_bst_post_feature_position":"","_bst_post_header":false,"_bst_post_footer":false},"product_brand":[],"product_cat":[235,351,217,373,251],"product_tag":[],"product_brands":[],"class_list":{"0":"post-10407","1":"product","2":"type-product","3":"status-publish","4":"has-post-thumbnail","6":"product_cat-respiratory-asthma-treatments","7":"product_cat-medical-forms","8":"product_cat-medicines","9":"product_cat-nasal-spray","10":"product_cat-nasal-decongestant","12":"first","13":"instock","14":"shipping-taxable","15":"purchasable","16":"product-type-simple","17":"entry","18":"content-bg","19":"loop-entry"},"_links":{"self":[{"href":"https:\/\/nawarpharmacy.com\/de\/wp-json\/wp\/v2\/product\/10407","targetHints":{"allow":["GET"]}}],"collection":[{"href":"https:\/\/nawarpharmacy.com\/de\/wp-json\/wp\/v2\/product"}],"about":[{"href":"https:\/\/nawarpharmacy.com\/de\/wp-json\/wp\/v2\/types\/product"}],"replies":[{"embeddable":true,"href":"https:\/\/nawarpharmacy.com\/de\/wp-json\/wp\/v2\/comments?post=10407"}],"wp:featuredmedia":[{"embeddable":true,"href":"https:\/\/nawarpharmacy.com\/de\/wp-json\/wp\/v2\/media\/10406"}],"wp:attachment":[{"href":"https:\/\/nawarpharmacy.com\/de\/wp-json\/wp\/v2\/media?parent=10407"}],"wp:term":[{"taxonomy":"product_brand","embeddable":true,"href":"https:\/\/nawarpharmacy.com\/de\/wp-json\/wp\/v2\/product_brand?post=10407"},{"taxonomy":"product_cat","embeddable":true,"href":"https:\/\/nawarpharmacy.com\/de\/wp-json\/wp\/v2\/product_cat?post=10407"},{"taxonomy":"product_tag","embeddable":true,"href":"https:\/\/nawarpharmacy.com\/de\/wp-json\/wp\/v2\/product_tag?post=10407"},{"taxonomy":"product_brands","embeddable":true,"href":"https:\/\/nawarpharmacy.com\/de\/wp-json\/wp\/v2\/product_brands?post=10407"}],"curies":[{"name":"wp","href":"https:\/\/api.w.org\/{rel}","templated":true}]}}