{"id":10402,"date":"2025-11-20T19:55:58","date_gmt":"2025-11-20T19:55:58","guid":{"rendered":"https:\/\/nawarpharmacy.com\/?post_type=product&#038;p=10402"},"modified":"2026-02-26T21:21:00","modified_gmt":"2026-02-26T21:21:00","slug":"flixotide-evohaler-50mcg","status":"publish","type":"product","link":"https:\/\/nawarpharmacy.com\/de\/produkt\/flixotide-evohaler-50mcg\/","title":{"rendered":"Flixotide Evohaler 50 Mikrogramm"},"content":{"rendered":"<div class=\"flex flex-col text-sm pb-25\">\n<article class=\"text-token-text-primary w-full focus:outline-none [--shadow-height:45px] has-data-writing-block:pointer-events-none has-data-writing-block:-mt-(--shadow-height) has-data-writing-block:pt-(--shadow-height) [&amp;:has([data-writing-block])&gt;*]:pointer-events-auto scroll-mt-[calc(var(--header-height)+min(200px,max(70px,20svh)))]\" dir=\"auto\" tabindex=\"-1\" data-turn-id=\"request-WEB:1fb551c8-723f-4635-af76-1761af7fc3f6-27\" data-testid=\"conversation-turn-56\" data-scroll-anchor=\"true\" data-turn=\"assistant\">\n<div class=\"text-base my-auto mx-auto pb-10 [--thread-content-margin:--spacing(4)] @w-sm\/main:[--thread-content-margin:--spacing(6)] @w-lg\/main:[--thread-content-margin:--spacing(16)] px-(--thread-content-margin)\">\n<div class=\"[--thread-content-max-width:40rem] @w-lg\/main:[--thread-content-max-width:48rem] mx-auto max-w-(--thread-content-max-width) flex-1 group\/turn-messages focus-visible:outline-hidden relative flex w-full min-w-0 flex-col agent-turn\" tabindex=\"-1\">\n<div class=\"flex max-w-full flex-col grow\">\n<div class=\"min-h-8 text-message relative flex w-full flex-col items-end gap-2 text-start break-words whitespace-normal [.text-message+&amp;]:mt-1\" dir=\"auto\" data-message-author-role=\"assistant\" data-message-id=\"1190801f-77c3-43f1-80d7-6a7b05ed5fd8\" data-message-model-slug=\"gpt-5-2\">\n<div class=\"flex w-full flex-col gap-1 empty:hidden first:pt-[1px]\">\n<div class=\"markdown prose dark:prose-invert w-full wrap-break-word dark markdown-new-styling\">\n<p data-start=\"1369\" data-end=\"1407\"><strong data-start=\"1369\" data-end=\"1405\">Flixotide Evohaler 50 Mikrogramm<\/strong><\/p>\n<p data-start=\"1409\" data-end=\"1469\"><strong data-start=\"1409\" data-end=\"1423\">Wirkstoff:<\/strong><br data-start=\"1423\" data-end=\"1426\" \/>Fluticasonpropionat 50 Mikrogramm pro Hub<\/p>\n<p data-start=\"1471\" data-end=\"1680\"><strong data-start=\"1471\" data-end=\"1488\">Indikationen:<\/strong><br data-start=\"1488\" data-end=\"1491\" \/>Anwendung bei:<br data-start=\"1505\" data-end=\"1508\" \/>Erhaltungstherapie bei Asthma bronchiale<br data-start=\"1548\" data-end=\"1551\" \/>Langfristiger Kontrolle der Atemwegsentz\u00fcndung<br data-start=\"1597\" data-end=\"1600\" \/>Pr\u00e4vention von Asthmaanf\u00e4llen<br data-start=\"1629\" data-end=\"1632\" \/>(Nicht zur Behandlung akuter Anf\u00e4lle geeignet)<\/p>\n<p data-start=\"1682\" data-end=\"1807\"><strong data-start=\"1682\" data-end=\"1696\">Dosierung:<\/strong><br data-start=\"1696\" data-end=\"1699\" \/><strong data-start=\"1699\" data-end=\"1714\">Erwachsene:<\/strong><br data-start=\"1714\" data-end=\"1717\" \/>\u00dcblicherweise 100\u2013500 Mikrogramm t\u00e4glich in geteilten Dosen gem\u00e4\u00df \u00e4rztlicher Verordnung.<\/p>\n<p data-start=\"1809\" data-end=\"1904\"><strong data-start=\"1809\" data-end=\"1834\">Kinder (ab 4 Jahren):<\/strong><br data-start=\"1834\" data-end=\"1837\" \/>50\u2013100 Mikrogramm zweimal t\u00e4glich oder nach \u00e4rztlicher Anweisung.<\/p>\n<p data-start=\"1906\" data-end=\"1987\">Nach jeder Anwendung den Mund aussp\u00fclen, um eine orale Candidose zu verhindern.<\/p>\n<p data-start=\"1989\" data-end=\"2184\"><strong data-start=\"1989\" data-end=\"2012\">Kontraindikationen:<\/strong><br data-start=\"2012\" data-end=\"2015\" \/>\u00dcberempfindlichkeit gegen Fluticason oder einen der sonstigen Bestandteile des Inhalators<br data-start=\"2104\" data-end=\"2107\" \/>Akuter Asthmaanfall, der einen schnell wirksamen Bronchodilatator erfordert<\/p>\n<p data-start=\"2186\" data-end=\"2359\"><strong data-start=\"2186\" data-end=\"2205\">Nebenwirkungen:<\/strong><br data-start=\"2205\" data-end=\"2208\" \/>Heiserkeit<br data-start=\"2218\" data-end=\"2221\" \/>Orale Candidose (Soor)<br data-start=\"2243\" data-end=\"2246\" \/>Husten oder Rachenreizung<br data-start=\"2271\" data-end=\"2274\" \/>Selten: systemische Kortikosteroidwirkungen bei langfristiger Anwendung hoher Dosen<\/p>\n<p data-start=\"2361\" data-end=\"2483\"><strong data-start=\"2361\" data-end=\"2382\">Wechselwirkungen:<\/strong><br data-start=\"2382\" data-end=\"2385\" \/>Vorsicht bei gleichzeitiger Anwendung starker CYP3A4-Inhibitoren (z. B. Ritonavir, Ketoconazol).<\/p>\n<p data-start=\"2485\" data-end=\"2697\" data-is-last-node=\"\" data-is-only-node=\"\"><strong data-start=\"2485\" data-end=\"2498\">Lagerung:<\/strong><br data-start=\"2498\" data-end=\"2501\" \/>Bei Raumtemperatur lagern, vor direkter Hitze oder Sonneneinstrahlung sch\u00fctzen.<br data-start=\"2580\" data-end=\"2583\" \/>Den Inhalatorbeh\u00e4lter nicht durchstechen oder hohen Temperaturen aussetzen.<br data-start=\"2658\" data-end=\"2661\" \/>F\u00fcr Kinder unzug\u00e4nglich aufbewahren.<\/p>\n<\/div>\n<\/div>\n<\/div>\n<\/div>\n<div class=\"z-0 flex min-h-[46px] justify-start\"><\/div>\n<div class=\"mt-3 w-full empty:hidden\">\n<div class=\"text-center\"><\/div>\n<\/div>\n<\/div>\n<\/div>\n<\/article>\n<\/div>\n<div class=\"pointer-events-none h-px w-px absolute bottom-0\" aria-hidden=\"true\" data-edge=\"true\"><\/div>\n<div id=\"gtx-trans\" style=\"position: absolute; left: 180px; top: 34px;\">\n<div class=\"gtx-trans-icon\"><\/div>\n<\/div>\n","protected":false},"excerpt":{"rendered":"<p>Flixotide Evohaler 50 Mikrogramm Wirkstoff:Fluticasonpropionat 50 Mikrogramm pro Hub Indikationen:Anwendung bei:Erhaltungstherapie bei Asthma bronchialeLangfristiger Kontrolle der Atemwegsentz\u00fcndungPr\u00e4vention von Asthmaanf\u00e4llen(Nicht zur Behandlung akuter Anf\u00e4lle geeignet) Dosierung:Erwachsene:\u00dcblicherweise 100\u2013500 Mikrogramm t\u00e4glich in geteilten Dosen gem\u00e4\u00df \u00e4rztlicher Verordnung. Kinder (ab 4 Jahren):50\u2013100 Mikrogramm zweimal t\u00e4glich oder nach \u00e4rztlicher Anweisung. Nach jeder Anwendung den Mund aussp\u00fclen, um eine orale Candidose&#8230;<\/p>\n","protected":false},"featured_media":10401,"comment_status":"open","ping_status":"closed","template":"","meta":{"rs_blank_template":"","rs_page_bg_color":"","slide_template_v7":"","_bst_post_transparent":"default","_bst_post_title":"","_bst_post_layout":"default","_bst_post_sidebar_id":"","_bst_post_content_style":"default","_bst_post_vertical_padding":"default","_bst_post_feature":"","_bst_post_feature_position":"","_bst_post_header":false,"_bst_post_footer":false},"product_brand":[],"product_cat":[235,351,217],"product_tag":[],"product_brands":[],"class_list":{"0":"post-10402","1":"product","2":"type-product","3":"status-publish","4":"has-post-thumbnail","6":"product_cat-respiratory-asthma-treatments","7":"product_cat-medical-forms","8":"product_cat-medicines","10":"first","11":"instock","12":"shipping-taxable","13":"purchasable","14":"product-type-simple","15":"entry","16":"content-bg","17":"loop-entry"},"_links":{"self":[{"href":"https:\/\/nawarpharmacy.com\/de\/wp-json\/wp\/v2\/product\/10402","targetHints":{"allow":["GET"]}}],"collection":[{"href":"https:\/\/nawarpharmacy.com\/de\/wp-json\/wp\/v2\/product"}],"about":[{"href":"https:\/\/nawarpharmacy.com\/de\/wp-json\/wp\/v2\/types\/product"}],"replies":[{"embeddable":true,"href":"https:\/\/nawarpharmacy.com\/de\/wp-json\/wp\/v2\/comments?post=10402"}],"wp:featuredmedia":[{"embeddable":true,"href":"https:\/\/nawarpharmacy.com\/de\/wp-json\/wp\/v2\/media\/10401"}],"wp:attachment":[{"href":"https:\/\/nawarpharmacy.com\/de\/wp-json\/wp\/v2\/media?parent=10402"}],"wp:term":[{"taxonomy":"product_brand","embeddable":true,"href":"https:\/\/nawarpharmacy.com\/de\/wp-json\/wp\/v2\/product_brand?post=10402"},{"taxonomy":"product_cat","embeddable":true,"href":"https:\/\/nawarpharmacy.com\/de\/wp-json\/wp\/v2\/product_cat?post=10402"},{"taxonomy":"product_tag","embeddable":true,"href":"https:\/\/nawarpharmacy.com\/de\/wp-json\/wp\/v2\/product_tag?post=10402"},{"taxonomy":"product_brands","embeddable":true,"href":"https:\/\/nawarpharmacy.com\/de\/wp-json\/wp\/v2\/product_brands?post=10402"}],"curies":[{"name":"wp","href":"https:\/\/api.w.org\/{rel}","templated":true}]}}