{"id":10394,"date":"2025-11-20T19:56:52","date_gmt":"2025-11-20T19:56:52","guid":{"rendered":"https:\/\/nawarpharmacy.com\/?post_type=product&#038;p=10394"},"modified":"2026-02-26T21:19:31","modified_gmt":"2026-02-26T21:19:31","slug":"ventolin-evohaler","status":"publish","type":"product","link":"https:\/\/nawarpharmacy.com\/de\/produkt\/ventolin-evohaler\/","title":{"rendered":"Ventolin Evohaler"},"content":{"rendered":"<div class=\"flex flex-col text-sm pb-25\">\n<article class=\"text-token-text-primary w-full focus:outline-none [--shadow-height:45px] has-data-writing-block:pointer-events-none has-data-writing-block:-mt-(--shadow-height) has-data-writing-block:pt-(--shadow-height) [&amp;:has([data-writing-block])&gt;*]:pointer-events-auto scroll-mt-[calc(var(--header-height)+min(200px,max(70px,20svh)))]\" dir=\"auto\" tabindex=\"-1\" data-turn-id=\"request-WEB:1fb551c8-723f-4635-af76-1761af7fc3f6-25\" data-testid=\"conversation-turn-52\" data-scroll-anchor=\"true\" data-turn=\"assistant\">\n<div class=\"text-base my-auto mx-auto pb-10 [--thread-content-margin:--spacing(4)] @w-sm\/main:[--thread-content-margin:--spacing(6)] @w-lg\/main:[--thread-content-margin:--spacing(16)] px-(--thread-content-margin)\">\n<div class=\"[--thread-content-max-width:40rem] @w-lg\/main:[--thread-content-max-width:48rem] mx-auto max-w-(--thread-content-max-width) flex-1 group\/turn-messages focus-visible:outline-hidden relative flex w-full min-w-0 flex-col agent-turn\" tabindex=\"-1\">\n<div class=\"flex max-w-full flex-col grow\">\n<div class=\"min-h-8 text-message relative flex w-full flex-col items-end gap-2 text-start break-words whitespace-normal [.text-message+&amp;]:mt-1\" dir=\"auto\" data-message-author-role=\"assistant\" data-message-id=\"63e328b3-e1a8-419c-8b15-6e6fa6040c1b\" data-message-model-slug=\"gpt-5-2\">\n<div class=\"flex w-full flex-col gap-1 empty:hidden first:pt-[1px]\">\n<div class=\"markdown prose dark:prose-invert w-full wrap-break-word dark markdown-new-styling\">\n<p data-start=\"1501\" data-end=\"1524\"><strong data-start=\"1501\" data-end=\"1522\">Ventolin Evohaler<\/strong><\/p>\n<p data-start=\"1526\" data-end=\"1584\"><strong data-start=\"1526\" data-end=\"1540\">Wirkstoff:<\/strong><br data-start=\"1540\" data-end=\"1543\" \/>Salbutamolsulfat 100 Mikrogramm pro Hub<\/p>\n<p data-start=\"1586\" data-end=\"1845\"><strong data-start=\"1586\" data-end=\"1603\">Indikationen:<\/strong><br data-start=\"1603\" data-end=\"1606\" \/>Anwendung bei:<br data-start=\"1620\" data-end=\"1623\" \/>Linderung von Bronchospasmen bei Asthma bronchiale oder chronisch obstruktiver Lungenerkrankung (COPD)<br data-start=\"1725\" data-end=\"1728\" \/>Pr\u00e4vention von belastungsinduziertem Bronchospasmus<br data-start=\"1779\" data-end=\"1782\" \/>Schnell wirksame Bronchodilatation bei akuten Asthmasymptomen<\/p>\n<p data-start=\"1847\" data-end=\"1987\"><strong data-start=\"1847\" data-end=\"1861\">Dosierung:<\/strong><br data-start=\"1861\" data-end=\"1864\" \/><strong data-start=\"1864\" data-end=\"1903\">Erwachsene und Kinder \u00fcber 4 Jahre:<\/strong><br data-start=\"1903\" data-end=\"1906\" \/>1\u20132 Inhalationen alle 4\u20136 Stunden nach Bedarf oder gem\u00e4\u00df \u00e4rztlicher Verordnung.<\/p>\n<p data-start=\"1989\" data-end=\"2141\">Bei belastungsinduziertem Bronchospasmus: 2 Inhalationen 15\u201330 Minuten vor k\u00f6rperlicher Belastung.<br data-start=\"2087\" data-end=\"2090\" \/>Die maximal verordnete Dosis nicht \u00fcberschreiten.<\/p>\n<p data-start=\"2143\" data-end=\"2213\"><strong data-start=\"2143\" data-end=\"2169\">Kinder von 2\u20134 Jahren:<\/strong><br data-start=\"2169\" data-end=\"2172\" \/>Nur unter \u00e4rztlicher Aufsicht anwenden.<\/p>\n<p data-start=\"2215\" data-end=\"2359\"><strong data-start=\"2215\" data-end=\"2238\">Kontraindikationen:<\/strong><br data-start=\"2238\" data-end=\"2241\" \/>\u00dcberempfindlichkeit gegen Salbutamol oder einen der sonstigen Bestandteile des Inhalators<br data-start=\"2330\" data-end=\"2333\" \/>Schwere Tachyarrhythmien<\/p>\n<p data-start=\"2361\" data-end=\"2541\"><strong data-start=\"2361\" data-end=\"2380\">Nebenwirkungen:<\/strong><br data-start=\"2380\" data-end=\"2383\" \/>Tremor<br data-start=\"2389\" data-end=\"2392\" \/>Nervosit\u00e4t oder Angstgef\u00fchl<br data-start=\"2419\" data-end=\"2422\" \/>Palpitationen oder beschleunigter Herzschlag<br data-start=\"2466\" data-end=\"2469\" \/>Kopfschmerzen<br data-start=\"2482\" data-end=\"2485\" \/>Selten: allergische Reaktion, paradoxer Bronchospasmus<\/p>\n<p data-start=\"2543\" data-end=\"2756\"><strong data-start=\"2543\" data-end=\"2564\">Wechselwirkungen:<\/strong><br data-start=\"2564\" data-end=\"2567\" \/>Vorsicht bei gleichzeitiger Anwendung mit anderen Sympathomimetika, Beta-Blockern oder Diuretika.<br data-start=\"2664\" data-end=\"2667\" \/>Patienten unter MAO-Hemmern oder trizyklischen Antidepressiva sollten \u00fcberwacht werden.<\/p>\n<p data-start=\"2758\" data-end=\"2969\" data-is-last-node=\"\" data-is-only-node=\"\"><strong data-start=\"2758\" data-end=\"2771\">Lagerung:<\/strong><br data-start=\"2771\" data-end=\"2774\" \/>Bei Raumtemperatur lagern, vor Hitze und direkter Sonneneinstrahlung sch\u00fctzen.<br data-start=\"2852\" data-end=\"2855\" \/>Den Inhalatorbeh\u00e4lter nicht durchstechen oder hohen Temperaturen aussetzen.<br data-start=\"2930\" data-end=\"2933\" \/>F\u00fcr Kinder unzug\u00e4nglich aufbewahren.<\/p>\n<\/div>\n<\/div>\n<\/div>\n<\/div>\n<div class=\"z-0 flex min-h-[46px] justify-start\"><\/div>\n<div class=\"mt-3 w-full empty:hidden\">\n<div class=\"text-center\"><\/div>\n<\/div>\n<\/div>\n<\/div>\n<\/article>\n<\/div>\n<div class=\"pointer-events-none h-px w-px absolute bottom-0\" aria-hidden=\"true\" data-edge=\"true\"><\/div>\n<div id=\"gtx-trans\" style=\"position: absolute; left: 61px; top: -17px;\">\n<div class=\"gtx-trans-icon\"><\/div>\n<\/div>\n","protected":false},"excerpt":{"rendered":"<p>Ventolin Evohaler Wirkstoff:Salbutamolsulfat 100 Mikrogramm pro Hub Indikationen:Anwendung bei:Linderung von Bronchospasmen bei Asthma bronchiale oder chronisch obstruktiver Lungenerkrankung (COPD)Pr\u00e4vention von belastungsinduziertem BronchospasmusSchnell wirksame Bronchodilatation bei akuten Asthmasymptomen Dosierung:Erwachsene und Kinder \u00fcber 4 Jahre:1\u20132 Inhalationen alle 4\u20136 Stunden nach Bedarf oder gem\u00e4\u00df \u00e4rztlicher Verordnung. Bei belastungsinduziertem Bronchospasmus: 2 Inhalationen 15\u201330 Minuten vor k\u00f6rperlicher Belastung.Die maximal verordnete&#8230;<\/p>\n","protected":false},"featured_media":10393,"comment_status":"open","ping_status":"closed","template":"","meta":{"rs_blank_template":"","rs_page_bg_color":"","slide_template_v7":"","_bst_post_transparent":"default","_bst_post_title":"","_bst_post_layout":"default","_bst_post_sidebar_id":"","_bst_post_content_style":"default","_bst_post_vertical_padding":"default","_bst_post_feature":"","_bst_post_feature_position":"","_bst_post_header":false,"_bst_post_footer":false},"product_brand":[],"product_cat":[235,351,217],"product_tag":[],"product_brands":[],"class_list":{"0":"post-10394","1":"product","2":"type-product","3":"status-publish","4":"has-post-thumbnail","6":"product_cat-respiratory-asthma-treatments","7":"product_cat-medical-forms","8":"product_cat-medicines","10":"first","11":"instock","12":"shipping-taxable","13":"purchasable","14":"product-type-simple","15":"entry","16":"content-bg","17":"loop-entry"},"_links":{"self":[{"href":"https:\/\/nawarpharmacy.com\/de\/wp-json\/wp\/v2\/product\/10394","targetHints":{"allow":["GET"]}}],"collection":[{"href":"https:\/\/nawarpharmacy.com\/de\/wp-json\/wp\/v2\/product"}],"about":[{"href":"https:\/\/nawarpharmacy.com\/de\/wp-json\/wp\/v2\/types\/product"}],"replies":[{"embeddable":true,"href":"https:\/\/nawarpharmacy.com\/de\/wp-json\/wp\/v2\/comments?post=10394"}],"wp:featuredmedia":[{"embeddable":true,"href":"https:\/\/nawarpharmacy.com\/de\/wp-json\/wp\/v2\/media\/10393"}],"wp:attachment":[{"href":"https:\/\/nawarpharmacy.com\/de\/wp-json\/wp\/v2\/media?parent=10394"}],"wp:term":[{"taxonomy":"product_brand","embeddable":true,"href":"https:\/\/nawarpharmacy.com\/de\/wp-json\/wp\/v2\/product_brand?post=10394"},{"taxonomy":"product_cat","embeddable":true,"href":"https:\/\/nawarpharmacy.com\/de\/wp-json\/wp\/v2\/product_cat?post=10394"},{"taxonomy":"product_tag","embeddable":true,"href":"https:\/\/nawarpharmacy.com\/de\/wp-json\/wp\/v2\/product_tag?post=10394"},{"taxonomy":"product_brands","embeddable":true,"href":"https:\/\/nawarpharmacy.com\/de\/wp-json\/wp\/v2\/product_brands?post=10394"}],"curies":[{"name":"wp","href":"https:\/\/api.w.org\/{rel}","templated":true}]}}