{"id":10390,"date":"2025-11-20T19:59:06","date_gmt":"2025-11-20T19:59:06","guid":{"rendered":"https:\/\/nawarpharmacy.com\/?post_type=product&#038;p=10390"},"modified":"2026-02-26T21:18:54","modified_gmt":"2026-02-26T21:18:54","slug":"fenistil-oral-drops-15ml","status":"publish","type":"product","link":"https:\/\/nawarpharmacy.com\/de\/produkt\/fenistil-oral-drops-15ml\/","title":{"rendered":"Fenistil orale Tropfen 15 ml"},"content":{"rendered":"<article class=\"text-token-text-primary w-full focus:outline-none [--shadow-height:45px] has-data-writing-block:pointer-events-none has-data-writing-block:-mt-(--shadow-height) has-data-writing-block:pt-(--shadow-height) [&amp;:has([data-writing-block])&gt;*]:pointer-events-auto [content-visibility:auto] supports-[content-visibility:auto]:[contain-intrinsic-size:auto_100lvh] scroll-mt-[calc(var(--header-height)+min(200px,max(70px,20svh)))]\" dir=\"auto\" data-turn-id=\"request-691b06b7-6218-832d-8a14-33a40741db89-12\" data-testid=\"conversation-turn-280\" data-scroll-anchor=\"true\" data-turn=\"assistant\">\n<div class=\"text-base my-auto mx-auto pb-10 [--thread-content-margin:--spacing(4)] thread-sm:[--thread-content-margin:--spacing(6)] thread-lg:[--thread-content-margin:--spacing(16)] px-(--thread-content-margin)\">\n<div class=\"[--thread-content-max-width:40rem] thread-lg:[--thread-content-max-width:48rem] mx-auto max-w-(--thread-content-max-width) flex-1 group\/turn-messages focus-visible:outline-hidden relative flex w-full min-w-0 flex-col agent-turn\">\n<div class=\"flex max-w-full flex-col grow\">\n<div class=\"min-h-8 text-message relative flex w-full flex-col items-end gap-2 text-start break-words whitespace-normal [.text-message+&amp;]:mt-1\" dir=\"auto\" data-message-author-role=\"assistant\" data-message-id=\"e58a0c49-b567-43fb-8740-91bd26f5e3c3\" data-message-model-slug=\"gpt-5-mini\">\n<div class=\"flex w-full flex-col gap-1 empty:hidden first:pt-[1px]\">\n<div class=\"markdown prose dark:prose-invert w-full break-words light markdown-new-styling\">\n<div class=\"flex flex-col text-sm pb-25\">\n<article class=\"text-token-text-primary w-full focus:outline-none [--shadow-height:45px] has-data-writing-block:pointer-events-none has-data-writing-block:-mt-(--shadow-height) has-data-writing-block:pt-(--shadow-height) [&amp;:has([data-writing-block])&gt;*]:pointer-events-auto scroll-mt-[calc(var(--header-height)+min(200px,max(70px,20svh)))]\" dir=\"auto\" tabindex=\"-1\" data-turn-id=\"request-WEB:1fb551c8-723f-4635-af76-1761af7fc3f6-24\" data-testid=\"conversation-turn-50\" data-scroll-anchor=\"true\" data-turn=\"assistant\">\n<div class=\"text-base my-auto mx-auto pb-10 [--thread-content-margin:--spacing(4)] @w-sm\/main:[--thread-content-margin:--spacing(6)] @w-lg\/main:[--thread-content-margin:--spacing(16)] px-(--thread-content-margin)\">\n<div class=\"[--thread-content-max-width:40rem] @w-lg\/main:[--thread-content-max-width:48rem] mx-auto max-w-(--thread-content-max-width) flex-1 group\/turn-messages focus-visible:outline-hidden relative flex w-full min-w-0 flex-col agent-turn\" tabindex=\"-1\">\n<div class=\"flex max-w-full flex-col grow\">\n<div class=\"min-h-8 text-message relative flex w-full flex-col items-end gap-2 text-start break-words whitespace-normal [.text-message+&amp;]:mt-1\" dir=\"auto\" data-message-author-role=\"assistant\" data-message-id=\"694bb082-f82c-4e2d-92bf-7ea39f25439a\" data-message-model-slug=\"gpt-5-2\">\n<div class=\"flex w-full flex-col gap-1 empty:hidden first:pt-[1px]\">\n<div class=\"markdown prose dark:prose-invert w-full wrap-break-word dark markdown-new-styling\">\n<p data-start=\"1182\" data-end=\"1216\"><strong data-start=\"1182\" data-end=\"1214\">Fenistil orale Tropfen 15 ml<\/strong><\/p>\n<p data-start=\"1218\" data-end=\"1261\"><strong data-start=\"1218\" data-end=\"1232\">Wirkstoff:<\/strong><br data-start=\"1232\" data-end=\"1235\" \/>Dimetindenmaleat 1 mg\/ml<\/p>\n<p data-start=\"1263\" data-end=\"1497\"><strong data-start=\"1263\" data-end=\"1280\">Indikationen:<\/strong><br data-start=\"1280\" data-end=\"1283\" \/>Anwendung bei:<br data-start=\"1297\" data-end=\"1300\" \/>Linderung allergischer Reaktionen wie Juckreiz, Urtikaria und Hautausschl\u00e4gen<br data-start=\"1377\" data-end=\"1380\" \/>Behandlung von Insektenstichen oder -stichen<br data-start=\"1424\" data-end=\"1427\" \/>Milderung leichter allergischer Symptome bei Kindern und Erwachsenen<\/p>\n<p data-start=\"1499\" data-end=\"1744\"><strong data-start=\"1499\" data-end=\"1513\">Dosierung:<\/strong><br data-start=\"1513\" data-end=\"1516\" \/><strong data-start=\"1516\" data-end=\"1552\">S\u00e4uglinge und Kinder (0\u20131 Jahr):<\/strong> 2\u20134 Tropfen 2\u20133-mal t\u00e4glich nach \u00e4rztlicher Anweisung.<br data-start=\"1607\" data-end=\"1610\" \/><strong data-start=\"1610\" data-end=\"1633\">Kinder (1\u20135 Jahre):<\/strong> 5\u201310 Tropfen 2\u20133-mal t\u00e4glich.<br data-start=\"1663\" data-end=\"1666\" \/><strong data-start=\"1666\" data-end=\"1681\">Erwachsene:<\/strong> 10\u201320 Tropfen 2\u20133-mal t\u00e4glich.<br data-start=\"1712\" data-end=\"1715\" \/>Vor Gebrauch gut sch\u00fctteln.<\/p>\n<p data-start=\"1746\" data-end=\"1928\"><strong data-start=\"1746\" data-end=\"1769\">Kontraindikationen:<\/strong><br data-start=\"1769\" data-end=\"1772\" \/>\u00dcberempfindlichkeit gegen Dimetinden oder einen der sonstigen Bestandteile der Formulierung.<br data-start=\"1864\" data-end=\"1867\" \/>Schwere Leber- oder Niereninsuffizienz (Arzt konsultieren).<\/p>\n<p data-start=\"1930\" data-end=\"2048\"><strong data-start=\"1930\" data-end=\"1949\">Nebenwirkungen:<\/strong><br data-start=\"1949\" data-end=\"1952\" \/>Leichte Schl\u00e4frigkeit oder sedierende Wirkung<br data-start=\"1997\" data-end=\"2000\" \/>Mundtrockenheit<br data-start=\"2015\" data-end=\"2018\" \/>Selten: allergische Reaktion<\/p>\n<p data-start=\"2050\" data-end=\"2176\"><strong data-start=\"2050\" data-end=\"2071\">Wechselwirkungen:<\/strong><br data-start=\"2071\" data-end=\"2074\" \/>Kann die sedierende Wirkung von Alkohol, ZNS-d\u00e4mpfenden Arzneimitteln oder Schlafmitteln verst\u00e4rken.<\/p>\n<p data-start=\"2178\" data-end=\"2316\" data-is-last-node=\"\" data-is-only-node=\"\"><strong data-start=\"2178\" data-end=\"2191\">Lagerung:<\/strong><br data-start=\"2191\" data-end=\"2194\" \/>Bei Raumtemperatur lagern und vor Licht sch\u00fctzen.<br data-start=\"2243\" data-end=\"2246\" \/>Die Flasche fest verschlossen und f\u00fcr Kinder unzug\u00e4nglich aufbewahren.<\/p>\n<\/div>\n<\/div>\n<\/div>\n<\/div>\n<div class=\"z-0 flex min-h-[46px] justify-start\"><\/div>\n<div class=\"mt-3 w-full empty:hidden\">\n<div class=\"text-center\"><\/div>\n<\/div>\n<\/div>\n<\/div>\n<\/article>\n<\/div>\n<div class=\"pointer-events-none h-px w-px absolute bottom-0\" aria-hidden=\"true\" data-edge=\"true\"><\/div>\n<\/div>\n<\/div>\n<\/div>\n<\/div>\n<\/div>\n<\/div>\n<\/article>\n<div id=\"gtx-trans\" style=\"position: absolute; left: 109px; top: 34px;\">\n<div class=\"gtx-trans-icon\"><\/div>\n<\/div>\n","protected":false},"excerpt":{"rendered":"<p>Fenistil orale Tropfen 15 ml Wirkstoff:Dimetindenmaleat 1 mg\/ml Indikationen:Anwendung bei:Linderung allergischer Reaktionen wie Juckreiz, Urtikaria und Hautausschl\u00e4genBehandlung von Insektenstichen oder -stichenMilderung leichter allergischer Symptome bei Kindern und Erwachsenen Dosierung:S\u00e4uglinge und Kinder (0\u20131 Jahr): 2\u20134 Tropfen 2\u20133-mal t\u00e4glich nach \u00e4rztlicher Anweisung.Kinder (1\u20135 Jahre): 5\u201310 Tropfen 2\u20133-mal t\u00e4glich.Erwachsene: 10\u201320 Tropfen 2\u20133-mal t\u00e4glich.Vor Gebrauch gut sch\u00fctteln. Kontraindikationen:\u00dcberempfindlichkeit gegen&#8230;<\/p>\n","protected":false},"featured_media":10389,"comment_status":"open","ping_status":"closed","template":"","meta":{"rs_blank_template":"","rs_page_bg_color":"","slide_template_v7":"","_bst_post_transparent":"default","_bst_post_title":"","_bst_post_layout":"default","_bst_post_sidebar_id":"","_bst_post_content_style":"default","_bst_post_vertical_padding":"default","_bst_post_feature":"","_bst_post_feature_position":"","_bst_post_header":false,"_bst_post_footer":false},"product_brand":[],"product_cat":[235,351,217,361],"product_tag":[],"product_brands":[],"class_list":{"0":"post-10390","1":"product","2":"type-product","3":"status-publish","4":"has-post-thumbnail","6":"product_cat-respiratory-asthma-treatments","7":"product_cat-medical-forms","8":"product_cat-medicines","9":"product_cat-oral-drops","11":"first","12":"instock","13":"shipping-taxable","14":"purchasable","15":"product-type-simple","16":"entry","17":"content-bg","18":"loop-entry"},"_links":{"self":[{"href":"https:\/\/nawarpharmacy.com\/de\/wp-json\/wp\/v2\/product\/10390","targetHints":{"allow":["GET"]}}],"collection":[{"href":"https:\/\/nawarpharmacy.com\/de\/wp-json\/wp\/v2\/product"}],"about":[{"href":"https:\/\/nawarpharmacy.com\/de\/wp-json\/wp\/v2\/types\/product"}],"replies":[{"embeddable":true,"href":"https:\/\/nawarpharmacy.com\/de\/wp-json\/wp\/v2\/comments?post=10390"}],"wp:featuredmedia":[{"embeddable":true,"href":"https:\/\/nawarpharmacy.com\/de\/wp-json\/wp\/v2\/media\/10389"}],"wp:attachment":[{"href":"https:\/\/nawarpharmacy.com\/de\/wp-json\/wp\/v2\/media?parent=10390"}],"wp:term":[{"taxonomy":"product_brand","embeddable":true,"href":"https:\/\/nawarpharmacy.com\/de\/wp-json\/wp\/v2\/product_brand?post=10390"},{"taxonomy":"product_cat","embeddable":true,"href":"https:\/\/nawarpharmacy.com\/de\/wp-json\/wp\/v2\/product_cat?post=10390"},{"taxonomy":"product_tag","embeddable":true,"href":"https:\/\/nawarpharmacy.com\/de\/wp-json\/wp\/v2\/product_tag?post=10390"},{"taxonomy":"product_brands","embeddable":true,"href":"https:\/\/nawarpharmacy.com\/de\/wp-json\/wp\/v2\/product_brands?post=10390"}],"curies":[{"name":"wp","href":"https:\/\/api.w.org\/{rel}","templated":true}]}}