{"id":10386,"date":"2025-11-20T20:00:25","date_gmt":"2025-11-20T20:00:25","guid":{"rendered":"https:\/\/nawarpharmacy.com\/?post_type=product&#038;p=10386"},"modified":"2026-02-26T21:18:13","modified_gmt":"2026-02-26T21:18:13","slug":"fortymox-0-5-eye-drops-10ml","status":"publish","type":"product","link":"https:\/\/nawarpharmacy.com\/de\/produkt\/fortymox-0-5-eye-drops-10ml\/","title":{"rendered":"Fortymox 0,5% Augentropfen 10 ml"},"content":{"rendered":"<div class=\"flex flex-col text-sm pb-25\">\n<article class=\"text-token-text-primary w-full focus:outline-none [--shadow-height:45px] has-data-writing-block:pointer-events-none has-data-writing-block:-mt-(--shadow-height) has-data-writing-block:pt-(--shadow-height) [&amp;:has([data-writing-block])&gt;*]:pointer-events-auto scroll-mt-[calc(var(--header-height)+min(200px,max(70px,20svh)))]\" dir=\"auto\" tabindex=\"-1\" data-turn-id=\"request-WEB:1fb551c8-723f-4635-af76-1761af7fc3f6-23\" data-testid=\"conversation-turn-48\" data-scroll-anchor=\"true\" data-turn=\"assistant\">\n<div class=\"text-base my-auto mx-auto pb-10 [--thread-content-margin:--spacing(4)] @w-sm\/main:[--thread-content-margin:--spacing(6)] @w-lg\/main:[--thread-content-margin:--spacing(16)] px-(--thread-content-margin)\">\n<div class=\"[--thread-content-max-width:40rem] @w-lg\/main:[--thread-content-max-width:48rem] mx-auto max-w-(--thread-content-max-width) flex-1 group\/turn-messages focus-visible:outline-hidden relative flex w-full min-w-0 flex-col agent-turn\" tabindex=\"-1\">\n<div class=\"flex max-w-full flex-col grow\">\n<div class=\"min-h-8 text-message relative flex w-full flex-col items-end gap-2 text-start break-words whitespace-normal [.text-message+&amp;]:mt-1\" dir=\"auto\" data-message-author-role=\"assistant\" data-message-id=\"15b70a27-f130-4d1d-8869-51965c4f63f6\" data-message-model-slug=\"gpt-5-2\">\n<div class=\"flex w-full flex-col gap-1 empty:hidden first:pt-[1px]\">\n<div class=\"markdown prose dark:prose-invert w-full wrap-break-word dark markdown-new-styling\">\n<p data-start=\"1244\" data-end=\"1282\"><strong data-start=\"1244\" data-end=\"1280\">Fortymox 0,5% Augentropfen 10 ml<\/strong><\/p>\n<p data-start=\"1284\" data-end=\"1327\"><strong data-start=\"1284\" data-end=\"1298\">Wirkstoff:<\/strong><br data-start=\"1298\" data-end=\"1301\" \/>Moxifloxacin 0,5 % (m\/V)<\/p>\n<p data-start=\"1329\" data-end=\"1536\"><strong data-start=\"1329\" data-end=\"1346\">Indikationen:<\/strong><br data-start=\"1346\" data-end=\"1349\" \/>Anwendung bei:<br data-start=\"1363\" data-end=\"1366\" \/>Bakterieller Konjunktivitis<br data-start=\"1393\" data-end=\"1396\" \/>R\u00f6tung, Sekretion und Reizung infolge bakterieller Augeninfektionen<br data-start=\"1463\" data-end=\"1466\" \/>Pr\u00e4vention einer Sekund\u00e4rinfektion bei geringf\u00fcgigem okul\u00e4rem Trauma<\/p>\n<p data-start=\"1538\" data-end=\"1863\"><strong data-start=\"1538\" data-end=\"1552\">Dosierung:<\/strong><br data-start=\"1552\" data-end=\"1555\" \/><strong data-start=\"1555\" data-end=\"1593\">Erwachsene und Kinder \u00fcber 1 Jahr:<\/strong><br data-start=\"1593\" data-end=\"1596\" \/>1\u20132 Tropfen in das\/die betroffene(n) Auge(n) alle 2\u20134 Stunden w\u00e4hrend der ersten 2 Tage, anschlie\u00dfend 1\u20132 Tropfen alle 4\u20136 Stunden f\u00fcr die folgenden 5 Tage oder nach \u00e4rztlicher Verordnung.<br data-start=\"1784\" data-end=\"1787\" \/>Kontakt der Tropferspitze mit dem Auge oder anderen Oberfl\u00e4chen vermeiden.<\/p>\n<p data-start=\"1865\" data-end=\"1965\"><strong data-start=\"1865\" data-end=\"1888\">Kontraindikationen:<\/strong><br data-start=\"1888\" data-end=\"1891\" \/>\u00dcberempfindlichkeit gegen Moxifloxacin oder andere Chinolon-Antibiotika.<\/p>\n<p data-start=\"1967\" data-end=\"2146\"><strong data-start=\"1967\" data-end=\"1986\">Nebenwirkungen:<\/strong><br data-start=\"1986\" data-end=\"1989\" \/>Leichtes Brennen oder Stechen<br data-start=\"2018\" data-end=\"2021\" \/>Vor\u00fcbergehende verschwommene Sicht<br data-start=\"2055\" data-end=\"2058\" \/>Trockene oder gereizte Augen<br data-start=\"2086\" data-end=\"2089\" \/>Selten: allergische Reaktion, Schwellung der Augenlider<\/p>\n<p data-start=\"2148\" data-end=\"2276\"><strong data-start=\"2148\" data-end=\"2169\">Wechselwirkungen:<\/strong><br data-start=\"2169\" data-end=\"2172\" \/>Bei Anwendung weiterer Augentropfen einen Abstand von 10\u201315 Minuten zwischen den Pr\u00e4paraten einhalten.<\/p>\n<p data-start=\"2278\" data-end=\"2429\" data-is-last-node=\"\" data-is-only-node=\"\"><strong data-start=\"2278\" data-end=\"2291\">Lagerung:<\/strong><br data-start=\"2291\" data-end=\"2294\" \/>Bei Raumtemperatur lagern, vor Hitze und Sonnenlicht sch\u00fctzen.<br data-start=\"2356\" data-end=\"2359\" \/>Die Flasche fest verschlossen und f\u00fcr Kinder unzug\u00e4nglich aufbewahren.<\/p>\n<\/div>\n<\/div>\n<\/div>\n<\/div>\n<div class=\"z-0 flex min-h-[46px] justify-start\"><\/div>\n<div class=\"mt-3 w-full empty:hidden\">\n<div class=\"text-center\"><\/div>\n<\/div>\n<\/div>\n<\/div>\n<\/article>\n<\/div>\n<div class=\"pointer-events-none h-px w-px absolute bottom-0\" aria-hidden=\"true\" data-edge=\"true\"><\/div>\n<div id=\"gtx-trans\" style=\"position: absolute; left: 199px; top: -17px;\">\n<div class=\"gtx-trans-icon\"><\/div>\n<\/div>\n","protected":false},"excerpt":{"rendered":"<p>Fortymox 0,5% Augentropfen 10 ml Wirkstoff:Moxifloxacin 0,5 % (m\/V) Indikationen:Anwendung bei:Bakterieller KonjunktivitisR\u00f6tung, Sekretion und Reizung infolge bakterieller AugeninfektionenPr\u00e4vention einer Sekund\u00e4rinfektion bei geringf\u00fcgigem okul\u00e4rem Trauma Dosierung:Erwachsene und Kinder \u00fcber 1 Jahr:1\u20132 Tropfen in das\/die betroffene(n) Auge(n) alle 2\u20134 Stunden w\u00e4hrend der ersten 2 Tage, anschlie\u00dfend 1\u20132 Tropfen alle 4\u20136 Stunden f\u00fcr die folgenden 5 Tage oder&#8230;<\/p>\n","protected":false},"featured_media":10385,"comment_status":"open","ping_status":"closed","template":"","meta":{"rs_blank_template":"","rs_page_bg_color":"","slide_template_v7":"","_bst_post_transparent":"default","_bst_post_title":"","_bst_post_layout":"default","_bst_post_sidebar_id":"","_bst_post_content_style":"default","_bst_post_vertical_padding":"default","_bst_post_feature":"","_bst_post_feature_position":"","_bst_post_header":false,"_bst_post_footer":false},"product_brand":[],"product_cat":[307,371,351,217],"product_tag":[],"product_brands":[],"class_list":{"0":"post-10386","1":"product","2":"type-product","3":"status-publish","4":"has-post-thumbnail","6":"product_cat-optical-antibiotic","7":"product_cat-eye-drops","8":"product_cat-medical-forms","9":"product_cat-medicines","11":"first","12":"instock","13":"shipping-taxable","14":"purchasable","15":"product-type-simple","16":"entry","17":"content-bg","18":"loop-entry"},"_links":{"self":[{"href":"https:\/\/nawarpharmacy.com\/de\/wp-json\/wp\/v2\/product\/10386","targetHints":{"allow":["GET"]}}],"collection":[{"href":"https:\/\/nawarpharmacy.com\/de\/wp-json\/wp\/v2\/product"}],"about":[{"href":"https:\/\/nawarpharmacy.com\/de\/wp-json\/wp\/v2\/types\/product"}],"replies":[{"embeddable":true,"href":"https:\/\/nawarpharmacy.com\/de\/wp-json\/wp\/v2\/comments?post=10386"}],"wp:featuredmedia":[{"embeddable":true,"href":"https:\/\/nawarpharmacy.com\/de\/wp-json\/wp\/v2\/media\/10385"}],"wp:attachment":[{"href":"https:\/\/nawarpharmacy.com\/de\/wp-json\/wp\/v2\/media?parent=10386"}],"wp:term":[{"taxonomy":"product_brand","embeddable":true,"href":"https:\/\/nawarpharmacy.com\/de\/wp-json\/wp\/v2\/product_brand?post=10386"},{"taxonomy":"product_cat","embeddable":true,"href":"https:\/\/nawarpharmacy.com\/de\/wp-json\/wp\/v2\/product_cat?post=10386"},{"taxonomy":"product_tag","embeddable":true,"href":"https:\/\/nawarpharmacy.com\/de\/wp-json\/wp\/v2\/product_tag?post=10386"},{"taxonomy":"product_brands","embeddable":true,"href":"https:\/\/nawarpharmacy.com\/de\/wp-json\/wp\/v2\/product_brands?post=10386"}],"curies":[{"name":"wp","href":"https:\/\/api.w.org\/{rel}","templated":true}]}}