{"id":10374,"date":"2025-11-20T20:07:59","date_gmt":"2025-11-20T20:07:59","guid":{"rendered":"https:\/\/nawarpharmacy.com\/?post_type=product&#038;p=10374"},"modified":"2026-02-26T21:15:30","modified_gmt":"2026-02-26T21:15:30","slug":"vidrop-2800iuml-oral-drops-15ml","status":"publish","type":"product","link":"https:\/\/nawarpharmacy.com\/de\/produkt\/vidrop-2800iuml-oral-drops-15ml\/","title":{"rendered":"Vidrop 2800 I.E.\/ml orale Tropfen 15 ml"},"content":{"rendered":"<article class=\"text-token-text-primary w-full focus:outline-none [--shadow-height:45px] has-data-writing-block:pointer-events-none has-data-writing-block:-mt-(--shadow-height) has-data-writing-block:pt-(--shadow-height) [&amp;:has([data-writing-block])&gt;*]:pointer-events-auto [content-visibility:auto] supports-[content-visibility:auto]:[contain-intrinsic-size:auto_100lvh] scroll-mt-[calc(var(--header-height)+min(200px,max(70px,20svh)))]\" dir=\"auto\" data-turn-id=\"request-691b06b7-6218-832d-8a14-33a40741db89-16\" data-testid=\"conversation-turn-288\" data-scroll-anchor=\"true\" data-turn=\"assistant\">\n<div class=\"text-base my-auto mx-auto pb-10 [--thread-content-margin:--spacing(4)] thread-sm:[--thread-content-margin:--spacing(6)] thread-lg:[--thread-content-margin:--spacing(16)] px-(--thread-content-margin)\">\n<div class=\"[--thread-content-max-width:40rem] thread-lg:[--thread-content-max-width:48rem] mx-auto max-w-(--thread-content-max-width) flex-1 group\/turn-messages focus-visible:outline-hidden relative flex w-full min-w-0 flex-col agent-turn\">\n<div class=\"flex max-w-full flex-col grow\">\n<div class=\"min-h-8 text-message relative flex w-full flex-col items-end gap-2 text-start break-words whitespace-normal [.text-message+&amp;]:mt-1\" dir=\"auto\" data-message-author-role=\"assistant\" data-message-id=\"69dd08c6-17d1-4fd9-b3e8-ae1cee338503\" data-message-model-slug=\"gpt-5-mini\">\n<div class=\"flex w-full flex-col gap-1 empty:hidden first:pt-[1px]\">\n<div class=\"markdown prose dark:prose-invert w-full break-words light markdown-new-styling\">\n<div class=\"flex flex-col text-sm pb-25\">\n<article class=\"text-token-text-primary w-full focus:outline-none [--shadow-height:45px] has-data-writing-block:pointer-events-none has-data-writing-block:-mt-(--shadow-height) has-data-writing-block:pt-(--shadow-height) [&amp;:has([data-writing-block])&gt;*]:pointer-events-auto scroll-mt-[calc(var(--header-height)+min(200px,max(70px,20svh)))]\" dir=\"auto\" tabindex=\"-1\" data-turn-id=\"request-WEB:1fb551c8-723f-4635-af76-1761af7fc3f6-20\" data-testid=\"conversation-turn-42\" data-scroll-anchor=\"true\" data-turn=\"assistant\">\n<div class=\"text-base my-auto mx-auto pb-10 [--thread-content-margin:--spacing(4)] @w-sm\/main:[--thread-content-margin:--spacing(6)] @w-lg\/main:[--thread-content-margin:--spacing(16)] px-(--thread-content-margin)\">\n<div class=\"[--thread-content-max-width:40rem] @w-lg\/main:[--thread-content-max-width:48rem] mx-auto max-w-(--thread-content-max-width) flex-1 group\/turn-messages focus-visible:outline-hidden relative flex w-full min-w-0 flex-col agent-turn\" tabindex=\"-1\">\n<div class=\"flex max-w-full flex-col grow\">\n<div class=\"min-h-8 text-message relative flex w-full flex-col items-end gap-2 text-start break-words whitespace-normal [.text-message+&amp;]:mt-1\" dir=\"auto\" data-message-author-role=\"assistant\" data-message-id=\"904d40ab-b846-4a39-9c2b-e0c47002cf18\" data-message-model-slug=\"gpt-5-2\">\n<div class=\"flex w-full flex-col gap-1 empty:hidden first:pt-[1px]\">\n<div class=\"markdown prose dark:prose-invert w-full wrap-break-word dark markdown-new-styling\">\n<p data-start=\"1188\" data-end=\"1233\"><strong data-start=\"1188\" data-end=\"1231\">Vidrop 2800 I.E.\/ml orale Tropfen 15 ml<\/strong><\/p>\n<p data-start=\"1235\" data-end=\"1295\"><strong data-start=\"1235\" data-end=\"1249\">Wirkstoff:<\/strong><br data-start=\"1249\" data-end=\"1252\" \/>Vitamin D3 (Cholecalciferol) 2800 I.E.\/ml<\/p>\n<p data-start=\"1297\" data-end=\"1519\"><strong data-start=\"1297\" data-end=\"1314\">Indikationen:<\/strong><br data-start=\"1314\" data-end=\"1317\" \/>Anwendung zur:<br data-start=\"1331\" data-end=\"1334\" \/>Pr\u00e4vention und Behandlung eines Vitamin-D-Mangels<br data-start=\"1383\" data-end=\"1386\" \/>Unterst\u00fctzung der Knochen- und Zahnentwicklung bei S\u00e4uglingen und Kindern<br data-start=\"1459\" data-end=\"1462\" \/>Aufrechterhaltung normaler Calcium- und Phosphatspiegel<\/p>\n<p data-start=\"1521\" data-end=\"1752\"><strong data-start=\"1521\" data-end=\"1535\">Dosierung:<\/strong><br data-start=\"1535\" data-end=\"1538\" \/><strong data-start=\"1538\" data-end=\"1563\">S\u00e4uglinge und Kinder:<\/strong> Nach \u00e4rztlicher Verordnung, \u00fcblicherweise 1 Tropfen (2800 I.E.) t\u00e4glich.<br data-start=\"1636\" data-end=\"1639\" \/>Vor Gebrauch gut sch\u00fctteln. Direkt in den Mund verabreichen oder mit einer kleinen Menge Milch\/Formula mischen.<\/p>\n<p data-start=\"1754\" data-end=\"1909\"><strong data-start=\"1754\" data-end=\"1777\">Kontraindikationen:<\/strong><br data-start=\"1777\" data-end=\"1780\" \/>Hyperkalz\u00e4mie<br data-start=\"1793\" data-end=\"1796\" \/>Hypervitaminose D<br data-start=\"1813\" data-end=\"1816\" \/>\u00dcberempfindlichkeit gegen Vitamin D3 oder einen der sonstigen Bestandteile der Formulierung<\/p>\n<p data-start=\"1911\" data-end=\"2087\"><strong data-start=\"1911\" data-end=\"1930\">Nebenwirkungen:<\/strong><br data-start=\"1930\" data-end=\"1933\" \/>Leichte gastrointestinale Beschwerden<br data-start=\"1970\" data-end=\"1973\" \/>Hyperkalz\u00e4mie bei \u00dcberdosierung (\u00dcbelkeit, Erbrechen, Verstopfung oder M\u00fcdigkeit)<br data-start=\"2054\" data-end=\"2057\" \/>Selten: allergische Reaktion<\/p>\n<p data-start=\"2089\" data-end=\"2218\"><strong data-start=\"2089\" data-end=\"2110\">Wechselwirkungen:<\/strong><br data-start=\"2110\" data-end=\"2113\" \/>Vorsicht bei gleichzeitiger Anwendung mit Thiazid-Diuretika, Digoxin oder anderen Vitamin-D-Pr\u00e4paraten.<\/p>\n<p data-start=\"2220\" data-end=\"2365\" data-is-last-node=\"\" data-is-only-node=\"\"><strong data-start=\"2220\" data-end=\"2233\">Lagerung:<\/strong><br data-start=\"2233\" data-end=\"2236\" \/>Bei Raumtemperatur lagern, vor W\u00e4rme und Licht sch\u00fctzen.<br data-start=\"2292\" data-end=\"2295\" \/>Die Flasche fest verschlossen und f\u00fcr Kinder unzug\u00e4nglich aufbewahren.<\/p>\n<\/div>\n<\/div>\n<\/div>\n<\/div>\n<div class=\"z-0 flex min-h-[46px] justify-start\"><\/div>\n<div class=\"mt-3 w-full empty:hidden\">\n<div class=\"text-center\"><\/div>\n<\/div>\n<\/div>\n<\/div>\n<\/article>\n<\/div>\n<div class=\"pointer-events-none h-px w-px absolute bottom-0\" aria-hidden=\"true\" data-edge=\"true\"><\/div>\n<\/div>\n<\/div>\n<\/div>\n<\/div>\n<\/div>\n<\/div>\n<\/article>\n<div id=\"gtx-trans\" style=\"position: absolute; left: 175px; top: -17px;\">\n<div class=\"gtx-trans-icon\"><\/div>\n<\/div>\n","protected":false},"excerpt":{"rendered":"<p>Vidrop 2800 I.E.\/ml orale Tropfen 15 ml Wirkstoff:Vitamin D3 (Cholecalciferol) 2800 I.E.\/ml Indikationen:Anwendung zur:Pr\u00e4vention und Behandlung eines Vitamin-D-MangelsUnterst\u00fctzung der Knochen- und Zahnentwicklung bei S\u00e4uglingen und KindernAufrechterhaltung normaler Calcium- und Phosphatspiegel Dosierung:S\u00e4uglinge und Kinder: Nach \u00e4rztlicher Verordnung, \u00fcblicherweise 1 Tropfen (2800 I.E.) t\u00e4glich.Vor Gebrauch gut sch\u00fctteln. Direkt in den Mund verabreichen oder mit einer kleinen Menge&#8230;<\/p>\n","protected":false},"featured_media":10373,"comment_status":"open","ping_status":"closed","template":"","meta":{"rs_blank_template":"","rs_page_bg_color":"","slide_template_v7":"","_bst_post_transparent":"default","_bst_post_title":"","_bst_post_layout":"default","_bst_post_sidebar_id":"","_bst_post_content_style":"default","_bst_post_vertical_padding":"default","_bst_post_feature":"","_bst_post_feature_position":"","_bst_post_header":false,"_bst_post_footer":false},"product_brand":[],"product_cat":[351,239,217,361,305],"product_tag":[],"product_brands":[],"class_list":{"0":"post-10374","1":"product","2":"type-product","3":"status-publish","4":"has-post-thumbnail","6":"product_cat-medical-forms","7":"product_cat-bone-joint-health","8":"product_cat-medicines","9":"product_cat-oral-drops","10":"product_cat-babychild-vitamins","12":"first","13":"instock","14":"shipping-taxable","15":"purchasable","16":"product-type-simple","17":"entry","18":"content-bg","19":"loop-entry"},"_links":{"self":[{"href":"https:\/\/nawarpharmacy.com\/de\/wp-json\/wp\/v2\/product\/10374","targetHints":{"allow":["GET"]}}],"collection":[{"href":"https:\/\/nawarpharmacy.com\/de\/wp-json\/wp\/v2\/product"}],"about":[{"href":"https:\/\/nawarpharmacy.com\/de\/wp-json\/wp\/v2\/types\/product"}],"replies":[{"embeddable":true,"href":"https:\/\/nawarpharmacy.com\/de\/wp-json\/wp\/v2\/comments?post=10374"}],"wp:featuredmedia":[{"embeddable":true,"href":"https:\/\/nawarpharmacy.com\/de\/wp-json\/wp\/v2\/media\/10373"}],"wp:attachment":[{"href":"https:\/\/nawarpharmacy.com\/de\/wp-json\/wp\/v2\/media?parent=10374"}],"wp:term":[{"taxonomy":"product_brand","embeddable":true,"href":"https:\/\/nawarpharmacy.com\/de\/wp-json\/wp\/v2\/product_brand?post=10374"},{"taxonomy":"product_cat","embeddable":true,"href":"https:\/\/nawarpharmacy.com\/de\/wp-json\/wp\/v2\/product_cat?post=10374"},{"taxonomy":"product_tag","embeddable":true,"href":"https:\/\/nawarpharmacy.com\/de\/wp-json\/wp\/v2\/product_tag?post=10374"},{"taxonomy":"product_brands","embeddable":true,"href":"https:\/\/nawarpharmacy.com\/de\/wp-json\/wp\/v2\/product_brands?post=10374"}],"curies":[{"name":"wp","href":"https:\/\/api.w.org\/{rel}","templated":true}]}}