{"id":10370,"date":"2025-11-20T20:09:02","date_gmt":"2025-11-20T20:09:02","guid":{"rendered":"https:\/\/nawarpharmacy.com\/?post_type=product&#038;p=10370"},"modified":"2026-02-26T21:14:46","modified_gmt":"2026-02-26T21:14:46","slug":"vental-inhaler-200-doses","status":"publish","type":"product","link":"https:\/\/nawarpharmacy.com\/de\/produkt\/vental-inhaler-200-doses\/","title":{"rendered":"Vental Inhalator 200 Dosen"},"content":{"rendered":"<article class=\"text-token-text-primary w-full focus:outline-none [--shadow-height:45px] has-data-writing-block:pointer-events-none has-data-writing-block:-mt-(--shadow-height) has-data-writing-block:pt-(--shadow-height) [&amp;:has([data-writing-block])&gt;*]:pointer-events-auto [content-visibility:auto] supports-[content-visibility:auto]:[contain-intrinsic-size:auto_100lvh] scroll-mt-[calc(var(--header-height)+min(200px,max(70px,20svh)))]\" dir=\"auto\" data-turn-id=\"request-691b06b7-6218-832d-8a14-33a40741db89-17\" data-testid=\"conversation-turn-290\" data-scroll-anchor=\"true\" data-turn=\"assistant\">\n<div class=\"text-base my-auto mx-auto pb-10 [--thread-content-margin:--spacing(4)] thread-sm:[--thread-content-margin:--spacing(6)] thread-lg:[--thread-content-margin:--spacing(16)] px-(--thread-content-margin)\">\n<div class=\"[--thread-content-max-width:40rem] thread-lg:[--thread-content-max-width:48rem] mx-auto max-w-(--thread-content-max-width) flex-1 group\/turn-messages focus-visible:outline-hidden relative flex w-full min-w-0 flex-col agent-turn\">\n<div class=\"flex max-w-full flex-col grow\">\n<div class=\"min-h-8 text-message relative flex w-full flex-col items-end gap-2 text-start break-words whitespace-normal [.text-message+&amp;]:mt-1\" dir=\"auto\" data-message-author-role=\"assistant\" data-message-id=\"c8ba9b7b-9fd4-4dbc-b356-a583f68230ff\" data-message-model-slug=\"gpt-5-mini\">\n<div class=\"flex w-full flex-col gap-1 empty:hidden first:pt-[1px]\">\n<div class=\"markdown prose dark:prose-invert w-full break-words light markdown-new-styling\">\n<div class=\"flex max-w-full flex-col grow\">\n<div class=\"min-h-8 text-message relative flex w-full flex-col items-end gap-2 text-start break-words whitespace-normal [.text-message+&amp;]:mt-1\" dir=\"auto\" data-message-author-role=\"assistant\" data-message-id=\"32aaea13-2364-44d9-bcb6-d740044946a6\" data-message-model-slug=\"gpt-5-2\">\n<div class=\"flex w-full flex-col gap-1 empty:hidden first:pt-[1px]\">\n<div class=\"markdown prose dark:prose-invert w-full wrap-break-word dark markdown-new-styling\">\n<p data-start=\"1508\" data-end=\"1540\"><strong data-start=\"1508\" data-end=\"1538\">Vental Inhalator 200 Dosen<\/strong><\/p>\n<p data-start=\"1542\" data-end=\"1600\"><strong data-start=\"1542\" data-end=\"1556\">Wirkstoff:<\/strong><br data-start=\"1556\" data-end=\"1559\" \/>Salbutamolsulfat 100 Mikrogramm pro Hub<\/p>\n<p data-start=\"1602\" data-end=\"1861\"><strong data-start=\"1602\" data-end=\"1619\">Indikationen:<\/strong><br data-start=\"1619\" data-end=\"1622\" \/>Anwendung bei:<br data-start=\"1636\" data-end=\"1639\" \/>Linderung von Bronchospasmen bei Asthma bronchiale oder chronisch obstruktiver Lungenerkrankung (COPD)<br data-start=\"1741\" data-end=\"1744\" \/>Pr\u00e4vention von belastungsinduziertem Bronchospasmus<br data-start=\"1795\" data-end=\"1798\" \/>Schnell wirksame Bronchodilatation bei akuten Asthmasymptomen<\/p>\n<p data-start=\"1863\" data-end=\"2003\"><strong data-start=\"1863\" data-end=\"1877\">Dosierung:<\/strong><br data-start=\"1877\" data-end=\"1880\" \/><strong data-start=\"1880\" data-end=\"1919\">Erwachsene und Kinder \u00fcber 4 Jahre:<\/strong><br data-start=\"1919\" data-end=\"1922\" \/>1\u20132 Inhalationen alle 4\u20136 Stunden nach Bedarf oder gem\u00e4\u00df \u00e4rztlicher Verordnung.<\/p>\n<p data-start=\"2005\" data-end=\"2157\">Bei belastungsinduziertem Bronchospasmus: 2 Inhalationen 15\u201330 Minuten vor k\u00f6rperlicher Belastung.<br data-start=\"2103\" data-end=\"2106\" \/>Die maximal verordnete Dosis nicht \u00fcberschreiten.<\/p>\n<p data-start=\"2159\" data-end=\"2229\"><strong data-start=\"2159\" data-end=\"2185\">Kinder von 2\u20134 Jahren:<\/strong><br data-start=\"2185\" data-end=\"2188\" \/>Nur unter \u00e4rztlicher Aufsicht anwenden.<\/p>\n<p data-start=\"2231\" data-end=\"2375\"><strong data-start=\"2231\" data-end=\"2254\">Kontraindikationen:<\/strong><br data-start=\"2254\" data-end=\"2257\" \/>\u00dcberempfindlichkeit gegen Salbutamol oder einen der sonstigen Bestandteile des Inhalators<br data-start=\"2346\" data-end=\"2349\" \/>Schwere Tachyarrhythmien<\/p>\n<p data-start=\"2377\" data-end=\"2557\"><strong data-start=\"2377\" data-end=\"2396\">Nebenwirkungen:<\/strong><br data-start=\"2396\" data-end=\"2399\" \/>Tremor<br data-start=\"2405\" data-end=\"2408\" \/>Nervosit\u00e4t oder Angstgef\u00fchl<br data-start=\"2435\" data-end=\"2438\" \/>Palpitationen oder beschleunigter Herzschlag<br data-start=\"2482\" data-end=\"2485\" \/>Kopfschmerzen<br data-start=\"2498\" data-end=\"2501\" \/>Selten: allergische Reaktion, paradoxer Bronchospasmus<\/p>\n<p data-start=\"2559\" data-end=\"2772\"><strong data-start=\"2559\" data-end=\"2580\">Wechselwirkungen:<\/strong><br data-start=\"2580\" data-end=\"2583\" \/>Vorsicht bei gleichzeitiger Anwendung mit anderen Sympathomimetika, Beta-Blockern oder Diuretika.<br data-start=\"2680\" data-end=\"2683\" \/>Patienten unter MAO-Hemmern oder trizyklischen Antidepressiva sollten \u00fcberwacht werden.<\/p>\n<p data-start=\"2774\" data-end=\"2985\" data-is-last-node=\"\" data-is-only-node=\"\"><strong data-start=\"2774\" data-end=\"2787\">Lagerung:<\/strong><br data-start=\"2787\" data-end=\"2790\" \/>Bei Raumtemperatur lagern, vor Hitze und direkter Sonneneinstrahlung sch\u00fctzen.<br data-start=\"2868\" data-end=\"2871\" \/>Den Inhalatorbeh\u00e4lter nicht durchstechen oder hohen Temperaturen aussetzen.<br data-start=\"2946\" data-end=\"2949\" \/>F\u00fcr Kinder unzug\u00e4nglich aufbewahren.<\/p>\n<\/div>\n<\/div>\n<\/div>\n<\/div>\n<div class=\"z-0 flex min-h-[46px] justify-start\"><\/div>\n<div class=\"mt-3 w-full empty:hidden\">\n<div class=\"text-center\">\n<div>\n<div class=\"inline-flex border border-gray-100 dark:border-gray-700 rounded-xl\">\n<div class=\"text-token-text-secondary flex items-center justify-center gap-4 px-4 py-2.5 text-sm whitespace-nowrap\"><\/div>\n<\/div>\n<\/div>\n<\/div>\n<\/div>\n<\/div>\n<\/div>\n<\/div>\n<\/div>\n<\/div>\n<\/div>\n<\/article>\n<div id=\"gtx-trans\" style=\"position: absolute; left: 117px; top: -17px;\">\n<div class=\"gtx-trans-icon\"><\/div>\n<\/div>\n","protected":false},"excerpt":{"rendered":"<p>Vental Inhalator 200 Dosen Wirkstoff:Salbutamolsulfat 100 Mikrogramm pro Hub Indikationen:Anwendung bei:Linderung von Bronchospasmen bei Asthma bronchiale oder chronisch obstruktiver Lungenerkrankung (COPD)Pr\u00e4vention von belastungsinduziertem BronchospasmusSchnell wirksame Bronchodilatation bei akuten Asthmasymptomen Dosierung:Erwachsene und Kinder \u00fcber 4 Jahre:1\u20132 Inhalationen alle 4\u20136 Stunden nach Bedarf oder gem\u00e4\u00df \u00e4rztlicher Verordnung. Bei belastungsinduziertem Bronchospasmus: 2 Inhalationen 15\u201330 Minuten vor k\u00f6rperlicher Belastung.Die&#8230;<\/p>\n","protected":false},"featured_media":10369,"comment_status":"open","ping_status":"closed","template":"","meta":{"rs_blank_template":"","rs_page_bg_color":"","slide_template_v7":"","_bst_post_transparent":"default","_bst_post_title":"","_bst_post_layout":"default","_bst_post_sidebar_id":"","_bst_post_content_style":"default","_bst_post_vertical_padding":"default","_bst_post_feature":"","_bst_post_feature_position":"","_bst_post_header":false,"_bst_post_footer":false},"product_brand":[],"product_cat":[235,351,217],"product_tag":[],"product_brands":[],"class_list":{"0":"post-10370","1":"product","2":"type-product","3":"status-publish","4":"has-post-thumbnail","6":"product_cat-respiratory-asthma-treatments","7":"product_cat-medical-forms","8":"product_cat-medicines","10":"first","11":"instock","12":"shipping-taxable","13":"purchasable","14":"product-type-simple","15":"entry","16":"content-bg","17":"loop-entry"},"_links":{"self":[{"href":"https:\/\/nawarpharmacy.com\/de\/wp-json\/wp\/v2\/product\/10370","targetHints":{"allow":["GET"]}}],"collection":[{"href":"https:\/\/nawarpharmacy.com\/de\/wp-json\/wp\/v2\/product"}],"about":[{"href":"https:\/\/nawarpharmacy.com\/de\/wp-json\/wp\/v2\/types\/product"}],"replies":[{"embeddable":true,"href":"https:\/\/nawarpharmacy.com\/de\/wp-json\/wp\/v2\/comments?post=10370"}],"wp:featuredmedia":[{"embeddable":true,"href":"https:\/\/nawarpharmacy.com\/de\/wp-json\/wp\/v2\/media\/10369"}],"wp:attachment":[{"href":"https:\/\/nawarpharmacy.com\/de\/wp-json\/wp\/v2\/media?parent=10370"}],"wp:term":[{"taxonomy":"product_brand","embeddable":true,"href":"https:\/\/nawarpharmacy.com\/de\/wp-json\/wp\/v2\/product_brand?post=10370"},{"taxonomy":"product_cat","embeddable":true,"href":"https:\/\/nawarpharmacy.com\/de\/wp-json\/wp\/v2\/product_cat?post=10370"},{"taxonomy":"product_tag","embeddable":true,"href":"https:\/\/nawarpharmacy.com\/de\/wp-json\/wp\/v2\/product_tag?post=10370"},{"taxonomy":"product_brands","embeddable":true,"href":"https:\/\/nawarpharmacy.com\/de\/wp-json\/wp\/v2\/product_brands?post=10370"}],"curies":[{"name":"wp","href":"https:\/\/api.w.org\/{rel}","templated":true}]}}