{"id":10341,"date":"2025-11-20T20:21:37","date_gmt":"2025-11-20T20:21:37","guid":{"rendered":"https:\/\/nawarpharmacy.com\/?post_type=product&#038;p=10341"},"modified":"2026-02-26T21:09:18","modified_gmt":"2026-02-26T21:09:18","slug":"closol-10mgml-topical-spray-50ml","status":"publish","type":"product","link":"https:\/\/nawarpharmacy.com\/de\/produkt\/closol-10mgml-topical-spray-50ml\/","title":{"rendered":"Closol 10 mg\/ml Spray zur \u00e4u\u00dferlichen Anwendung 50 ml"},"content":{"rendered":"<div class=\"flex flex-col text-sm pb-25\">\n<article class=\"text-token-text-primary w-full focus:outline-none [--shadow-height:45px] has-data-writing-block:pointer-events-none has-data-writing-block:-mt-(--shadow-height) has-data-writing-block:pt-(--shadow-height) [&amp;:has([data-writing-block])&gt;*]:pointer-events-auto scroll-mt-[calc(var(--header-height)+min(200px,max(70px,20svh)))]\" dir=\"auto\" tabindex=\"-1\" data-turn-id=\"request-WEB:1fb551c8-723f-4635-af76-1761af7fc3f6-13\" data-testid=\"conversation-turn-28\" data-scroll-anchor=\"true\" data-turn=\"assistant\">\n<div class=\"text-base my-auto mx-auto pb-10 [--thread-content-margin:--spacing(4)] @w-sm\/main:[--thread-content-margin:--spacing(6)] @w-lg\/main:[--thread-content-margin:--spacing(16)] px-(--thread-content-margin)\">\n<div class=\"[--thread-content-max-width:40rem] @w-lg\/main:[--thread-content-max-width:48rem] mx-auto max-w-(--thread-content-max-width) flex-1 group\/turn-messages focus-visible:outline-hidden relative flex w-full min-w-0 flex-col agent-turn\" tabindex=\"-1\">\n<div class=\"flex max-w-full flex-col grow\">\n<div class=\"min-h-8 text-message relative flex w-full flex-col items-end gap-2 text-start break-words whitespace-normal [.text-message+&amp;]:mt-1\" dir=\"auto\" data-message-author-role=\"assistant\" data-message-id=\"e4b48e8d-cacb-488f-886c-ac1d1aa635a2\" data-message-model-slug=\"gpt-5-2\">\n<div class=\"flex w-full flex-col gap-1 empty:hidden first:pt-[1px]\">\n<div class=\"markdown prose dark:prose-invert w-full wrap-break-word dark markdown-new-styling\">\n<p data-start=\"1467\" data-end=\"1526\"><strong data-start=\"1467\" data-end=\"1524\">Closol 10 mg\/ml Spray zur \u00e4u\u00dferlichen Anwendung 50 ml<\/strong><\/p>\n<p data-start=\"1528\" data-end=\"1575\"><strong data-start=\"1528\" data-end=\"1542\">Wirkstoff:<\/strong><br data-start=\"1542\" data-end=\"1545\" \/>Clobetasolpropionat 10 mg\/ml<\/p>\n<p data-start=\"1577\" data-end=\"1804\"><strong data-start=\"1577\" data-end=\"1594\">Indikationen:<\/strong><br data-start=\"1594\" data-end=\"1597\" \/>Anwendung bei:<br data-start=\"1611\" data-end=\"1614\" \/>Entz\u00fcndlichen Hauterkrankungen wie Ekzemen, Psoriasis und Dermatitis<br data-start=\"1682\" data-end=\"1685\" \/>Linderung von R\u00f6tung, Juckreiz und Schwellung<br data-start=\"1730\" data-end=\"1733\" \/>Kurzzeitbehandlung therapieresistenter oder schwerer Hauterkrankungen<\/p>\n<p data-start=\"1806\" data-end=\"2090\"><strong data-start=\"1806\" data-end=\"1820\">Dosierung:<\/strong><br data-start=\"1820\" data-end=\"1823\" \/><strong data-start=\"1823\" data-end=\"1838\">Erwachsene:<\/strong><br data-start=\"1838\" data-end=\"1841\" \/>Eine d\u00fcnne Schicht 1\u20132-mal t\u00e4glich auf die betroffene Stelle auftragen oder nach \u00e4rztlicher Anweisung.<br data-start=\"1943\" data-end=\"1946\" \/>Sanft einreiben, bis das Pr\u00e4parat vollst\u00e4ndig eingezogen ist.<br data-start=\"2007\" data-end=\"2010\" \/>Die verordnete Behandlungsdauer, in der Regel 2\u20134 Wochen, nicht \u00fcberschreiten.<\/p>\n<p data-start=\"2092\" data-end=\"2184\"><strong data-start=\"2092\" data-end=\"2103\">Kinder:<\/strong><br data-start=\"2103\" data-end=\"2106\" \/>Nur unter \u00e4rztlicher Aufsicht und f\u00fcr die k\u00fcrzest notwendige Dauer anwenden.<\/p>\n<p data-start=\"2186\" data-end=\"2444\"><strong data-start=\"2186\" data-end=\"2209\">Kontraindikationen:<\/strong><br data-start=\"2209\" data-end=\"2212\" \/>\u00dcberempfindlichkeit gegen Clobetasol oder einen der sonstigen Bestandteile des Sprays<br data-start=\"2297\" data-end=\"2300\" \/>Virale, bakterielle oder mykotische Hautinfektionen (sofern keine geeignete Begleittherapie erfolgt)<br data-start=\"2400\" data-end=\"2403\" \/>Rosazea, Akne oder periorale Dermatitis<\/p>\n<p data-start=\"2446\" data-end=\"2652\"><strong data-start=\"2446\" data-end=\"2465\">Nebenwirkungen:<\/strong><br data-start=\"2465\" data-end=\"2468\" \/>Brennen oder Stechen<br data-start=\"2488\" data-end=\"2491\" \/>Trockenheit oder Hautreizung<br data-start=\"2519\" data-end=\"2522\" \/>Hautatrophie bei l\u00e4ngerer Anwendung<br data-start=\"2557\" data-end=\"2560\" \/>Selten: systemische Kortikosteroidwirkungen bei gro\u00dffl\u00e4chiger oder langfristiger Anwendung<\/p>\n<p data-start=\"2654\" data-end=\"2789\"><strong data-start=\"2654\" data-end=\"2675\">Wechselwirkungen:<\/strong><br data-start=\"2675\" data-end=\"2678\" \/>Gleichzeitige Anwendung anderer stark wirksamer topischer Kortikosteroide auf derselben Hautstelle vermeiden.<\/p>\n<p data-start=\"2791\" data-end=\"2905\" data-is-last-node=\"\" data-is-only-node=\"\"><strong data-start=\"2791\" data-end=\"2804\">Lagerung:<\/strong><br data-start=\"2804\" data-end=\"2807\" \/>Bei Raumtemperatur lagern und vor W\u00e4rme und Licht sch\u00fctzen.<br data-start=\"2866\" data-end=\"2869\" \/>F\u00fcr Kinder unzug\u00e4nglich aufbewahren.<\/p>\n<\/div>\n<\/div>\n<\/div>\n<\/div>\n<\/div>\n<\/div>\n<\/article>\n<\/div>\n<div id=\"gtx-trans\" style=\"position: absolute; left: 230px; top: -17px;\">\n<div class=\"gtx-trans-icon\"><\/div>\n<\/div>\n","protected":false},"excerpt":{"rendered":"<p>Closol 10 mg\/ml Spray zur \u00e4u\u00dferlichen Anwendung 50 ml Wirkstoff:Clobetasolpropionat 10 mg\/ml Indikationen:Anwendung bei:Entz\u00fcndlichen Hauterkrankungen wie Ekzemen, Psoriasis und DermatitisLinderung von R\u00f6tung, Juckreiz und SchwellungKurzzeitbehandlung therapieresistenter oder schwerer Hauterkrankungen Dosierung:Erwachsene:Eine d\u00fcnne Schicht 1\u20132-mal t\u00e4glich auf die betroffene Stelle auftragen oder nach \u00e4rztlicher Anweisung.Sanft einreiben, bis das Pr\u00e4parat vollst\u00e4ndig eingezogen ist.Die verordnete Behandlungsdauer, in der Regel&#8230;<\/p>\n","protected":false},"featured_media":10340,"comment_status":"open","ping_status":"closed","template":"","meta":{"rs_blank_template":"","rs_page_bg_color":"","slide_template_v7":"","_bst_post_transparent":"default","_bst_post_title":"","_bst_post_layout":"default","_bst_post_sidebar_id":"","_bst_post_content_style":"default","_bst_post_vertical_padding":"default","_bst_post_feature":"","_bst_post_feature_position":"","_bst_post_header":false,"_bst_post_footer":false},"product_brand":[],"product_cat":[241,351,409,217,377],"product_tag":[],"product_brands":[],"class_list":{"0":"post-10341","1":"product","2":"type-product","3":"status-publish","4":"has-post-thumbnail","6":"product_cat-anti-fungal","7":"product_cat-medical-forms","8":"product_cat-dermatological-skin-treatments","9":"product_cat-medicines","10":"product_cat-topical-spray","12":"first","13":"instock","14":"shipping-taxable","15":"purchasable","16":"product-type-simple","17":"entry","18":"content-bg","19":"loop-entry"},"_links":{"self":[{"href":"https:\/\/nawarpharmacy.com\/de\/wp-json\/wp\/v2\/product\/10341","targetHints":{"allow":["GET"]}}],"collection":[{"href":"https:\/\/nawarpharmacy.com\/de\/wp-json\/wp\/v2\/product"}],"about":[{"href":"https:\/\/nawarpharmacy.com\/de\/wp-json\/wp\/v2\/types\/product"}],"replies":[{"embeddable":true,"href":"https:\/\/nawarpharmacy.com\/de\/wp-json\/wp\/v2\/comments?post=10341"}],"wp:featuredmedia":[{"embeddable":true,"href":"https:\/\/nawarpharmacy.com\/de\/wp-json\/wp\/v2\/media\/10340"}],"wp:attachment":[{"href":"https:\/\/nawarpharmacy.com\/de\/wp-json\/wp\/v2\/media?parent=10341"}],"wp:term":[{"taxonomy":"product_brand","embeddable":true,"href":"https:\/\/nawarpharmacy.com\/de\/wp-json\/wp\/v2\/product_brand?post=10341"},{"taxonomy":"product_cat","embeddable":true,"href":"https:\/\/nawarpharmacy.com\/de\/wp-json\/wp\/v2\/product_cat?post=10341"},{"taxonomy":"product_tag","embeddable":true,"href":"https:\/\/nawarpharmacy.com\/de\/wp-json\/wp\/v2\/product_tag?post=10341"},{"taxonomy":"product_brands","embeddable":true,"href":"https:\/\/nawarpharmacy.com\/de\/wp-json\/wp\/v2\/product_brands?post=10341"}],"curies":[{"name":"wp","href":"https:\/\/api.w.org\/{rel}","templated":true}]}}