{"id":10332,"date":"2025-11-20T22:54:35","date_gmt":"2025-11-20T22:54:35","guid":{"rendered":"https:\/\/nawarpharmacy.com\/?post_type=product&#038;p=10332"},"modified":"2026-02-26T21:07:37","modified_gmt":"2026-02-26T21:07:37","slug":"cordo-plus-topical-spray-60ml","status":"publish","type":"product","link":"https:\/\/nawarpharmacy.com\/de\/produkt\/cordo-plus-topical-spray-60ml\/","title":{"rendered":"Cordo Plus Spray zur \u00e4u\u00dferlichen Anwendung 60 ml"},"content":{"rendered":"<div class=\"flex flex-col text-sm pb-25\">\n<article class=\"text-token-text-primary w-full focus:outline-none [--shadow-height:45px] has-data-writing-block:pointer-events-none has-data-writing-block:-mt-(--shadow-height) has-data-writing-block:pt-(--shadow-height) [&amp;:has([data-writing-block])&gt;*]:pointer-events-auto scroll-mt-[calc(var(--header-height)+min(200px,max(70px,20svh)))]\" dir=\"auto\" tabindex=\"-1\" data-turn-id=\"request-WEB:1fb551c8-723f-4635-af76-1761af7fc3f6-11\" data-testid=\"conversation-turn-24\" data-scroll-anchor=\"true\" data-turn=\"assistant\">\n<div class=\"text-base my-auto mx-auto pb-10 [--thread-content-margin:--spacing(4)] @w-sm\/main:[--thread-content-margin:--spacing(6)] @w-lg\/main:[--thread-content-margin:--spacing(16)] px-(--thread-content-margin)\">\n<div class=\"[--thread-content-max-width:40rem] @w-lg\/main:[--thread-content-max-width:48rem] mx-auto max-w-(--thread-content-max-width) flex-1 group\/turn-messages focus-visible:outline-hidden relative flex w-full min-w-0 flex-col agent-turn\" tabindex=\"-1\">\n<div class=\"flex max-w-full flex-col grow\">\n<div class=\"min-h-8 text-message relative flex w-full flex-col items-end gap-2 text-start break-words whitespace-normal [.text-message+&amp;]:mt-1\" dir=\"auto\" data-message-author-role=\"assistant\" data-message-id=\"3cb8378c-da97-4219-9850-b1c5ff7d30e1\" data-message-model-slug=\"gpt-5-2\">\n<div class=\"flex w-full flex-col gap-1 empty:hidden first:pt-[1px]\">\n<div class=\"markdown prose dark:prose-invert w-full wrap-break-word dark markdown-new-styling\">\n<p data-start=\"1339\" data-end=\"1393\"><strong data-start=\"1339\" data-end=\"1391\">Cordo Plus Spray zur \u00e4u\u00dferlichen Anwendung 60 ml<\/strong><\/p>\n<p data-start=\"1395\" data-end=\"2657\" data-is-last-node=\"\" data-is-only-node=\"\"><strong data-start=\"1395\" data-end=\"1416\">Darreichungsform:<\/strong> Spray zur \u00e4u\u00dferlichen Anwendung<br data-start=\"1448\" data-end=\"1451\" \/><strong data-start=\"1451\" data-end=\"1466\">Wirkst\u00e4rke:<\/strong> Nicht angegeben (enth\u00e4lt \u00fcblicherweise eine Kombination aus Kortikosteroid und\/oder Lokalan\u00e4sthetikum; genaue Angaben siehe Verpackung)<br data-start=\"1602\" data-end=\"1605\" \/><strong data-start=\"1605\" data-end=\"1622\">Indikationen:<\/strong> Linderung von Schmerzen, Entz\u00fcndungen oder Juckreiz bei leichten Hauterkrankungen, Insektenstichen oder lokalisierten muskuloskelettalen Beschwerden.<br data-start=\"1772\" data-end=\"1775\" \/><strong data-start=\"1775\" data-end=\"1789\" data-is-only-node=\"\">Anwendung:<\/strong> Eine d\u00fcnne Schicht auf die betroffene Stelle aufspr\u00fchen und bei Bedarf sanft einreiben. Nicht auf verletzter oder infizierter Haut anwenden, es sei denn nach \u00e4rztlicher Anweisung.<br data-start=\"1969\" data-end=\"1972\" \/><strong data-start=\"1972\" data-end=\"1997\">Anwendungsh\u00e4ufigkeit:<\/strong> \u00dcblicherweise 1\u20133-mal t\u00e4glich oder nach \u00e4rztlicher Verordnung.<br data-start=\"2060\" data-end=\"2063\" \/><strong data-start=\"2063\" data-end=\"2086\">Kontraindikationen:<\/strong> \u00dcberempfindlichkeit gegen einen der Bestandteile des Sprays; Pilz- oder bakterielle Hautinfektionen ohne \u00e4rztliche Beratung.<br data-start=\"2211\" data-end=\"2214\" \/><strong data-start=\"2214\" data-end=\"2237\">Vorsichtsma\u00dfnahmen:<\/strong> Kontakt mit Augen und Schleimh\u00e4uten vermeiden; nicht gro\u00dffl\u00e4chig oder \u00fcber einen l\u00e4ngeren Zeitraum ohne \u00e4rztliche \u00dcberwachung anwenden.<br data-start=\"2373\" data-end=\"2376\" \/><strong data-start=\"2376\" data-end=\"2395\">Nebenwirkungen:<\/strong> Leichtes Brennen, Juckreiz, R\u00f6tung oder Hautreizung; selten allergische Reaktionen oder systemische Effekte durch Resorption bei l\u00e4ngerer Anwendung.<br data-start=\"2544\" data-end=\"2547\" \/><strong data-start=\"2547\" data-end=\"2560\">Lagerung:<\/strong> Bei Raumtemperatur lagern, vor W\u00e4rme und Licht sch\u00fctzen und f\u00fcr Kinder unzug\u00e4nglich aufbewahren.<\/p>\n<\/div>\n<\/div>\n<\/div>\n<\/div>\n<div class=\"z-0 flex min-h-[46px] justify-start\"><\/div>\n<div class=\"mt-3 w-full empty:hidden\">\n<div class=\"text-center\"><\/div>\n<\/div>\n<\/div>\n<\/div>\n<\/article>\n<\/div>\n<div class=\"pointer-events-none h-px w-px absolute bottom-0\" aria-hidden=\"true\" data-edge=\"true\"><\/div>\n<div id=\"gtx-trans\" style=\"position: absolute; left: 304px; top: 34px;\">\n<div class=\"gtx-trans-icon\"><\/div>\n<\/div>\n","protected":false},"excerpt":{"rendered":"<p>Cordo Plus Spray zur \u00e4u\u00dferlichen Anwendung 60 ml Darreichungsform: Spray zur \u00e4u\u00dferlichen AnwendungWirkst\u00e4rke: Nicht angegeben (enth\u00e4lt \u00fcblicherweise eine Kombination aus Kortikosteroid und\/oder Lokalan\u00e4sthetikum; genaue Angaben siehe Verpackung)Indikationen: Linderung von Schmerzen, Entz\u00fcndungen oder Juckreiz bei leichten Hauterkrankungen, Insektenstichen oder lokalisierten muskuloskelettalen Beschwerden.Anwendung: Eine d\u00fcnne Schicht auf die betroffene Stelle aufspr\u00fchen und bei Bedarf sanft einreiben. Nicht&#8230;<\/p>\n","protected":false},"featured_media":10331,"comment_status":"open","ping_status":"closed","template":"","meta":{"rs_blank_template":"","rs_page_bg_color":"","slide_template_v7":"","_bst_post_transparent":"default","_bst_post_title":"","_bst_post_layout":"default","_bst_post_sidebar_id":"","_bst_post_content_style":"default","_bst_post_vertical_padding":"default","_bst_post_feature":"","_bst_post_feature_position":"","_bst_post_header":false,"_bst_post_footer":false},"product_brand":[],"product_cat":[241,351,409,217,377],"product_tag":[],"product_brands":[],"class_list":{"0":"post-10332","1":"product","2":"type-product","3":"status-publish","4":"has-post-thumbnail","6":"product_cat-anti-fungal","7":"product_cat-medical-forms","8":"product_cat-dermatological-skin-treatments","9":"product_cat-medicines","10":"product_cat-topical-spray","12":"first","13":"instock","14":"shipping-taxable","15":"purchasable","16":"product-type-simple","17":"entry","18":"content-bg","19":"loop-entry"},"_links":{"self":[{"href":"https:\/\/nawarpharmacy.com\/de\/wp-json\/wp\/v2\/product\/10332","targetHints":{"allow":["GET"]}}],"collection":[{"href":"https:\/\/nawarpharmacy.com\/de\/wp-json\/wp\/v2\/product"}],"about":[{"href":"https:\/\/nawarpharmacy.com\/de\/wp-json\/wp\/v2\/types\/product"}],"replies":[{"embeddable":true,"href":"https:\/\/nawarpharmacy.com\/de\/wp-json\/wp\/v2\/comments?post=10332"}],"wp:featuredmedia":[{"embeddable":true,"href":"https:\/\/nawarpharmacy.com\/de\/wp-json\/wp\/v2\/media\/10331"}],"wp:attachment":[{"href":"https:\/\/nawarpharmacy.com\/de\/wp-json\/wp\/v2\/media?parent=10332"}],"wp:term":[{"taxonomy":"product_brand","embeddable":true,"href":"https:\/\/nawarpharmacy.com\/de\/wp-json\/wp\/v2\/product_brand?post=10332"},{"taxonomy":"product_cat","embeddable":true,"href":"https:\/\/nawarpharmacy.com\/de\/wp-json\/wp\/v2\/product_cat?post=10332"},{"taxonomy":"product_tag","embeddable":true,"href":"https:\/\/nawarpharmacy.com\/de\/wp-json\/wp\/v2\/product_tag?post=10332"},{"taxonomy":"product_brands","embeddable":true,"href":"https:\/\/nawarpharmacy.com\/de\/wp-json\/wp\/v2\/product_brands?post=10332"}],"curies":[{"name":"wp","href":"https:\/\/api.w.org\/{rel}","templated":true}]}}