{"id":10328,"date":"2025-11-20T22:56:27","date_gmt":"2025-11-20T22:56:27","guid":{"rendered":"https:\/\/nawarpharmacy.com\/?post_type=product&#038;p=10328"},"modified":"2026-02-26T21:06:41","modified_gmt":"2026-02-26T21:06:41","slug":"choletrix-d3-400iu-oral-drops-30ml","status":"publish","type":"product","link":"https:\/\/nawarpharmacy.com\/de\/produkt\/choletrix-d3-400iu-oral-drops-30ml\/","title":{"rendered":"Choletrix-D3 400 I.E. orale Tropfen 30 ml"},"content":{"rendered":"<article class=\"text-token-text-primary w-full focus:outline-none [--shadow-height:45px] has-data-writing-block:pointer-events-none has-data-writing-block:-mt-(--shadow-height) has-data-writing-block:pt-(--shadow-height) [&amp;:has([data-writing-block])&gt;*]:pointer-events-auto [content-visibility:auto] supports-[content-visibility:auto]:[contain-intrinsic-size:auto_100lvh] scroll-mt-[calc(var(--header-height)+min(200px,max(70px,20svh)))]\" dir=\"auto\" data-turn-id=\"request-WEB:0b0efbeb-8c14-4442-a864-23c8b5e3b1ce-7\" data-testid=\"conversation-turn-16\" data-scroll-anchor=\"true\" data-turn=\"assistant\">\n<div class=\"text-base my-auto mx-auto pb-10 [--thread-content-margin:--spacing(4)] thread-sm:[--thread-content-margin:--spacing(6)] thread-lg:[--thread-content-margin:--spacing(16)] px-(--thread-content-margin)\">\n<div class=\"[--thread-content-max-width:40rem] thread-lg:[--thread-content-max-width:48rem] mx-auto max-w-(--thread-content-max-width) flex-1 group\/turn-messages focus-visible:outline-hidden relative flex w-full min-w-0 flex-col agent-turn\">\n<div class=\"flex max-w-full flex-col grow\">\n<div class=\"min-h-8 text-message relative flex w-full flex-col items-end gap-2 text-start break-words whitespace-normal [.text-message+&amp;]:mt-1\" dir=\"auto\" data-message-author-role=\"assistant\" data-message-id=\"f72f8fbe-8a68-42c3-887b-03a1af085ad7\" data-message-model-slug=\"gpt-5-mini\">\n<div class=\"flex w-full flex-col gap-1 empty:hidden first:pt-[1px]\">\n<div class=\"markdown prose dark:prose-invert w-full break-words light markdown-new-styling\">\n<div class=\"flex flex-col text-sm pb-25\">\n<article class=\"text-token-text-primary w-full focus:outline-none [--shadow-height:45px] has-data-writing-block:pointer-events-none has-data-writing-block:-mt-(--shadow-height) has-data-writing-block:pt-(--shadow-height) [&amp;:has([data-writing-block])&gt;*]:pointer-events-auto scroll-mt-[calc(var(--header-height)+min(200px,max(70px,20svh)))]\" dir=\"auto\" tabindex=\"-1\" data-turn-id=\"request-WEB:1fb551c8-723f-4635-af76-1761af7fc3f6-10\" data-testid=\"conversation-turn-22\" data-scroll-anchor=\"true\" data-turn=\"assistant\">\n<div class=\"text-base my-auto mx-auto pb-10 [--thread-content-margin:--spacing(4)] @w-sm\/main:[--thread-content-margin:--spacing(6)] @w-lg\/main:[--thread-content-margin:--spacing(16)] px-(--thread-content-margin)\">\n<div class=\"[--thread-content-max-width:40rem] @w-lg\/main:[--thread-content-max-width:48rem] mx-auto max-w-(--thread-content-max-width) flex-1 group\/turn-messages focus-visible:outline-hidden relative flex w-full min-w-0 flex-col agent-turn\" tabindex=\"-1\">\n<div class=\"flex max-w-full flex-col grow\">\n<div class=\"min-h-8 text-message relative flex w-full flex-col items-end gap-2 text-start break-words whitespace-normal [.text-message+&amp;]:mt-1\" dir=\"auto\" data-message-author-role=\"assistant\" data-message-id=\"9f3afc53-05b2-4d1e-a480-488edacc312a\" data-message-model-slug=\"gpt-5-2\">\n<div class=\"flex w-full flex-col gap-1 empty:hidden first:pt-[1px]\">\n<div class=\"markdown prose dark:prose-invert w-full wrap-break-word dark markdown-new-styling\">\n<p data-start=\"1036\" data-end=\"1083\"><strong data-start=\"1036\" data-end=\"1081\">Choletrix-D3 400 I.E. orale Tropfen 30 ml<\/strong><\/p>\n<p data-start=\"1085\" data-end=\"2029\" data-is-last-node=\"\" data-is-only-node=\"\"><strong data-start=\"1085\" data-end=\"1106\">Darreichungsform:<\/strong> Orale Tropfen<br data-start=\"1120\" data-end=\"1123\" \/><strong data-start=\"1123\" data-end=\"1138\">Wirkst\u00e4rke:<\/strong> 400 I.E. (Vitamin D3) pro Dosis<br data-start=\"1170\" data-end=\"1173\" \/><strong data-start=\"1173\" data-end=\"1190\">Indikationen:<\/strong> Pr\u00e4vention und Behandlung eines Vitamin-D-Mangels; Unterst\u00fctzung der Knochengesundheit, der Calciumresorption und der Immunfunktion.<br data-start=\"1323\" data-end=\"1326\" \/><strong data-start=\"1326\" data-end=\"1340\" data-is-only-node=\"\">Anwendung:<\/strong> Die empfohlene Anzahl an Tropfen direkt in den Mund verabreichen oder mit einer kleinen Menge Milch oder Nahrung mischen.<br data-start=\"1462\" data-end=\"1465\" \/><strong data-start=\"1465\" data-end=\"1490\">Anwendungsh\u00e4ufigkeit:<\/strong> \u00dcblicherweise einmal t\u00e4glich oder nach \u00e4rztlicher Anweisung.<br data-start=\"1551\" data-end=\"1554\" \/><strong data-start=\"1554\" data-end=\"1577\">Kontraindikationen:<\/strong> Hyperkalz\u00e4mie, \u00dcberempfindlichkeit gegen Vitamin D oder einen der sonstigen Bestandteile der Formulierung.<br data-start=\"1684\" data-end=\"1687\" \/><strong data-start=\"1687\" data-end=\"1710\">Vorsichtsma\u00dfnahmen:<\/strong> Empfohlene Dosis nicht \u00fcberschreiten; bei Langzeitanwendung den Kalziumspiegel im Blut \u00fcberwachen.<br data-start=\"1809\" data-end=\"1812\" \/><strong data-start=\"1812\" data-end=\"1831\">Nebenwirkungen:<\/strong> Selten; k\u00f6nnen \u00dcbelkeit, Erbrechen, Verstopfung oder bei \u00dcberdosierung Hyperkalz\u00e4mie umfassen.<br data-start=\"1926\" data-end=\"1929\" \/><strong data-start=\"1929\" data-end=\"1942\">Lagerung:<\/strong> Bei Raumtemperatur lagern, vor Licht sch\u00fctzen und f\u00fcr Kinder unzug\u00e4nglich aufbewahren.<\/p>\n<\/div>\n<\/div>\n<\/div>\n<\/div>\n<div class=\"z-0 flex min-h-[46px] justify-start\"><\/div>\n<div class=\"mt-3 w-full empty:hidden\">\n<div class=\"text-center\"><\/div>\n<\/div>\n<\/div>\n<\/div>\n<\/article>\n<\/div>\n<div class=\"pointer-events-none h-px w-px absolute bottom-0\" aria-hidden=\"true\" data-edge=\"true\"><\/div>\n<\/div>\n<\/div>\n<\/div>\n<\/div>\n<\/div>\n<\/div>\n<\/article>\n<div id=\"gtx-trans\" style=\"position: absolute; left: 168px; top: 34px;\">\n<div class=\"gtx-trans-icon\"><\/div>\n<\/div>\n","protected":false},"excerpt":{"rendered":"<p>Choletrix-D3 400 I.E. orale Tropfen 30 ml Darreichungsform: Orale TropfenWirkst\u00e4rke: 400 I.E. (Vitamin D3) pro DosisIndikationen: Pr\u00e4vention und Behandlung eines Vitamin-D-Mangels; Unterst\u00fctzung der Knochengesundheit, der Calciumresorption und der Immunfunktion.Anwendung: Die empfohlene Anzahl an Tropfen direkt in den Mund verabreichen oder mit einer kleinen Menge Milch oder Nahrung mischen.Anwendungsh\u00e4ufigkeit: \u00dcblicherweise einmal t\u00e4glich oder nach \u00e4rztlicher Anweisung.Kontraindikationen:&#8230;<\/p>\n","protected":false},"featured_media":10327,"comment_status":"open","ping_status":"closed","template":"","meta":{"rs_blank_template":"","rs_page_bg_color":"","slide_template_v7":"","_bst_post_transparent":"default","_bst_post_title":"","_bst_post_layout":"default","_bst_post_sidebar_id":"","_bst_post_content_style":"default","_bst_post_vertical_padding":"default","_bst_post_feature":"","_bst_post_feature_position":"","_bst_post_header":false,"_bst_post_footer":false},"product_brand":[],"product_cat":[351,239,217,361,305],"product_tag":[],"product_brands":[],"class_list":{"0":"post-10328","1":"product","2":"type-product","3":"status-publish","4":"has-post-thumbnail","6":"product_cat-medical-forms","7":"product_cat-bone-joint-health","8":"product_cat-medicines","9":"product_cat-oral-drops","10":"product_cat-babychild-vitamins","12":"first","13":"instock","14":"shipping-taxable","15":"purchasable","16":"product-type-simple","17":"entry","18":"content-bg","19":"loop-entry"},"_links":{"self":[{"href":"https:\/\/nawarpharmacy.com\/de\/wp-json\/wp\/v2\/product\/10328","targetHints":{"allow":["GET"]}}],"collection":[{"href":"https:\/\/nawarpharmacy.com\/de\/wp-json\/wp\/v2\/product"}],"about":[{"href":"https:\/\/nawarpharmacy.com\/de\/wp-json\/wp\/v2\/types\/product"}],"replies":[{"embeddable":true,"href":"https:\/\/nawarpharmacy.com\/de\/wp-json\/wp\/v2\/comments?post=10328"}],"wp:featuredmedia":[{"embeddable":true,"href":"https:\/\/nawarpharmacy.com\/de\/wp-json\/wp\/v2\/media\/10327"}],"wp:attachment":[{"href":"https:\/\/nawarpharmacy.com\/de\/wp-json\/wp\/v2\/media?parent=10328"}],"wp:term":[{"taxonomy":"product_brand","embeddable":true,"href":"https:\/\/nawarpharmacy.com\/de\/wp-json\/wp\/v2\/product_brand?post=10328"},{"taxonomy":"product_cat","embeddable":true,"href":"https:\/\/nawarpharmacy.com\/de\/wp-json\/wp\/v2\/product_cat?post=10328"},{"taxonomy":"product_tag","embeddable":true,"href":"https:\/\/nawarpharmacy.com\/de\/wp-json\/wp\/v2\/product_tag?post=10328"},{"taxonomy":"product_brands","embeddable":true,"href":"https:\/\/nawarpharmacy.com\/de\/wp-json\/wp\/v2\/product_brands?post=10328"}],"curies":[{"name":"wp","href":"https:\/\/api.w.org\/{rel}","templated":true}]}}