{"id":10320,"date":"2025-11-20T23:02:38","date_gmt":"2025-11-20T23:02:38","guid":{"rendered":"https:\/\/nawarpharmacy.com\/?post_type=product&#038;p=10320"},"modified":"2026-02-26T21:05:16","modified_gmt":"2026-02-26T21:05:16","slug":"kerella-lotion-30ml","status":"publish","type":"product","link":"https:\/\/nawarpharmacy.com\/de\/produkt\/kerella-lotion-30ml\/","title":{"rendered":"Kerella Lotion 30 ml"},"content":{"rendered":"<div class=\"flex flex-col text-sm pb-25\">\n<article class=\"text-token-text-primary w-full focus:outline-none [--shadow-height:45px] has-data-writing-block:pointer-events-none has-data-writing-block:-mt-(--shadow-height) has-data-writing-block:pt-(--shadow-height) [&amp;:has([data-writing-block])&gt;*]:pointer-events-auto scroll-mt-[calc(var(--header-height)+min(200px,max(70px,20svh)))]\" dir=\"auto\" tabindex=\"-1\" data-turn-id=\"request-WEB:1fb551c8-723f-4635-af76-1761af7fc3f6-8\" data-testid=\"conversation-turn-18\" data-scroll-anchor=\"true\" data-turn=\"assistant\">\n<div class=\"text-base my-auto mx-auto pb-10 [--thread-content-margin:--spacing(4)] @w-sm\/main:[--thread-content-margin:--spacing(6)] @w-lg\/main:[--thread-content-margin:--spacing(16)] px-(--thread-content-margin)\">\n<div class=\"[--thread-content-max-width:40rem] @w-lg\/main:[--thread-content-max-width:48rem] mx-auto max-w-(--thread-content-max-width) flex-1 group\/turn-messages focus-visible:outline-hidden relative flex w-full min-w-0 flex-col agent-turn\" tabindex=\"-1\">\n<div class=\"flex max-w-full flex-col grow\">\n<div class=\"min-h-8 text-message relative flex w-full flex-col items-end gap-2 text-start break-words whitespace-normal [.text-message+&amp;]:mt-1\" dir=\"auto\" data-message-author-role=\"assistant\" data-message-id=\"3889dbad-70da-4b99-8b01-32046b52b871\" data-message-model-slug=\"gpt-5-2\">\n<div class=\"flex w-full flex-col gap-1 empty:hidden first:pt-[1px]\">\n<div class=\"markdown prose dark:prose-invert w-full wrap-break-word dark markdown-new-styling\">\n<p data-start=\"1076\" data-end=\"1102\"><strong data-start=\"1076\" data-end=\"1100\">Kerella Lotion 30 ml<\/strong><\/p>\n<p data-start=\"1104\" data-end=\"2107\" data-is-last-node=\"\" data-is-only-node=\"\"><strong data-start=\"1104\" data-end=\"1125\">Darreichungsform:<\/strong> Lotion zur \u00e4u\u00dferlichen Anwendung<br data-start=\"1158\" data-end=\"1161\" \/><strong data-start=\"1161\" data-end=\"1176\">Wirkst\u00e4rke:<\/strong> Nicht angegeben (enth\u00e4lt \u00fcblicherweise Ketoconazol 1 % oder ein \u00e4hnliches Antimykotikum; genaue Konzentration siehe Verpackung)<br data-start=\"1304\" data-end=\"1307\" \/><strong data-start=\"1307\" data-end=\"1324\">Indikationen:<\/strong> Behandlung von Pilzinfektionen der Haut wie Schuppen, seborrhoischer Dermatitis oder Tinea-Infektionen.<br data-start=\"1428\" data-end=\"1431\" \/><strong data-start=\"1431\" data-end=\"1445\" data-is-only-node=\"\">Anwendung:<\/strong> Eine d\u00fcnne Schicht auf die betroffene Hautstelle auftragen und sanft einreiben.<br data-start=\"1525\" data-end=\"1528\" \/><strong data-start=\"1528\" data-end=\"1553\">Anwendungsh\u00e4ufigkeit:<\/strong> \u00dcblicherweise ein- oder zweimal t\u00e4glich oder nach \u00e4rztlicher Anweisung.<br data-start=\"1625\" data-end=\"1628\" \/><strong data-start=\"1628\" data-end=\"1651\">Kontraindikationen:<\/strong> \u00dcberempfindlichkeit gegen Ketoconazol oder einen der sonstigen Bestandteile der Lotion.<br data-start=\"1739\" data-end=\"1742\" \/><strong data-start=\"1742\" data-end=\"1765\">Vorsichtsma\u00dfnahmen:<\/strong> Kontakt mit Augen und Schleimh\u00e4uten vermeiden. Nicht empfohlen zur Anwendung auf gro\u00dffl\u00e4chig verletzter Haut.<br data-start=\"1875\" data-end=\"1878\" \/><strong data-start=\"1878\" data-end=\"1897\">Nebenwirkungen:<\/strong> Leichtes Brennen, Juckreiz oder R\u00f6tung an der Applikationsstelle; selten allergische Reaktionen.<br data-start=\"1994\" data-end=\"1997\" \/><strong data-start=\"1997\" data-end=\"2010\">Lagerung:<\/strong> Bei Raumtemperatur lagern, vor W\u00e4rme und Licht sch\u00fctzen und f\u00fcr Kinder unzug\u00e4nglich aufbewahren.<\/p>\n<\/div>\n<\/div>\n<\/div>\n<\/div>\n<div class=\"z-0 flex min-h-[46px] justify-start\"><\/div>\n<\/div>\n<\/div>\n<\/article>\n<\/div>\n<div id=\"gtx-trans\" style=\"position: absolute; left: 97px; top: -17px;\">\n<div class=\"gtx-trans-icon\"><\/div>\n<\/div>\n","protected":false},"excerpt":{"rendered":"<p>Kerella Lotion 30 ml Darreichungsform: Lotion zur \u00e4u\u00dferlichen AnwendungWirkst\u00e4rke: Nicht angegeben (enth\u00e4lt \u00fcblicherweise Ketoconazol 1 % oder ein \u00e4hnliches Antimykotikum; genaue Konzentration siehe Verpackung)Indikationen: Behandlung von Pilzinfektionen der Haut wie Schuppen, seborrhoischer Dermatitis oder Tinea-Infektionen.Anwendung: Eine d\u00fcnne Schicht auf die betroffene Hautstelle auftragen und sanft einreiben.Anwendungsh\u00e4ufigkeit: \u00dcblicherweise ein- oder zweimal t\u00e4glich oder nach \u00e4rztlicher Anweisung.Kontraindikationen:&#8230;<\/p>\n","protected":false},"featured_media":10319,"comment_status":"open","ping_status":"closed","template":"","meta":{"rs_blank_template":"","rs_page_bg_color":"","slide_template_v7":"","_bst_post_transparent":"default","_bst_post_title":"","_bst_post_layout":"default","_bst_post_sidebar_id":"","_bst_post_content_style":"default","_bst_post_vertical_padding":"default","_bst_post_feature":"","_bst_post_feature_position":"","_bst_post_header":false,"_bst_post_footer":false},"product_brand":[],"product_cat":[241,351,409,217],"product_tag":[],"product_brands":[],"class_list":{"0":"post-10320","1":"product","2":"type-product","3":"status-publish","4":"has-post-thumbnail","6":"product_cat-anti-fungal","7":"product_cat-medical-forms","8":"product_cat-dermatological-skin-treatments","9":"product_cat-medicines","11":"first","12":"instock","13":"shipping-taxable","14":"purchasable","15":"product-type-simple","16":"entry","17":"content-bg","18":"loop-entry"},"_links":{"self":[{"href":"https:\/\/nawarpharmacy.com\/de\/wp-json\/wp\/v2\/product\/10320","targetHints":{"allow":["GET"]}}],"collection":[{"href":"https:\/\/nawarpharmacy.com\/de\/wp-json\/wp\/v2\/product"}],"about":[{"href":"https:\/\/nawarpharmacy.com\/de\/wp-json\/wp\/v2\/types\/product"}],"replies":[{"embeddable":true,"href":"https:\/\/nawarpharmacy.com\/de\/wp-json\/wp\/v2\/comments?post=10320"}],"wp:featuredmedia":[{"embeddable":true,"href":"https:\/\/nawarpharmacy.com\/de\/wp-json\/wp\/v2\/media\/10319"}],"wp:attachment":[{"href":"https:\/\/nawarpharmacy.com\/de\/wp-json\/wp\/v2\/media?parent=10320"}],"wp:term":[{"taxonomy":"product_brand","embeddable":true,"href":"https:\/\/nawarpharmacy.com\/de\/wp-json\/wp\/v2\/product_brand?post=10320"},{"taxonomy":"product_cat","embeddable":true,"href":"https:\/\/nawarpharmacy.com\/de\/wp-json\/wp\/v2\/product_cat?post=10320"},{"taxonomy":"product_tag","embeddable":true,"href":"https:\/\/nawarpharmacy.com\/de\/wp-json\/wp\/v2\/product_tag?post=10320"},{"taxonomy":"product_brands","embeddable":true,"href":"https:\/\/nawarpharmacy.com\/de\/wp-json\/wp\/v2\/product_brands?post=10320"}],"curies":[{"name":"wp","href":"https:\/\/api.w.org\/{rel}","templated":true}]}}