{"id":10316,"date":"2025-11-20T23:03:47","date_gmt":"2025-11-20T23:03:47","guid":{"rendered":"https:\/\/nawarpharmacy.com\/?post_type=product&#038;p=10316"},"modified":"2026-02-26T21:04:30","modified_gmt":"2026-02-26T21:04:30","slug":"lacritears-eye-drops-15-ml","status":"publish","type":"product","link":"https:\/\/nawarpharmacy.com\/de\/produkt\/lacritears-eye-drops-15-ml\/","title":{"rendered":"Lacritears Augentropfen 15 ml"},"content":{"rendered":"<article class=\"text-token-text-primary w-full focus:outline-none [--shadow-height:45px] has-data-writing-block:pointer-events-none has-data-writing-block:-mt-(--shadow-height) has-data-writing-block:pt-(--shadow-height) [&amp;:has([data-writing-block])&gt;*]:pointer-events-auto [content-visibility:auto] supports-[content-visibility:auto]:[contain-intrinsic-size:auto_100lvh] scroll-mt-[calc(var(--header-height)+min(200px,max(70px,20svh)))]\" dir=\"auto\" data-turn-id=\"request-WEB:0b0efbeb-8c14-4442-a864-23c8b5e3b1ce-4\" data-testid=\"conversation-turn-10\" data-scroll-anchor=\"true\" data-turn=\"assistant\">\n<div class=\"text-base my-auto mx-auto pb-10 [--thread-content-margin:--spacing(4)] thread-sm:[--thread-content-margin:--spacing(6)] thread-lg:[--thread-content-margin:--spacing(16)] px-(--thread-content-margin)\">\n<div class=\"[--thread-content-max-width:40rem] thread-lg:[--thread-content-max-width:48rem] mx-auto max-w-(--thread-content-max-width) flex-1 group\/turn-messages focus-visible:outline-hidden relative flex w-full min-w-0 flex-col agent-turn\">\n<div class=\"flex max-w-full flex-col grow\">\n<div class=\"min-h-8 text-message relative flex w-full flex-col items-end gap-2 text-start break-words whitespace-normal [.text-message+&amp;]:mt-1\" dir=\"auto\" data-message-author-role=\"assistant\" data-message-id=\"814b71e0-9333-410e-8b62-7230ad673aa3\" data-message-model-slug=\"gpt-5-mini\">\n<div class=\"flex w-full flex-col gap-1 empty:hidden first:pt-[1px]\">\n<div class=\"markdown prose dark:prose-invert w-full break-words light markdown-new-styling\">\n<div class=\"flex flex-col text-sm pb-25\">\n<article class=\"text-token-text-primary w-full focus:outline-none [--shadow-height:45px] has-data-writing-block:pointer-events-none has-data-writing-block:-mt-(--shadow-height) has-data-writing-block:pt-(--shadow-height) [&amp;:has([data-writing-block])&gt;*]:pointer-events-auto scroll-mt-[calc(var(--header-height)+min(200px,max(70px,20svh)))]\" dir=\"auto\" tabindex=\"-1\" data-turn-id=\"request-WEB:1fb551c8-723f-4635-af76-1761af7fc3f6-7\" data-testid=\"conversation-turn-16\" data-scroll-anchor=\"true\" data-turn=\"assistant\">\n<div class=\"text-base my-auto mx-auto pb-10 [--thread-content-margin:--spacing(4)] @w-sm\/main:[--thread-content-margin:--spacing(6)] @w-lg\/main:[--thread-content-margin:--spacing(16)] px-(--thread-content-margin)\">\n<div class=\"[--thread-content-max-width:40rem] @w-lg\/main:[--thread-content-max-width:48rem] mx-auto max-w-(--thread-content-max-width) flex-1 group\/turn-messages focus-visible:outline-hidden relative flex w-full min-w-0 flex-col agent-turn\" tabindex=\"-1\">\n<div class=\"flex max-w-full flex-col grow\">\n<div class=\"min-h-8 text-message relative flex w-full flex-col items-end gap-2 text-start break-words whitespace-normal [.text-message+&amp;]:mt-1\" dir=\"auto\" data-message-author-role=\"assistant\" data-message-id=\"9ef5ba7d-5e05-4cd7-a453-c560cbc57ffb\" data-message-model-slug=\"gpt-5-2\">\n<div class=\"flex w-full flex-col gap-1 empty:hidden first:pt-[1px]\">\n<div class=\"markdown prose dark:prose-invert w-full wrap-break-word dark markdown-new-styling\">\n<p data-start=\"1034\" data-end=\"1069\"><strong data-start=\"1034\" data-end=\"1067\">Lacritears Augentropfen 15 ml<\/strong><\/p>\n<p data-start=\"1071\" data-end=\"2000\" data-is-last-node=\"\" data-is-only-node=\"\"><strong data-start=\"1071\" data-end=\"1092\">Darreichungsform:<\/strong> Augentropfen<br data-start=\"1105\" data-end=\"1108\" \/><strong data-start=\"1108\" data-end=\"1123\">Wirkst\u00e4rke:<\/strong> Nicht angegeben (enth\u00e4lt Natriumhyaluronat 0,15 %)<br data-start=\"1174\" data-end=\"1177\" \/><strong data-start=\"1177\" data-end=\"1194\">Indikationen:<\/strong> Linderung von trockenen Augen, Reizungen und Beschwerden infolge verminderter Tr\u00e4nenproduktion oder umweltbedingter Faktoren.<br data-start=\"1320\" data-end=\"1323\" \/><strong data-start=\"1323\" data-end=\"1337\" data-is-only-node=\"\">Anwendung:<\/strong> 1\u20132 Tropfen bei Bedarf in das\/die betroffene(n) Auge(n) eintropfen.<br data-start=\"1405\" data-end=\"1408\" \/><strong data-start=\"1408\" data-end=\"1433\">Anwendungsh\u00e4ufigkeit:<\/strong> \u00dcblicherweise 1\u20134-mal t\u00e4glich oder nach \u00e4rztlicher Anweisung.<br data-start=\"1495\" data-end=\"1498\" \/><strong data-start=\"1498\" data-end=\"1521\">Kontraindikationen:<\/strong> \u00dcberempfindlichkeit gegen Natriumhyaluronat oder einen der sonstigen Bestandteile der Formulierung.<br data-start=\"1621\" data-end=\"1624\" \/><strong data-start=\"1624\" data-end=\"1647\">Vorsichtsma\u00dfnahmen:<\/strong> Kontaktlinsen vor der Anwendung entfernen; mindestens 15 Minuten warten, bevor die Linsen wieder eingesetzt werden.<br data-start=\"1763\" data-end=\"1766\" \/><strong data-start=\"1766\" data-end=\"1785\">Nebenwirkungen:<\/strong> Vor\u00fcbergehende verschwommene Sicht, leichte Augenreizung, Stechen oder Brennen. Selten allergische Reaktionen.<br data-start=\"1896\" data-end=\"1899\" \/><strong data-start=\"1899\" data-end=\"1912\">Lagerung:<\/strong> Bei Raumtemperatur lagern, vor Licht sch\u00fctzen und die Flasche fest verschlossen halten.<\/p>\n<\/div>\n<\/div>\n<\/div>\n<\/div>\n<div class=\"z-0 flex min-h-[46px] justify-start\"><\/div>\n<div class=\"mt-3 w-full empty:hidden\">\n<div class=\"text-center\"><\/div>\n<\/div>\n<\/div>\n<\/div>\n<\/article>\n<\/div>\n<div class=\"pointer-events-none h-px w-px absolute bottom-0\" aria-hidden=\"true\" data-edge=\"true\"><\/div>\n<\/div>\n<\/div>\n<\/div>\n<\/div>\n<\/div>\n<\/div>\n<\/article>\n<div id=\"gtx-trans\" style=\"position: absolute; left: 174px; top: -17px;\">\n<div class=\"gtx-trans-icon\"><\/div>\n<\/div>\n","protected":false},"excerpt":{"rendered":"<p>Lacritears Augentropfen 15 ml Darreichungsform: AugentropfenWirkst\u00e4rke: Nicht angegeben (enth\u00e4lt Natriumhyaluronat 0,15 %)Indikationen: Linderung von trockenen Augen, Reizungen und Beschwerden infolge verminderter Tr\u00e4nenproduktion oder umweltbedingter Faktoren.Anwendung: 1\u20132 Tropfen bei Bedarf in das\/die betroffene(n) Auge(n) eintropfen.Anwendungsh\u00e4ufigkeit: \u00dcblicherweise 1\u20134-mal t\u00e4glich oder nach \u00e4rztlicher Anweisung.Kontraindikationen: \u00dcberempfindlichkeit gegen Natriumhyaluronat oder einen der sonstigen Bestandteile der Formulierung.Vorsichtsma\u00dfnahmen: Kontaktlinsen vor der Anwendung&#8230;<\/p>\n","protected":false},"featured_media":10315,"comment_status":"open","ping_status":"closed","template":"","meta":{"rs_blank_template":"","rs_page_bg_color":"","slide_template_v7":"","_bst_post_transparent":"default","_bst_post_title":"","_bst_post_layout":"default","_bst_post_sidebar_id":"","_bst_post_content_style":"default","_bst_post_vertical_padding":"default","_bst_post_feature":"","_bst_post_feature_position":"","_bst_post_header":false,"_bst_post_footer":false},"product_brand":[],"product_cat":[237,371,217,269],"product_tag":[],"product_brands":[],"class_list":{"0":"post-10316","1":"product","2":"type-product","3":"status-publish","4":"has-post-thumbnail","6":"product_cat-eye-ear-medications","7":"product_cat-eye-drops","8":"product_cat-medicines","9":"product_cat-dry-eye","11":"first","12":"instock","13":"shipping-taxable","14":"purchasable","15":"product-type-simple","16":"entry","17":"content-bg","18":"loop-entry"},"_links":{"self":[{"href":"https:\/\/nawarpharmacy.com\/de\/wp-json\/wp\/v2\/product\/10316","targetHints":{"allow":["GET"]}}],"collection":[{"href":"https:\/\/nawarpharmacy.com\/de\/wp-json\/wp\/v2\/product"}],"about":[{"href":"https:\/\/nawarpharmacy.com\/de\/wp-json\/wp\/v2\/types\/product"}],"replies":[{"embeddable":true,"href":"https:\/\/nawarpharmacy.com\/de\/wp-json\/wp\/v2\/comments?post=10316"}],"wp:featuredmedia":[{"embeddable":true,"href":"https:\/\/nawarpharmacy.com\/de\/wp-json\/wp\/v2\/media\/10315"}],"wp:attachment":[{"href":"https:\/\/nawarpharmacy.com\/de\/wp-json\/wp\/v2\/media?parent=10316"}],"wp:term":[{"taxonomy":"product_brand","embeddable":true,"href":"https:\/\/nawarpharmacy.com\/de\/wp-json\/wp\/v2\/product_brand?post=10316"},{"taxonomy":"product_cat","embeddable":true,"href":"https:\/\/nawarpharmacy.com\/de\/wp-json\/wp\/v2\/product_cat?post=10316"},{"taxonomy":"product_tag","embeddable":true,"href":"https:\/\/nawarpharmacy.com\/de\/wp-json\/wp\/v2\/product_tag?post=10316"},{"taxonomy":"product_brands","embeddable":true,"href":"https:\/\/nawarpharmacy.com\/de\/wp-json\/wp\/v2\/product_brands?post=10316"}],"curies":[{"name":"wp","href":"https:\/\/api.w.org\/{rel}","templated":true}]}}