{"id":10307,"date":"2025-11-20T23:06:25","date_gmt":"2025-11-20T23:06:25","guid":{"rendered":"https:\/\/nawarpharmacy.com\/?post_type=product&#038;p=10307"},"modified":"2026-02-26T21:02:23","modified_gmt":"2026-02-26T21:02:23","slug":"lubrivisc-0-1-eye-drops-10-ml","status":"publish","type":"product","link":"https:\/\/nawarpharmacy.com\/de\/produkt\/lubrivisc-0-1-eye-drops-10-ml\/","title":{"rendered":"Lubrivisc 0,1% Augentropfen 10 ml"},"content":{"rendered":"<article class=\"text-token-text-primary w-full focus:outline-none [--shadow-height:45px] has-data-writing-block:pointer-events-none has-data-writing-block:-mt-(--shadow-height) has-data-writing-block:pt-(--shadow-height) [&amp;:has([data-writing-block])&gt;*]:pointer-events-auto [content-visibility:auto] supports-[content-visibility:auto]:[contain-intrinsic-size:auto_100lvh] scroll-mt-[calc(var(--header-height)+min(200px,max(70px,20svh)))]\" dir=\"auto\" data-turn-id=\"request-WEB:0b0efbeb-8c14-4442-a864-23c8b5e3b1ce-2\" data-testid=\"conversation-turn-6\" data-scroll-anchor=\"true\" data-turn=\"assistant\">\n<div class=\"text-base my-auto mx-auto pb-10 [--thread-content-margin:--spacing(4)] thread-sm:[--thread-content-margin:--spacing(6)] thread-lg:[--thread-content-margin:--spacing(16)] px-(--thread-content-margin)\">\n<div class=\"[--thread-content-max-width:40rem] thread-lg:[--thread-content-max-width:48rem] mx-auto max-w-(--thread-content-max-width) flex-1 group\/turn-messages focus-visible:outline-hidden relative flex w-full min-w-0 flex-col agent-turn\">\n<div class=\"flex max-w-full flex-col grow\">\n<div class=\"min-h-8 text-message relative flex w-full flex-col items-end gap-2 text-start break-words whitespace-normal [.text-message+&amp;]:mt-1\" dir=\"auto\" data-message-author-role=\"assistant\" data-message-id=\"68ae494b-2c94-4d3a-9da6-ac1d8e889b23\" data-message-model-slug=\"gpt-5-mini\">\n<div class=\"flex w-full flex-col gap-1 empty:hidden first:pt-[1px]\">\n<div class=\"markdown prose dark:prose-invert w-full break-words light markdown-new-styling\">\n<div class=\"flex flex-col text-sm pb-25\">\n<article class=\"text-token-text-primary w-full focus:outline-none [--shadow-height:45px] has-data-writing-block:pointer-events-none has-data-writing-block:-mt-(--shadow-height) has-data-writing-block:pt-(--shadow-height) [&amp;:has([data-writing-block])&gt;*]:pointer-events-auto scroll-mt-[calc(var(--header-height)+min(200px,max(70px,20svh)))]\" dir=\"auto\" tabindex=\"-1\" data-turn-id=\"request-WEB:1fb551c8-723f-4635-af76-1761af7fc3f6-2\" data-testid=\"conversation-turn-6\" data-scroll-anchor=\"true\" data-turn=\"assistant\">\n<div class=\"text-base my-auto mx-auto pb-10 [--thread-content-margin:--spacing(4)] @w-sm\/main:[--thread-content-margin:--spacing(6)] @w-lg\/main:[--thread-content-margin:--spacing(16)] px-(--thread-content-margin)\">\n<div class=\"[--thread-content-max-width:40rem] @w-lg\/main:[--thread-content-max-width:48rem] mx-auto max-w-(--thread-content-max-width) flex-1 group\/turn-messages focus-visible:outline-hidden relative flex w-full min-w-0 flex-col agent-turn\" tabindex=\"-1\">\n<div class=\"flex max-w-full flex-col grow\">\n<div class=\"min-h-8 text-message relative flex w-full flex-col items-end gap-2 text-start break-words whitespace-normal [.text-message+&amp;]:mt-1\" dir=\"auto\" data-message-author-role=\"assistant\" data-message-id=\"ccde634b-c1cd-4bd5-9dac-e8458959f34d\" data-message-model-slug=\"gpt-5-2\">\n<div class=\"flex w-full flex-col gap-1 empty:hidden first:pt-[1px]\">\n<div class=\"markdown prose dark:prose-invert w-full wrap-break-word dark markdown-new-styling\">\n<div class=\"flex flex-col text-sm pb-25\">\n<article class=\"text-token-text-primary w-full focus:outline-none [--shadow-height:45px] has-data-writing-block:pointer-events-none has-data-writing-block:-mt-(--shadow-height) has-data-writing-block:pt-(--shadow-height) [&amp;:has([data-writing-block])&gt;*]:pointer-events-auto scroll-mt-[calc(var(--header-height)+min(200px,max(70px,20svh)))]\" dir=\"auto\" tabindex=\"-1\" data-turn-id=\"request-WEB:1fb551c8-723f-4635-af76-1761af7fc3f6-5\" data-testid=\"conversation-turn-12\" data-scroll-anchor=\"true\" data-turn=\"assistant\">\n<div class=\"text-base my-auto mx-auto pb-10 [--thread-content-margin:--spacing(4)] @w-sm\/main:[--thread-content-margin:--spacing(6)] @w-lg\/main:[--thread-content-margin:--spacing(16)] px-(--thread-content-margin)\">\n<div class=\"[--thread-content-max-width:40rem] @w-lg\/main:[--thread-content-max-width:48rem] mx-auto max-w-(--thread-content-max-width) flex-1 group\/turn-messages focus-visible:outline-hidden relative flex w-full min-w-0 flex-col agent-turn\" tabindex=\"-1\">\n<div class=\"flex max-w-full flex-col grow\">\n<div class=\"min-h-8 text-message relative flex w-full flex-col items-end gap-2 text-start break-words whitespace-normal [.text-message+&amp;]:mt-1\" dir=\"auto\" data-message-author-role=\"assistant\" data-message-id=\"5ee8d6bf-41ce-4080-9df5-8413109151eb\" data-message-model-slug=\"gpt-5-2\">\n<div class=\"flex w-full flex-col gap-1 empty:hidden first:pt-[1px]\">\n<div class=\"markdown prose dark:prose-invert w-full wrap-break-word dark markdown-new-styling\">\n<p data-start=\"986\" data-end=\"1025\"><strong data-start=\"986\" data-end=\"1023\">Lubrivisc 0,1% Augentropfen 10 ml<\/strong><\/p>\n<p data-start=\"1027\" data-end=\"1898\" data-is-last-node=\"\" data-is-only-node=\"\"><strong data-start=\"1027\" data-end=\"1048\">Darreichungsform:<\/strong> Augentropfen<br data-start=\"1061\" data-end=\"1064\" \/><strong data-start=\"1064\" data-end=\"1079\">Wirkst\u00e4rke:<\/strong> 0,1 %<br data-start=\"1085\" data-end=\"1088\" \/><strong data-start=\"1088\" data-end=\"1105\">Indikationen:<\/strong> Linderung von trockenen Augen, Reizungen und Beschwerden infolge verminderter Tr\u00e4nenproduktion oder umweltbedingter Faktoren.<br data-start=\"1231\" data-end=\"1234\" \/><strong data-start=\"1234\" data-end=\"1248\" data-is-only-node=\"\">Anwendung:<\/strong> 1\u20132 Tropfen bei Bedarf in das\/die betroffene(n) Auge(n) eintropfen.<br data-start=\"1316\" data-end=\"1319\" \/><strong data-start=\"1319\" data-end=\"1344\">Anwendungsh\u00e4ufigkeit:<\/strong> \u00dcblicherweise 1\u20134-mal t\u00e4glich oder nach \u00e4rztlicher Anweisung.<br data-start=\"1406\" data-end=\"1409\" \/><strong data-start=\"1409\" data-end=\"1432\">Kontraindikationen:<\/strong> \u00dcberempfindlichkeit gegen Hyalurons\u00e4ure oder einen der sonstigen Bestandteile der Formulierung.<br data-start=\"1528\" data-end=\"1531\" \/><strong data-start=\"1531\" data-end=\"1554\">Vorsichtsma\u00dfnahmen:<\/strong> Kontaktlinsen vor der Anwendung entfernen; mindestens 15 Minuten warten, bevor die Linsen wieder eingesetzt werden.<br data-start=\"1670\" data-end=\"1673\" \/><strong data-start=\"1673\" data-end=\"1692\">Nebenwirkungen:<\/strong> Vor\u00fcbergehende verschwommene Sicht, leichte Augenreizung oder Brennen. Selten allergische Reaktionen.<br data-start=\"1794\" data-end=\"1797\" \/><strong data-start=\"1797\" data-end=\"1810\">Lagerung:<\/strong> Bei Raumtemperatur lagern, vor Licht sch\u00fctzen und die Flasche fest verschlossen halten.<\/p>\n<\/div>\n<\/div>\n<\/div>\n<\/div>\n<div class=\"z-0 flex min-h-[46px] justify-start\"><\/div>\n<div class=\"mt-3 w-full empty:hidden\">\n<div class=\"text-center\"><\/div>\n<\/div>\n<\/div>\n<\/div>\n<\/article>\n<\/div>\n<div class=\"pointer-events-none h-px w-px absolute bottom-0\" aria-hidden=\"true\" data-edge=\"true\"><\/div>\n<\/div>\n<\/div>\n<\/div>\n<\/div>\n<\/div>\n<\/div>\n<\/article>\n<\/div>\n<\/div>\n<\/div>\n<\/div>\n<\/div>\n<\/div>\n<\/div>\n<\/article>\n<div id=\"gtx-trans\" style=\"position: absolute; left: 198px; top: -17px;\">\n<div class=\"gtx-trans-icon\"><\/div>\n<\/div>\n","protected":false},"excerpt":{"rendered":"<p>Lubrivisc 0,1% Augentropfen 10 ml Darreichungsform: AugentropfenWirkst\u00e4rke: 0,1 %Indikationen: Linderung von trockenen Augen, Reizungen und Beschwerden infolge verminderter Tr\u00e4nenproduktion oder umweltbedingter Faktoren.Anwendung: 1\u20132 Tropfen bei Bedarf in das\/die betroffene(n) Auge(n) eintropfen.Anwendungsh\u00e4ufigkeit: \u00dcblicherweise 1\u20134-mal t\u00e4glich oder nach \u00e4rztlicher Anweisung.Kontraindikationen: \u00dcberempfindlichkeit gegen Hyalurons\u00e4ure oder einen der sonstigen Bestandteile der Formulierung.Vorsichtsma\u00dfnahmen: Kontaktlinsen vor der Anwendung entfernen; mindestens 15&#8230;<\/p>\n","protected":false},"featured_media":10306,"comment_status":"open","ping_status":"closed","template":"","meta":{"rs_blank_template":"","rs_page_bg_color":"","slide_template_v7":"","_bst_post_transparent":"default","_bst_post_title":"","_bst_post_layout":"default","_bst_post_sidebar_id":"","_bst_post_content_style":"default","_bst_post_vertical_padding":"default","_bst_post_feature":"","_bst_post_feature_position":"","_bst_post_header":false,"_bst_post_footer":false},"product_brand":[],"product_cat":[237,371,217,269],"product_tag":[],"product_brands":[],"class_list":{"0":"post-10307","1":"product","2":"type-product","3":"status-publish","4":"has-post-thumbnail","6":"product_cat-eye-ear-medications","7":"product_cat-eye-drops","8":"product_cat-medicines","9":"product_cat-dry-eye","11":"first","12":"instock","13":"shipping-taxable","14":"purchasable","15":"product-type-simple","16":"entry","17":"content-bg","18":"loop-entry"},"_links":{"self":[{"href":"https:\/\/nawarpharmacy.com\/de\/wp-json\/wp\/v2\/product\/10307","targetHints":{"allow":["GET"]}}],"collection":[{"href":"https:\/\/nawarpharmacy.com\/de\/wp-json\/wp\/v2\/product"}],"about":[{"href":"https:\/\/nawarpharmacy.com\/de\/wp-json\/wp\/v2\/types\/product"}],"replies":[{"embeddable":true,"href":"https:\/\/nawarpharmacy.com\/de\/wp-json\/wp\/v2\/comments?post=10307"}],"wp:featuredmedia":[{"embeddable":true,"href":"https:\/\/nawarpharmacy.com\/de\/wp-json\/wp\/v2\/media\/10306"}],"wp:attachment":[{"href":"https:\/\/nawarpharmacy.com\/de\/wp-json\/wp\/v2\/media?parent=10307"}],"wp:term":[{"taxonomy":"product_brand","embeddable":true,"href":"https:\/\/nawarpharmacy.com\/de\/wp-json\/wp\/v2\/product_brand?post=10307"},{"taxonomy":"product_cat","embeddable":true,"href":"https:\/\/nawarpharmacy.com\/de\/wp-json\/wp\/v2\/product_cat?post=10307"},{"taxonomy":"product_tag","embeddable":true,"href":"https:\/\/nawarpharmacy.com\/de\/wp-json\/wp\/v2\/product_tag?post=10307"},{"taxonomy":"product_brands","embeddable":true,"href":"https:\/\/nawarpharmacy.com\/de\/wp-json\/wp\/v2\/product_brands?post=10307"}],"curies":[{"name":"wp","href":"https:\/\/api.w.org\/{rel}","templated":true}]}}