{"id":10284,"date":"2025-11-20T23:12:56","date_gmt":"2025-11-20T23:12:56","guid":{"rendered":"https:\/\/nawarpharmacy.com\/?post_type=product&#038;p=10284"},"modified":"2026-02-23T19:23:58","modified_gmt":"2026-02-23T19:23:58","slug":"linex-baby-oral-drops-8ml","status":"publish","type":"product","link":"https:\/\/nawarpharmacy.com\/de\/produkt\/linex-baby-oral-drops-8ml\/","title":{"rendered":"Linex Baby Tropfen zum Einnehmen 8 ml"},"content":{"rendered":"<p data-start=\"1410\" data-end=\"1451\"><strong data-start=\"1410\" data-end=\"1451\">Linex Baby Tropfen zum Einnehmen 8 ml<\/strong><\/p>\n<h3 data-start=\"1453\" data-end=\"1469\">Wirkstoffe<\/h3>\n<ul data-start=\"1471\" data-end=\"1594\">\n<li data-start=\"1471\" data-end=\"1514\">\n<p data-start=\"1473\" data-end=\"1514\">Lactobacillus rhamnosus GG 1\u00d710\u2079 KBE\/ml<\/p>\n<\/li>\n<li data-start=\"1515\" data-end=\"1556\">\n<p data-start=\"1517\" data-end=\"1556\">Bifidobacterium infantis 1\u00d710\u2079 KBE\/ml<\/p>\n<\/li>\n<li data-start=\"1557\" data-end=\"1594\">\n<p data-start=\"1559\" data-end=\"1594\">Enterococcus faecium 1\u00d710\u2079 KBE\/ml<\/p>\n<\/li>\n<\/ul>\n<h3 data-start=\"1596\" data-end=\"1614\">Indikationen<\/h3>\n<p data-start=\"1615\" data-end=\"1629\">Anwendung bei:<\/p>\n<ul data-start=\"1631\" data-end=\"1843\">\n<li data-start=\"1631\" data-end=\"1688\">\n<p data-start=\"1633\" data-end=\"1688\">Unterst\u00fctzung einer gesunden Darmflora bei S\u00e4uglingen<\/p>\n<\/li>\n<li data-start=\"1689\" data-end=\"1782\">\n<p data-start=\"1691\" data-end=\"1782\">Pr\u00e4vention und Behandlung von Durchfall, einschlie\u00dflich antibiotikaassoziiertem Durchfall<\/p>\n<\/li>\n<li data-start=\"1783\" data-end=\"1843\">\n<p data-start=\"1785\" data-end=\"1843\">Linderung von Koliken und gastrointestinalen Beschwerden<\/p>\n<\/li>\n<\/ul>\n<h3 data-start=\"1845\" data-end=\"1860\">Dosierung<\/h3>\n<p data-start=\"1862\" data-end=\"1872\">S\u00e4uglinge:<\/p>\n<ul data-start=\"1874\" data-end=\"2068\">\n<li data-start=\"1874\" data-end=\"1945\">\n<p data-start=\"1876\" data-end=\"1945\">5 Tropfen (\u22480,25 ml) 1\u20132-mal t\u00e4glich oder nach \u00e4rztlicher Anweisung<\/p>\n<\/li>\n<li data-start=\"1946\" data-end=\"2068\">\n<p data-start=\"1948\" data-end=\"2068\">Kann direkt in den Mund gegeben oder mit einer kleinen Menge Muttermilch, S\u00e4uglingsnahrung oder Wasser gemischt werden<\/p>\n<\/li>\n<\/ul>\n<h3 data-start=\"2070\" data-end=\"2089\">Gegenanzeigen<\/h3>\n<ul data-start=\"2091\" data-end=\"2228\">\n<li data-start=\"2091\" data-end=\"2160\">\n<p data-start=\"2093\" data-end=\"2160\">\u00dcberempfindlichkeit gegen einen der Bestandteile der Formulierung<\/p>\n<\/li>\n<li data-start=\"2161\" data-end=\"2228\">\n<p data-start=\"2163\" data-end=\"2228\">Schwere Immundefizienz (nur unter \u00e4rztlicher Aufsicht anwenden)<\/p>\n<\/li>\n<\/ul>\n<h3 data-start=\"2230\" data-end=\"2250\">Nebenwirkungen<\/h3>\n<ul data-start=\"2252\" data-end=\"2350\">\n<li data-start=\"2252\" data-end=\"2317\">\n<p data-start=\"2254\" data-end=\"2317\">Leichte gastrointestinale Beschwerden (Bl\u00e4hungen, Gasbildung)<\/p>\n<\/li>\n<li data-start=\"2318\" data-end=\"2350\">\n<p data-start=\"2320\" data-end=\"2350\">Selten: allergische Reaktion<\/p>\n<\/li>\n<\/ul>\n<h3 data-start=\"2352\" data-end=\"2374\">Wechselwirkungen<\/h3>\n<ul data-start=\"2376\" data-end=\"2522\">\n<li data-start=\"2376\" data-end=\"2522\">\n<p data-start=\"2378\" data-end=\"2522\">Keine bekannten signifikanten Wechselwirkungen; kann zusammen mit Antibiotika verabreicht werden, vorzugsweise mit einem Abstand von 2 Stunden<\/p>\n<\/li>\n<\/ul>\n<h3 data-start=\"2524\" data-end=\"2538\">Lagerung<\/h3>\n<p data-start=\"2540\" data-end=\"2661\" data-is-last-node=\"\" data-is-only-node=\"\">Bei Raumtemperatur oder gem\u00e4\u00df Packungsangabe lagern.<br data-start=\"2592\" data-end=\"2595\" \/>Flasche fest verschlossen und f\u00fcr Kinder unzug\u00e4nglich aufbewahren.<\/p>\n","protected":false},"excerpt":{"rendered":"<p>Linex Baby Tropfen zum Einnehmen 8 ml Wirkstoffe Lactobacillus rhamnosus GG 1\u00d710\u2079 KBE\/ml Bifidobacterium infantis 1\u00d710\u2079 KBE\/ml Enterococcus faecium 1\u00d710\u2079 KBE\/ml Indikationen Anwendung bei: Unterst\u00fctzung einer gesunden Darmflora bei S\u00e4uglingen Pr\u00e4vention und Behandlung von Durchfall, einschlie\u00dflich antibiotikaassoziiertem Durchfall Linderung von Koliken und gastrointestinalen Beschwerden Dosierung S\u00e4uglinge: 5 Tropfen (\u22480,25 ml) 1\u20132-mal t\u00e4glich oder nach \u00e4rztlicher&#8230;<\/p>\n","protected":false},"featured_media":10283,"comment_status":"open","ping_status":"closed","template":"","meta":{"rs_blank_template":"","rs_page_bg_color":"","slide_template_v7":"","_bst_post_transparent":"default","_bst_post_title":"","_bst_post_layout":"default","_bst_post_sidebar_id":"","_bst_post_content_style":"default","_bst_post_vertical_padding":"default","_bst_post_feature":"","_bst_post_feature_position":"","_bst_post_header":false,"_bst_post_footer":false},"product_brand":[],"product_cat":[351,217,361,233,271,305],"product_tag":[],"product_brands":[],"class_list":{"0":"post-10284","1":"product","2":"type-product","3":"status-publish","4":"has-post-thumbnail","6":"product_cat-medical-forms","7":"product_cat-medicines","8":"product_cat-oral-drops","9":"product_cat-probiotics-gut-health","10":"product_cat-immunity-support","11":"product_cat-babychild-vitamins","13":"first","14":"instock","15":"shipping-taxable","16":"purchasable","17":"product-type-simple","18":"entry","19":"content-bg","20":"loop-entry"},"_links":{"self":[{"href":"https:\/\/nawarpharmacy.com\/de\/wp-json\/wp\/v2\/product\/10284","targetHints":{"allow":["GET"]}}],"collection":[{"href":"https:\/\/nawarpharmacy.com\/de\/wp-json\/wp\/v2\/product"}],"about":[{"href":"https:\/\/nawarpharmacy.com\/de\/wp-json\/wp\/v2\/types\/product"}],"replies":[{"embeddable":true,"href":"https:\/\/nawarpharmacy.com\/de\/wp-json\/wp\/v2\/comments?post=10284"}],"wp:featuredmedia":[{"embeddable":true,"href":"https:\/\/nawarpharmacy.com\/de\/wp-json\/wp\/v2\/media\/10283"}],"wp:attachment":[{"href":"https:\/\/nawarpharmacy.com\/de\/wp-json\/wp\/v2\/media?parent=10284"}],"wp:term":[{"taxonomy":"product_brand","embeddable":true,"href":"https:\/\/nawarpharmacy.com\/de\/wp-json\/wp\/v2\/product_brand?post=10284"},{"taxonomy":"product_cat","embeddable":true,"href":"https:\/\/nawarpharmacy.com\/de\/wp-json\/wp\/v2\/product_cat?post=10284"},{"taxonomy":"product_tag","embeddable":true,"href":"https:\/\/nawarpharmacy.com\/de\/wp-json\/wp\/v2\/product_tag?post=10284"},{"taxonomy":"product_brands","embeddable":true,"href":"https:\/\/nawarpharmacy.com\/de\/wp-json\/wp\/v2\/product_brands?post=10284"}],"curies":[{"name":"wp","href":"https:\/\/api.w.org\/{rel}","templated":true}]}}