{"id":10276,"date":"2025-11-20T23:15:40","date_gmt":"2025-11-20T23:15:40","guid":{"rendered":"https:\/\/nawarpharmacy.com\/?post_type=product&#038;p=10276"},"modified":"2026-02-23T19:21:44","modified_gmt":"2026-02-23T19:21:44","slug":"mdicorval-100mcg6mcg-120-doses","status":"publish","type":"product","link":"https:\/\/nawarpharmacy.com\/de\/produkt\/mdicorval-100mcg6mcg-120-doses\/","title":{"rendered":"Mdicorval 100 \u00b5g\/6 \u00b5g Inhalator 120 Dosen"},"content":{"rendered":"<article class=\"text-token-text-primary w-full focus:outline-none [--shadow-height:45px] has-data-writing-block:pointer-events-none has-data-writing-block:-mt-(--shadow-height) has-data-writing-block:pt-(--shadow-height) [&amp;:has([data-writing-block])&gt;*]:pointer-events-auto [content-visibility:auto] supports-[content-visibility:auto]:[contain-intrinsic-size:auto_100lvh] scroll-mt-[calc(var(--header-height)+min(200px,max(70px,20svh)))]\" dir=\"auto\" data-turn-id=\"request-691b06b7-6218-832d-8a14-33a40741db89-46\" data-testid=\"conversation-turn-348\" data-scroll-anchor=\"true\" data-turn=\"assistant\">\n<div class=\"text-base my-auto mx-auto pb-10 [--thread-content-margin:--spacing(4)] thread-sm:[--thread-content-margin:--spacing(6)] thread-lg:[--thread-content-margin:--spacing(16)] px-(--thread-content-margin)\">\n<div class=\"[--thread-content-max-width:40rem] thread-lg:[--thread-content-max-width:48rem] mx-auto max-w-(--thread-content-max-width) flex-1 group\/turn-messages focus-visible:outline-hidden relative flex w-full min-w-0 flex-col agent-turn\">\n<div class=\"flex max-w-full flex-col grow\">\n<div class=\"min-h-8 text-message relative flex w-full flex-col items-end gap-2 text-start break-words whitespace-normal [.text-message+&amp;]:mt-1\" dir=\"auto\" data-message-author-role=\"assistant\" data-message-id=\"8a41d4a6-331a-48c0-865d-c8fb66183681\" data-message-model-slug=\"gpt-5-mini\">\n<div class=\"flex w-full flex-col gap-1 empty:hidden first:pt-[1px]\">\n<div class=\"markdown prose dark:prose-invert w-full break-words light markdown-new-styling\">\n<p data-start=\"1707\" data-end=\"1752\"><strong data-start=\"1707\" data-end=\"1752\">Mdicorval 100 \u00b5g\/6 \u00b5g Inhalator 120 Dosen<\/strong><\/p>\n<h3 data-start=\"1754\" data-end=\"1770\">Wirkstoffe<\/h3>\n<ul data-start=\"1772\" data-end=\"1849\">\n<li data-start=\"1772\" data-end=\"1807\">\n<p data-start=\"1774\" data-end=\"1807\">Budesonid 100 \u00b5g pro Inhalation<\/p>\n<\/li>\n<li data-start=\"1808\" data-end=\"1849\">\n<p data-start=\"1810\" data-end=\"1849\">Formoterolfumarat 6 \u00b5g pro Inhalation<\/p>\n<\/li>\n<\/ul>\n<h3 data-start=\"1851\" data-end=\"1869\">Indikationen<\/h3>\n<p data-start=\"1870\" data-end=\"1884\">Anwendung bei:<\/p>\n<ul data-start=\"1886\" data-end=\"2091\">\n<li data-start=\"1886\" data-end=\"1947\">\n<p data-start=\"1888\" data-end=\"1947\">Erhaltungstherapie von Asthma bei Erwachsenen und Kindern<\/p>\n<\/li>\n<li data-start=\"1948\" data-end=\"2037\">\n<p data-start=\"1950\" data-end=\"2037\">Behandlung der chronisch obstruktiven Lungenerkrankung (COPD) mit Atemflussbegrenzung<\/p>\n<\/li>\n<li data-start=\"2038\" data-end=\"2091\">\n<p data-start=\"2040\" data-end=\"2091\">Vorbeugung von Asthmasymptomen und Exazerbationen<\/p>\n<\/li>\n<\/ul>\n<h3 data-start=\"2093\" data-end=\"2108\">Dosierung<\/h3>\n<p data-start=\"2110\" data-end=\"2146\">Erwachsene und Kinder \u00fcber 12 Jahre:<\/p>\n<ul data-start=\"2148\" data-end=\"2347\">\n<li data-start=\"2148\" data-end=\"2211\">\n<p data-start=\"2150\" data-end=\"2211\">1 Inhalation zweimal t\u00e4glich oder nach \u00e4rztlicher Anweisung<\/p>\n<\/li>\n<li data-start=\"2212\" data-end=\"2252\">\n<p data-start=\"2214\" data-end=\"2252\">Inhalator vor Gebrauch gut sch\u00fctteln<\/p>\n<\/li>\n<li data-start=\"2253\" data-end=\"2347\">\n<p data-start=\"2255\" data-end=\"2347\">Nach der Inhalation den Mund aussp\u00fclen, um das Risiko einer oralen Candidose zu verringern<\/p>\n<\/li>\n<\/ul>\n<p data-start=\"2349\" data-end=\"2367\">Kinder 6\u201311 Jahre:<\/p>\n<ul data-start=\"2369\" data-end=\"2440\">\n<li data-start=\"2369\" data-end=\"2440\">\n<p data-start=\"2371\" data-end=\"2440\">Nur unter \u00e4rztlicher Aufsicht anwenden; Dosis individuell festlegen<\/p>\n<\/li>\n<\/ul>\n<h3 data-start=\"2442\" data-end=\"2461\">Gegenanzeigen<\/h3>\n<ul data-start=\"2463\" data-end=\"2651\">\n<li data-start=\"2463\" data-end=\"2564\">\n<p data-start=\"2465\" data-end=\"2564\">\u00dcberempfindlichkeit gegen Budesonid, Formoterol oder einen sonstigen Bestandteil der Formulierung<\/p>\n<\/li>\n<li data-start=\"2565\" data-end=\"2651\">\n<p data-start=\"2567\" data-end=\"2651\">Akuter Asthmaanfall oder Status asthmaticus (nicht zur Notfallbehandlung geeignet)<\/p>\n<\/li>\n<\/ul>\n<h3 data-start=\"2653\" data-end=\"2673\">Nebenwirkungen<\/h3>\n<ul data-start=\"2675\" data-end=\"2815\">\n<li data-start=\"2675\" data-end=\"2694\">\n<p data-start=\"2677\" data-end=\"2694\">Orale Candidose<\/p>\n<\/li>\n<li data-start=\"2695\" data-end=\"2728\">\n<p data-start=\"2697\" data-end=\"2728\">Heiserkeit oder Rachenreizung<\/p>\n<\/li>\n<li data-start=\"2729\" data-end=\"2752\">\n<p data-start=\"2731\" data-end=\"2752\">Tremor, Herzklopfen<\/p>\n<\/li>\n<li data-start=\"2753\" data-end=\"2815\">\n<p data-start=\"2755\" data-end=\"2815\">Selten: allergische Reaktion oder paradoxer Bronchospasmus<\/p>\n<\/li>\n<\/ul>\n<h3 data-start=\"2817\" data-end=\"2839\">Wechselwirkungen<\/h3>\n<ul data-start=\"2841\" data-end=\"3034\">\n<li data-start=\"2841\" data-end=\"2926\">\n<p data-start=\"2843\" data-end=\"2926\">Vorsicht bei gleichzeitiger Anwendung anderer Kortikosteroide oder Beta-Agonisten<\/p>\n<\/li>\n<li data-start=\"2927\" data-end=\"3034\">\n<p data-start=\"2929\" data-end=\"3034\">\u00dcberwachung bei gleichzeitiger Einnahme von Arzneimitteln, die Herzrhythmus oder Blutdruck beeinflussen<\/p>\n<\/li>\n<\/ul>\n<h3 data-start=\"3036\" data-end=\"3050\">Lagerung<\/h3>\n<p data-start=\"3052\" data-end=\"3185\" data-is-last-node=\"\" data-is-only-node=\"\">Bei Raumtemperatur lagern, vor Hitze und Sonnenlicht sch\u00fctzen.<br data-start=\"3114\" data-end=\"3117\" \/>Inhalator fest verschlossen und f\u00fcr Kinder unzug\u00e4nglich aufbewahren.<\/p>\n<\/div>\n<\/div>\n<\/div>\n<\/div>\n<\/div>\n<\/div>\n<\/article>\n","protected":false},"excerpt":{"rendered":"<p>Mdicorval 100 \u00b5g\/6 \u00b5g Inhalator 120 Dosen Wirkstoffe Budesonid 100 \u00b5g pro Inhalation Formoterolfumarat 6 \u00b5g pro Inhalation Indikationen Anwendung bei: Erhaltungstherapie von Asthma bei Erwachsenen und Kindern Behandlung der chronisch obstruktiven Lungenerkrankung (COPD) mit Atemflussbegrenzung Vorbeugung von Asthmasymptomen und Exazerbationen Dosierung Erwachsene und Kinder \u00fcber 12 Jahre: 1 Inhalation zweimal t\u00e4glich oder nach \u00e4rztlicher&#8230;<\/p>\n","protected":false},"featured_media":10275,"comment_status":"open","ping_status":"closed","template":"","meta":{"rs_blank_template":"","rs_page_bg_color":"","slide_template_v7":"","_bst_post_transparent":"default","_bst_post_title":"","_bst_post_layout":"default","_bst_post_sidebar_id":"","_bst_post_content_style":"default","_bst_post_vertical_padding":"default","_bst_post_feature":"","_bst_post_feature_position":"","_bst_post_header":false,"_bst_post_footer":false},"product_brand":[],"product_cat":[235,351,217],"product_tag":[],"product_brands":[],"class_list":{"0":"post-10276","1":"product","2":"type-product","3":"status-publish","4":"has-post-thumbnail","6":"product_cat-respiratory-asthma-treatments","7":"product_cat-medical-forms","8":"product_cat-medicines","10":"first","11":"instock","12":"shipping-taxable","13":"purchasable","14":"product-type-simple","15":"entry","16":"content-bg","17":"loop-entry"},"_links":{"self":[{"href":"https:\/\/nawarpharmacy.com\/de\/wp-json\/wp\/v2\/product\/10276","targetHints":{"allow":["GET"]}}],"collection":[{"href":"https:\/\/nawarpharmacy.com\/de\/wp-json\/wp\/v2\/product"}],"about":[{"href":"https:\/\/nawarpharmacy.com\/de\/wp-json\/wp\/v2\/types\/product"}],"replies":[{"embeddable":true,"href":"https:\/\/nawarpharmacy.com\/de\/wp-json\/wp\/v2\/comments?post=10276"}],"wp:featuredmedia":[{"embeddable":true,"href":"https:\/\/nawarpharmacy.com\/de\/wp-json\/wp\/v2\/media\/10275"}],"wp:attachment":[{"href":"https:\/\/nawarpharmacy.com\/de\/wp-json\/wp\/v2\/media?parent=10276"}],"wp:term":[{"taxonomy":"product_brand","embeddable":true,"href":"https:\/\/nawarpharmacy.com\/de\/wp-json\/wp\/v2\/product_brand?post=10276"},{"taxonomy":"product_cat","embeddable":true,"href":"https:\/\/nawarpharmacy.com\/de\/wp-json\/wp\/v2\/product_cat?post=10276"},{"taxonomy":"product_tag","embeddable":true,"href":"https:\/\/nawarpharmacy.com\/de\/wp-json\/wp\/v2\/product_tag?post=10276"},{"taxonomy":"product_brands","embeddable":true,"href":"https:\/\/nawarpharmacy.com\/de\/wp-json\/wp\/v2\/product_brands?post=10276"}],"curies":[{"name":"wp","href":"https:\/\/api.w.org\/{rel}","templated":true}]}}