{"id":10264,"date":"2025-11-20T23:19:11","date_gmt":"2025-11-20T23:19:11","guid":{"rendered":"https:\/\/nawarpharmacy.com\/?post_type=product&#038;p=10264"},"modified":"2026-02-23T19:18:08","modified_gmt":"2026-02-23T19:18:08","slug":"midodrine-1-oral-drops-10ml","status":"publish","type":"product","link":"https:\/\/nawarpharmacy.com\/de\/produkt\/midodrine-1-oral-drops-10ml\/","title":{"rendered":"Midodrin 1% Tropfen zum Einnehmen 10 ml"},"content":{"rendered":"<p data-start=\"1761\" data-end=\"1804\"><strong data-start=\"1761\" data-end=\"1804\">Midodrin 1% Tropfen zum Einnehmen 10 ml<\/strong><\/p>\n<h3 data-start=\"1806\" data-end=\"1822\">Wirkstoffe<\/h3>\n<p data-start=\"1823\" data-end=\"1852\">Midodrinhydrochlorid 1% w\/v<\/p>\n<h3 data-start=\"1854\" data-end=\"1872\">Indikationen<\/h3>\n<p data-start=\"1873\" data-end=\"1887\">Anwendung bei:<\/p>\n<ul data-start=\"1889\" data-end=\"2079\">\n<li data-start=\"1889\" data-end=\"1982\">\n<p data-start=\"1891\" data-end=\"1982\">Behandlung der symptomatischen orthostatischen Hypotonie (Blutdruckabfall beim Aufstehen)<\/p>\n<\/li>\n<li data-start=\"1983\" data-end=\"2079\">\n<p data-start=\"1985\" data-end=\"2079\">Behandlung von Schwindel, Ohnmacht oder Benommenheit im Zusammenhang mit niedrigem Blutdruck<\/p>\n<\/li>\n<\/ul>\n<h3 data-start=\"2081\" data-end=\"2096\">Dosierung<\/h3>\n<p data-start=\"2098\" data-end=\"2109\">Erwachsene:<\/p>\n<p data-start=\"2111\" data-end=\"2171\">Anfangsdosis: 2,5 mg (0,25 ml der 1% L\u00f6sung) 3-mal t\u00e4glich<\/p>\n<p data-start=\"2173\" data-end=\"2282\">Die Dosis kann je nach Ansprechen schrittweise erh\u00f6ht werden, bis zu maximal 10 mg pro Dosis, 3-mal t\u00e4glich<\/p>\n<p data-start=\"2284\" data-end=\"2375\">Einnahme kurz vor dem Schlafengehen vermeiden, um eine Hypertonie im Liegen zu verhindern<\/p>\n<p data-start=\"2377\" data-end=\"2384\">Kinder:<\/p>\n<p data-start=\"2386\" data-end=\"2455\">Nur unter \u00e4rztlicher Aufsicht anwenden; Dosis individuell festlegen<\/p>\n<h3 data-start=\"2457\" data-end=\"2476\">Gegenanzeigen<\/h3>\n<ul data-start=\"2478\" data-end=\"2712\">\n<li data-start=\"2478\" data-end=\"2584\">\n<p data-start=\"2480\" data-end=\"2584\">Schwere Herzerkrankungen, einschlie\u00dflich isch\u00e4mischer Herzkrankheit, Arrhythmien oder Herzinsuffizienz<\/p>\n<\/li>\n<li data-start=\"2585\" data-end=\"2607\">\n<p data-start=\"2587\" data-end=\"2607\">Schwere Hypertonie<\/p>\n<\/li>\n<li data-start=\"2608\" data-end=\"2623\">\n<p data-start=\"2610\" data-end=\"2623\">Harnverhalt<\/p>\n<\/li>\n<li data-start=\"2624\" data-end=\"2712\">\n<p data-start=\"2626\" data-end=\"2712\">\u00dcberempfindlichkeit gegen Midodrin oder einen sonstigen Bestandteil der Formulierung<\/p>\n<\/li>\n<\/ul>\n<h3 data-start=\"2714\" data-end=\"2734\">Nebenwirkungen<\/h3>\n<ul data-start=\"2736\" data-end=\"2864\">\n<li data-start=\"2736\" data-end=\"2764\">\n<p data-start=\"2738\" data-end=\"2764\">Piloerektion (G\u00e4nsehaut)<\/p>\n<\/li>\n<li data-start=\"2765\" data-end=\"2790\">\n<p data-start=\"2767\" data-end=\"2790\">Kribbeln der Kopfhaut<\/p>\n<\/li>\n<li data-start=\"2791\" data-end=\"2806\">\n<p data-start=\"2793\" data-end=\"2806\">Harnverhalt<\/p>\n<\/li>\n<li data-start=\"2807\" data-end=\"2831\">\n<p data-start=\"2809\" data-end=\"2831\">Hypertonie im Liegen<\/p>\n<\/li>\n<li data-start=\"2832\" data-end=\"2864\">\n<p data-start=\"2834\" data-end=\"2864\">Selten: allergische Reaktion<\/p>\n<\/li>\n<\/ul>\n<h3 data-start=\"2866\" data-end=\"2888\">Wechselwirkungen<\/h3>\n<ul data-start=\"2890\" data-end=\"3103\">\n<li data-start=\"2890\" data-end=\"2978\">\n<p data-start=\"2892\" data-end=\"2978\">Vorsicht bei gleichzeitiger Anwendung anderer Antihypertensiva oder Sympathomimetika<\/p>\n<\/li>\n<li data-start=\"2979\" data-end=\"3103\">\n<p data-start=\"2981\" data-end=\"3103\">Blutdruck regelm\u00e4\u00dfig \u00fcberwachen bei gleichzeitiger Einnahme von Arzneimitteln mit Einfluss auf das Herz-Kreislauf-System<\/p>\n<\/li>\n<\/ul>\n<h3 data-start=\"3105\" data-end=\"3119\">Lagerung<\/h3>\n<p data-start=\"3121\" data-end=\"3236\" data-is-last-node=\"\" data-is-only-node=\"\">Bei Raumtemperatur lagern, vor Licht sch\u00fctzen.<br data-start=\"3167\" data-end=\"3170\" \/>Flasche fest verschlossen und f\u00fcr Kinder unzug\u00e4nglich aufbewahren.<\/p>\n","protected":false},"excerpt":{"rendered":"<p>Midodrin 1% Tropfen zum Einnehmen 10 ml Wirkstoffe Midodrinhydrochlorid 1% w\/v Indikationen Anwendung bei: Behandlung der symptomatischen orthostatischen Hypotonie (Blutdruckabfall beim Aufstehen) Behandlung von Schwindel, Ohnmacht oder Benommenheit im Zusammenhang mit niedrigem Blutdruck Dosierung Erwachsene: Anfangsdosis: 2,5 mg (0,25 ml der 1% L\u00f6sung) 3-mal t\u00e4glich Die Dosis kann je nach Ansprechen schrittweise erh\u00f6ht werden, bis&#8230;<\/p>\n","protected":false},"featured_media":10263,"comment_status":"open","ping_status":"closed","template":"","meta":{"rs_blank_template":"","rs_page_bg_color":"","slide_template_v7":"","_bst_post_transparent":"default","_bst_post_title":"","_bst_post_layout":"default","_bst_post_sidebar_id":"","_bst_post_content_style":"default","_bst_post_vertical_padding":"default","_bst_post_feature":"","_bst_post_feature_position":"","_bst_post_header":false,"_bst_post_footer":false},"product_brand":[],"product_cat":[351,405,217,361],"product_tag":[],"product_brands":[],"class_list":{"0":"post-10264","1":"product","2":"type-product","3":"status-publish","4":"has-post-thumbnail","6":"product_cat-medical-forms","7":"product_cat-cardiovascular-blood-pressure","8":"product_cat-medicines","9":"product_cat-oral-drops","11":"first","12":"instock","13":"shipping-taxable","14":"purchasable","15":"product-type-simple","16":"entry","17":"content-bg","18":"loop-entry"},"_links":{"self":[{"href":"https:\/\/nawarpharmacy.com\/de\/wp-json\/wp\/v2\/product\/10264","targetHints":{"allow":["GET"]}}],"collection":[{"href":"https:\/\/nawarpharmacy.com\/de\/wp-json\/wp\/v2\/product"}],"about":[{"href":"https:\/\/nawarpharmacy.com\/de\/wp-json\/wp\/v2\/types\/product"}],"replies":[{"embeddable":true,"href":"https:\/\/nawarpharmacy.com\/de\/wp-json\/wp\/v2\/comments?post=10264"}],"wp:featuredmedia":[{"embeddable":true,"href":"https:\/\/nawarpharmacy.com\/de\/wp-json\/wp\/v2\/media\/10263"}],"wp:attachment":[{"href":"https:\/\/nawarpharmacy.com\/de\/wp-json\/wp\/v2\/media?parent=10264"}],"wp:term":[{"taxonomy":"product_brand","embeddable":true,"href":"https:\/\/nawarpharmacy.com\/de\/wp-json\/wp\/v2\/product_brand?post=10264"},{"taxonomy":"product_cat","embeddable":true,"href":"https:\/\/nawarpharmacy.com\/de\/wp-json\/wp\/v2\/product_cat?post=10264"},{"taxonomy":"product_tag","embeddable":true,"href":"https:\/\/nawarpharmacy.com\/de\/wp-json\/wp\/v2\/product_tag?post=10264"},{"taxonomy":"product_brands","embeddable":true,"href":"https:\/\/nawarpharmacy.com\/de\/wp-json\/wp\/v2\/product_brands?post=10264"}],"curies":[{"name":"wp","href":"https:\/\/api.w.org\/{rel}","templated":true}]}}