{"id":10256,"date":"2025-11-21T12:04:24","date_gmt":"2025-11-21T12:04:24","guid":{"rendered":"https:\/\/nawarpharmacy.com\/?post_type=product&#038;p=10256"},"modified":"2026-02-23T19:16:07","modified_gmt":"2026-02-23T19:16:07","slug":"nasacort-nasal-spray-120-doses","status":"publish","type":"product","link":"https:\/\/nawarpharmacy.com\/de\/produkt\/nasacort-nasal-spray-120-doses\/","title":{"rendered":"Nasacort Nasenspray 120 Dosen"},"content":{"rendered":"<article class=\"text-token-text-primary w-full focus:outline-none [--shadow-height:45px] has-data-writing-block:pointer-events-none has-data-writing-block:-mt-(--shadow-height) has-data-writing-block:pt-(--shadow-height) [&amp;:has([data-writing-block])&gt;*]:pointer-events-auto [content-visibility:auto] supports-[content-visibility:auto]:[contain-intrinsic-size:auto_100lvh] scroll-mt-[calc(var(--header-height)+min(200px,max(70px,20svh)))]\" dir=\"auto\" data-turn-id=\"request-691b06b7-6218-832d-8a14-33a40741db89-41\" data-testid=\"conversation-turn-338\" data-scroll-anchor=\"true\" data-turn=\"assistant\">\n<div class=\"text-base my-auto mx-auto pb-10 [--thread-content-margin:--spacing(4)] thread-sm:[--thread-content-margin:--spacing(6)] thread-lg:[--thread-content-margin:--spacing(16)] px-(--thread-content-margin)\">\n<div class=\"[--thread-content-max-width:40rem] thread-lg:[--thread-content-max-width:48rem] mx-auto max-w-(--thread-content-max-width) flex-1 group\/turn-messages focus-visible:outline-hidden relative flex w-full min-w-0 flex-col agent-turn\">\n<div class=\"flex max-w-full flex-col grow\">\n<div class=\"min-h-8 text-message relative flex w-full flex-col items-end gap-2 text-start break-words whitespace-normal [.text-message+&amp;]:mt-1\" dir=\"auto\" data-message-author-role=\"assistant\" data-message-id=\"6eaff8b9-f42e-4880-b219-7ce29af5f193\" data-message-model-slug=\"gpt-5-mini\">\n<div class=\"flex w-full flex-col gap-1 empty:hidden first:pt-[1px]\">\n<div class=\"markdown prose dark:prose-invert w-full break-words light markdown-new-styling\">\n<p data-start=\"1506\" data-end=\"1539\"><strong data-start=\"1506\" data-end=\"1539\">Nasacort Nasenspray 120 Dosen<\/strong><\/p>\n<h3 data-start=\"1541\" data-end=\"1557\">Wirkstoffe<\/h3>\n<p data-start=\"1558\" data-end=\"1600\">Triamcinolonacetonid 55 \u00b5g pro Spr\u00fchsto\u00df<\/p>\n<h3 data-start=\"1602\" data-end=\"1620\">Indikationen<\/h3>\n<p data-start=\"1621\" data-end=\"1635\">Anwendung bei:<\/p>\n<ul data-start=\"1637\" data-end=\"1835\">\n<li data-start=\"1637\" data-end=\"1782\">\n<p data-start=\"1639\" data-end=\"1782\">Linderung und Vorbeugung von Symptomen der allergischen Rhinitis, einschlie\u00dflich Nasenverstopfung, Niesen sowie laufender oder juckender Nase<\/p>\n<\/li>\n<li data-start=\"1783\" data-end=\"1835\">\n<p data-start=\"1785\" data-end=\"1835\">Behandlung saisonaler und ganzj\u00e4hriger Allergien<\/p>\n<\/li>\n<\/ul>\n<h3 data-start=\"1837\" data-end=\"1852\">Dosierung<\/h3>\n<p data-start=\"1854\" data-end=\"1890\">Erwachsene und Kinder \u00fcber 12 Jahre:<\/p>\n<p data-start=\"1892\" data-end=\"1972\">2 Spr\u00fchst\u00f6\u00dfe in jedes Nasenloch einmal t\u00e4glich oder nach \u00e4rztlicher Anweisung.<\/p>\n<p data-start=\"1974\" data-end=\"2097\">Nach Besserung der Symptome kann die Dosis zur Erhaltungstherapie auf 1 Spr\u00fchsto\u00df pro Nasenloch t\u00e4glich reduziert werden.<\/p>\n<p data-start=\"2099\" data-end=\"2117\">Kinder 6\u201311 Jahre:<\/p>\n<p data-start=\"2119\" data-end=\"2167\">1 Spr\u00fchsto\u00df in jedes Nasenloch einmal t\u00e4glich.<\/p>\n<h3 data-start=\"2169\" data-end=\"2188\">Gegenanzeigen<\/h3>\n<ul data-start=\"2190\" data-end=\"2378\">\n<li data-start=\"2190\" data-end=\"2282\">\n<p data-start=\"2192\" data-end=\"2282\">\u00dcberempfindlichkeit gegen Triamcinolon oder einen sonstigen Bestandteil der Formulierung<\/p>\n<\/li>\n<li data-start=\"2283\" data-end=\"2378\">\n<p data-start=\"2285\" data-end=\"2378\">Unbehandelte Naseninfektionen oder k\u00fcrzlich erfolgte Nasenoperation ohne \u00e4rztliche Beratung<\/p>\n<\/li>\n<\/ul>\n<h3 data-start=\"2380\" data-end=\"2400\">Nebenwirkungen<\/h3>\n<ul data-start=\"2402\" data-end=\"2561\">\n<li data-start=\"2402\" data-end=\"2439\">\n<p data-start=\"2404\" data-end=\"2439\">Leichte Nasenreizung oder Brennen<\/p>\n<\/li>\n<li data-start=\"2440\" data-end=\"2476\">\n<p data-start=\"2442\" data-end=\"2476\">Trockenheit der Nasenschleimhaut<\/p>\n<\/li>\n<li data-start=\"2477\" data-end=\"2515\">\n<p data-start=\"2479\" data-end=\"2515\">Unangenehmer Geschmack oder Geruch<\/p>\n<\/li>\n<li data-start=\"2516\" data-end=\"2561\">\n<p data-start=\"2518\" data-end=\"2561\">Selten: Nasenbluten, allergische Reaktion<\/p>\n<\/li>\n<\/ul>\n<h3 data-start=\"2563\" data-end=\"2585\">Wechselwirkungen<\/h3>\n<p data-start=\"2587\" data-end=\"2701\">Vorsicht bei gleichzeitiger Anwendung anderer Kortikosteroide; m\u00f6gliche additive systemische Effekte \u00fcberwachen.<\/p>\n<h3 data-start=\"2703\" data-end=\"2717\">Lagerung<\/h3>\n<p data-start=\"2719\" data-end=\"2850\" data-is-last-node=\"\" data-is-only-node=\"\">Bei Raumtemperatur lagern, vor Hitze und Sonnenlicht sch\u00fctzen.<br data-start=\"2781\" data-end=\"2784\" \/>Flasche fest verschlossen und f\u00fcr Kinder unzug\u00e4nglich aufbewahren.<\/p>\n<\/div>\n<\/div>\n<\/div>\n<\/div>\n<\/div>\n<\/div>\n<\/article>\n","protected":false},"excerpt":{"rendered":"<p>Nasacort Nasenspray 120 Dosen Wirkstoffe Triamcinolonacetonid 55 \u00b5g pro Spr\u00fchsto\u00df Indikationen Anwendung bei: Linderung und Vorbeugung von Symptomen der allergischen Rhinitis, einschlie\u00dflich Nasenverstopfung, Niesen sowie laufender oder juckender Nase Behandlung saisonaler und ganzj\u00e4hriger Allergien Dosierung Erwachsene und Kinder \u00fcber 12 Jahre: 2 Spr\u00fchst\u00f6\u00dfe in jedes Nasenloch einmal t\u00e4glich oder nach \u00e4rztlicher Anweisung. Nach Besserung der&#8230;<\/p>\n","protected":false},"featured_media":10255,"comment_status":"open","ping_status":"closed","template":"","meta":{"rs_blank_template":"","rs_page_bg_color":"","slide_template_v7":"","_bst_post_transparent":"default","_bst_post_title":"","_bst_post_layout":"default","_bst_post_sidebar_id":"","_bst_post_content_style":"default","_bst_post_vertical_padding":"default","_bst_post_feature":"","_bst_post_feature_position":"","_bst_post_header":false,"_bst_post_footer":false},"product_brand":[],"product_cat":[235,351,217,373,251],"product_tag":[],"product_brands":[],"class_list":{"0":"post-10256","1":"product","2":"type-product","3":"status-publish","4":"has-post-thumbnail","6":"product_cat-respiratory-asthma-treatments","7":"product_cat-medical-forms","8":"product_cat-medicines","9":"product_cat-nasal-spray","10":"product_cat-nasal-decongestant","12":"first","13":"instock","14":"shipping-taxable","15":"purchasable","16":"product-type-simple","17":"entry","18":"content-bg","19":"loop-entry"},"_links":{"self":[{"href":"https:\/\/nawarpharmacy.com\/de\/wp-json\/wp\/v2\/product\/10256","targetHints":{"allow":["GET"]}}],"collection":[{"href":"https:\/\/nawarpharmacy.com\/de\/wp-json\/wp\/v2\/product"}],"about":[{"href":"https:\/\/nawarpharmacy.com\/de\/wp-json\/wp\/v2\/types\/product"}],"replies":[{"embeddable":true,"href":"https:\/\/nawarpharmacy.com\/de\/wp-json\/wp\/v2\/comments?post=10256"}],"wp:featuredmedia":[{"embeddable":true,"href":"https:\/\/nawarpharmacy.com\/de\/wp-json\/wp\/v2\/media\/10255"}],"wp:attachment":[{"href":"https:\/\/nawarpharmacy.com\/de\/wp-json\/wp\/v2\/media?parent=10256"}],"wp:term":[{"taxonomy":"product_brand","embeddable":true,"href":"https:\/\/nawarpharmacy.com\/de\/wp-json\/wp\/v2\/product_brand?post=10256"},{"taxonomy":"product_cat","embeddable":true,"href":"https:\/\/nawarpharmacy.com\/de\/wp-json\/wp\/v2\/product_cat?post=10256"},{"taxonomy":"product_tag","embeddable":true,"href":"https:\/\/nawarpharmacy.com\/de\/wp-json\/wp\/v2\/product_tag?post=10256"},{"taxonomy":"product_brands","embeddable":true,"href":"https:\/\/nawarpharmacy.com\/de\/wp-json\/wp\/v2\/product_brands?post=10256"}],"curies":[{"name":"wp","href":"https:\/\/api.w.org\/{rel}","templated":true}]}}