{"id":10252,"date":"2025-11-21T12:06:59","date_gmt":"2025-11-21T12:06:59","guid":{"rendered":"https:\/\/nawarpharmacy.com\/?post_type=product&#038;p=10252"},"modified":"2026-02-23T19:15:15","modified_gmt":"2026-02-23T19:15:15","slug":"nasonex-nasal-spray-120-doses","status":"publish","type":"product","link":"https:\/\/nawarpharmacy.com\/de\/produkt\/nasonex-nasal-spray-120-doses\/","title":{"rendered":"Nasonex Nasenspray 120 Dosen"},"content":{"rendered":"<article class=\"text-token-text-primary w-full focus:outline-none [--shadow-height:45px] has-data-writing-block:pointer-events-none has-data-writing-block:-mt-(--shadow-height) has-data-writing-block:pt-(--shadow-height) [&amp;:has([data-writing-block])&gt;*]:pointer-events-auto [content-visibility:auto] supports-[content-visibility:auto]:[contain-intrinsic-size:auto_100lvh] scroll-mt-[calc(var(--header-height)+min(200px,max(70px,20svh)))]\" dir=\"auto\" data-turn-id=\"request-691b06b7-6218-832d-8a14-33a40741db89-40\" data-testid=\"conversation-turn-336\" data-scroll-anchor=\"true\" data-turn=\"assistant\">\n<div class=\"text-base my-auto mx-auto pb-10 [--thread-content-margin:--spacing(4)] thread-sm:[--thread-content-margin:--spacing(6)] thread-lg:[--thread-content-margin:--spacing(16)] px-(--thread-content-margin)\">\n<div class=\"[--thread-content-max-width:40rem] thread-lg:[--thread-content-max-width:48rem] mx-auto max-w-(--thread-content-max-width) flex-1 group\/turn-messages focus-visible:outline-hidden relative flex w-full min-w-0 flex-col agent-turn\">\n<div class=\"flex max-w-full flex-col grow\">\n<div class=\"min-h-8 text-message relative flex w-full flex-col items-end gap-2 text-start break-words whitespace-normal [.text-message+&amp;]:mt-1\" dir=\"auto\" data-message-author-role=\"assistant\" data-message-id=\"f01632df-3e4d-4bee-8cc7-b539b0982617\" data-message-model-slug=\"gpt-5-mini\">\n<div class=\"flex w-full flex-col gap-1 empty:hidden first:pt-[1px]\">\n<div class=\"markdown prose dark:prose-invert w-full break-words light markdown-new-styling\">\n<div class=\"flex flex-col text-sm pb-25\">\n<article class=\"text-token-text-primary w-full focus:outline-none [--shadow-height:45px] has-data-writing-block:pointer-events-none has-data-writing-block:-mt-(--shadow-height) has-data-writing-block:pt-(--shadow-height) [&amp;:has([data-writing-block])&gt;*]:pointer-events-auto scroll-mt-[calc(var(--header-height)+min(200px,max(70px,20svh)))]\" dir=\"auto\" tabindex=\"-1\" data-turn-id=\"request-WEB:209e3289-63e4-414b-883e-c54fb0e043f1-125\" data-testid=\"conversation-turn-174\" data-scroll-anchor=\"true\" data-turn=\"assistant\">\n<div class=\"text-base my-auto mx-auto pb-10 [--thread-content-margin:--spacing(4)] @w-sm\/main:[--thread-content-margin:--spacing(6)] @w-lg\/main:[--thread-content-margin:--spacing(16)] px-(--thread-content-margin)\">\n<div class=\"[--thread-content-max-width:40rem] @w-lg\/main:[--thread-content-max-width:48rem] mx-auto max-w-(--thread-content-max-width) flex-1 group\/turn-messages focus-visible:outline-hidden relative flex w-full min-w-0 flex-col agent-turn\" tabindex=\"-1\">\n<div class=\"flex max-w-full flex-col grow\">\n<div class=\"min-h-8 text-message relative flex w-full flex-col items-end gap-2 text-start break-words whitespace-normal [.text-message+&amp;]:mt-1\" dir=\"auto\" data-message-author-role=\"assistant\" data-message-id=\"6ae17e55-a012-494b-820e-3a8c9cb349ba\" data-message-model-slug=\"gpt-5-2\">\n<div class=\"flex w-full flex-col gap-1 empty:hidden first:pt-[1px]\">\n<div class=\"markdown prose dark:prose-invert w-full wrap-break-word dark markdown-new-styling\">\n<p data-start=\"1489\" data-end=\"1521\"><strong data-start=\"1489\" data-end=\"1521\">Nasonex Nasenspray 120 Dosen<\/strong><\/p>\n<h3 data-start=\"1523\" data-end=\"1539\">Wirkstoffe<\/h3>\n<p data-start=\"1540\" data-end=\"1577\">Mometasonfuroat 50 \u00b5g pro Spr\u00fchsto\u00df<\/p>\n<h3 data-start=\"1579\" data-end=\"1597\">Indikationen<\/h3>\n<p data-start=\"1598\" data-end=\"1612\">Anwendung bei:<\/p>\n<ul data-start=\"1614\" data-end=\"1807\">\n<li data-start=\"1614\" data-end=\"1759\">\n<p data-start=\"1616\" data-end=\"1759\">Linderung und Vorbeugung von Symptomen der allergischen Rhinitis, einschlie\u00dflich Nasenverstopfung, Niesen sowie laufender oder juckender Nase<\/p>\n<\/li>\n<li data-start=\"1760\" data-end=\"1807\">\n<p data-start=\"1762\" data-end=\"1807\">Behandlung von Nasenpolypen bei Erwachsenen<\/p>\n<\/li>\n<\/ul>\n<h3 data-start=\"1809\" data-end=\"1824\">Dosierung<\/h3>\n<p data-start=\"1826\" data-end=\"1862\">Erwachsene und Kinder \u00fcber 12 Jahre:<\/p>\n<p data-start=\"1864\" data-end=\"1944\">2 Spr\u00fchst\u00f6\u00dfe in jedes Nasenloch einmal t\u00e4glich oder nach \u00e4rztlicher Anweisung.<\/p>\n<p data-start=\"1946\" data-end=\"2069\">Nach Besserung der Symptome kann die Dosis zur Erhaltungstherapie auf 1 Spr\u00fchsto\u00df pro Nasenloch t\u00e4glich reduziert werden.<\/p>\n<p data-start=\"2071\" data-end=\"2089\">Kinder 2\u201311 Jahre:<\/p>\n<p data-start=\"2091\" data-end=\"2139\">1 Spr\u00fchsto\u00df in jedes Nasenloch einmal t\u00e4glich.<\/p>\n<h3 data-start=\"2141\" data-end=\"2160\">Gegenanzeigen<\/h3>\n<ul data-start=\"2162\" data-end=\"2353\">\n<li data-start=\"2162\" data-end=\"2257\">\n<p data-start=\"2164\" data-end=\"2257\">\u00dcberempfindlichkeit gegen Mometasonfuroat oder einen sonstigen Bestandteil der Formulierung<\/p>\n<\/li>\n<li data-start=\"2258\" data-end=\"2353\">\n<p data-start=\"2260\" data-end=\"2353\">Unbehandelte Naseninfektionen oder k\u00fcrzlich erfolgte Nasenoperation ohne \u00e4rztliche Beratung<\/p>\n<\/li>\n<\/ul>\n<h3 data-start=\"2355\" data-end=\"2375\">Nebenwirkungen<\/h3>\n<ul data-start=\"2377\" data-end=\"2530\">\n<li data-start=\"2377\" data-end=\"2427\">\n<p data-start=\"2379\" data-end=\"2427\">Leichte Nasenreizung, Brennen oder Trockenheit<\/p>\n<\/li>\n<li data-start=\"2428\" data-end=\"2445\">\n<p data-start=\"2430\" data-end=\"2445\">Kopfschmerzen<\/p>\n<\/li>\n<li data-start=\"2446\" data-end=\"2484\">\n<p data-start=\"2448\" data-end=\"2484\">Unangenehmer Geschmack oder Geruch<\/p>\n<\/li>\n<li data-start=\"2485\" data-end=\"2530\">\n<p data-start=\"2487\" data-end=\"2530\">Selten: Nasenbluten, allergische Reaktion<\/p>\n<\/li>\n<\/ul>\n<h3 data-start=\"2532\" data-end=\"2554\">Wechselwirkungen<\/h3>\n<p data-start=\"2556\" data-end=\"2670\">Vorsicht bei gleichzeitiger Anwendung anderer Kortikosteroide; m\u00f6gliche additive systemische Effekte \u00fcberwachen.<\/p>\n<h3 data-start=\"2672\" data-end=\"2686\">Lagerung<\/h3>\n<p data-start=\"2688\" data-end=\"2819\" data-is-last-node=\"\" data-is-only-node=\"\">Bei Raumtemperatur lagern, vor Hitze und Sonnenlicht sch\u00fctzen.<br data-start=\"2750\" data-end=\"2753\" \/>Flasche fest verschlossen und f\u00fcr Kinder unzug\u00e4nglich aufbewahren.<\/p>\n<\/div>\n<\/div>\n<\/div>\n<\/div>\n<\/div>\n<\/div>\n<\/article>\n<\/div>\n<\/div>\n<\/div>\n<\/div>\n<\/div>\n<\/div>\n<\/div>\n<\/article>\n","protected":false},"excerpt":{"rendered":"<p>Nasonex Nasenspray 120 Dosen Wirkstoffe Mometasonfuroat 50 \u00b5g pro Spr\u00fchsto\u00df Indikationen Anwendung bei: Linderung und Vorbeugung von Symptomen der allergischen Rhinitis, einschlie\u00dflich Nasenverstopfung, Niesen sowie laufender oder juckender Nase Behandlung von Nasenpolypen bei Erwachsenen Dosierung Erwachsene und Kinder \u00fcber 12 Jahre: 2 Spr\u00fchst\u00f6\u00dfe in jedes Nasenloch einmal t\u00e4glich oder nach \u00e4rztlicher Anweisung. Nach Besserung der&#8230;<\/p>\n","protected":false},"featured_media":10251,"comment_status":"open","ping_status":"closed","template":"","meta":{"rs_blank_template":"","rs_page_bg_color":"","slide_template_v7":"","_bst_post_transparent":"default","_bst_post_title":"","_bst_post_layout":"default","_bst_post_sidebar_id":"","_bst_post_content_style":"default","_bst_post_vertical_padding":"default","_bst_post_feature":"","_bst_post_feature_position":"","_bst_post_header":false,"_bst_post_footer":false},"product_brand":[],"product_cat":[235,351,217,373,251],"product_tag":[],"product_brands":[],"class_list":{"0":"post-10252","1":"product","2":"type-product","3":"status-publish","4":"has-post-thumbnail","6":"product_cat-respiratory-asthma-treatments","7":"product_cat-medical-forms","8":"product_cat-medicines","9":"product_cat-nasal-spray","10":"product_cat-nasal-decongestant","12":"first","13":"instock","14":"shipping-taxable","15":"purchasable","16":"product-type-simple","17":"entry","18":"content-bg","19":"loop-entry"},"_links":{"self":[{"href":"https:\/\/nawarpharmacy.com\/de\/wp-json\/wp\/v2\/product\/10252","targetHints":{"allow":["GET"]}}],"collection":[{"href":"https:\/\/nawarpharmacy.com\/de\/wp-json\/wp\/v2\/product"}],"about":[{"href":"https:\/\/nawarpharmacy.com\/de\/wp-json\/wp\/v2\/types\/product"}],"replies":[{"embeddable":true,"href":"https:\/\/nawarpharmacy.com\/de\/wp-json\/wp\/v2\/comments?post=10252"}],"wp:featuredmedia":[{"embeddable":true,"href":"https:\/\/nawarpharmacy.com\/de\/wp-json\/wp\/v2\/media\/10251"}],"wp:attachment":[{"href":"https:\/\/nawarpharmacy.com\/de\/wp-json\/wp\/v2\/media?parent=10252"}],"wp:term":[{"taxonomy":"product_brand","embeddable":true,"href":"https:\/\/nawarpharmacy.com\/de\/wp-json\/wp\/v2\/product_brand?post=10252"},{"taxonomy":"product_cat","embeddable":true,"href":"https:\/\/nawarpharmacy.com\/de\/wp-json\/wp\/v2\/product_cat?post=10252"},{"taxonomy":"product_tag","embeddable":true,"href":"https:\/\/nawarpharmacy.com\/de\/wp-json\/wp\/v2\/product_tag?post=10252"},{"taxonomy":"product_brands","embeddable":true,"href":"https:\/\/nawarpharmacy.com\/de\/wp-json\/wp\/v2\/product_brands?post=10252"}],"curies":[{"name":"wp","href":"https:\/\/api.w.org\/{rel}","templated":true}]}}