{"id":10247,"date":"2025-11-21T12:09:30","date_gmt":"2025-11-21T12:09:30","guid":{"rendered":"https:\/\/nawarpharmacy.com\/?post_type=product&#038;p=10247"},"modified":"2026-02-23T19:14:07","modified_gmt":"2026-02-23T19:14:07","slug":"nasoflutin-nasal-spray-120-doses","status":"publish","type":"product","link":"https:\/\/nawarpharmacy.com\/de\/produkt\/nasoflutin-nasal-spray-120-doses\/","title":{"rendered":"Nasoflutin Nasenspray 120 Dosen"},"content":{"rendered":"<article class=\"text-token-text-primary w-full focus:outline-none [--shadow-height:45px] has-data-writing-block:pointer-events-none has-data-writing-block:-mt-(--shadow-height) has-data-writing-block:pt-(--shadow-height) [&amp;:has([data-writing-block])&gt;*]:pointer-events-auto [content-visibility:auto] supports-[content-visibility:auto]:[contain-intrinsic-size:auto_100lvh] scroll-mt-[calc(var(--header-height)+min(200px,max(70px,20svh)))]\" dir=\"auto\" data-turn-id=\"request-691b06b7-6218-832d-8a14-33a40741db89-39\" data-testid=\"conversation-turn-334\" data-scroll-anchor=\"true\" data-turn=\"assistant\">\n<div class=\"text-base my-auto mx-auto pb-10 [--thread-content-margin:--spacing(4)] thread-sm:[--thread-content-margin:--spacing(6)] thread-lg:[--thread-content-margin:--spacing(16)] px-(--thread-content-margin)\">\n<div class=\"[--thread-content-max-width:40rem] thread-lg:[--thread-content-max-width:48rem] mx-auto max-w-(--thread-content-max-width) flex-1 group\/turn-messages focus-visible:outline-hidden relative flex w-full min-w-0 flex-col agent-turn\">\n<div class=\"flex max-w-full flex-col grow\">\n<div class=\"min-h-8 text-message relative flex w-full flex-col items-end gap-2 text-start break-words whitespace-normal [.text-message+&amp;]:mt-1\" dir=\"auto\" data-message-author-role=\"assistant\" data-message-id=\"51f1089b-b16d-421a-8926-b8b0a73966e0\" data-message-model-slug=\"gpt-5-mini\">\n<div class=\"flex w-full flex-col gap-1 empty:hidden first:pt-[1px]\">\n<div class=\"markdown prose dark:prose-invert w-full break-words light markdown-new-styling\">\n<p data-start=\"1477\" data-end=\"1512\"><strong data-start=\"1477\" data-end=\"1512\">Nasoflutin Nasenspray 120 Dosen<\/strong><\/p>\n<h3 data-start=\"1514\" data-end=\"1530\">Wirkstoffe<\/h3>\n<p data-start=\"1531\" data-end=\"1571\">Fluticasonfuroat 27,5 \u00b5g pro Spr\u00fchsto\u00df<\/p>\n<h3 data-start=\"1573\" data-end=\"1591\">Indikationen<\/h3>\n<p data-start=\"1592\" data-end=\"1606\">Anwendung bei:<\/p>\n<ul data-start=\"1608\" data-end=\"1806\">\n<li data-start=\"1608\" data-end=\"1753\">\n<p data-start=\"1610\" data-end=\"1753\">Linderung und Vorbeugung von Symptomen der allergischen Rhinitis, einschlie\u00dflich Nasenverstopfung, Niesen sowie laufender oder juckender Nase<\/p>\n<\/li>\n<li data-start=\"1754\" data-end=\"1806\">\n<p data-start=\"1756\" data-end=\"1806\">Behandlung saisonaler und ganzj\u00e4hriger Allergien<\/p>\n<\/li>\n<\/ul>\n<h3 data-start=\"1808\" data-end=\"1823\">Dosierung<\/h3>\n<p data-start=\"1825\" data-end=\"1861\">Erwachsene und Kinder \u00fcber 12 Jahre:<\/p>\n<p data-start=\"1863\" data-end=\"1942\">1 Spr\u00fchsto\u00df in jedes Nasenloch einmal t\u00e4glich oder nach \u00e4rztlicher Anweisung.<\/p>\n<p data-start=\"1944\" data-end=\"2009\">Zur Erhaltungstherapie die niedrigste wirksame Dosis verwenden.<\/p>\n<p data-start=\"2011\" data-end=\"2029\">Kinder 6\u201311 Jahre:<\/p>\n<p data-start=\"2031\" data-end=\"2110\">1 Spr\u00fchsto\u00df in jedes Nasenloch einmal t\u00e4glich oder nach \u00e4rztlicher Anweisung.<\/p>\n<h3 data-start=\"2112\" data-end=\"2131\">Gegenanzeigen<\/h3>\n<ul data-start=\"2133\" data-end=\"2325\">\n<li data-start=\"2133\" data-end=\"2229\">\n<p data-start=\"2135\" data-end=\"2229\">\u00dcberempfindlichkeit gegen Fluticasonfuroat oder einen sonstigen Bestandteil der Formulierung<\/p>\n<\/li>\n<li data-start=\"2230\" data-end=\"2325\">\n<p data-start=\"2232\" data-end=\"2325\">Unbehandelte Naseninfektionen oder k\u00fcrzlich erfolgte Nasenoperation ohne \u00e4rztliche Beratung<\/p>\n<\/li>\n<\/ul>\n<h3 data-start=\"2327\" data-end=\"2347\">Nebenwirkungen<\/h3>\n<ul data-start=\"2349\" data-end=\"2508\">\n<li data-start=\"2349\" data-end=\"2386\">\n<p data-start=\"2351\" data-end=\"2386\">Leichte Nasenreizung oder Brennen<\/p>\n<\/li>\n<li data-start=\"2387\" data-end=\"2423\">\n<p data-start=\"2389\" data-end=\"2423\">Trockenheit der Nasenschleimhaut<\/p>\n<\/li>\n<li data-start=\"2424\" data-end=\"2462\">\n<p data-start=\"2426\" data-end=\"2462\">Unangenehmer Geschmack oder Geruch<\/p>\n<\/li>\n<li data-start=\"2463\" data-end=\"2508\">\n<p data-start=\"2465\" data-end=\"2508\">Selten: Nasenbluten, allergische Reaktion<\/p>\n<\/li>\n<\/ul>\n<h3 data-start=\"2510\" data-end=\"2532\">Wechselwirkungen<\/h3>\n<p data-start=\"2534\" data-end=\"2648\">Vorsicht bei gleichzeitiger Anwendung anderer Kortikosteroide; m\u00f6gliche additive systemische Effekte \u00fcberwachen.<\/p>\n<h3 data-start=\"2650\" data-end=\"2664\">Lagerung<\/h3>\n<p data-start=\"2666\" data-end=\"2797\" data-is-last-node=\"\" data-is-only-node=\"\">Bei Raumtemperatur lagern, vor Hitze und Sonnenlicht sch\u00fctzen.<br data-start=\"2728\" data-end=\"2731\" \/>Flasche fest verschlossen und f\u00fcr Kinder unzug\u00e4nglich aufbewahren.<\/p>\n<\/div>\n<\/div>\n<\/div>\n<\/div>\n<\/div>\n<\/div>\n<\/article>\n","protected":false},"excerpt":{"rendered":"<p>Nasoflutin Nasenspray 120 Dosen Wirkstoffe Fluticasonfuroat 27,5 \u00b5g pro Spr\u00fchsto\u00df Indikationen Anwendung bei: Linderung und Vorbeugung von Symptomen der allergischen Rhinitis, einschlie\u00dflich Nasenverstopfung, Niesen sowie laufender oder juckender Nase Behandlung saisonaler und ganzj\u00e4hriger Allergien Dosierung Erwachsene und Kinder \u00fcber 12 Jahre: 1 Spr\u00fchsto\u00df in jedes Nasenloch einmal t\u00e4glich oder nach \u00e4rztlicher Anweisung. Zur Erhaltungstherapie die&#8230;<\/p>\n","protected":false},"featured_media":10246,"comment_status":"open","ping_status":"closed","template":"","meta":{"rs_blank_template":"","rs_page_bg_color":"","slide_template_v7":"","_bst_post_transparent":"default","_bst_post_title":"","_bst_post_layout":"default","_bst_post_sidebar_id":"","_bst_post_content_style":"default","_bst_post_vertical_padding":"default","_bst_post_feature":"","_bst_post_feature_position":"","_bst_post_header":false,"_bst_post_footer":false},"product_brand":[],"product_cat":[235,351,217,373,251],"product_tag":[],"product_brands":[],"class_list":{"0":"post-10247","1":"product","2":"type-product","3":"status-publish","4":"has-post-thumbnail","6":"product_cat-respiratory-asthma-treatments","7":"product_cat-medical-forms","8":"product_cat-medicines","9":"product_cat-nasal-spray","10":"product_cat-nasal-decongestant","12":"first","13":"instock","14":"shipping-taxable","15":"purchasable","16":"product-type-simple","17":"entry","18":"content-bg","19":"loop-entry"},"_links":{"self":[{"href":"https:\/\/nawarpharmacy.com\/de\/wp-json\/wp\/v2\/product\/10247","targetHints":{"allow":["GET"]}}],"collection":[{"href":"https:\/\/nawarpharmacy.com\/de\/wp-json\/wp\/v2\/product"}],"about":[{"href":"https:\/\/nawarpharmacy.com\/de\/wp-json\/wp\/v2\/types\/product"}],"replies":[{"embeddable":true,"href":"https:\/\/nawarpharmacy.com\/de\/wp-json\/wp\/v2\/comments?post=10247"}],"wp:featuredmedia":[{"embeddable":true,"href":"https:\/\/nawarpharmacy.com\/de\/wp-json\/wp\/v2\/media\/10246"}],"wp:attachment":[{"href":"https:\/\/nawarpharmacy.com\/de\/wp-json\/wp\/v2\/media?parent=10247"}],"wp:term":[{"taxonomy":"product_brand","embeddable":true,"href":"https:\/\/nawarpharmacy.com\/de\/wp-json\/wp\/v2\/product_brand?post=10247"},{"taxonomy":"product_cat","embeddable":true,"href":"https:\/\/nawarpharmacy.com\/de\/wp-json\/wp\/v2\/product_cat?post=10247"},{"taxonomy":"product_tag","embeddable":true,"href":"https:\/\/nawarpharmacy.com\/de\/wp-json\/wp\/v2\/product_tag?post=10247"},{"taxonomy":"product_brands","embeddable":true,"href":"https:\/\/nawarpharmacy.com\/de\/wp-json\/wp\/v2\/product_brands?post=10247"}],"curies":[{"name":"wp","href":"https:\/\/api.w.org\/{rel}","templated":true}]}}